{"id":1120,"date":"2022-10-12T09:43:11","date_gmt":"2022-10-12T07:43:11","guid":{"rendered":"https:\/\/www.helasverige.se\/dalarna\/?page_id=1120"},"modified":"2026-03-18T15:26:57","modified_gmt":"2026-03-18T14:26:57","slug":"processtod-till-lokala-bygdeforeningars-projektutveckling","status":"publish","type":"page","link":"https:\/\/www.helasverige.se\/dalarna\/lokala-utvecklingsgrupper-2\/processtod-till-lokala-bygdeforeningars-projektutveckling\/","title":{"rendered":"Processt\u00f6d till lokala bygdef\u00f6reningars projektutveckling"},"content":{"rendered":"<p>Hela Sverige Ska Leva avs\u00e4tter Processt\u00f6dscheckar till lokala utvecklingsgrupper som vill utveckla projektid\u00e9er ihop med andra f\u00f6reningar.<\/p>\n<p>Ni ans\u00f6ker om st\u00f6det l\u00f6pande p\u00e5 v\u00e5r hemsida under 2022.<\/p>\n<p>Deadline f\u00f6r m\u00f6jlighet att ans\u00f6ka \u00e4r den 20 december 2022<\/p>\n<p>Kriterium:<br \/>\n\u2022 Lokal f\u00f6rening i samarbete med ytterligare 1 f\u00f6rening eller fler.<br \/>\n\u2022 Kort presentation av projektid\u00e9n, skriftligt<br \/>\n\u2022 Medlem\/blivande medlem i HSSL Dalarna<\/p>\n<p>&nbsp;<\/p>\n<p>Processt\u00f6d-check utg\u00e5r till ans\u00f6kande f\u00f6rening med 10 000 sek (samarbete med +1 f\u00f6rening<\/p>\n<p>Processt\u00f6d-check utg\u00e5r till ans\u00f6kande f\u00f6rening med 15 000 sek (samarbete med +2 f\u00f6reningar)<\/p>\n<p>Processt\u00f6d-check utg\u00e5r till ans\u00f6kande f\u00f6rening med 20 000 sek (samarbete med +3 eller fler f\u00f6reningar)<\/p>\n<p>Totalt uppg\u00e5r 100 000 sek i budgeterade medel under \u00e5ret 2022 sek fr\u00e5n Hela Sverige Ska Leva Dalarna.<\/p>\n<p>Beloppet avropas l\u00f6pande och beslut tas l\u00f6pande fr\u00e5n v\u00e5r styrelse.<\/p>\n<p>&nbsp;<\/p>\n<p>Vi hoppas att lokala utvecklingsgrupper genom detta kontantst\u00f6d f\u00e5r m\u00f6jlighet att utveckla nya samverkansprojekt som st\u00e4rker den lokala bygden och dess inv\u00e5nare och bes\u00f6kare.<br \/>\nUnder v\u00e5rt H\u00f6stm\u00f6te den 20 november kommer vi att presentera mer kring denna processt\u00f6dscheck, det \u00e4r \u00f6nskv\u00e4rt att intresserade f\u00f6reningar medverkar denna dag.<\/p>\n","protected":false},"excerpt":{"rendered":"<p>Hela Sverige Ska Leva avs\u00e4tter Processt\u00f6dscheckar till lokala utvecklingsgrupper som vill utveckla projektid\u00e9er ihop med andra f\u00f6reningar. Ni ans\u00f6ker om st\u00f6det l\u00f6pande p\u00e5 v\u00e5r hemsida under 2022. Deadline f\u00f6r m\u00f6jlighet att ans\u00f6ka \u00e4r den 20 december 2022 Kriterium: \u2022 Lokal f\u00f6rening i samarbete med ytterligare 1 f\u00f6rening eller fler. \u2022 Kort presentation av projektid\u00e9n, skriftligt [&hellip;]<\/p>\n","protected":false},"author":25,"featured_media":950,"parent":956,"menu_order":0,"comment_status":"closed","ping_status":"closed","template":"tpl-lansavdelning-artikel.php","meta":{"_acf_changed":false,"footnotes":""},"class_list":["post-1120","page","type-page","status-publish","has-post-thumbnail","hentry"],"acf":[],"yoast_head":"<!-- This site is optimized with the Yoast SEO Premium plugin v27.3 (Yoast SEO v27.4) - https:\/\/yoast.com\/product\/yoast-seo-premium-wordpress\/ -->\n<title>Dalarna - Processt\u00f6d till lokala bygdef\u00f6reningars projektutveckling -<\/title>\n<meta name=\"robots\" content=\"index, follow, max-snippet:-1, max-image-preview:large, max-video-preview:-1\" \/>\n<link rel=\"canonical\" href=\"https:\/\/www.helasverige.se\/dalarna\/lokala-utvecklingsgrupper-2\/processtod-till-lokala-bygdeforeningars-projektutveckling\/\" \/>\n<meta property=\"og:locale\" content=\"sv_SE\" \/>\n<meta property=\"og:type\" content=\"article\" \/>\n<meta property=\"og:title\" content=\"Dalarna - Processt\u00f6d till lokala bygdef\u00f6reningars projektutveckling\" \/>\n<meta property=\"og:description\" content=\"Hela Sverige Ska Leva avs\u00e4tter Processt\u00f6dscheckar till lokala utvecklingsgrupper som vill utveckla projektid\u00e9er ihop med andra f\u00f6reningar. Ni ans\u00f6ker om st\u00f6det l\u00f6pande p\u00e5 v\u00e5r hemsida under 2022. Deadline f\u00f6r m\u00f6jlighet att ans\u00f6ka \u00e4r den 20 december 2022 Kriterium: \u2022 Lokal f\u00f6rening i samarbete med ytterligare 1 f\u00f6rening eller fler. \u2022 Kort presentation av projektid\u00e9n, skriftligt [&hellip;]\" \/>\n<meta property=\"og:url\" content=\"https:\/\/www.helasverige.se\/dalarna\/lokala-utvecklingsgrupper-2\/processtod-till-lokala-bygdeforeningars-projektutveckling\/\" \/>\n<meta property=\"article:modified_time\" content=\"2026-03-18T14:26:57+00:00\" \/>\n<meta property=\"og:image\" content=\"https:\/\/www.helasverige.se\/dalarna\/wp-content\/uploads\/sites\/4\/2022\/01\/load-g6122c2240_1280.jpg\" \/>\n\t<meta property=\"og:image:width\" content=\"1280\" \/>\n\t<meta property=\"og:image:height\" content=\"851\" \/>\n\t<meta property=\"og:image:type\" content=\"image\/jpeg\" \/>\n<meta name=\"twitter:card\" content=\"summary_large_image\" \/>\n<meta name=\"twitter:label1\" content=\"Ber\u00e4knad l\u00e4stid\" \/>\n\t<meta name=\"twitter:data1\" content=\"2 minuter\" \/>\n<script type=\"application\/ld+json\" class=\"yoast-schema-graph\">{\"@context\":\"https:\\\/\\\/schema.org\",\"@graph\":[{\"@type\":\"WebPage\",\"@id\":\"https:\\\/\\\/www.helasverige.se\\\/dalarna\\\/lokala-utvecklingsgrupper-2\\\/processtod-till-lokala-bygdeforeningars-projektutveckling\\\/\",\"url\":\"https:\\\/\\\/www.helasverige.se\\\/dalarna\\\/lokala-utvecklingsgrupper-2\\\/processtod-till-lokala-bygdeforeningars-projektutveckling\\\/\",\"name\":\"Dalarna - Processt\u00f6d till lokala bygdef\u00f6reningars projektutveckling -\",\"isPartOf\":{\"@id\":\"https:\\\/\\\/www.helasverige.se\\\/dalarna\\\/#website\"},\"primaryImageOfPage\":{\"@id\":\"https:\\\/\\\/www.helasverige.se\\\/dalarna\\\/lokala-utvecklingsgrupper-2\\\/processtod-till-lokala-bygdeforeningars-projektutveckling\\\/#primaryimage\"},\"image\":{\"@id\":\"https:\\\/\\\/www.helasverige.se\\\/dalarna\\\/lokala-utvecklingsgrupper-2\\\/processtod-till-lokala-bygdeforeningars-projektutveckling\\\/#primaryimage\"},\"thumbnailUrl\":\"https:\\\/\\\/www.helasverige.se\\\/dalarna\\\/wp-content\\\/uploads\\\/sites\\\/4\\\/2022\\\/01\\\/load-g6122c2240_1280.jpg\",\"datePublished\":\"2022-10-12T07:43:11+00:00\",\"dateModified\":\"2026-03-18T14:26:57+00:00\",\"breadcrumb\":{\"@id\":\"https:\\\/\\\/www.helasverige.se\\\/dalarna\\\/lokala-utvecklingsgrupper-2\\\/processtod-till-lokala-bygdeforeningars-projektutveckling\\\/#breadcrumb\"},\"inLanguage\":\"sv-SE\",\"potentialAction\":[{\"@type\":\"ReadAction\",\"target\":[\"https:\\\/\\\/www.helasverige.se\\\/dalarna\\\/lokala-utvecklingsgrupper-2\\\/processtod-till-lokala-bygdeforeningars-projektutveckling\\\/\"]}]},{\"@type\":\"ImageObject\",\"inLanguage\":\"sv-SE\",\"@id\":\"https:\\\/\\\/www.helasverige.se\\\/dalarna\\\/lokala-utvecklingsgrupper-2\\\/processtod-till-lokala-bygdeforeningars-projektutveckling\\\/#primaryimage\",\"url\":\"https:\\\/\\\/www.helasverige.se\\\/dalarna\\\/wp-content\\\/uploads\\\/sites\\\/4\\\/2022\\\/01\\\/load-g6122c2240_1280.jpg\",\"contentUrl\":\"https:\\\/\\\/www.helasverige.se\\\/dalarna\\\/wp-content\\\/uploads\\\/sites\\\/4\\\/2022\\\/01\\\/load-g6122c2240_1280.jpg\",\"width\":1280,\"height\":851},{\"@type\":\"BreadcrumbList\",\"@id\":\"https:\\\/\\\/www.helasverige.se\\\/dalarna\\\/lokala-utvecklingsgrupper-2\\\/processtod-till-lokala-bygdeforeningars-projektutveckling\\\/#breadcrumb\",\"itemListElement\":[{\"@type\":\"ListItem\",\"position\":1,\"name\":\"Home\",\"item\":\"https:\\\/\\\/www.helasverige.se\\\/dalarna\\\/\"},{\"@type\":\"ListItem\",\"position\":2,\"name\":\"Lokala utvecklingsgrupper\",\"item\":\"https:\\\/\\\/www.helasverige.se\\\/dalarna\\\/lokala-utvecklingsgrupper-2\\\/\"},{\"@type\":\"ListItem\",\"position\":3,\"name\":\"Processt\u00f6d till lokala bygdef\u00f6reningars projektutveckling\"}]},{\"@type\":\"WebSite\",\"@id\":\"https:\\\/\\\/www.helasverige.se\\\/dalarna\\\/#website\",\"url\":\"https:\\\/\\\/www.helasverige.se\\\/dalarna\\\/\",\"name\":\"\",\"description\":\"\u00c4nnu en webbplats hos Hela Sverige ska leva\",\"potentialAction\":[{\"@type\":\"SearchAction\",\"target\":{\"@type\":\"EntryPoint\",\"urlTemplate\":\"https:\\\/\\\/www.helasverige.se\\\/dalarna\\\/?s={search_term_string}\"},\"query-input\":{\"@type\":\"PropertyValueSpecification\",\"valueRequired\":true,\"valueName\":\"search_term_string\"}}],\"inLanguage\":\"sv-SE\"}]}<\/script>\n<!-- \/ Yoast SEO Premium plugin. -->","yoast_head_json":{"title":"Dalarna - Processt\u00f6d till lokala bygdef\u00f6reningars projektutveckling -","robots":{"index":"index","follow":"follow","max-snippet":"max-snippet:-1","max-image-preview":"max-image-preview:large","max-video-preview":"max-video-preview:-1"},"canonical":"https:\/\/www.helasverige.se\/dalarna\/lokala-utvecklingsgrupper-2\/processtod-till-lokala-bygdeforeningars-projektutveckling\/","og_locale":"sv_SE","og_type":"article","og_title":"Dalarna - Processt\u00f6d till lokala bygdef\u00f6reningars projektutveckling","og_description":"Hela Sverige Ska Leva avs\u00e4tter Processt\u00f6dscheckar till lokala utvecklingsgrupper som vill utveckla projektid\u00e9er ihop med andra f\u00f6reningar. Ni ans\u00f6ker om st\u00f6det l\u00f6pande p\u00e5 v\u00e5r hemsida under 2022. Deadline f\u00f6r m\u00f6jlighet att ans\u00f6ka \u00e4r den 20 december 2022 Kriterium: \u2022 Lokal f\u00f6rening i samarbete med ytterligare 1 f\u00f6rening eller fler. \u2022 Kort presentation av projektid\u00e9n, skriftligt [&hellip;]","og_url":"https:\/\/www.helasverige.se\/dalarna\/lokala-utvecklingsgrupper-2\/processtod-till-lokala-bygdeforeningars-projektutveckling\/","article_modified_time":"2026-03-18T14:26:57+00:00","og_image":[{"width":1280,"height":851,"url":"https:\/\/www.helasverige.se\/dalarna\/wp-content\/uploads\/sites\/4\/2022\/01\/load-g6122c2240_1280.jpg","type":"image\/jpeg"}],"twitter_card":"summary_large_image","twitter_misc":{"Ber\u00e4knad l\u00e4stid":"2 minuter"},"schema":{"@context":"https:\/\/schema.org","@graph":[{"@type":"WebPage","@id":"https:\/\/www.helasverige.se\/dalarna\/lokala-utvecklingsgrupper-2\/processtod-till-lokala-bygdeforeningars-projektutveckling\/","url":"https:\/\/www.helasverige.se\/dalarna\/lokala-utvecklingsgrupper-2\/processtod-till-lokala-bygdeforeningars-projektutveckling\/","name":"Dalarna - Processt\u00f6d till lokala bygdef\u00f6reningars projektutveckling -","isPartOf":{"@id":"https:\/\/www.helasverige.se\/dalarna\/#website"},"primaryImageOfPage":{"@id":"https:\/\/www.helasverige.se\/dalarna\/lokala-utvecklingsgrupper-2\/processtod-till-lokala-bygdeforeningars-projektutveckling\/#primaryimage"},"image":{"@id":"https:\/\/www.helasverige.se\/dalarna\/lokala-utvecklingsgrupper-2\/processtod-till-lokala-bygdeforeningars-projektutveckling\/#primaryimage"},"thumbnailUrl":"https:\/\/www.helasverige.se\/dalarna\/wp-content\/uploads\/sites\/4\/2022\/01\/load-g6122c2240_1280.jpg","datePublished":"2022-10-12T07:43:11+00:00","dateModified":"2026-03-18T14:26:57+00:00","breadcrumb":{"@id":"https:\/\/www.helasverige.se\/dalarna\/lokala-utvecklingsgrupper-2\/processtod-till-lokala-bygdeforeningars-projektutveckling\/#breadcrumb"},"inLanguage":"sv-SE","potentialAction":[{"@type":"ReadAction","target":["https:\/\/www.helasverige.se\/dalarna\/lokala-utvecklingsgrupper-2\/processtod-till-lokala-bygdeforeningars-projektutveckling\/"]}]},{"@type":"ImageObject","inLanguage":"sv-SE","@id":"https:\/\/www.helasverige.se\/dalarna\/lokala-utvecklingsgrupper-2\/processtod-till-lokala-bygdeforeningars-projektutveckling\/#primaryimage","url":"https:\/\/www.helasverige.se\/dalarna\/wp-content\/uploads\/sites\/4\/2022\/01\/load-g6122c2240_1280.jpg","contentUrl":"https:\/\/www.helasverige.se\/dalarna\/wp-content\/uploads\/sites\/4\/2022\/01\/load-g6122c2240_1280.jpg","width":1280,"height":851},{"@type":"BreadcrumbList","@id":"https:\/\/www.helasverige.se\/dalarna\/lokala-utvecklingsgrupper-2\/processtod-till-lokala-bygdeforeningars-projektutveckling\/#breadcrumb","itemListElement":[{"@type":"ListItem","position":1,"name":"Home","item":"https:\/\/www.helasverige.se\/dalarna\/"},{"@type":"ListItem","position":2,"name":"Lokala utvecklingsgrupper","item":"https:\/\/www.helasverige.se\/dalarna\/lokala-utvecklingsgrupper-2\/"},{"@type":"ListItem","position":3,"name":"Processt\u00f6d till lokala bygdef\u00f6reningars projektutveckling"}]},{"@type":"WebSite","@id":"https:\/\/www.helasverige.se\/dalarna\/#website","url":"https:\/\/www.helasverige.se\/dalarna\/","name":"","description":"\u00c4nnu en webbplats hos Hela Sverige ska leva","potentialAction":[{"@type":"SearchAction","target":{"@type":"EntryPoint","urlTemplate":"https:\/\/www.helasverige.se\/dalarna\/?s={search_term_string}"},"query-input":{"@type":"PropertyValueSpecification","valueRequired":true,"valueName":"search_term_string"}}],"inLanguage":"sv-SE"}]}},"_links":{"self":[{"href":"https:\/\/www.helasverige.se\/dalarna\/wp-json\/wp\/v2\/pages\/1120","targetHints":{"allow":["GET"]}}],"collection":[{"href":"https:\/\/www.helasverige.se\/dalarna\/wp-json\/wp\/v2\/pages"}],"about":[{"href":"https:\/\/www.helasverige.se\/dalarna\/wp-json\/wp\/v2\/types\/page"}],"author":[{"embeddable":true,"href":"https:\/\/www.helasverige.se\/dalarna\/wp-json\/wp\/v2\/users\/25"}],"replies":[{"embeddable":true,"href":"https:\/\/www.helasverige.se\/dalarna\/wp-json\/wp\/v2\/comments?post=1120"}],"version-history":[{"count":29,"href":"https:\/\/www.helasverige.se\/dalarna\/wp-json\/wp\/v2\/pages\/1120\/revisions"}],"predecessor-version":[{"id":1861,"href":"https:\/\/www.helasverige.se\/dalarna\/wp-json\/wp\/v2\/pages\/1120\/revisions\/1861"}],"up":[{"embeddable":true,"href":"https:\/\/www.helasverige.se\/dalarna\/wp-json\/wp\/v2\/pages\/956"}],"wp:featuredmedia":[{"embeddable":true,"href":"https:\/\/www.helasverige.se\/dalarna\/wp-json\/wp\/v2\/media\/950"}],"wp:attachment":[{"href":"https:\/\/www.helasverige.se\/dalarna\/wp-json\/wp\/v2\/media?parent=1120"}],"curies":[{"name":"wp","href":"https:\/\/api.w.org\/{rel}","templated":true}]}}