{"id":20,"date":"2021-10-29T11:21:31","date_gmt":"2021-10-29T09:21:31","guid":{"rendered":"https:\/\/www.helasverige.se\/dalarna\/?page_id=20"},"modified":"2025-11-20T10:18:00","modified_gmt":"2025-11-20T09:18:00","slug":"vara-aktiviteter","status":"publish","type":"page","link":"https:\/\/www.helasverige.se\/dalarna\/vara-aktiviteter\/","title":{"rendered":"V\u00e5ra aktiviteter"},"content":{"rendered":"<h1>Kort om v\u00e5ra aktiviteter.<\/h1>\n<p>Det vi g\u00f6r:<\/p>\n<ul>\n<li>Bilda n\u00e4tverk, kommitt\u00e9er, regionala, kommunala och lokala uppdrag etc.<\/li>\n<li>Skapa nyheter\/information i nyhetsbrev och sociala media<\/li>\n<li>Deltar i olika projekt med L\u00e4nsstyrelsen, Regionen, Coompanion, mm<\/li>\n<li>Direktkontakter med region, kommun i l\u00e4net och medlemmar\/lokala grupper under \u00e5ret<\/li>\n<li>Opinionsp\u00e5verkan regionalt och lokalt genom tex, debattinl\u00e4gg, pressmeddelande, andra aktioner<\/li>\n<li>Utse \u00c5rets lokala utvecklingsgrupp och nominera nationellt<\/li>\n<li>Genomf\u00f6ra arrangemang med kunskaps\u00f6verf\u00f6ring, t.ex. utbildning, konferenser, samverkanstr\u00e4ffar, temadagar, dialogm\u00f6ten, prisutdelningar, mm<\/li>\n<\/ul>\n","protected":false},"excerpt":{"rendered":"<p>Kort om v\u00e5ra aktiviteter. Det vi g\u00f6r: Bilda n\u00e4tverk, kommitt\u00e9er, regionala, kommunala och lokala uppdrag etc. Skapa nyheter\/information i nyhetsbrev och sociala media Deltar i olika projekt med L\u00e4nsstyrelsen, Regionen, Coompanion, mm Direktkontakter med region, kommun i l\u00e4net och medlemmar\/lokala grupper under \u00e5ret Opinionsp\u00e5verkan regionalt och lokalt genom tex, debattinl\u00e4gg, pressmeddelande, andra aktioner Utse \u00c5rets [&hellip;]<\/p>\n","protected":false},"author":1,"featured_media":598,"parent":0,"menu_order":0,"comment_status":"closed","ping_status":"closed","template":"tpl-lansavdelning.php","meta":{"_acf_changed":false,"footnotes":""},"class_list":["post-20","page","type-page","status-publish","has-post-thumbnail","hentry"],"acf":[],"yoast_head":"<!-- This site is optimized with the Yoast SEO Premium plugin v27.3 (Yoast SEO v27.4) - https:\/\/yoast.com\/product\/yoast-seo-premium-wordpress\/ -->\n<title>Dalarna - V\u00e5ra aktiviteter -<\/title>\n<meta name=\"robots\" content=\"index, follow, max-snippet:-1, max-image-preview:large, max-video-preview:-1\" \/>\n<link rel=\"canonical\" href=\"https:\/\/www.helasverige.se\/dalarna\/vara-aktiviteter\/\" \/>\n<meta property=\"og:locale\" content=\"sv_SE\" \/>\n<meta property=\"og:type\" content=\"article\" \/>\n<meta property=\"og:title\" content=\"Dalarna - V\u00e5ra aktiviteter\" \/>\n<meta property=\"og:description\" content=\"Kort om v\u00e5ra aktiviteter. Det vi g\u00f6r: Bilda n\u00e4tverk, kommitt\u00e9er, regionala, kommunala och lokala uppdrag etc. Skapa nyheter\/information i nyhetsbrev och sociala media Deltar i olika projekt med L\u00e4nsstyrelsen, Regionen, Coompanion, mm Direktkontakter med region, kommun i l\u00e4net och medlemmar\/lokala grupper under \u00e5ret Opinionsp\u00e5verkan regionalt och lokalt genom tex, debattinl\u00e4gg, pressmeddelande, andra aktioner Utse \u00c5rets [&hellip;]\" \/>\n<meta property=\"og:url\" content=\"https:\/\/www.helasverige.se\/dalarna\/vara-aktiviteter\/\" \/>\n<meta property=\"article:modified_time\" content=\"2025-11-20T09:18:00+00:00\" \/>\n<meta property=\"og:image\" content=\"https:\/\/www.helasverige.se\/dalarna\/wp-content\/uploads\/sites\/4\/2021\/11\/20211113_124921-scaled.jpg\" \/>\n\t<meta property=\"og:image:width\" content=\"2560\" \/>\n\t<meta property=\"og:image:height\" content=\"1920\" \/>\n\t<meta property=\"og:image:type\" content=\"image\/jpeg\" \/>\n<meta name=\"twitter:card\" content=\"summary_large_image\" \/>\n<meta name=\"twitter:label1\" content=\"Ber\u00e4knad l\u00e4stid\" \/>\n\t<meta name=\"twitter:data1\" content=\"1 minut\" \/>\n<script type=\"application\/ld+json\" class=\"yoast-schema-graph\">{\"@context\":\"https:\\\/\\\/schema.org\",\"@graph\":[{\"@type\":\"WebPage\",\"@id\":\"https:\\\/\\\/www.helasverige.se\\\/dalarna\\\/vara-aktiviteter\\\/\",\"url\":\"https:\\\/\\\/www.helasverige.se\\\/dalarna\\\/vara-aktiviteter\\\/\",\"name\":\"Dalarna - V\u00e5ra aktiviteter -\",\"isPartOf\":{\"@id\":\"https:\\\/\\\/www.helasverige.se\\\/dalarna\\\/#website\"},\"primaryImageOfPage\":{\"@id\":\"https:\\\/\\\/www.helasverige.se\\\/dalarna\\\/vara-aktiviteter\\\/#primaryimage\"},\"image\":{\"@id\":\"https:\\\/\\\/www.helasverige.se\\\/dalarna\\\/vara-aktiviteter\\\/#primaryimage\"},\"thumbnailUrl\":\"https:\\\/\\\/www.helasverige.se\\\/dalarna\\\/wp-content\\\/uploads\\\/sites\\\/4\\\/2021\\\/11\\\/20211113_124921-scaled.jpg\",\"datePublished\":\"2021-10-29T09:21:31+00:00\",\"dateModified\":\"2025-11-20T09:18:00+00:00\",\"breadcrumb\":{\"@id\":\"https:\\\/\\\/www.helasverige.se\\\/dalarna\\\/vara-aktiviteter\\\/#breadcrumb\"},\"inLanguage\":\"sv-SE\",\"potentialAction\":[{\"@type\":\"ReadAction\",\"target\":[\"https:\\\/\\\/www.helasverige.se\\\/dalarna\\\/vara-aktiviteter\\\/\"]}]},{\"@type\":\"ImageObject\",\"inLanguage\":\"sv-SE\",\"@id\":\"https:\\\/\\\/www.helasverige.se\\\/dalarna\\\/vara-aktiviteter\\\/#primaryimage\",\"url\":\"https:\\\/\\\/www.helasverige.se\\\/dalarna\\\/wp-content\\\/uploads\\\/sites\\\/4\\\/2021\\\/11\\\/20211113_124921-scaled.jpg\",\"contentUrl\":\"https:\\\/\\\/www.helasverige.se\\\/dalarna\\\/wp-content\\\/uploads\\\/sites\\\/4\\\/2021\\\/11\\\/20211113_124921-scaled.jpg\",\"width\":2560,\"height\":1920},{\"@type\":\"BreadcrumbList\",\"@id\":\"https:\\\/\\\/www.helasverige.se\\\/dalarna\\\/vara-aktiviteter\\\/#breadcrumb\",\"itemListElement\":[{\"@type\":\"ListItem\",\"position\":1,\"name\":\"Home\",\"item\":\"https:\\\/\\\/www.helasverige.se\\\/dalarna\\\/\"},{\"@type\":\"ListItem\",\"position\":2,\"name\":\"V\u00e5ra aktiviteter\"}]},{\"@type\":\"WebSite\",\"@id\":\"https:\\\/\\\/www.helasverige.se\\\/dalarna\\\/#website\",\"url\":\"https:\\\/\\\/www.helasverige.se\\\/dalarna\\\/\",\"name\":\"\",\"description\":\"\u00c4nnu en webbplats hos Hela Sverige ska leva\",\"potentialAction\":[{\"@type\":\"SearchAction\",\"target\":{\"@type\":\"EntryPoint\",\"urlTemplate\":\"https:\\\/\\\/www.helasverige.se\\\/dalarna\\\/?s={search_term_string}\"},\"query-input\":{\"@type\":\"PropertyValueSpecification\",\"valueRequired\":true,\"valueName\":\"search_term_string\"}}],\"inLanguage\":\"sv-SE\"}]}<\/script>\n<!-- \/ Yoast SEO Premium plugin. -->","yoast_head_json":{"title":"Dalarna - V\u00e5ra aktiviteter -","robots":{"index":"index","follow":"follow","max-snippet":"max-snippet:-1","max-image-preview":"max-image-preview:large","max-video-preview":"max-video-preview:-1"},"canonical":"https:\/\/www.helasverige.se\/dalarna\/vara-aktiviteter\/","og_locale":"sv_SE","og_type":"article","og_title":"Dalarna - V\u00e5ra aktiviteter","og_description":"Kort om v\u00e5ra aktiviteter. Det vi g\u00f6r: Bilda n\u00e4tverk, kommitt\u00e9er, regionala, kommunala och lokala uppdrag etc. Skapa nyheter\/information i nyhetsbrev och sociala media Deltar i olika projekt med L\u00e4nsstyrelsen, Regionen, Coompanion, mm Direktkontakter med region, kommun i l\u00e4net och medlemmar\/lokala grupper under \u00e5ret Opinionsp\u00e5verkan regionalt och lokalt genom tex, debattinl\u00e4gg, pressmeddelande, andra aktioner Utse \u00c5rets [&hellip;]","og_url":"https:\/\/www.helasverige.se\/dalarna\/vara-aktiviteter\/","article_modified_time":"2025-11-20T09:18:00+00:00","og_image":[{"width":2560,"height":1920,"url":"https:\/\/www.helasverige.se\/dalarna\/wp-content\/uploads\/sites\/4\/2021\/11\/20211113_124921-scaled.jpg","type":"image\/jpeg"}],"twitter_card":"summary_large_image","twitter_misc":{"Ber\u00e4knad l\u00e4stid":"1 minut"},"schema":{"@context":"https:\/\/schema.org","@graph":[{"@type":"WebPage","@id":"https:\/\/www.helasverige.se\/dalarna\/vara-aktiviteter\/","url":"https:\/\/www.helasverige.se\/dalarna\/vara-aktiviteter\/","name":"Dalarna - V\u00e5ra aktiviteter -","isPartOf":{"@id":"https:\/\/www.helasverige.se\/dalarna\/#website"},"primaryImageOfPage":{"@id":"https:\/\/www.helasverige.se\/dalarna\/vara-aktiviteter\/#primaryimage"},"image":{"@id":"https:\/\/www.helasverige.se\/dalarna\/vara-aktiviteter\/#primaryimage"},"thumbnailUrl":"https:\/\/www.helasverige.se\/dalarna\/wp-content\/uploads\/sites\/4\/2021\/11\/20211113_124921-scaled.jpg","datePublished":"2021-10-29T09:21:31+00:00","dateModified":"2025-11-20T09:18:00+00:00","breadcrumb":{"@id":"https:\/\/www.helasverige.se\/dalarna\/vara-aktiviteter\/#breadcrumb"},"inLanguage":"sv-SE","potentialAction":[{"@type":"ReadAction","target":["https:\/\/www.helasverige.se\/dalarna\/vara-aktiviteter\/"]}]},{"@type":"ImageObject","inLanguage":"sv-SE","@id":"https:\/\/www.helasverige.se\/dalarna\/vara-aktiviteter\/#primaryimage","url":"https:\/\/www.helasverige.se\/dalarna\/wp-content\/uploads\/sites\/4\/2021\/11\/20211113_124921-scaled.jpg","contentUrl":"https:\/\/www.helasverige.se\/dalarna\/wp-content\/uploads\/sites\/4\/2021\/11\/20211113_124921-scaled.jpg","width":2560,"height":1920},{"@type":"BreadcrumbList","@id":"https:\/\/www.helasverige.se\/dalarna\/vara-aktiviteter\/#breadcrumb","itemListElement":[{"@type":"ListItem","position":1,"name":"Home","item":"https:\/\/www.helasverige.se\/dalarna\/"},{"@type":"ListItem","position":2,"name":"V\u00e5ra aktiviteter"}]},{"@type":"WebSite","@id":"https:\/\/www.helasverige.se\/dalarna\/#website","url":"https:\/\/www.helasverige.se\/dalarna\/","name":"","description":"\u00c4nnu en webbplats hos Hela Sverige ska leva","potentialAction":[{"@type":"SearchAction","target":{"@type":"EntryPoint","urlTemplate":"https:\/\/www.helasverige.se\/dalarna\/?s={search_term_string}"},"query-input":{"@type":"PropertyValueSpecification","valueRequired":true,"valueName":"search_term_string"}}],"inLanguage":"sv-SE"}]}},"_links":{"self":[{"href":"https:\/\/www.helasverige.se\/dalarna\/wp-json\/wp\/v2\/pages\/20","targetHints":{"allow":["GET"]}}],"collection":[{"href":"https:\/\/www.helasverige.se\/dalarna\/wp-json\/wp\/v2\/pages"}],"about":[{"href":"https:\/\/www.helasverige.se\/dalarna\/wp-json\/wp\/v2\/types\/page"}],"author":[{"embeddable":true,"href":"https:\/\/www.helasverige.se\/dalarna\/wp-json\/wp\/v2\/users\/1"}],"replies":[{"embeddable":true,"href":"https:\/\/www.helasverige.se\/dalarna\/wp-json\/wp\/v2\/comments?post=20"}],"version-history":[{"count":13,"href":"https:\/\/www.helasverige.se\/dalarna\/wp-json\/wp\/v2\/pages\/20\/revisions"}],"predecessor-version":[{"id":1826,"href":"https:\/\/www.helasverige.se\/dalarna\/wp-json\/wp\/v2\/pages\/20\/revisions\/1826"}],"wp:featuredmedia":[{"embeddable":true,"href":"https:\/\/www.helasverige.se\/dalarna\/wp-json\/wp\/v2\/media\/598"}],"wp:attachment":[{"href":"https:\/\/www.helasverige.se\/dalarna\/wp-json\/wp\/v2\/media?parent=20"}],"curies":[{"name":"wp","href":"https:\/\/api.w.org\/{rel}","templated":true}]}}