{"id":589,"date":"2021-11-25T15:00:56","date_gmt":"2021-11-25T14:00:56","guid":{"rendered":"https:\/\/www.helasverige.se\/dalarna\/?page_id=589"},"modified":"2024-01-17T10:05:15","modified_gmt":"2024-01-17T09:05:15","slug":"kommunbygderad-i-dalarna","status":"publish","type":"page","link":"https:\/\/www.helasverige.se\/dalarna\/kommunbygderad-i-dalarna\/","title":{"rendered":"Kommunbygder\u00e5d i Dalarna"},"content":{"rendered":"<h2>Kommunbygder\u00e5d<\/h2>\n<p>Ett kommunbygder\u00e5d (KBR) kan se ut p\u00e5 m\u00e5nga olika s\u00e4tt. H\u00e4r beskriver vi i Hela Sverige Dalarna\u202fvad vi menar med ett kommunbygder\u00e5d.<\/p>\n<p>Ett kommunbygder\u00e5d (KBR), eller vad man v\u00e4ljer att namnge r\u00e5det med,\u202fkan drivas som f\u00f6rening eller\u202fn\u00e4tverk. Om\u202fman som KBR vill vara medlem i organisationen Hela Sverige ska leva kr\u00e4vs ett organisationsnummer.<\/p>\n<p>Under 2024 kommer vi att ha extra fokus p\u00e5 Dalarnas kommunbygder\u00e5d.<\/p>\n<p>Vi vill hj\u00e4lpa till att organisera f\u00f6reningar i ett KBR i fler kommuner, sprida olika s\u00e4tt att jobba med landsbygdsfr\u00e5gor, t.ex. i Falu Kommunbygder\u00e5d.<\/p>\n<p>God exempel: <a href=\"https:\/\/www.helasverige.se\/dalarna\/falu_kbr\/\" target=\"_blank\" rel=\"noopener\">L\u00e4s mer om Falu Kommunbygder\u00e5dets arbete med landsbygdsfr\u00e5gor i Falu kommun.<\/a><\/p>\n","protected":false},"excerpt":{"rendered":"<p>Kommunbygder\u00e5d Ett kommunbygder\u00e5d (KBR) kan se ut p\u00e5 m\u00e5nga olika s\u00e4tt. H\u00e4r beskriver vi i Hela Sverige Dalarna\u202fvad vi menar med ett kommunbygder\u00e5d. Ett kommunbygder\u00e5d (KBR), eller vad man v\u00e4ljer att namnge r\u00e5det med,\u202fkan drivas som f\u00f6rening eller\u202fn\u00e4tverk. Om\u202fman som KBR vill vara medlem i organisationen Hela Sverige ska leva kr\u00e4vs ett organisationsnummer. Under 2024 [&hellip;]<\/p>\n","protected":false},"author":25,"featured_media":1052,"parent":0,"menu_order":0,"comment_status":"closed","ping_status":"closed","template":"","meta":{"_acf_changed":false,"footnotes":""},"class_list":["post-589","page","type-page","status-publish","has-post-thumbnail","hentry"],"acf":[],"yoast_head":"<!-- This site is optimized with the Yoast SEO Premium plugin v27.3 (Yoast SEO v27.4) - https:\/\/yoast.com\/product\/yoast-seo-premium-wordpress\/ -->\n<title>Dalarna - Kommunbygder\u00e5d i Dalarna -<\/title>\n<meta name=\"robots\" content=\"index, follow, max-snippet:-1, max-image-preview:large, max-video-preview:-1\" \/>\n<link rel=\"canonical\" href=\"https:\/\/www.helasverige.se\/dalarna\/kommunbygderad-i-dalarna\/\" \/>\n<meta property=\"og:locale\" content=\"sv_SE\" \/>\n<meta property=\"og:type\" content=\"article\" \/>\n<meta property=\"og:title\" content=\"Dalarna - Kommunbygder\u00e5d i Dalarna\" \/>\n<meta property=\"og:description\" content=\"Kommunbygder\u00e5d Ett kommunbygder\u00e5d (KBR) kan se ut p\u00e5 m\u00e5nga olika s\u00e4tt. H\u00e4r beskriver vi i Hela Sverige Dalarna\u202fvad vi menar med ett kommunbygder\u00e5d. Ett kommunbygder\u00e5d (KBR), eller vad man v\u00e4ljer att namnge r\u00e5det med,\u202fkan drivas som f\u00f6rening eller\u202fn\u00e4tverk. Om\u202fman som KBR vill vara medlem i organisationen Hela Sverige ska leva kr\u00e4vs ett organisationsnummer. Under 2024 [&hellip;]\" \/>\n<meta property=\"og:url\" content=\"https:\/\/www.helasverige.se\/dalarna\/kommunbygderad-i-dalarna\/\" \/>\n<meta property=\"article:modified_time\" content=\"2024-01-17T09:05:15+00:00\" \/>\n<meta property=\"og:image\" content=\"https:\/\/www.helasverige.se\/dalarna\/wp-content\/uploads\/sites\/4\/2022\/05\/20220428_175957-scaled.jpg\" \/>\n\t<meta property=\"og:image:width\" content=\"2560\" \/>\n\t<meta property=\"og:image:height\" content=\"1920\" \/>\n\t<meta property=\"og:image:type\" content=\"image\/jpeg\" \/>\n<meta name=\"twitter:card\" content=\"summary_large_image\" \/>\n<meta name=\"twitter:label1\" content=\"Ber\u00e4knad l\u00e4stid\" \/>\n\t<meta name=\"twitter:data1\" content=\"1 minut\" \/>\n<script type=\"application\/ld+json\" class=\"yoast-schema-graph\">{\"@context\":\"https:\\\/\\\/schema.org\",\"@graph\":[{\"@type\":\"WebPage\",\"@id\":\"https:\\\/\\\/www.helasverige.se\\\/dalarna\\\/kommunbygderad-i-dalarna\\\/\",\"url\":\"https:\\\/\\\/www.helasverige.se\\\/dalarna\\\/kommunbygderad-i-dalarna\\\/\",\"name\":\"Dalarna - Kommunbygder\u00e5d i Dalarna -\",\"isPartOf\":{\"@id\":\"https:\\\/\\\/www.helasverige.se\\\/dalarna\\\/#website\"},\"primaryImageOfPage\":{\"@id\":\"https:\\\/\\\/www.helasverige.se\\\/dalarna\\\/kommunbygderad-i-dalarna\\\/#primaryimage\"},\"image\":{\"@id\":\"https:\\\/\\\/www.helasverige.se\\\/dalarna\\\/kommunbygderad-i-dalarna\\\/#primaryimage\"},\"thumbnailUrl\":\"https:\\\/\\\/www.helasverige.se\\\/dalarna\\\/wp-content\\\/uploads\\\/sites\\\/4\\\/2022\\\/05\\\/20220428_175957-scaled.jpg\",\"datePublished\":\"2021-11-25T14:00:56+00:00\",\"dateModified\":\"2024-01-17T09:05:15+00:00\",\"breadcrumb\":{\"@id\":\"https:\\\/\\\/www.helasverige.se\\\/dalarna\\\/kommunbygderad-i-dalarna\\\/#breadcrumb\"},\"inLanguage\":\"sv-SE\",\"potentialAction\":[{\"@type\":\"ReadAction\",\"target\":[\"https:\\\/\\\/www.helasverige.se\\\/dalarna\\\/kommunbygderad-i-dalarna\\\/\"]}]},{\"@type\":\"ImageObject\",\"inLanguage\":\"sv-SE\",\"@id\":\"https:\\\/\\\/www.helasverige.se\\\/dalarna\\\/kommunbygderad-i-dalarna\\\/#primaryimage\",\"url\":\"https:\\\/\\\/www.helasverige.se\\\/dalarna\\\/wp-content\\\/uploads\\\/sites\\\/4\\\/2022\\\/05\\\/20220428_175957-scaled.jpg\",\"contentUrl\":\"https:\\\/\\\/www.helasverige.se\\\/dalarna\\\/wp-content\\\/uploads\\\/sites\\\/4\\\/2022\\\/05\\\/20220428_175957-scaled.jpg\",\"width\":2560,\"height\":1920},{\"@type\":\"BreadcrumbList\",\"@id\":\"https:\\\/\\\/www.helasverige.se\\\/dalarna\\\/kommunbygderad-i-dalarna\\\/#breadcrumb\",\"itemListElement\":[{\"@type\":\"ListItem\",\"position\":1,\"name\":\"Home\",\"item\":\"https:\\\/\\\/www.helasverige.se\\\/dalarna\\\/\"},{\"@type\":\"ListItem\",\"position\":2,\"name\":\"Kommunbygder\u00e5d i Dalarna\"}]},{\"@type\":\"WebSite\",\"@id\":\"https:\\\/\\\/www.helasverige.se\\\/dalarna\\\/#website\",\"url\":\"https:\\\/\\\/www.helasverige.se\\\/dalarna\\\/\",\"name\":\"\",\"description\":\"\u00c4nnu en webbplats hos Hela Sverige ska leva\",\"potentialAction\":[{\"@type\":\"SearchAction\",\"target\":{\"@type\":\"EntryPoint\",\"urlTemplate\":\"https:\\\/\\\/www.helasverige.se\\\/dalarna\\\/?s={search_term_string}\"},\"query-input\":{\"@type\":\"PropertyValueSpecification\",\"valueRequired\":true,\"valueName\":\"search_term_string\"}}],\"inLanguage\":\"sv-SE\"}]}<\/script>\n<!-- \/ Yoast SEO Premium plugin. -->","yoast_head_json":{"title":"Dalarna - Kommunbygder\u00e5d i Dalarna -","robots":{"index":"index","follow":"follow","max-snippet":"max-snippet:-1","max-image-preview":"max-image-preview:large","max-video-preview":"max-video-preview:-1"},"canonical":"https:\/\/www.helasverige.se\/dalarna\/kommunbygderad-i-dalarna\/","og_locale":"sv_SE","og_type":"article","og_title":"Dalarna - Kommunbygder\u00e5d i Dalarna","og_description":"Kommunbygder\u00e5d Ett kommunbygder\u00e5d (KBR) kan se ut p\u00e5 m\u00e5nga olika s\u00e4tt. H\u00e4r beskriver vi i Hela Sverige Dalarna\u202fvad vi menar med ett kommunbygder\u00e5d. Ett kommunbygder\u00e5d (KBR), eller vad man v\u00e4ljer att namnge r\u00e5det med,\u202fkan drivas som f\u00f6rening eller\u202fn\u00e4tverk. Om\u202fman som KBR vill vara medlem i organisationen Hela Sverige ska leva kr\u00e4vs ett organisationsnummer. Under 2024 [&hellip;]","og_url":"https:\/\/www.helasverige.se\/dalarna\/kommunbygderad-i-dalarna\/","article_modified_time":"2024-01-17T09:05:15+00:00","og_image":[{"width":2560,"height":1920,"url":"https:\/\/www.helasverige.se\/dalarna\/wp-content\/uploads\/sites\/4\/2022\/05\/20220428_175957-scaled.jpg","type":"image\/jpeg"}],"twitter_card":"summary_large_image","twitter_misc":{"Ber\u00e4knad l\u00e4stid":"1 minut"},"schema":{"@context":"https:\/\/schema.org","@graph":[{"@type":"WebPage","@id":"https:\/\/www.helasverige.se\/dalarna\/kommunbygderad-i-dalarna\/","url":"https:\/\/www.helasverige.se\/dalarna\/kommunbygderad-i-dalarna\/","name":"Dalarna - Kommunbygder\u00e5d i Dalarna -","isPartOf":{"@id":"https:\/\/www.helasverige.se\/dalarna\/#website"},"primaryImageOfPage":{"@id":"https:\/\/www.helasverige.se\/dalarna\/kommunbygderad-i-dalarna\/#primaryimage"},"image":{"@id":"https:\/\/www.helasverige.se\/dalarna\/kommunbygderad-i-dalarna\/#primaryimage"},"thumbnailUrl":"https:\/\/www.helasverige.se\/dalarna\/wp-content\/uploads\/sites\/4\/2022\/05\/20220428_175957-scaled.jpg","datePublished":"2021-11-25T14:00:56+00:00","dateModified":"2024-01-17T09:05:15+00:00","breadcrumb":{"@id":"https:\/\/www.helasverige.se\/dalarna\/kommunbygderad-i-dalarna\/#breadcrumb"},"inLanguage":"sv-SE","potentialAction":[{"@type":"ReadAction","target":["https:\/\/www.helasverige.se\/dalarna\/kommunbygderad-i-dalarna\/"]}]},{"@type":"ImageObject","inLanguage":"sv-SE","@id":"https:\/\/www.helasverige.se\/dalarna\/kommunbygderad-i-dalarna\/#primaryimage","url":"https:\/\/www.helasverige.se\/dalarna\/wp-content\/uploads\/sites\/4\/2022\/05\/20220428_175957-scaled.jpg","contentUrl":"https:\/\/www.helasverige.se\/dalarna\/wp-content\/uploads\/sites\/4\/2022\/05\/20220428_175957-scaled.jpg","width":2560,"height":1920},{"@type":"BreadcrumbList","@id":"https:\/\/www.helasverige.se\/dalarna\/kommunbygderad-i-dalarna\/#breadcrumb","itemListElement":[{"@type":"ListItem","position":1,"name":"Home","item":"https:\/\/www.helasverige.se\/dalarna\/"},{"@type":"ListItem","position":2,"name":"Kommunbygder\u00e5d i Dalarna"}]},{"@type":"WebSite","@id":"https:\/\/www.helasverige.se\/dalarna\/#website","url":"https:\/\/www.helasverige.se\/dalarna\/","name":"","description":"\u00c4nnu en webbplats hos Hela Sverige ska leva","potentialAction":[{"@type":"SearchAction","target":{"@type":"EntryPoint","urlTemplate":"https:\/\/www.helasverige.se\/dalarna\/?s={search_term_string}"},"query-input":{"@type":"PropertyValueSpecification","valueRequired":true,"valueName":"search_term_string"}}],"inLanguage":"sv-SE"}]}},"_links":{"self":[{"href":"https:\/\/www.helasverige.se\/dalarna\/wp-json\/wp\/v2\/pages\/589","targetHints":{"allow":["GET"]}}],"collection":[{"href":"https:\/\/www.helasverige.se\/dalarna\/wp-json\/wp\/v2\/pages"}],"about":[{"href":"https:\/\/www.helasverige.se\/dalarna\/wp-json\/wp\/v2\/types\/page"}],"author":[{"embeddable":true,"href":"https:\/\/www.helasverige.se\/dalarna\/wp-json\/wp\/v2\/users\/25"}],"replies":[{"embeddable":true,"href":"https:\/\/www.helasverige.se\/dalarna\/wp-json\/wp\/v2\/comments?post=589"}],"version-history":[{"count":7,"href":"https:\/\/www.helasverige.se\/dalarna\/wp-json\/wp\/v2\/pages\/589\/revisions"}],"predecessor-version":[{"id":1600,"href":"https:\/\/www.helasverige.se\/dalarna\/wp-json\/wp\/v2\/pages\/589\/revisions\/1600"}],"wp:featuredmedia":[{"embeddable":true,"href":"https:\/\/www.helasverige.se\/dalarna\/wp-json\/wp\/v2\/media\/1052"}],"wp:attachment":[{"href":"https:\/\/www.helasverige.se\/dalarna\/wp-json\/wp\/v2\/media?parent=589"}],"curies":[{"name":"wp","href":"https:\/\/api.w.org\/{rel}","templated":true}]}}