{"id":651,"date":"2021-12-02T09:45:13","date_gmt":"2021-12-02T08:45:13","guid":{"rendered":"https:\/\/www.helasverige.se\/dalarna\/?page_id=651"},"modified":"2022-01-27T14:35:46","modified_gmt":"2022-01-27T13:35:46","slug":"service-2","status":"publish","type":"page","link":"https:\/\/www.helasverige.se\/dalarna\/service-2\/","title":{"rendered":"service"},"content":{"rendered":"<h1>Service p\u00e5 landsbygden<\/h1>\n<p>Servicebanken \u00e4r en resurs f\u00f6r dig som arbetar med l\u00f6sningar f\u00f6r lokal service. H\u00e4r hittar du verktyg, metoder, goda exempel och inspiration p\u00e5 hur du kan jobba med service i samverkan p\u00e5 din ort. Materialet \u00e4r en sammanst\u00e4llning fr\u00e5n de samlade l\u00e4rdomarna fr\u00e5n pilotprojektet Service i samverkan.<\/p>\n<p>&nbsp;<\/p>\n<p>I Dalarna:<\/p>\n<p><a href=\"https:\/\/servicebanken.helasverige.se\/service-och-samverkan-ur-ett-storre-perspektiv\/\" target=\"_blank\" rel=\"noopener\">Fredriksberg och Sunnansj\u00f6<\/a><\/p>\n<p><a href=\"https:\/\/servicebanken.helasverige.se\/vagen-mot-nya-innovativa-servicelosningar\/\" target=\"_blank\" rel=\"noopener\">\u00c4lvdalen<\/a><\/p>\n<p>&nbsp;<\/p>\n<p>Mer information:<\/p>\n<p><a href=\"https:\/\/servicebanken.helasverige.se\/\" target=\"_blank\" rel=\"noopener\">Samverkan \u00e4r nyckeln till framtidens service<\/a><\/p>\n","protected":false},"excerpt":{"rendered":"<p>Service p\u00e5 landsbygden Servicebanken \u00e4r en resurs f\u00f6r dig som arbetar med l\u00f6sningar f\u00f6r lokal service. H\u00e4r hittar du verktyg, metoder, goda exempel och inspiration p\u00e5 hur du kan jobba med service i samverkan p\u00e5 din ort. Materialet \u00e4r en sammanst\u00e4llning fr\u00e5n de samlade l\u00e4rdomarna fr\u00e5n pilotprojektet Service i samverkan. &nbsp; I Dalarna: Fredriksberg och [&hellip;]<\/p>\n","protected":false},"author":25,"featured_media":421,"parent":0,"menu_order":0,"comment_status":"closed","ping_status":"closed","template":"tpl-lansavdelning.php","meta":{"_acf_changed":false,"footnotes":""},"class_list":["post-651","page","type-page","status-publish","has-post-thumbnail","hentry"],"acf":[],"yoast_head":"<!-- This site is optimized with the Yoast SEO Premium plugin v27.4 (Yoast SEO v27.6) - https:\/\/yoast.com\/product\/yoast-seo-premium-wordpress\/ -->\n<title>Dalarna - service -<\/title>\n<meta name=\"robots\" content=\"index, follow, max-snippet:-1, max-image-preview:large, max-video-preview:-1\" \/>\n<link rel=\"canonical\" href=\"https:\/\/www.helasverige.se\/dalarna\/service-2\/\" \/>\n<meta property=\"og:locale\" content=\"sv_SE\" \/>\n<meta property=\"og:type\" content=\"article\" \/>\n<meta property=\"og:title\" content=\"Dalarna - service\" \/>\n<meta property=\"og:description\" content=\"Service p\u00e5 landsbygden Servicebanken \u00e4r en resurs f\u00f6r dig som arbetar med l\u00f6sningar f\u00f6r lokal service. H\u00e4r hittar du verktyg, metoder, goda exempel och inspiration p\u00e5 hur du kan jobba med service i samverkan p\u00e5 din ort. Materialet \u00e4r en sammanst\u00e4llning fr\u00e5n de samlade l\u00e4rdomarna fr\u00e5n pilotprojektet Service i samverkan. &nbsp; I Dalarna: Fredriksberg och [&hellip;]\" \/>\n<meta property=\"og:url\" content=\"https:\/\/www.helasverige.se\/dalarna\/service-2\/\" \/>\n<meta property=\"article:modified_time\" content=\"2022-01-27T13:35:46+00:00\" \/>\n<meta property=\"og:image\" content=\"https:\/\/www.helasverige.se\/dalarna\/wp-content\/uploads\/sites\/4\/2021\/11\/Moetesplats_Ja_Jaerna-1.jpg\" \/>\n\t<meta property=\"og:image:width\" content=\"640\" \/>\n\t<meta property=\"og:image:height\" content=\"426\" \/>\n\t<meta property=\"og:image:type\" content=\"image\/jpeg\" \/>\n<meta name=\"twitter:card\" content=\"summary_large_image\" \/>\n<script type=\"application\/ld+json\" class=\"yoast-schema-graph\">{\"@context\":\"https:\\\/\\\/schema.org\",\"@graph\":[{\"@type\":\"WebPage\",\"@id\":\"https:\\\/\\\/www.helasverige.se\\\/dalarna\\\/service-2\\\/\",\"url\":\"https:\\\/\\\/www.helasverige.se\\\/dalarna\\\/service-2\\\/\",\"name\":\"Dalarna - service -\",\"isPartOf\":{\"@id\":\"https:\\\/\\\/www.helasverige.se\\\/dalarna\\\/#website\"},\"primaryImageOfPage\":{\"@id\":\"https:\\\/\\\/www.helasverige.se\\\/dalarna\\\/service-2\\\/#primaryimage\"},\"image\":{\"@id\":\"https:\\\/\\\/www.helasverige.se\\\/dalarna\\\/service-2\\\/#primaryimage\"},\"thumbnailUrl\":\"https:\\\/\\\/www.helasverige.se\\\/dalarna\\\/wp-content\\\/uploads\\\/sites\\\/4\\\/2021\\\/11\\\/Moetesplats_Ja_Jaerna-1.jpg\",\"datePublished\":\"2021-12-02T08:45:13+00:00\",\"dateModified\":\"2022-01-27T13:35:46+00:00\",\"breadcrumb\":{\"@id\":\"https:\\\/\\\/www.helasverige.se\\\/dalarna\\\/service-2\\\/#breadcrumb\"},\"inLanguage\":\"sv-SE\",\"potentialAction\":[{\"@type\":\"ReadAction\",\"target\":[\"https:\\\/\\\/www.helasverige.se\\\/dalarna\\\/service-2\\\/\"]}]},{\"@type\":\"ImageObject\",\"inLanguage\":\"sv-SE\",\"@id\":\"https:\\\/\\\/www.helasverige.se\\\/dalarna\\\/service-2\\\/#primaryimage\",\"url\":\"https:\\\/\\\/www.helasverige.se\\\/dalarna\\\/wp-content\\\/uploads\\\/sites\\\/4\\\/2021\\\/11\\\/Moetesplats_Ja_Jaerna-1.jpg\",\"contentUrl\":\"https:\\\/\\\/www.helasverige.se\\\/dalarna\\\/wp-content\\\/uploads\\\/sites\\\/4\\\/2021\\\/11\\\/Moetesplats_Ja_Jaerna-1.jpg\",\"width\":640,\"height\":426,\"caption\":\"????????????????????????????????????\"},{\"@type\":\"BreadcrumbList\",\"@id\":\"https:\\\/\\\/www.helasverige.se\\\/dalarna\\\/service-2\\\/#breadcrumb\",\"itemListElement\":[{\"@type\":\"ListItem\",\"position\":1,\"name\":\"Home\",\"item\":\"https:\\\/\\\/www.helasverige.se\\\/dalarna\\\/\"},{\"@type\":\"ListItem\",\"position\":2,\"name\":\"service\"}]},{\"@type\":\"WebSite\",\"@id\":\"https:\\\/\\\/www.helasverige.se\\\/dalarna\\\/#website\",\"url\":\"https:\\\/\\\/www.helasverige.se\\\/dalarna\\\/\",\"name\":\"\",\"description\":\"\u00c4nnu en webbplats hos Hela Sverige ska leva\",\"potentialAction\":[{\"@type\":\"SearchAction\",\"target\":{\"@type\":\"EntryPoint\",\"urlTemplate\":\"https:\\\/\\\/www.helasverige.se\\\/dalarna\\\/?s={search_term_string}\"},\"query-input\":{\"@type\":\"PropertyValueSpecification\",\"valueRequired\":true,\"valueName\":\"search_term_string\"}}],\"inLanguage\":\"sv-SE\"}]}<\/script>\n<!-- \/ Yoast SEO Premium plugin. -->","yoast_head_json":{"title":"Dalarna - service -","robots":{"index":"index","follow":"follow","max-snippet":"max-snippet:-1","max-image-preview":"max-image-preview:large","max-video-preview":"max-video-preview:-1"},"canonical":"https:\/\/www.helasverige.se\/dalarna\/service-2\/","og_locale":"sv_SE","og_type":"article","og_title":"Dalarna - service","og_description":"Service p\u00e5 landsbygden Servicebanken \u00e4r en resurs f\u00f6r dig som arbetar med l\u00f6sningar f\u00f6r lokal service. H\u00e4r hittar du verktyg, metoder, goda exempel och inspiration p\u00e5 hur du kan jobba med service i samverkan p\u00e5 din ort. Materialet \u00e4r en sammanst\u00e4llning fr\u00e5n de samlade l\u00e4rdomarna fr\u00e5n pilotprojektet Service i samverkan. &nbsp; I Dalarna: Fredriksberg och [&hellip;]","og_url":"https:\/\/www.helasverige.se\/dalarna\/service-2\/","article_modified_time":"2022-01-27T13:35:46+00:00","og_image":[{"width":640,"height":426,"url":"https:\/\/www.helasverige.se\/dalarna\/wp-content\/uploads\/sites\/4\/2021\/11\/Moetesplats_Ja_Jaerna-1.jpg","type":"image\/jpeg"}],"twitter_card":"summary_large_image","schema":{"@context":"https:\/\/schema.org","@graph":[{"@type":"WebPage","@id":"https:\/\/www.helasverige.se\/dalarna\/service-2\/","url":"https:\/\/www.helasverige.se\/dalarna\/service-2\/","name":"Dalarna - service -","isPartOf":{"@id":"https:\/\/www.helasverige.se\/dalarna\/#website"},"primaryImageOfPage":{"@id":"https:\/\/www.helasverige.se\/dalarna\/service-2\/#primaryimage"},"image":{"@id":"https:\/\/www.helasverige.se\/dalarna\/service-2\/#primaryimage"},"thumbnailUrl":"https:\/\/www.helasverige.se\/dalarna\/wp-content\/uploads\/sites\/4\/2021\/11\/Moetesplats_Ja_Jaerna-1.jpg","datePublished":"2021-12-02T08:45:13+00:00","dateModified":"2022-01-27T13:35:46+00:00","breadcrumb":{"@id":"https:\/\/www.helasverige.se\/dalarna\/service-2\/#breadcrumb"},"inLanguage":"sv-SE","potentialAction":[{"@type":"ReadAction","target":["https:\/\/www.helasverige.se\/dalarna\/service-2\/"]}]},{"@type":"ImageObject","inLanguage":"sv-SE","@id":"https:\/\/www.helasverige.se\/dalarna\/service-2\/#primaryimage","url":"https:\/\/www.helasverige.se\/dalarna\/wp-content\/uploads\/sites\/4\/2021\/11\/Moetesplats_Ja_Jaerna-1.jpg","contentUrl":"https:\/\/www.helasverige.se\/dalarna\/wp-content\/uploads\/sites\/4\/2021\/11\/Moetesplats_Ja_Jaerna-1.jpg","width":640,"height":426,"caption":"????????????????????????????????????"},{"@type":"BreadcrumbList","@id":"https:\/\/www.helasverige.se\/dalarna\/service-2\/#breadcrumb","itemListElement":[{"@type":"ListItem","position":1,"name":"Home","item":"https:\/\/www.helasverige.se\/dalarna\/"},{"@type":"ListItem","position":2,"name":"service"}]},{"@type":"WebSite","@id":"https:\/\/www.helasverige.se\/dalarna\/#website","url":"https:\/\/www.helasverige.se\/dalarna\/","name":"","description":"\u00c4nnu en webbplats hos Hela Sverige ska leva","potentialAction":[{"@type":"SearchAction","target":{"@type":"EntryPoint","urlTemplate":"https:\/\/www.helasverige.se\/dalarna\/?s={search_term_string}"},"query-input":{"@type":"PropertyValueSpecification","valueRequired":true,"valueName":"search_term_string"}}],"inLanguage":"sv-SE"}]}},"_links":{"self":[{"href":"https:\/\/www.helasverige.se\/dalarna\/wp-json\/wp\/v2\/pages\/651","targetHints":{"allow":["GET"]}}],"collection":[{"href":"https:\/\/www.helasverige.se\/dalarna\/wp-json\/wp\/v2\/pages"}],"about":[{"href":"https:\/\/www.helasverige.se\/dalarna\/wp-json\/wp\/v2\/types\/page"}],"author":[{"embeddable":true,"href":"https:\/\/www.helasverige.se\/dalarna\/wp-json\/wp\/v2\/users\/25"}],"replies":[{"embeddable":true,"href":"https:\/\/www.helasverige.se\/dalarna\/wp-json\/wp\/v2\/comments?post=651"}],"version-history":[{"count":5,"href":"https:\/\/www.helasverige.se\/dalarna\/wp-json\/wp\/v2\/pages\/651\/revisions"}],"predecessor-version":[{"id":948,"href":"https:\/\/www.helasverige.se\/dalarna\/wp-json\/wp\/v2\/pages\/651\/revisions\/948"}],"wp:featuredmedia":[{"embeddable":true,"href":"https:\/\/www.helasverige.se\/dalarna\/wp-json\/wp\/v2\/media\/421"}],"wp:attachment":[{"href":"https:\/\/www.helasverige.se\/dalarna\/wp-json\/wp\/v2\/media?parent=651"}],"curies":[{"name":"wp","href":"https:\/\/api.w.org\/{rel}","templated":true}]}}