{"id":653,"date":"2021-12-02T09:47:36","date_gmt":"2021-12-02T08:47:36","guid":{"rendered":"https:\/\/www.helasverige.se\/dalarna\/?page_id=653"},"modified":"2022-05-18T09:29:47","modified_gmt":"2022-05-18T07:29:47","slug":"lokalt-inflytande","status":"publish","type":"page","link":"https:\/\/www.helasverige.se\/dalarna\/lokalt-inflytande\/","title":{"rendered":"Metoder f\u00f6r att utveckla lokalt inflytande"},"content":{"rendered":"<p>Lokalt inflytande \u00e4r grundl\u00e4ggande f\u00f6r oss, oavsett fr\u00e5ga eller niv\u00e5. Detta \u00e4r n\u00e5got vi alltid tar upp och n\u00e4mner i de sammanhang som vi medverkar i, liksom i v\u00e5ra skrifter, nyhetsbrev och \u00f6vrig kommunikation.<\/p>\n<p>Vi visar g\u00e4rna p\u00e5 goda exempel fr\u00e5n Dalarna.<\/p>\n<p>I undermenyn hittar du information om:<\/p>\n<ul>\n<li>LUP<\/li>\n<li>LEA<\/li>\n<li>BID<\/li>\n<li>Bilda Bygdebolag<\/li>\n<li>Service i samverkan<\/li>\n<li>Socialt f\u00f6retagande<\/li>\n<\/ul>\n<p>&nbsp;<\/p>\n","protected":false},"excerpt":{"rendered":"<p>Lokalt inflytande \u00e4r grundl\u00e4ggande f\u00f6r oss, oavsett fr\u00e5ga eller niv\u00e5. Detta \u00e4r n\u00e5got vi alltid tar upp och n\u00e4mner i de sammanhang som vi medverkar i, liksom i v\u00e5ra skrifter, nyhetsbrev och \u00f6vrig kommunikation. Vi visar g\u00e4rna p\u00e5 goda exempel fr\u00e5n Dalarna. I undermenyn hittar du information om: LUP LEA BID Bilda Bygdebolag Service i [&hellip;]<\/p>\n","protected":false},"author":25,"featured_media":1053,"parent":0,"menu_order":0,"comment_status":"closed","ping_status":"closed","template":"","meta":{"_acf_changed":false,"footnotes":""},"class_list":["post-653","page","type-page","status-publish","has-post-thumbnail","hentry"],"acf":[],"yoast_head":"<!-- This site is optimized with the Yoast SEO Premium plugin v27.3 (Yoast SEO v27.4) - https:\/\/yoast.com\/product\/yoast-seo-premium-wordpress\/ -->\n<title>Dalarna - Metoder f\u00f6r att utveckla lokalt inflytande -<\/title>\n<meta name=\"robots\" content=\"index, follow, max-snippet:-1, max-image-preview:large, max-video-preview:-1\" \/>\n<link rel=\"canonical\" href=\"https:\/\/www.helasverige.se\/dalarna\/lokalt-inflytande\/\" \/>\n<meta property=\"og:locale\" content=\"sv_SE\" \/>\n<meta property=\"og:type\" content=\"article\" \/>\n<meta property=\"og:title\" content=\"Dalarna - Metoder f\u00f6r att utveckla lokalt inflytande\" \/>\n<meta property=\"og:description\" content=\"Lokalt inflytande \u00e4r grundl\u00e4ggande f\u00f6r oss, oavsett fr\u00e5ga eller niv\u00e5. Detta \u00e4r n\u00e5got vi alltid tar upp och n\u00e4mner i de sammanhang som vi medverkar i, liksom i v\u00e5ra skrifter, nyhetsbrev och \u00f6vrig kommunikation. Vi visar g\u00e4rna p\u00e5 goda exempel fr\u00e5n Dalarna. I undermenyn hittar du information om: LUP LEA BID Bilda Bygdebolag Service i [&hellip;]\" \/>\n<meta property=\"og:url\" content=\"https:\/\/www.helasverige.se\/dalarna\/lokalt-inflytande\/\" \/>\n<meta property=\"article:modified_time\" content=\"2022-05-18T07:29:47+00:00\" \/>\n<meta property=\"og:image\" content=\"https:\/\/www.helasverige.se\/dalarna\/wp-content\/uploads\/sites\/4\/2022\/05\/20220428_181116-scaled.jpg\" \/>\n\t<meta property=\"og:image:width\" content=\"2560\" \/>\n\t<meta property=\"og:image:height\" content=\"1920\" \/>\n\t<meta property=\"og:image:type\" content=\"image\/jpeg\" \/>\n<meta name=\"twitter:card\" content=\"summary_large_image\" \/>\n<script type=\"application\/ld+json\" class=\"yoast-schema-graph\">{\"@context\":\"https:\\\/\\\/schema.org\",\"@graph\":[{\"@type\":\"WebPage\",\"@id\":\"https:\\\/\\\/www.helasverige.se\\\/dalarna\\\/lokalt-inflytande\\\/\",\"url\":\"https:\\\/\\\/www.helasverige.se\\\/dalarna\\\/lokalt-inflytande\\\/\",\"name\":\"Dalarna - Metoder f\u00f6r att utveckla lokalt inflytande -\",\"isPartOf\":{\"@id\":\"https:\\\/\\\/www.helasverige.se\\\/dalarna\\\/#website\"},\"primaryImageOfPage\":{\"@id\":\"https:\\\/\\\/www.helasverige.se\\\/dalarna\\\/lokalt-inflytande\\\/#primaryimage\"},\"image\":{\"@id\":\"https:\\\/\\\/www.helasverige.se\\\/dalarna\\\/lokalt-inflytande\\\/#primaryimage\"},\"thumbnailUrl\":\"https:\\\/\\\/www.helasverige.se\\\/dalarna\\\/wp-content\\\/uploads\\\/sites\\\/4\\\/2022\\\/05\\\/20220428_181116-scaled.jpg\",\"datePublished\":\"2021-12-02T08:47:36+00:00\",\"dateModified\":\"2022-05-18T07:29:47+00:00\",\"breadcrumb\":{\"@id\":\"https:\\\/\\\/www.helasverige.se\\\/dalarna\\\/lokalt-inflytande\\\/#breadcrumb\"},\"inLanguage\":\"sv-SE\",\"potentialAction\":[{\"@type\":\"ReadAction\",\"target\":[\"https:\\\/\\\/www.helasverige.se\\\/dalarna\\\/lokalt-inflytande\\\/\"]}]},{\"@type\":\"ImageObject\",\"inLanguage\":\"sv-SE\",\"@id\":\"https:\\\/\\\/www.helasverige.se\\\/dalarna\\\/lokalt-inflytande\\\/#primaryimage\",\"url\":\"https:\\\/\\\/www.helasverige.se\\\/dalarna\\\/wp-content\\\/uploads\\\/sites\\\/4\\\/2022\\\/05\\\/20220428_181116-scaled.jpg\",\"contentUrl\":\"https:\\\/\\\/www.helasverige.se\\\/dalarna\\\/wp-content\\\/uploads\\\/sites\\\/4\\\/2022\\\/05\\\/20220428_181116-scaled.jpg\",\"width\":2560,\"height\":1920},{\"@type\":\"BreadcrumbList\",\"@id\":\"https:\\\/\\\/www.helasverige.se\\\/dalarna\\\/lokalt-inflytande\\\/#breadcrumb\",\"itemListElement\":[{\"@type\":\"ListItem\",\"position\":1,\"name\":\"Home\",\"item\":\"https:\\\/\\\/www.helasverige.se\\\/dalarna\\\/\"},{\"@type\":\"ListItem\",\"position\":2,\"name\":\"Metoder f\u00f6r att utveckla lokalt inflytande\"}]},{\"@type\":\"WebSite\",\"@id\":\"https:\\\/\\\/www.helasverige.se\\\/dalarna\\\/#website\",\"url\":\"https:\\\/\\\/www.helasverige.se\\\/dalarna\\\/\",\"name\":\"\",\"description\":\"\u00c4nnu en webbplats hos Hela Sverige ska leva\",\"potentialAction\":[{\"@type\":\"SearchAction\",\"target\":{\"@type\":\"EntryPoint\",\"urlTemplate\":\"https:\\\/\\\/www.helasverige.se\\\/dalarna\\\/?s={search_term_string}\"},\"query-input\":{\"@type\":\"PropertyValueSpecification\",\"valueRequired\":true,\"valueName\":\"search_term_string\"}}],\"inLanguage\":\"sv-SE\"}]}<\/script>\n<!-- \/ Yoast SEO Premium plugin. -->","yoast_head_json":{"title":"Dalarna - Metoder f\u00f6r att utveckla lokalt inflytande -","robots":{"index":"index","follow":"follow","max-snippet":"max-snippet:-1","max-image-preview":"max-image-preview:large","max-video-preview":"max-video-preview:-1"},"canonical":"https:\/\/www.helasverige.se\/dalarna\/lokalt-inflytande\/","og_locale":"sv_SE","og_type":"article","og_title":"Dalarna - Metoder f\u00f6r att utveckla lokalt inflytande","og_description":"Lokalt inflytande \u00e4r grundl\u00e4ggande f\u00f6r oss, oavsett fr\u00e5ga eller niv\u00e5. Detta \u00e4r n\u00e5got vi alltid tar upp och n\u00e4mner i de sammanhang som vi medverkar i, liksom i v\u00e5ra skrifter, nyhetsbrev och \u00f6vrig kommunikation. Vi visar g\u00e4rna p\u00e5 goda exempel fr\u00e5n Dalarna. I undermenyn hittar du information om: LUP LEA BID Bilda Bygdebolag Service i [&hellip;]","og_url":"https:\/\/www.helasverige.se\/dalarna\/lokalt-inflytande\/","article_modified_time":"2022-05-18T07:29:47+00:00","og_image":[{"width":2560,"height":1920,"url":"https:\/\/www.helasverige.se\/dalarna\/wp-content\/uploads\/sites\/4\/2022\/05\/20220428_181116-scaled.jpg","type":"image\/jpeg"}],"twitter_card":"summary_large_image","schema":{"@context":"https:\/\/schema.org","@graph":[{"@type":"WebPage","@id":"https:\/\/www.helasverige.se\/dalarna\/lokalt-inflytande\/","url":"https:\/\/www.helasverige.se\/dalarna\/lokalt-inflytande\/","name":"Dalarna - Metoder f\u00f6r att utveckla lokalt inflytande -","isPartOf":{"@id":"https:\/\/www.helasverige.se\/dalarna\/#website"},"primaryImageOfPage":{"@id":"https:\/\/www.helasverige.se\/dalarna\/lokalt-inflytande\/#primaryimage"},"image":{"@id":"https:\/\/www.helasverige.se\/dalarna\/lokalt-inflytande\/#primaryimage"},"thumbnailUrl":"https:\/\/www.helasverige.se\/dalarna\/wp-content\/uploads\/sites\/4\/2022\/05\/20220428_181116-scaled.jpg","datePublished":"2021-12-02T08:47:36+00:00","dateModified":"2022-05-18T07:29:47+00:00","breadcrumb":{"@id":"https:\/\/www.helasverige.se\/dalarna\/lokalt-inflytande\/#breadcrumb"},"inLanguage":"sv-SE","potentialAction":[{"@type":"ReadAction","target":["https:\/\/www.helasverige.se\/dalarna\/lokalt-inflytande\/"]}]},{"@type":"ImageObject","inLanguage":"sv-SE","@id":"https:\/\/www.helasverige.se\/dalarna\/lokalt-inflytande\/#primaryimage","url":"https:\/\/www.helasverige.se\/dalarna\/wp-content\/uploads\/sites\/4\/2022\/05\/20220428_181116-scaled.jpg","contentUrl":"https:\/\/www.helasverige.se\/dalarna\/wp-content\/uploads\/sites\/4\/2022\/05\/20220428_181116-scaled.jpg","width":2560,"height":1920},{"@type":"BreadcrumbList","@id":"https:\/\/www.helasverige.se\/dalarna\/lokalt-inflytande\/#breadcrumb","itemListElement":[{"@type":"ListItem","position":1,"name":"Home","item":"https:\/\/www.helasverige.se\/dalarna\/"},{"@type":"ListItem","position":2,"name":"Metoder f\u00f6r att utveckla lokalt inflytande"}]},{"@type":"WebSite","@id":"https:\/\/www.helasverige.se\/dalarna\/#website","url":"https:\/\/www.helasverige.se\/dalarna\/","name":"","description":"\u00c4nnu en webbplats hos Hela Sverige ska leva","potentialAction":[{"@type":"SearchAction","target":{"@type":"EntryPoint","urlTemplate":"https:\/\/www.helasverige.se\/dalarna\/?s={search_term_string}"},"query-input":{"@type":"PropertyValueSpecification","valueRequired":true,"valueName":"search_term_string"}}],"inLanguage":"sv-SE"}]}},"_links":{"self":[{"href":"https:\/\/www.helasverige.se\/dalarna\/wp-json\/wp\/v2\/pages\/653","targetHints":{"allow":["GET"]}}],"collection":[{"href":"https:\/\/www.helasverige.se\/dalarna\/wp-json\/wp\/v2\/pages"}],"about":[{"href":"https:\/\/www.helasverige.se\/dalarna\/wp-json\/wp\/v2\/types\/page"}],"author":[{"embeddable":true,"href":"https:\/\/www.helasverige.se\/dalarna\/wp-json\/wp\/v2\/users\/25"}],"replies":[{"embeddable":true,"href":"https:\/\/www.helasverige.se\/dalarna\/wp-json\/wp\/v2\/comments?post=653"}],"version-history":[{"count":5,"href":"https:\/\/www.helasverige.se\/dalarna\/wp-json\/wp\/v2\/pages\/653\/revisions"}],"predecessor-version":[{"id":767,"href":"https:\/\/www.helasverige.se\/dalarna\/wp-json\/wp\/v2\/pages\/653\/revisions\/767"}],"wp:featuredmedia":[{"embeddable":true,"href":"https:\/\/www.helasverige.se\/dalarna\/wp-json\/wp\/v2\/media\/1053"}],"wp:attachment":[{"href":"https:\/\/www.helasverige.se\/dalarna\/wp-json\/wp\/v2\/media?parent=653"}],"curies":[{"name":"wp","href":"https:\/\/api.w.org\/{rel}","templated":true}]}}