{"id":1290,"date":"2022-12-09T11:37:17","date_gmt":"2022-12-09T10:37:17","guid":{"rendered":"https:\/\/www.helasverige.se\/fyrbodal\/?page_id=1290"},"modified":"2022-12-10T16:37:57","modified_gmt":"2022-12-10T15:37:57","slug":"konferens-10-11-november-2022","status":"publish","type":"page","link":"https:\/\/www.helasverige.se\/fyrbodal\/exempelsida-2\/vara-aktiviteter\/konferens-10-11-november-2022\/","title":{"rendered":"Konferens 10-11 november 2022"},"content":{"rendered":"<p>Under temat <strong><u>En h\u00e5llbar framtid p\u00e5 landsbygd och<\/u><\/strong><u> <strong>kust<\/strong><\/u> anordnade Hela Sverige ska leva, Fyrbodal, den 10-11 november en konferens p\u00e5 Bohusg\u00e5rden i Uddevalla f\u00f6r att diskutera dagens och framtidens f\u00f6ruts\u00e4ttningar i Fyrbodal. Ett 50-tal personer s\u00e5v\u00e4l fr\u00e5n lokala grupper som organisationer och kommuner hade accepterat inbjudan. Det bj\u00f6ds p\u00e5 ett varierat, informativt och intensivt program. Flera f\u00f6rel\u00e4sare bidrog med intressanta fakta och visade p\u00e5 vilka trender som finns i samh\u00e4llet. Det bj\u00f6ds p\u00e5 flera inspirerande f\u00f6redrag fr\u00e5n lokala grupper med exempel p\u00e5 hur de arbetar p\u00e5 sina respektive orter. Under konferensen gavs deltagarna ocks\u00e5 m\u00f6jlighet att knyta nya kontakter.<\/p>\n<p>Magnus Ek, en av de tv\u00e5 ordf\u00f6randena f\u00f6r riksorganisationen Hela Sverige ska leva, var moderator.<\/p>\n<p>F\u00f6r att l\u00e4sa mer om respektive f\u00f6redragsh\u00e5llare klicka p\u00e5 l\u00e4nken nedan.<br \/>\n<a href=\"https:\/\/www.helasverige.se\/fyrbodal\/wp-content\/uploads\/sites\/5\/2022\/12\/Thomas-Norrby.pdf\">Thomas Norrby<\/a><br \/>\n<a href=\"https:\/\/www.helasverige.se\/fyrbodal\/wp-content\/uploads\/sites\/5\/2022\/12\/Thomas-Forslin.pdf\">Thomas Forslin<\/a><br \/>\n<a href=\"https:\/\/www.helasverige.se\/fyrbodal\/wp-content\/uploads\/sites\/5\/2022\/12\/Lotten-Hjelm.pdf\">Lotten Hjelm<\/a><br \/>\n<a href=\"https:\/\/www.helasverige.se\/fyrbodal\/wp-content\/uploads\/sites\/5\/2022\/12\/Lotta-Aberg-.pdf\">Lotta \u00c5berg<\/a><br \/>\n<a href=\"https:\/\/www.helasverige.se\/fyrbodal\/wp-content\/uploads\/sites\/5\/2022\/12\/Magnus-Olsson.pdf\">Magnus Olsson<\/a><br \/>\n<a href=\"https:\/\/www.helasverige.se\/fyrbodal\/wp-content\/uploads\/sites\/5\/2022\/12\/Jan-Svensson.pdf\">Jan Svensson<\/a><br \/>\n<a href=\"https:\/\/www.helasverige.se\/fyrbodal\/wp-content\/uploads\/sites\/5\/2022\/12\/Magnus-Skanberg-och-Ellinor-Askmar.pdf\">Magnus Sk\u00e5nberg och Ellinor Askmar<\/a><\/p>\n<p>Konferensen var ett samarrangemang med <strong>Studief\u00f6rbundet Vuxenskolan<\/strong> och <strong>Coompanion Fyrbodal<\/strong><\/p>\n","protected":false},"excerpt":{"rendered":"<p>Under temat En h\u00e5llbar framtid p\u00e5 landsbygd och kust anordnade Hela Sverige ska leva, Fyrbodal, den 10-11 november en konferens p\u00e5 Bohusg\u00e5rden i Uddevalla f\u00f6r att diskutera dagens och framtidens f\u00f6ruts\u00e4ttningar i Fyrbodal. Ett 50-tal personer s\u00e5v\u00e4l fr\u00e5n lokala grupper som organisationer och kommuner hade accepterat inbjudan. Det bj\u00f6ds p\u00e5 ett varierat, informativt och intensivt [&hellip;]<\/p>\n","protected":false},"author":49,"featured_media":1304,"parent":20,"menu_order":0,"comment_status":"closed","ping_status":"closed","template":"tpl-lansavdelning-artikel.php","meta":{"_acf_changed":false,"footnotes":""},"class_list":["post-1290","page","type-page","status-publish","has-post-thumbnail","hentry"],"acf":[],"yoast_head":"<!-- This site is optimized with the Yoast SEO Premium plugin v27.3 (Yoast SEO v27.4) - https:\/\/yoast.com\/product\/yoast-seo-premium-wordpress\/ -->\n<title>Fyrbodal - Konferens 10-11 november 2022 -<\/title>\n<meta name=\"robots\" content=\"index, follow, max-snippet:-1, max-image-preview:large, max-video-preview:-1\" \/>\n<link rel=\"canonical\" href=\"https:\/\/www.helasverige.se\/fyrbodal\/exempelsida-2\/vara-aktiviteter\/konferens-10-11-november-2022\/\" \/>\n<meta property=\"og:locale\" content=\"sv_SE\" \/>\n<meta property=\"og:type\" content=\"article\" \/>\n<meta property=\"og:title\" content=\"Fyrbodal - Konferens 10-11 november 2022\" \/>\n<meta property=\"og:description\" content=\"Under temat En h\u00e5llbar framtid p\u00e5 landsbygd och kust anordnade Hela Sverige ska leva, Fyrbodal, den 10-11 november en konferens p\u00e5 Bohusg\u00e5rden i Uddevalla f\u00f6r att diskutera dagens och framtidens f\u00f6ruts\u00e4ttningar i Fyrbodal. Ett 50-tal personer s\u00e5v\u00e4l fr\u00e5n lokala grupper som organisationer och kommuner hade accepterat inbjudan. Det bj\u00f6ds p\u00e5 ett varierat, informativt och intensivt [&hellip;]\" \/>\n<meta property=\"og:url\" content=\"https:\/\/www.helasverige.se\/fyrbodal\/exempelsida-2\/vara-aktiviteter\/konferens-10-11-november-2022\/\" \/>\n<meta property=\"article:modified_time\" content=\"2022-12-10T15:37:57+00:00\" \/>\n<meta property=\"og:image\" content=\"https:\/\/www.helasverige.se\/fyrbodal\/wp-content\/uploads\/sites\/5\/2022\/12\/Uddevalla.jpg\" \/>\n\t<meta property=\"og:image:width\" content=\"2048\" \/>\n\t<meta property=\"og:image:height\" content=\"1152\" \/>\n\t<meta property=\"og:image:type\" content=\"image\/jpeg\" \/>\n<meta name=\"twitter:card\" content=\"summary_large_image\" \/>\n<meta name=\"twitter:label1\" content=\"Ber\u00e4knad l\u00e4stid\" \/>\n\t<meta name=\"twitter:data1\" content=\"1 minut\" \/>\n<script type=\"application\/ld+json\" class=\"yoast-schema-graph\">{\"@context\":\"https:\\\/\\\/schema.org\",\"@graph\":[{\"@type\":\"WebPage\",\"@id\":\"https:\\\/\\\/www.helasverige.se\\\/fyrbodal\\\/exempelsida-2\\\/vara-aktiviteter\\\/konferens-10-11-november-2022\\\/\",\"url\":\"https:\\\/\\\/www.helasverige.se\\\/fyrbodal\\\/exempelsida-2\\\/vara-aktiviteter\\\/konferens-10-11-november-2022\\\/\",\"name\":\"Fyrbodal - Konferens 10-11 november 2022 -\",\"isPartOf\":{\"@id\":\"https:\\\/\\\/www.helasverige.se\\\/fyrbodal\\\/#website\"},\"primaryImageOfPage\":{\"@id\":\"https:\\\/\\\/www.helasverige.se\\\/fyrbodal\\\/exempelsida-2\\\/vara-aktiviteter\\\/konferens-10-11-november-2022\\\/#primaryimage\"},\"image\":{\"@id\":\"https:\\\/\\\/www.helasverige.se\\\/fyrbodal\\\/exempelsida-2\\\/vara-aktiviteter\\\/konferens-10-11-november-2022\\\/#primaryimage\"},\"thumbnailUrl\":\"https:\\\/\\\/www.helasverige.se\\\/fyrbodal\\\/wp-content\\\/uploads\\\/sites\\\/5\\\/2022\\\/12\\\/Uddevalla.jpg\",\"datePublished\":\"2022-12-09T10:37:17+00:00\",\"dateModified\":\"2022-12-10T15:37:57+00:00\",\"breadcrumb\":{\"@id\":\"https:\\\/\\\/www.helasverige.se\\\/fyrbodal\\\/exempelsida-2\\\/vara-aktiviteter\\\/konferens-10-11-november-2022\\\/#breadcrumb\"},\"inLanguage\":\"sv-SE\",\"potentialAction\":[{\"@type\":\"ReadAction\",\"target\":[\"https:\\\/\\\/www.helasverige.se\\\/fyrbodal\\\/exempelsida-2\\\/vara-aktiviteter\\\/konferens-10-11-november-2022\\\/\"]}]},{\"@type\":\"ImageObject\",\"inLanguage\":\"sv-SE\",\"@id\":\"https:\\\/\\\/www.helasverige.se\\\/fyrbodal\\\/exempelsida-2\\\/vara-aktiviteter\\\/konferens-10-11-november-2022\\\/#primaryimage\",\"url\":\"https:\\\/\\\/www.helasverige.se\\\/fyrbodal\\\/wp-content\\\/uploads\\\/sites\\\/5\\\/2022\\\/12\\\/Uddevalla.jpg\",\"contentUrl\":\"https:\\\/\\\/www.helasverige.se\\\/fyrbodal\\\/wp-content\\\/uploads\\\/sites\\\/5\\\/2022\\\/12\\\/Uddevalla.jpg\",\"width\":2048,\"height\":1152},{\"@type\":\"BreadcrumbList\",\"@id\":\"https:\\\/\\\/www.helasverige.se\\\/fyrbodal\\\/exempelsida-2\\\/vara-aktiviteter\\\/konferens-10-11-november-2022\\\/#breadcrumb\",\"itemListElement\":[{\"@type\":\"ListItem\",\"position\":1,\"name\":\"Home\",\"item\":\"https:\\\/\\\/www.helasverige.se\\\/fyrbodal\\\/\"},{\"@type\":\"ListItem\",\"position\":2,\"name\":\"Startsida\",\"item\":\"https:\\\/\\\/www.helasverige.se\\\/fyrbodal\\\/\"},{\"@type\":\"ListItem\",\"position\":3,\"name\":\"V\u00e5ra aktiviteter\",\"item\":\"https:\\\/\\\/www.helasverige.se\\\/fyrbodal\\\/exempelsida-2\\\/vara-aktiviteter\\\/\"},{\"@type\":\"ListItem\",\"position\":4,\"name\":\"Konferens 10-11 november 2022\"}]},{\"@type\":\"WebSite\",\"@id\":\"https:\\\/\\\/www.helasverige.se\\\/fyrbodal\\\/#website\",\"url\":\"https:\\\/\\\/www.helasverige.se\\\/fyrbodal\\\/\",\"name\":\"\",\"description\":\"\u00c4nnu en webbplats hos Hela Sverige ska leva\",\"potentialAction\":[{\"@type\":\"SearchAction\",\"target\":{\"@type\":\"EntryPoint\",\"urlTemplate\":\"https:\\\/\\\/www.helasverige.se\\\/fyrbodal\\\/?s={search_term_string}\"},\"query-input\":{\"@type\":\"PropertyValueSpecification\",\"valueRequired\":true,\"valueName\":\"search_term_string\"}}],\"inLanguage\":\"sv-SE\"}]}<\/script>\n<!-- \/ Yoast SEO Premium plugin. -->","yoast_head_json":{"title":"Fyrbodal - Konferens 10-11 november 2022 -","robots":{"index":"index","follow":"follow","max-snippet":"max-snippet:-1","max-image-preview":"max-image-preview:large","max-video-preview":"max-video-preview:-1"},"canonical":"https:\/\/www.helasverige.se\/fyrbodal\/exempelsida-2\/vara-aktiviteter\/konferens-10-11-november-2022\/","og_locale":"sv_SE","og_type":"article","og_title":"Fyrbodal - Konferens 10-11 november 2022","og_description":"Under temat En h\u00e5llbar framtid p\u00e5 landsbygd och kust anordnade Hela Sverige ska leva, Fyrbodal, den 10-11 november en konferens p\u00e5 Bohusg\u00e5rden i Uddevalla f\u00f6r att diskutera dagens och framtidens f\u00f6ruts\u00e4ttningar i Fyrbodal. Ett 50-tal personer s\u00e5v\u00e4l fr\u00e5n lokala grupper som organisationer och kommuner hade accepterat inbjudan. Det bj\u00f6ds p\u00e5 ett varierat, informativt och intensivt [&hellip;]","og_url":"https:\/\/www.helasverige.se\/fyrbodal\/exempelsida-2\/vara-aktiviteter\/konferens-10-11-november-2022\/","article_modified_time":"2022-12-10T15:37:57+00:00","og_image":[{"width":2048,"height":1152,"url":"https:\/\/www.helasverige.se\/fyrbodal\/wp-content\/uploads\/sites\/5\/2022\/12\/Uddevalla.jpg","type":"image\/jpeg"}],"twitter_card":"summary_large_image","twitter_misc":{"Ber\u00e4knad l\u00e4stid":"1 minut"},"schema":{"@context":"https:\/\/schema.org","@graph":[{"@type":"WebPage","@id":"https:\/\/www.helasverige.se\/fyrbodal\/exempelsida-2\/vara-aktiviteter\/konferens-10-11-november-2022\/","url":"https:\/\/www.helasverige.se\/fyrbodal\/exempelsida-2\/vara-aktiviteter\/konferens-10-11-november-2022\/","name":"Fyrbodal - Konferens 10-11 november 2022 -","isPartOf":{"@id":"https:\/\/www.helasverige.se\/fyrbodal\/#website"},"primaryImageOfPage":{"@id":"https:\/\/www.helasverige.se\/fyrbodal\/exempelsida-2\/vara-aktiviteter\/konferens-10-11-november-2022\/#primaryimage"},"image":{"@id":"https:\/\/www.helasverige.se\/fyrbodal\/exempelsida-2\/vara-aktiviteter\/konferens-10-11-november-2022\/#primaryimage"},"thumbnailUrl":"https:\/\/www.helasverige.se\/fyrbodal\/wp-content\/uploads\/sites\/5\/2022\/12\/Uddevalla.jpg","datePublished":"2022-12-09T10:37:17+00:00","dateModified":"2022-12-10T15:37:57+00:00","breadcrumb":{"@id":"https:\/\/www.helasverige.se\/fyrbodal\/exempelsida-2\/vara-aktiviteter\/konferens-10-11-november-2022\/#breadcrumb"},"inLanguage":"sv-SE","potentialAction":[{"@type":"ReadAction","target":["https:\/\/www.helasverige.se\/fyrbodal\/exempelsida-2\/vara-aktiviteter\/konferens-10-11-november-2022\/"]}]},{"@type":"ImageObject","inLanguage":"sv-SE","@id":"https:\/\/www.helasverige.se\/fyrbodal\/exempelsida-2\/vara-aktiviteter\/konferens-10-11-november-2022\/#primaryimage","url":"https:\/\/www.helasverige.se\/fyrbodal\/wp-content\/uploads\/sites\/5\/2022\/12\/Uddevalla.jpg","contentUrl":"https:\/\/www.helasverige.se\/fyrbodal\/wp-content\/uploads\/sites\/5\/2022\/12\/Uddevalla.jpg","width":2048,"height":1152},{"@type":"BreadcrumbList","@id":"https:\/\/www.helasverige.se\/fyrbodal\/exempelsida-2\/vara-aktiviteter\/konferens-10-11-november-2022\/#breadcrumb","itemListElement":[{"@type":"ListItem","position":1,"name":"Home","item":"https:\/\/www.helasverige.se\/fyrbodal\/"},{"@type":"ListItem","position":2,"name":"Startsida","item":"https:\/\/www.helasverige.se\/fyrbodal\/"},{"@type":"ListItem","position":3,"name":"V\u00e5ra aktiviteter","item":"https:\/\/www.helasverige.se\/fyrbodal\/exempelsida-2\/vara-aktiviteter\/"},{"@type":"ListItem","position":4,"name":"Konferens 10-11 november 2022"}]},{"@type":"WebSite","@id":"https:\/\/www.helasverige.se\/fyrbodal\/#website","url":"https:\/\/www.helasverige.se\/fyrbodal\/","name":"","description":"\u00c4nnu en webbplats hos Hela Sverige ska leva","potentialAction":[{"@type":"SearchAction","target":{"@type":"EntryPoint","urlTemplate":"https:\/\/www.helasverige.se\/fyrbodal\/?s={search_term_string}"},"query-input":{"@type":"PropertyValueSpecification","valueRequired":true,"valueName":"search_term_string"}}],"inLanguage":"sv-SE"}]}},"_links":{"self":[{"href":"https:\/\/www.helasverige.se\/fyrbodal\/wp-json\/wp\/v2\/pages\/1290","targetHints":{"allow":["GET"]}}],"collection":[{"href":"https:\/\/www.helasverige.se\/fyrbodal\/wp-json\/wp\/v2\/pages"}],"about":[{"href":"https:\/\/www.helasverige.se\/fyrbodal\/wp-json\/wp\/v2\/types\/page"}],"author":[{"embeddable":true,"href":"https:\/\/www.helasverige.se\/fyrbodal\/wp-json\/wp\/v2\/users\/49"}],"replies":[{"embeddable":true,"href":"https:\/\/www.helasverige.se\/fyrbodal\/wp-json\/wp\/v2\/comments?post=1290"}],"version-history":[{"count":9,"href":"https:\/\/www.helasverige.se\/fyrbodal\/wp-json\/wp\/v2\/pages\/1290\/revisions"}],"predecessor-version":[{"id":1330,"href":"https:\/\/www.helasverige.se\/fyrbodal\/wp-json\/wp\/v2\/pages\/1290\/revisions\/1330"}],"up":[{"embeddable":true,"href":"https:\/\/www.helasverige.se\/fyrbodal\/wp-json\/wp\/v2\/pages\/20"}],"wp:featuredmedia":[{"embeddable":true,"href":"https:\/\/www.helasverige.se\/fyrbodal\/wp-json\/wp\/v2\/media\/1304"}],"wp:attachment":[{"href":"https:\/\/www.helasverige.se\/fyrbodal\/wp-json\/wp\/v2\/media?parent=1290"}],"curies":[{"name":"wp","href":"https:\/\/api.w.org\/{rel}","templated":true}]}}