{"id":1603,"date":"2023-08-01T16:22:12","date_gmt":"2023-08-01T14:22:12","guid":{"rendered":"https:\/\/www.helasverige.se\/fyrbodal\/?page_id=1603"},"modified":"2025-08-31T12:20:23","modified_gmt":"2025-08-31T10:20:23","slug":"aktiviteter-2023","status":"publish","type":"page","link":"https:\/\/www.helasverige.se\/fyrbodal\/exempelsida-2\/vara-aktiviteter\/tidigare-aktiviteter\/aktiviteter-2023\/","title":{"rendered":"Aktiviteter 2023"},"content":{"rendered":"<h2><strong>AKTIVITETER \u00a02023<\/strong><strong><br \/>\nPlanerade och genomf\u00f6rda <\/strong><\/h2>\n<p><strong>Biokoldemonstrationer<br \/>\n<\/strong>Vi visar hur man kan g\u00f6ra biokol av eget tr\u00e4dg\u00e5rdsavfall.<\/p>\n<p><strong>&#8211;<\/strong>\u00a0<strong> Webbinarium om biokol<\/strong>, 13 februari<\/p>\n<p>&#8211; <strong>GLUPSK<\/strong>, matmarknad p\u00e5 Not Quite, Fengersfors 26-27 augusti<br \/>\n<a href=\"https:\/\/glupskpadalsland.se\/\">https:\/\/glupskpadalsland.se\/<\/a><\/p>\n<p>&#8211; <strong>Sjuntorpsdagen<\/strong> 9 september<\/p>\n<p>&#8211; <strong>Nuntorpsdagarna 7-8 oktober<\/strong><br \/>\n<a href=\"https:\/\/gronaklustret.se\/evenemang\/\">https:\/\/gronaklustret.se\/evenemang\/<\/a><\/p>\n<p><strong>&#8211; Landsbygdsveckan <\/strong>Webbinarium om <strong>Energigemenskaper<\/strong> den 4 maj<\/p>\n<p>&#8211;\u00a0<strong>Det Spirar i myllan 13-14 maj<br \/>\n<\/strong>En Inspirationsfestivalen f\u00f6r utflyttare, nybyggare och gr\u00f6na v\u00e5gare 2.0 som arrangerades<br \/>\np\u00e5 Dalslands Folkh\u00f6gskola i F\u00e4rgelanda via projektet Bogemenskap Dalsland<\/p>\n<p>&#8211; <strong>Sunnamo marknad<\/strong>, Mellerud, 5 augusti<br \/>\n<a href=\"https:\/\/www.vastsverige.com\/mellerud\/evenemang2\/sunnamo-marknad\/\">https:\/\/www.vastsverige.com\/mellerud\/evenemang2\/sunnamo-marknad\/<\/a><\/p>\n<p>&#8211; <strong>Harvens dag<\/strong>, F\u00e4rgelanda, 2 september<br \/>\n<a href=\"https:\/\/www.vastsverige.com\/fargelanda\/evenemang\/\">https:\/\/www.vastsverige.com\/fargelanda\/evenemang\/<\/a><\/p>\n<p>&#8211; <strong>8-10\/9\u00a0 Nationell omst\u00e4llningskonferens<\/strong>\u00a0\u2013\u00a0Dals-Rostock<\/p>\n<h2><strong>Ungdomsaktiviteter<br \/>\n<\/strong><strong>EPA-Dunk<\/strong><\/h2>\n<p>Nu forts\u00e4tter vi med EPA -Dunk under h\u00f6sten 2023<br \/>\n<strong>F\u00e4rgelanda\u00a0<\/strong> 20\/10, 11\/11, 15\/12 kl 17.00-20.00<\/p>\n<p>Om du har f\u00f6rslag p\u00e5 aktiviteter som du vill vi ska g\u00f6ra s\u00e5 skicka ett mejl till <strong>fyrbodal@helasverige.se<\/strong><br \/>\neller sl\u00e5 en signal till v\u00e5r ordf\u00f6rande<strong> Camilla Johansson<\/strong> p\u00e5 <strong>mobil 070-2602069<br \/>\n<\/strong><\/p>\n","protected":false},"excerpt":{"rendered":"<p>AKTIVITETER \u00a02023 Planerade och genomf\u00f6rda Biokoldemonstrationer Vi visar hur man kan g\u00f6ra biokol av eget tr\u00e4dg\u00e5rdsavfall. &#8211;\u00a0 Webbinarium om biokol, 13 februari &#8211; GLUPSK, matmarknad p\u00e5 Not Quite, Fengersfors 26-27 augusti https:\/\/glupskpadalsland.se\/ &#8211; Sjuntorpsdagen 9 september &#8211; Nuntorpsdagarna 7-8 oktober https:\/\/gronaklustret.se\/evenemang\/ &#8211; Landsbygdsveckan Webbinarium om Energigemenskaper den 4 maj &#8211;\u00a0Det Spirar i myllan 13-14 maj [&hellip;]<\/p>\n","protected":false},"author":49,"featured_media":1656,"parent":2340,"menu_order":2,"comment_status":"closed","ping_status":"closed","template":"tpl-lansavdelning-artikel.php","meta":{"_acf_changed":false,"footnotes":""},"class_list":["post-1603","page","type-page","status-publish","has-post-thumbnail","hentry"],"acf":[],"yoast_head":"<!-- This site is optimized with the Yoast SEO Premium plugin v27.4 (Yoast SEO v27.4) - https:\/\/yoast.com\/product\/yoast-seo-premium-wordpress\/ -->\n<title>Fyrbodal - Aktiviteter 2023 -<\/title>\n<meta name=\"robots\" content=\"index, follow, max-snippet:-1, max-image-preview:large, max-video-preview:-1\" \/>\n<link rel=\"canonical\" href=\"https:\/\/www.helasverige.se\/fyrbodal\/exempelsida-2\/vara-aktiviteter\/tidigare-aktiviteter\/aktiviteter-2023\/\" \/>\n<meta property=\"og:locale\" content=\"sv_SE\" \/>\n<meta property=\"og:type\" content=\"article\" \/>\n<meta property=\"og:title\" content=\"Fyrbodal - Aktiviteter 2023\" \/>\n<meta property=\"og:description\" content=\"AKTIVITETER \u00a02023 Planerade och genomf\u00f6rda Biokoldemonstrationer Vi visar hur man kan g\u00f6ra biokol av eget tr\u00e4dg\u00e5rdsavfall. &#8211;\u00a0 Webbinarium om biokol, 13 februari &#8211; GLUPSK, matmarknad p\u00e5 Not Quite, Fengersfors 26-27 augusti https:\/\/glupskpadalsland.se\/ &#8211; Sjuntorpsdagen 9 september &#8211; Nuntorpsdagarna 7-8 oktober https:\/\/gronaklustret.se\/evenemang\/ &#8211; Landsbygdsveckan Webbinarium om Energigemenskaper den 4 maj &#8211;\u00a0Det Spirar i myllan 13-14 maj [&hellip;]\" \/>\n<meta property=\"og:url\" content=\"https:\/\/www.helasverige.se\/fyrbodal\/exempelsida-2\/vara-aktiviteter\/tidigare-aktiviteter\/aktiviteter-2023\/\" \/>\n<meta property=\"article:modified_time\" content=\"2025-08-31T10:20:23+00:00\" \/>\n<meta property=\"og:image\" content=\"https:\/\/www.helasverige.se\/fyrbodal\/wp-content\/uploads\/sites\/5\/2023\/10\/epa-dunk-1.jpg\" \/>\n\t<meta property=\"og:image:width\" content=\"1414\" \/>\n\t<meta property=\"og:image:height\" content=\"2000\" \/>\n\t<meta property=\"og:image:type\" content=\"image\/jpeg\" \/>\n<meta name=\"twitter:card\" content=\"summary_large_image\" \/>\n<meta name=\"twitter:label1\" content=\"Ber\u00e4knad l\u00e4stid\" \/>\n\t<meta name=\"twitter:data1\" content=\"1 minut\" \/>\n<script type=\"application\/ld+json\" class=\"yoast-schema-graph\">{\"@context\":\"https:\\\/\\\/schema.org\",\"@graph\":[{\"@type\":\"WebPage\",\"@id\":\"https:\\\/\\\/www.helasverige.se\\\/fyrbodal\\\/exempelsida-2\\\/vara-aktiviteter\\\/tidigare-aktiviteter\\\/aktiviteter-2023\\\/\",\"url\":\"https:\\\/\\\/www.helasverige.se\\\/fyrbodal\\\/exempelsida-2\\\/vara-aktiviteter\\\/tidigare-aktiviteter\\\/aktiviteter-2023\\\/\",\"name\":\"Fyrbodal - Aktiviteter 2023 -\",\"isPartOf\":{\"@id\":\"https:\\\/\\\/www.helasverige.se\\\/fyrbodal\\\/#website\"},\"primaryImageOfPage\":{\"@id\":\"https:\\\/\\\/www.helasverige.se\\\/fyrbodal\\\/exempelsida-2\\\/vara-aktiviteter\\\/tidigare-aktiviteter\\\/aktiviteter-2023\\\/#primaryimage\"},\"image\":{\"@id\":\"https:\\\/\\\/www.helasverige.se\\\/fyrbodal\\\/exempelsida-2\\\/vara-aktiviteter\\\/tidigare-aktiviteter\\\/aktiviteter-2023\\\/#primaryimage\"},\"thumbnailUrl\":\"https:\\\/\\\/www.helasverige.se\\\/fyrbodal\\\/wp-content\\\/uploads\\\/sites\\\/5\\\/2023\\\/10\\\/epa-dunk-1.jpg\",\"datePublished\":\"2023-08-01T14:22:12+00:00\",\"dateModified\":\"2025-08-31T10:20:23+00:00\",\"breadcrumb\":{\"@id\":\"https:\\\/\\\/www.helasverige.se\\\/fyrbodal\\\/exempelsida-2\\\/vara-aktiviteter\\\/tidigare-aktiviteter\\\/aktiviteter-2023\\\/#breadcrumb\"},\"inLanguage\":\"sv-SE\",\"potentialAction\":[{\"@type\":\"ReadAction\",\"target\":[\"https:\\\/\\\/www.helasverige.se\\\/fyrbodal\\\/exempelsida-2\\\/vara-aktiviteter\\\/tidigare-aktiviteter\\\/aktiviteter-2023\\\/\"]}]},{\"@type\":\"ImageObject\",\"inLanguage\":\"sv-SE\",\"@id\":\"https:\\\/\\\/www.helasverige.se\\\/fyrbodal\\\/exempelsida-2\\\/vara-aktiviteter\\\/tidigare-aktiviteter\\\/aktiviteter-2023\\\/#primaryimage\",\"url\":\"https:\\\/\\\/www.helasverige.se\\\/fyrbodal\\\/wp-content\\\/uploads\\\/sites\\\/5\\\/2023\\\/10\\\/epa-dunk-1.jpg\",\"contentUrl\":\"https:\\\/\\\/www.helasverige.se\\\/fyrbodal\\\/wp-content\\\/uploads\\\/sites\\\/5\\\/2023\\\/10\\\/epa-dunk-1.jpg\",\"width\":1414,\"height\":2000},{\"@type\":\"BreadcrumbList\",\"@id\":\"https:\\\/\\\/www.helasverige.se\\\/fyrbodal\\\/exempelsida-2\\\/vara-aktiviteter\\\/tidigare-aktiviteter\\\/aktiviteter-2023\\\/#breadcrumb\",\"itemListElement\":[{\"@type\":\"ListItem\",\"position\":1,\"name\":\"Home\",\"item\":\"https:\\\/\\\/www.helasverige.se\\\/fyrbodal\\\/\"},{\"@type\":\"ListItem\",\"position\":2,\"name\":\"Startsida\",\"item\":\"https:\\\/\\\/www.helasverige.se\\\/fyrbodal\\\/\"},{\"@type\":\"ListItem\",\"position\":3,\"name\":\"V\u00e5ra aktiviteter\",\"item\":\"https:\\\/\\\/www.helasverige.se\\\/fyrbodal\\\/exempelsida-2\\\/vara-aktiviteter\\\/\"},{\"@type\":\"ListItem\",\"position\":4,\"name\":\"Tidigare aktiviteter\",\"item\":\"https:\\\/\\\/www.helasverige.se\\\/fyrbodal\\\/exempelsida-2\\\/vara-aktiviteter\\\/tidigare-aktiviteter\\\/\"},{\"@type\":\"ListItem\",\"position\":5,\"name\":\"Aktiviteter 2023\"}]},{\"@type\":\"WebSite\",\"@id\":\"https:\\\/\\\/www.helasverige.se\\\/fyrbodal\\\/#website\",\"url\":\"https:\\\/\\\/www.helasverige.se\\\/fyrbodal\\\/\",\"name\":\"\",\"description\":\"\u00c4nnu en webbplats hos Hela Sverige ska leva\",\"potentialAction\":[{\"@type\":\"SearchAction\",\"target\":{\"@type\":\"EntryPoint\",\"urlTemplate\":\"https:\\\/\\\/www.helasverige.se\\\/fyrbodal\\\/?s={search_term_string}\"},\"query-input\":{\"@type\":\"PropertyValueSpecification\",\"valueRequired\":true,\"valueName\":\"search_term_string\"}}],\"inLanguage\":\"sv-SE\"}]}<\/script>\n<!-- \/ Yoast SEO Premium plugin. -->","yoast_head_json":{"title":"Fyrbodal - Aktiviteter 2023 -","robots":{"index":"index","follow":"follow","max-snippet":"max-snippet:-1","max-image-preview":"max-image-preview:large","max-video-preview":"max-video-preview:-1"},"canonical":"https:\/\/www.helasverige.se\/fyrbodal\/exempelsida-2\/vara-aktiviteter\/tidigare-aktiviteter\/aktiviteter-2023\/","og_locale":"sv_SE","og_type":"article","og_title":"Fyrbodal - Aktiviteter 2023","og_description":"AKTIVITETER \u00a02023 Planerade och genomf\u00f6rda Biokoldemonstrationer Vi visar hur man kan g\u00f6ra biokol av eget tr\u00e4dg\u00e5rdsavfall. &#8211;\u00a0 Webbinarium om biokol, 13 februari &#8211; GLUPSK, matmarknad p\u00e5 Not Quite, Fengersfors 26-27 augusti https:\/\/glupskpadalsland.se\/ &#8211; Sjuntorpsdagen 9 september &#8211; Nuntorpsdagarna 7-8 oktober https:\/\/gronaklustret.se\/evenemang\/ &#8211; Landsbygdsveckan Webbinarium om Energigemenskaper den 4 maj &#8211;\u00a0Det Spirar i myllan 13-14 maj [&hellip;]","og_url":"https:\/\/www.helasverige.se\/fyrbodal\/exempelsida-2\/vara-aktiviteter\/tidigare-aktiviteter\/aktiviteter-2023\/","article_modified_time":"2025-08-31T10:20:23+00:00","og_image":[{"width":1414,"height":2000,"url":"https:\/\/www.helasverige.se\/fyrbodal\/wp-content\/uploads\/sites\/5\/2023\/10\/epa-dunk-1.jpg","type":"image\/jpeg"}],"twitter_card":"summary_large_image","twitter_misc":{"Ber\u00e4knad l\u00e4stid":"1 minut"},"schema":{"@context":"https:\/\/schema.org","@graph":[{"@type":"WebPage","@id":"https:\/\/www.helasverige.se\/fyrbodal\/exempelsida-2\/vara-aktiviteter\/tidigare-aktiviteter\/aktiviteter-2023\/","url":"https:\/\/www.helasverige.se\/fyrbodal\/exempelsida-2\/vara-aktiviteter\/tidigare-aktiviteter\/aktiviteter-2023\/","name":"Fyrbodal - Aktiviteter 2023 -","isPartOf":{"@id":"https:\/\/www.helasverige.se\/fyrbodal\/#website"},"primaryImageOfPage":{"@id":"https:\/\/www.helasverige.se\/fyrbodal\/exempelsida-2\/vara-aktiviteter\/tidigare-aktiviteter\/aktiviteter-2023\/#primaryimage"},"image":{"@id":"https:\/\/www.helasverige.se\/fyrbodal\/exempelsida-2\/vara-aktiviteter\/tidigare-aktiviteter\/aktiviteter-2023\/#primaryimage"},"thumbnailUrl":"https:\/\/www.helasverige.se\/fyrbodal\/wp-content\/uploads\/sites\/5\/2023\/10\/epa-dunk-1.jpg","datePublished":"2023-08-01T14:22:12+00:00","dateModified":"2025-08-31T10:20:23+00:00","breadcrumb":{"@id":"https:\/\/www.helasverige.se\/fyrbodal\/exempelsida-2\/vara-aktiviteter\/tidigare-aktiviteter\/aktiviteter-2023\/#breadcrumb"},"inLanguage":"sv-SE","potentialAction":[{"@type":"ReadAction","target":["https:\/\/www.helasverige.se\/fyrbodal\/exempelsida-2\/vara-aktiviteter\/tidigare-aktiviteter\/aktiviteter-2023\/"]}]},{"@type":"ImageObject","inLanguage":"sv-SE","@id":"https:\/\/www.helasverige.se\/fyrbodal\/exempelsida-2\/vara-aktiviteter\/tidigare-aktiviteter\/aktiviteter-2023\/#primaryimage","url":"https:\/\/www.helasverige.se\/fyrbodal\/wp-content\/uploads\/sites\/5\/2023\/10\/epa-dunk-1.jpg","contentUrl":"https:\/\/www.helasverige.se\/fyrbodal\/wp-content\/uploads\/sites\/5\/2023\/10\/epa-dunk-1.jpg","width":1414,"height":2000},{"@type":"BreadcrumbList","@id":"https:\/\/www.helasverige.se\/fyrbodal\/exempelsida-2\/vara-aktiviteter\/tidigare-aktiviteter\/aktiviteter-2023\/#breadcrumb","itemListElement":[{"@type":"ListItem","position":1,"name":"Home","item":"https:\/\/www.helasverige.se\/fyrbodal\/"},{"@type":"ListItem","position":2,"name":"Startsida","item":"https:\/\/www.helasverige.se\/fyrbodal\/"},{"@type":"ListItem","position":3,"name":"V\u00e5ra aktiviteter","item":"https:\/\/www.helasverige.se\/fyrbodal\/exempelsida-2\/vara-aktiviteter\/"},{"@type":"ListItem","position":4,"name":"Tidigare aktiviteter","item":"https:\/\/www.helasverige.se\/fyrbodal\/exempelsida-2\/vara-aktiviteter\/tidigare-aktiviteter\/"},{"@type":"ListItem","position":5,"name":"Aktiviteter 2023"}]},{"@type":"WebSite","@id":"https:\/\/www.helasverige.se\/fyrbodal\/#website","url":"https:\/\/www.helasverige.se\/fyrbodal\/","name":"","description":"\u00c4nnu en webbplats hos Hela Sverige ska leva","potentialAction":[{"@type":"SearchAction","target":{"@type":"EntryPoint","urlTemplate":"https:\/\/www.helasverige.se\/fyrbodal\/?s={search_term_string}"},"query-input":{"@type":"PropertyValueSpecification","valueRequired":true,"valueName":"search_term_string"}}],"inLanguage":"sv-SE"}]}},"_links":{"self":[{"href":"https:\/\/www.helasverige.se\/fyrbodal\/wp-json\/wp\/v2\/pages\/1603","targetHints":{"allow":["GET"]}}],"collection":[{"href":"https:\/\/www.helasverige.se\/fyrbodal\/wp-json\/wp\/v2\/pages"}],"about":[{"href":"https:\/\/www.helasverige.se\/fyrbodal\/wp-json\/wp\/v2\/types\/page"}],"author":[{"embeddable":true,"href":"https:\/\/www.helasverige.se\/fyrbodal\/wp-json\/wp\/v2\/users\/49"}],"replies":[{"embeddable":true,"href":"https:\/\/www.helasverige.se\/fyrbodal\/wp-json\/wp\/v2\/comments?post=1603"}],"version-history":[{"count":11,"href":"https:\/\/www.helasverige.se\/fyrbodal\/wp-json\/wp\/v2\/pages\/1603\/revisions"}],"predecessor-version":[{"id":2358,"href":"https:\/\/www.helasverige.se\/fyrbodal\/wp-json\/wp\/v2\/pages\/1603\/revisions\/2358"}],"up":[{"embeddable":true,"href":"https:\/\/www.helasverige.se\/fyrbodal\/wp-json\/wp\/v2\/pages\/2340"}],"wp:featuredmedia":[{"embeddable":true,"href":"https:\/\/www.helasverige.se\/fyrbodal\/wp-json\/wp\/v2\/media\/1656"}],"wp:attachment":[{"href":"https:\/\/www.helasverige.se\/fyrbodal\/wp-json\/wp\/v2\/media?parent=1603"}],"curies":[{"name":"wp","href":"https:\/\/api.w.org\/{rel}","templated":true}]}}