{"id":22,"date":"2021-10-29T11:21:41","date_gmt":"2021-10-29T09:21:41","guid":{"rendered":"https:\/\/www.helasverige.se\/fyrbodal\/?page_id=22"},"modified":"2025-09-19T07:52:22","modified_gmt":"2025-09-19T05:52:22","slug":"vara-utmarkelser","status":"publish","type":"page","link":"https:\/\/www.helasverige.se\/fyrbodal\/vara-utmarkelser\/","title":{"rendered":"V\u00e5ra utm\u00e4rkelser"},"content":{"rendered":"<h1>V\u00e5ra utm\u00e4rkelser.<\/h1>\n<h2><strong>\u00c5RETS LOKALA GRUPP<\/strong><\/h2>\n<p>L\u00e4nsavdelningen Fyrbodal uppm\u00e4rksammar v\u00e5ra lokala grupper genom att \u00e5rligen dela ut ett pris p\u00e5 10 000 kr. Priset g\u00e5r till den grupp som p\u00e5 ett engagerat och framg\u00e5ngsrikt s\u00e4tt arbetar f\u00f6r sin bygd. \u00c5rets utsedda grupp nomineras sedan vidare till riksorganisationens utm\u00e4rkelse &#8221;\u00c5rets lokala grupp&#8221;.<\/p>\n","protected":false},"excerpt":{"rendered":"<p>V\u00e5ra utm\u00e4rkelser. \u00c5RETS LOKALA GRUPP L\u00e4nsavdelningen Fyrbodal uppm\u00e4rksammar v\u00e5ra lokala grupper genom att \u00e5rligen dela ut ett pris p\u00e5 10 000 kr. Priset g\u00e5r till den grupp som p\u00e5 ett engagerat och framg\u00e5ngsrikt s\u00e4tt arbetar f\u00f6r sin bygd. \u00c5rets utsedda grupp nomineras sedan vidare till riksorganisationens utm\u00e4rkelse &#8221;\u00c5rets lokala grupp&#8221;.<\/p>\n","protected":false},"author":1,"featured_media":2215,"parent":0,"menu_order":0,"comment_status":"closed","ping_status":"closed","template":"tpl-lansavdelning.php","meta":{"_acf_changed":false,"footnotes":""},"class_list":["post-22","page","type-page","status-publish","has-post-thumbnail","hentry"],"acf":[],"yoast_head":"<!-- This site is optimized with the Yoast SEO Premium plugin v27.3 (Yoast SEO v27.4) - https:\/\/yoast.com\/product\/yoast-seo-premium-wordpress\/ -->\n<title>Fyrbodal - V\u00e5ra utm\u00e4rkelser -<\/title>\n<meta name=\"robots\" content=\"index, follow, max-snippet:-1, max-image-preview:large, max-video-preview:-1\" \/>\n<link rel=\"canonical\" href=\"https:\/\/www.helasverige.se\/fyrbodal\/vara-utmarkelser\/\" \/>\n<meta property=\"og:locale\" content=\"sv_SE\" \/>\n<meta property=\"og:type\" content=\"article\" \/>\n<meta property=\"og:title\" content=\"Fyrbodal - V\u00e5ra utm\u00e4rkelser\" \/>\n<meta property=\"og:description\" content=\"V\u00e5ra utm\u00e4rkelser. \u00c5RETS LOKALA GRUPP L\u00e4nsavdelningen Fyrbodal uppm\u00e4rksammar v\u00e5ra lokala grupper genom att \u00e5rligen dela ut ett pris p\u00e5 10 000 kr. Priset g\u00e5r till den grupp som p\u00e5 ett engagerat och framg\u00e5ngsrikt s\u00e4tt arbetar f\u00f6r sin bygd. \u00c5rets utsedda grupp nomineras sedan vidare till riksorganisationens utm\u00e4rkelse &#8221;\u00c5rets lokala grupp&#8221;.\" \/>\n<meta property=\"og:url\" content=\"https:\/\/www.helasverige.se\/fyrbodal\/vara-utmarkelser\/\" \/>\n<meta property=\"article:modified_time\" content=\"2025-09-19T05:52:22+00:00\" \/>\n<meta property=\"og:image\" content=\"https:\/\/www.helasverige.se\/fyrbodal\/wp-content\/uploads\/sites\/5\/2025\/03\/HSSL_Aretsgrupp-2025.png\" \/>\n\t<meta property=\"og:image:width\" content=\"296\" \/>\n\t<meta property=\"og:image:height\" content=\"336\" \/>\n\t<meta property=\"og:image:type\" content=\"image\/png\" \/>\n<meta name=\"twitter:card\" content=\"summary_large_image\" \/>\n<meta name=\"twitter:label1\" content=\"Ber\u00e4knad l\u00e4stid\" \/>\n\t<meta name=\"twitter:data1\" content=\"1 minut\" \/>\n<script type=\"application\/ld+json\" class=\"yoast-schema-graph\">{\"@context\":\"https:\\\/\\\/schema.org\",\"@graph\":[{\"@type\":\"WebPage\",\"@id\":\"https:\\\/\\\/www.helasverige.se\\\/fyrbodal\\\/vara-utmarkelser\\\/\",\"url\":\"https:\\\/\\\/www.helasverige.se\\\/fyrbodal\\\/vara-utmarkelser\\\/\",\"name\":\"Fyrbodal - V\u00e5ra utm\u00e4rkelser -\",\"isPartOf\":{\"@id\":\"https:\\\/\\\/www.helasverige.se\\\/fyrbodal\\\/#website\"},\"primaryImageOfPage\":{\"@id\":\"https:\\\/\\\/www.helasverige.se\\\/fyrbodal\\\/vara-utmarkelser\\\/#primaryimage\"},\"image\":{\"@id\":\"https:\\\/\\\/www.helasverige.se\\\/fyrbodal\\\/vara-utmarkelser\\\/#primaryimage\"},\"thumbnailUrl\":\"https:\\\/\\\/www.helasverige.se\\\/fyrbodal\\\/wp-content\\\/uploads\\\/sites\\\/5\\\/2025\\\/03\\\/HSSL_Aretsgrupp-2025.png\",\"datePublished\":\"2021-10-29T09:21:41+00:00\",\"dateModified\":\"2025-09-19T05:52:22+00:00\",\"breadcrumb\":{\"@id\":\"https:\\\/\\\/www.helasverige.se\\\/fyrbodal\\\/vara-utmarkelser\\\/#breadcrumb\"},\"inLanguage\":\"sv-SE\",\"potentialAction\":[{\"@type\":\"ReadAction\",\"target\":[\"https:\\\/\\\/www.helasverige.se\\\/fyrbodal\\\/vara-utmarkelser\\\/\"]}]},{\"@type\":\"ImageObject\",\"inLanguage\":\"sv-SE\",\"@id\":\"https:\\\/\\\/www.helasverige.se\\\/fyrbodal\\\/vara-utmarkelser\\\/#primaryimage\",\"url\":\"https:\\\/\\\/www.helasverige.se\\\/fyrbodal\\\/wp-content\\\/uploads\\\/sites\\\/5\\\/2025\\\/03\\\/HSSL_Aretsgrupp-2025.png\",\"contentUrl\":\"https:\\\/\\\/www.helasverige.se\\\/fyrbodal\\\/wp-content\\\/uploads\\\/sites\\\/5\\\/2025\\\/03\\\/HSSL_Aretsgrupp-2025.png\",\"width\":296,\"height\":336},{\"@type\":\"BreadcrumbList\",\"@id\":\"https:\\\/\\\/www.helasverige.se\\\/fyrbodal\\\/vara-utmarkelser\\\/#breadcrumb\",\"itemListElement\":[{\"@type\":\"ListItem\",\"position\":1,\"name\":\"Home\",\"item\":\"https:\\\/\\\/www.helasverige.se\\\/fyrbodal\\\/\"},{\"@type\":\"ListItem\",\"position\":2,\"name\":\"V\u00e5ra utm\u00e4rkelser\"}]},{\"@type\":\"WebSite\",\"@id\":\"https:\\\/\\\/www.helasverige.se\\\/fyrbodal\\\/#website\",\"url\":\"https:\\\/\\\/www.helasverige.se\\\/fyrbodal\\\/\",\"name\":\"\",\"description\":\"\u00c4nnu en webbplats hos Hela Sverige ska leva\",\"potentialAction\":[{\"@type\":\"SearchAction\",\"target\":{\"@type\":\"EntryPoint\",\"urlTemplate\":\"https:\\\/\\\/www.helasverige.se\\\/fyrbodal\\\/?s={search_term_string}\"},\"query-input\":{\"@type\":\"PropertyValueSpecification\",\"valueRequired\":true,\"valueName\":\"search_term_string\"}}],\"inLanguage\":\"sv-SE\"}]}<\/script>\n<!-- \/ Yoast SEO Premium plugin. -->","yoast_head_json":{"title":"Fyrbodal - V\u00e5ra utm\u00e4rkelser -","robots":{"index":"index","follow":"follow","max-snippet":"max-snippet:-1","max-image-preview":"max-image-preview:large","max-video-preview":"max-video-preview:-1"},"canonical":"https:\/\/www.helasverige.se\/fyrbodal\/vara-utmarkelser\/","og_locale":"sv_SE","og_type":"article","og_title":"Fyrbodal - V\u00e5ra utm\u00e4rkelser","og_description":"V\u00e5ra utm\u00e4rkelser. \u00c5RETS LOKALA GRUPP L\u00e4nsavdelningen Fyrbodal uppm\u00e4rksammar v\u00e5ra lokala grupper genom att \u00e5rligen dela ut ett pris p\u00e5 10 000 kr. Priset g\u00e5r till den grupp som p\u00e5 ett engagerat och framg\u00e5ngsrikt s\u00e4tt arbetar f\u00f6r sin bygd. \u00c5rets utsedda grupp nomineras sedan vidare till riksorganisationens utm\u00e4rkelse &#8221;\u00c5rets lokala grupp&#8221;.","og_url":"https:\/\/www.helasverige.se\/fyrbodal\/vara-utmarkelser\/","article_modified_time":"2025-09-19T05:52:22+00:00","og_image":[{"width":296,"height":336,"url":"https:\/\/www.helasverige.se\/fyrbodal\/wp-content\/uploads\/sites\/5\/2025\/03\/HSSL_Aretsgrupp-2025.png","type":"image\/png"}],"twitter_card":"summary_large_image","twitter_misc":{"Ber\u00e4knad l\u00e4stid":"1 minut"},"schema":{"@context":"https:\/\/schema.org","@graph":[{"@type":"WebPage","@id":"https:\/\/www.helasverige.se\/fyrbodal\/vara-utmarkelser\/","url":"https:\/\/www.helasverige.se\/fyrbodal\/vara-utmarkelser\/","name":"Fyrbodal - V\u00e5ra utm\u00e4rkelser -","isPartOf":{"@id":"https:\/\/www.helasverige.se\/fyrbodal\/#website"},"primaryImageOfPage":{"@id":"https:\/\/www.helasverige.se\/fyrbodal\/vara-utmarkelser\/#primaryimage"},"image":{"@id":"https:\/\/www.helasverige.se\/fyrbodal\/vara-utmarkelser\/#primaryimage"},"thumbnailUrl":"https:\/\/www.helasverige.se\/fyrbodal\/wp-content\/uploads\/sites\/5\/2025\/03\/HSSL_Aretsgrupp-2025.png","datePublished":"2021-10-29T09:21:41+00:00","dateModified":"2025-09-19T05:52:22+00:00","breadcrumb":{"@id":"https:\/\/www.helasverige.se\/fyrbodal\/vara-utmarkelser\/#breadcrumb"},"inLanguage":"sv-SE","potentialAction":[{"@type":"ReadAction","target":["https:\/\/www.helasverige.se\/fyrbodal\/vara-utmarkelser\/"]}]},{"@type":"ImageObject","inLanguage":"sv-SE","@id":"https:\/\/www.helasverige.se\/fyrbodal\/vara-utmarkelser\/#primaryimage","url":"https:\/\/www.helasverige.se\/fyrbodal\/wp-content\/uploads\/sites\/5\/2025\/03\/HSSL_Aretsgrupp-2025.png","contentUrl":"https:\/\/www.helasverige.se\/fyrbodal\/wp-content\/uploads\/sites\/5\/2025\/03\/HSSL_Aretsgrupp-2025.png","width":296,"height":336},{"@type":"BreadcrumbList","@id":"https:\/\/www.helasverige.se\/fyrbodal\/vara-utmarkelser\/#breadcrumb","itemListElement":[{"@type":"ListItem","position":1,"name":"Home","item":"https:\/\/www.helasverige.se\/fyrbodal\/"},{"@type":"ListItem","position":2,"name":"V\u00e5ra utm\u00e4rkelser"}]},{"@type":"WebSite","@id":"https:\/\/www.helasverige.se\/fyrbodal\/#website","url":"https:\/\/www.helasverige.se\/fyrbodal\/","name":"","description":"\u00c4nnu en webbplats hos Hela Sverige ska leva","potentialAction":[{"@type":"SearchAction","target":{"@type":"EntryPoint","urlTemplate":"https:\/\/www.helasverige.se\/fyrbodal\/?s={search_term_string}"},"query-input":{"@type":"PropertyValueSpecification","valueRequired":true,"valueName":"search_term_string"}}],"inLanguage":"sv-SE"}]}},"_links":{"self":[{"href":"https:\/\/www.helasverige.se\/fyrbodal\/wp-json\/wp\/v2\/pages\/22","targetHints":{"allow":["GET"]}}],"collection":[{"href":"https:\/\/www.helasverige.se\/fyrbodal\/wp-json\/wp\/v2\/pages"}],"about":[{"href":"https:\/\/www.helasverige.se\/fyrbodal\/wp-json\/wp\/v2\/types\/page"}],"author":[{"embeddable":true,"href":"https:\/\/www.helasverige.se\/fyrbodal\/wp-json\/wp\/v2\/users\/1"}],"replies":[{"embeddable":true,"href":"https:\/\/www.helasverige.se\/fyrbodal\/wp-json\/wp\/v2\/comments?post=22"}],"version-history":[{"count":87,"href":"https:\/\/www.helasverige.se\/fyrbodal\/wp-json\/wp\/v2\/pages\/22\/revisions"}],"predecessor-version":[{"id":2422,"href":"https:\/\/www.helasverige.se\/fyrbodal\/wp-json\/wp\/v2\/pages\/22\/revisions\/2422"}],"wp:featuredmedia":[{"embeddable":true,"href":"https:\/\/www.helasverige.se\/fyrbodal\/wp-json\/wp\/v2\/media\/2215"}],"wp:attachment":[{"href":"https:\/\/www.helasverige.se\/fyrbodal\/wp-json\/wp\/v2\/media?parent=22"}],"curies":[{"name":"wp","href":"https:\/\/api.w.org\/{rel}","templated":true}]}}