{"id":2340,"date":"2025-08-31T11:17:33","date_gmt":"2025-08-31T09:17:33","guid":{"rendered":"https:\/\/www.helasverige.se\/fyrbodal\/?page_id=2340"},"modified":"2025-08-31T17:20:23","modified_gmt":"2025-08-31T15:20:23","slug":"tidigare-aktiviteter","status":"publish","type":"page","link":"https:\/\/www.helasverige.se\/fyrbodal\/exempelsida-2\/vara-aktiviteter\/tidigare-aktiviteter\/","title":{"rendered":"Tidigare aktiviteter"},"content":{"rendered":"<p>H\u00e4r har vi samlat n\u00e5gra av v\u00e5ra tidigare aktiviteter.<\/p>\n","protected":false},"excerpt":{"rendered":"<p>H\u00e4r har vi samlat n\u00e5gra av v\u00e5ra tidigare aktiviteter.<\/p>\n","protected":false},"author":384741,"featured_media":0,"parent":20,"menu_order":0,"comment_status":"closed","ping_status":"closed","template":"tpl-lansavdelning-artikel.php","meta":{"_acf_changed":false,"footnotes":""},"class_list":["post-2340","page","type-page","status-publish","hentry"],"acf":[],"yoast_head":"<!-- This site is optimized with the Yoast SEO Premium plugin v27.3 (Yoast SEO v27.4) - https:\/\/yoast.com\/product\/yoast-seo-premium-wordpress\/ -->\n<title>Fyrbodal - Tidigare aktiviteter -<\/title>\n<meta name=\"robots\" content=\"index, follow, max-snippet:-1, max-image-preview:large, max-video-preview:-1\" \/>\n<link rel=\"canonical\" href=\"https:\/\/www.helasverige.se\/fyrbodal\/exempelsida-2\/vara-aktiviteter\/tidigare-aktiviteter\/\" \/>\n<meta property=\"og:locale\" content=\"sv_SE\" \/>\n<meta property=\"og:type\" content=\"article\" \/>\n<meta property=\"og:title\" content=\"Fyrbodal - Tidigare aktiviteter\" \/>\n<meta property=\"og:description\" content=\"H\u00e4r har vi samlat n\u00e5gra av v\u00e5ra tidigare aktiviteter.\" \/>\n<meta property=\"og:url\" content=\"https:\/\/www.helasverige.se\/fyrbodal\/exempelsida-2\/vara-aktiviteter\/tidigare-aktiviteter\/\" \/>\n<meta property=\"article:modified_time\" content=\"2025-08-31T15:20:23+00:00\" \/>\n<meta name=\"twitter:card\" content=\"summary_large_image\" \/>\n<meta name=\"twitter:label1\" content=\"Ber\u00e4knad l\u00e4stid\" \/>\n\t<meta name=\"twitter:data1\" content=\"1 minut\" \/>\n<script type=\"application\/ld+json\" class=\"yoast-schema-graph\">{\"@context\":\"https:\\\/\\\/schema.org\",\"@graph\":[{\"@type\":\"WebPage\",\"@id\":\"https:\\\/\\\/www.helasverige.se\\\/fyrbodal\\\/exempelsida-2\\\/vara-aktiviteter\\\/tidigare-aktiviteter\\\/\",\"url\":\"https:\\\/\\\/www.helasverige.se\\\/fyrbodal\\\/exempelsida-2\\\/vara-aktiviteter\\\/tidigare-aktiviteter\\\/\",\"name\":\"Fyrbodal - Tidigare aktiviteter -\",\"isPartOf\":{\"@id\":\"https:\\\/\\\/www.helasverige.se\\\/fyrbodal\\\/#website\"},\"datePublished\":\"2025-08-31T09:17:33+00:00\",\"dateModified\":\"2025-08-31T15:20:23+00:00\",\"breadcrumb\":{\"@id\":\"https:\\\/\\\/www.helasverige.se\\\/fyrbodal\\\/exempelsida-2\\\/vara-aktiviteter\\\/tidigare-aktiviteter\\\/#breadcrumb\"},\"inLanguage\":\"sv-SE\",\"potentialAction\":[{\"@type\":\"ReadAction\",\"target\":[\"https:\\\/\\\/www.helasverige.se\\\/fyrbodal\\\/exempelsida-2\\\/vara-aktiviteter\\\/tidigare-aktiviteter\\\/\"]}]},{\"@type\":\"BreadcrumbList\",\"@id\":\"https:\\\/\\\/www.helasverige.se\\\/fyrbodal\\\/exempelsida-2\\\/vara-aktiviteter\\\/tidigare-aktiviteter\\\/#breadcrumb\",\"itemListElement\":[{\"@type\":\"ListItem\",\"position\":1,\"name\":\"Home\",\"item\":\"https:\\\/\\\/www.helasverige.se\\\/fyrbodal\\\/\"},{\"@type\":\"ListItem\",\"position\":2,\"name\":\"Startsida\",\"item\":\"https:\\\/\\\/www.helasverige.se\\\/fyrbodal\\\/\"},{\"@type\":\"ListItem\",\"position\":3,\"name\":\"V\u00e5ra aktiviteter\",\"item\":\"https:\\\/\\\/www.helasverige.se\\\/fyrbodal\\\/exempelsida-2\\\/vara-aktiviteter\\\/\"},{\"@type\":\"ListItem\",\"position\":4,\"name\":\"Tidigare aktiviteter\"}]},{\"@type\":\"WebSite\",\"@id\":\"https:\\\/\\\/www.helasverige.se\\\/fyrbodal\\\/#website\",\"url\":\"https:\\\/\\\/www.helasverige.se\\\/fyrbodal\\\/\",\"name\":\"\",\"description\":\"\u00c4nnu en webbplats hos Hela Sverige ska leva\",\"potentialAction\":[{\"@type\":\"SearchAction\",\"target\":{\"@type\":\"EntryPoint\",\"urlTemplate\":\"https:\\\/\\\/www.helasverige.se\\\/fyrbodal\\\/?s={search_term_string}\"},\"query-input\":{\"@type\":\"PropertyValueSpecification\",\"valueRequired\":true,\"valueName\":\"search_term_string\"}}],\"inLanguage\":\"sv-SE\"}]}<\/script>\n<!-- \/ Yoast SEO Premium plugin. -->","yoast_head_json":{"title":"Fyrbodal - Tidigare aktiviteter -","robots":{"index":"index","follow":"follow","max-snippet":"max-snippet:-1","max-image-preview":"max-image-preview:large","max-video-preview":"max-video-preview:-1"},"canonical":"https:\/\/www.helasverige.se\/fyrbodal\/exempelsida-2\/vara-aktiviteter\/tidigare-aktiviteter\/","og_locale":"sv_SE","og_type":"article","og_title":"Fyrbodal - Tidigare aktiviteter","og_description":"H\u00e4r har vi samlat n\u00e5gra av v\u00e5ra tidigare aktiviteter.","og_url":"https:\/\/www.helasverige.se\/fyrbodal\/exempelsida-2\/vara-aktiviteter\/tidigare-aktiviteter\/","article_modified_time":"2025-08-31T15:20:23+00:00","twitter_card":"summary_large_image","twitter_misc":{"Ber\u00e4knad l\u00e4stid":"1 minut"},"schema":{"@context":"https:\/\/schema.org","@graph":[{"@type":"WebPage","@id":"https:\/\/www.helasverige.se\/fyrbodal\/exempelsida-2\/vara-aktiviteter\/tidigare-aktiviteter\/","url":"https:\/\/www.helasverige.se\/fyrbodal\/exempelsida-2\/vara-aktiviteter\/tidigare-aktiviteter\/","name":"Fyrbodal - Tidigare aktiviteter -","isPartOf":{"@id":"https:\/\/www.helasverige.se\/fyrbodal\/#website"},"datePublished":"2025-08-31T09:17:33+00:00","dateModified":"2025-08-31T15:20:23+00:00","breadcrumb":{"@id":"https:\/\/www.helasverige.se\/fyrbodal\/exempelsida-2\/vara-aktiviteter\/tidigare-aktiviteter\/#breadcrumb"},"inLanguage":"sv-SE","potentialAction":[{"@type":"ReadAction","target":["https:\/\/www.helasverige.se\/fyrbodal\/exempelsida-2\/vara-aktiviteter\/tidigare-aktiviteter\/"]}]},{"@type":"BreadcrumbList","@id":"https:\/\/www.helasverige.se\/fyrbodal\/exempelsida-2\/vara-aktiviteter\/tidigare-aktiviteter\/#breadcrumb","itemListElement":[{"@type":"ListItem","position":1,"name":"Home","item":"https:\/\/www.helasverige.se\/fyrbodal\/"},{"@type":"ListItem","position":2,"name":"Startsida","item":"https:\/\/www.helasverige.se\/fyrbodal\/"},{"@type":"ListItem","position":3,"name":"V\u00e5ra aktiviteter","item":"https:\/\/www.helasverige.se\/fyrbodal\/exempelsida-2\/vara-aktiviteter\/"},{"@type":"ListItem","position":4,"name":"Tidigare aktiviteter"}]},{"@type":"WebSite","@id":"https:\/\/www.helasverige.se\/fyrbodal\/#website","url":"https:\/\/www.helasverige.se\/fyrbodal\/","name":"","description":"\u00c4nnu en webbplats hos Hela Sverige ska leva","potentialAction":[{"@type":"SearchAction","target":{"@type":"EntryPoint","urlTemplate":"https:\/\/www.helasverige.se\/fyrbodal\/?s={search_term_string}"},"query-input":{"@type":"PropertyValueSpecification","valueRequired":true,"valueName":"search_term_string"}}],"inLanguage":"sv-SE"}]}},"_links":{"self":[{"href":"https:\/\/www.helasverige.se\/fyrbodal\/wp-json\/wp\/v2\/pages\/2340","targetHints":{"allow":["GET"]}}],"collection":[{"href":"https:\/\/www.helasverige.se\/fyrbodal\/wp-json\/wp\/v2\/pages"}],"about":[{"href":"https:\/\/www.helasverige.se\/fyrbodal\/wp-json\/wp\/v2\/types\/page"}],"author":[{"embeddable":true,"href":"https:\/\/www.helasverige.se\/fyrbodal\/wp-json\/wp\/v2\/users\/384741"}],"replies":[{"embeddable":true,"href":"https:\/\/www.helasverige.se\/fyrbodal\/wp-json\/wp\/v2\/comments?post=2340"}],"version-history":[{"count":8,"href":"https:\/\/www.helasverige.se\/fyrbodal\/wp-json\/wp\/v2\/pages\/2340\/revisions"}],"predecessor-version":[{"id":2391,"href":"https:\/\/www.helasverige.se\/fyrbodal\/wp-json\/wp\/v2\/pages\/2340\/revisions\/2391"}],"up":[{"embeddable":true,"href":"https:\/\/www.helasverige.se\/fyrbodal\/wp-json\/wp\/v2\/pages\/20"}],"wp:attachment":[{"href":"https:\/\/www.helasverige.se\/fyrbodal\/wp-json\/wp\/v2\/media?parent=2340"}],"curies":[{"name":"wp","href":"https:\/\/api.w.org\/{rel}","templated":true}]}}