{"id":80,"date":"2021-11-03T16:30:54","date_gmt":"2021-11-03T15:30:54","guid":{"rendered":"https:\/\/www.helasverige.se\/fyrbodal\/?page_id=80"},"modified":"2024-01-03T19:09:43","modified_gmt":"2024-01-03T18:09:43","slug":"profilfraga-lokalt-inflytande","status":"publish","type":"page","link":"https:\/\/www.helasverige.se\/fyrbodal\/var-verksamhet\/profilfraga-lokalt-inflytande\/","title":{"rendered":"Profilfr\u00e5ga Lokalt inflytande"},"content":{"rendered":"<p><em>Ett h\u00e5llbart samh\u00e4lle kr\u00e4ver att alla delar av landet utvecklas. En f\u00f6ruts\u00e4ttning f\u00f6r detta \u00e4r att lokalsamh\u00e4llet involveras i utvecklingsprocesserna, erbjuds m\u00f6jligheter till inflytande och handlingsutrymme. Vi i Hela Sverige ska leva G\u00f6teborgsregionen vill vara med och utveckla metoder och sprida kunskap f\u00f6r ett st\u00e4rkt lokalt inflytande. Vi vill att den lokala niv\u00e5n beaktas och tas med i planerings- och genomf\u00f6randeprocesser p\u00e5 alla niv\u00e5er som p\u00e5verkar lokalsamh\u00e4llet.<\/em><\/p>\n<p>&nbsp;<\/p>\n<h2>Det beh\u00f6vs ocks\u00e5 en lokal organisation<\/h2>\n<p>Kommunsammanslagningarna 1952 och 1974 innebar att kommunhus med lokala politiker och tj\u00e4nstepersoner lades ner p\u00e5 tusentals platser runt om i landet. I sviterna av detta, i avsaknaden av en organisation som s\u00e5g till omr\u00e5dets utveckling och f\u00f6rvaltning, v\u00e4xte sig byar\u00f6relsen stark. Inte konstigt alls, ett samh\u00e4lle beh\u00f6ver ocks\u00e5 en lokal organisation. Med utg\u00e5ngspunkt i id\u00e9skriften \u201dDen f\u00f6rsta samh\u00e4llsniv\u00e5n\u201d (Herlitz, Ar\u00e9n; Hela Sverige ska leva, 2017) ser vi behovet av en ny lokal organisering d\u00e4r det offentliga, privata och civila samh\u00e4llet samverkar kring demokrati, finansiering och f\u00f6rdjupad \u00f6versiktsplanering. Vi vill stimulera en \u201dvardagsdemokrati\u201d med en h\u00e5llbar lokal organisation d\u00e4r man har klara regler f\u00f6r makt och ansvar och till vilken storkommunen kan delegera passande delar av sina kommunala \u00e5taganden. Kommunutredningen \u201dStarkare kommuner\u201d (SOU 2020:8) \u00f6ppnar f\u00f6r experiment d\u00e4r \u201df\u00f6rs\u00f6ksverksamheten ska syfa till att pr\u00f6va s\u00e4tt att st\u00e4rka kommuners kapacitet, m\u00f6jligg\u00f6ra anpassning av verksamhet till lokala f\u00f6rh\u00e5llanden\u2026\u201d<\/p>\n<h2>Sv\u00e5gadalen \u2013 en v\u00e4l fungerande f\u00f6rebild<\/h2>\n<p>I mars 2020 \u2013 strax innan Corona restriktionerna \u2013 var vi tillsammans med intresserade fr\u00e5n V\u00e4stra G\u00f6taland och Sk\u00e5ne p\u00e5 studiebes\u00f6k hos Sv\u00e5gadalsn\u00e4mnden i Sv\u00e5gadalen med 7 byar och 450 r\u00f6stber\u00e4ttigade inv\u00e5nare. Verksamheten har fungerat v\u00e4l i mer \u00e4n 25 \u00e5r. Den \u00e4r unik s\u00e5 till vida att medborgarna v\u00e4ljer ledam\u00f6ter fr\u00e5n bygden till n\u00e4mnden i allm\u00e4nna val. Man r\u00f6star inte p\u00e5 politiska partier utan att det \u00e4r kandidaternas renomm\u00e9 som goda medborgare i kommundelen som r\u00e4knas.<\/p>\n<p>&nbsp;<\/p>\n<h2>Kommunen kan med f\u00f6rdel delegera<\/h2>\n<p>Hudiksvalls kommun delegerar verksamheter, och ansl\u00e5r pengar till kommundelskontor och drift av kommundelens skolor, barn- och \u00e4ldreomsorg, fritidsverksamheter, kultur och arbete med landsbygdsutveckling. Allt \u00e4r samlat i byggnader som ligger n\u00e4ra varandra. En kommundelschef \u2013 som samtidigt ocks\u00e5 \u00e4r skol-, fritids-, omsorgs- och kulturchef \u2013 ansvarar f\u00f6r att genomf\u00f6ra n\u00e4mndens olika beslut. Genom den rumsliga n\u00e4rheten till varandra i det dagliga livet &#8211; gemensam \u201drestaurang\u201d med skolbarnen, l\u00e4rarna, personalen, byborna och samnyttjande av lokaler f\u00f6r skola, n\u00e4mndens m\u00f6ten, kyrka, bibliotek etc. \u2013 underl\u00e4ttas p\u00e5 ett radikalt s\u00e4tt samordning och samarbete. Allt liksom h\u00e4nger ihop och bildar en f\u00f6rst\u00e5elig och \u00f6verblickbar helhet och m\u00f6tesplats. De fr\u00e5n kommunen anslagna medlen utnyttjas p\u00e5 ett effektivt och mycket \u00e4ndam\u00e5lsenligt s\u00e4tt.<\/p>\n<p>&nbsp;<\/p>\n<h2>En demokrati f\u00f6r platsens h\u00e5llbara framtid<\/h2>\n<p>Under 2021 vill vi aktivt f\u00f6rs\u00f6ka p\u00e5verka kommunerna att inom Kommunutredningens ram l\u00e4ga sig i startgroparna f\u00f6r kommunexperiment f\u00f6r st\u00e4rkt lokalt infytande och nya former f\u00f6r en b\u00e4ttre v\u00e4lf\u00e4rdsproduktion, typ Sv\u00e5gadalsn\u00e4mnden.<\/p>\n<p>&nbsp;<\/p>\n<p>Text: Ulla Herlitz<\/p>\n<p>&nbsp;<\/p>\n<p><img loading=\"lazy\" decoding=\"async\" class=\"alignnone size-medium wp-image-82\" src=\"https:\/\/www.helasverige.se\/fyrbodal\/wp-content\/uploads\/sites\/5\/2021\/11\/Studiebesok-300x231.jpg\" alt=\"\" width=\"300\" height=\"231\" srcset=\"https:\/\/www.helasverige.se\/fyrbodal\/wp-content\/uploads\/sites\/5\/2021\/11\/Studiebesok-300x231.jpg 300w, https:\/\/www.helasverige.se\/fyrbodal\/wp-content\/uploads\/sites\/5\/2021\/11\/Studiebesok-1024x787.jpg 1024w, https:\/\/www.helasverige.se\/fyrbodal\/wp-content\/uploads\/sites\/5\/2021\/11\/Studiebesok-768x590.jpg 768w, https:\/\/www.helasverige.se\/fyrbodal\/wp-content\/uploads\/sites\/5\/2021\/11\/Studiebesok-1536x1181.jpg 1536w, https:\/\/www.helasverige.se\/fyrbodal\/wp-content\/uploads\/sites\/5\/2021\/11\/Studiebesok.jpg 1834w\" sizes=\"auto, (max-width: 300px) 100vw, 300px\" \/> <img loading=\"lazy\" decoding=\"async\" class=\"alignnone size-medium wp-image-83\" src=\"https:\/\/www.helasverige.se\/fyrbodal\/wp-content\/uploads\/sites\/5\/2021\/11\/Skylt-300x231.jpg\" alt=\"\" width=\"300\" height=\"231\" srcset=\"https:\/\/www.helasverige.se\/fyrbodal\/wp-content\/uploads\/sites\/5\/2021\/11\/Skylt-300x231.jpg 300w, https:\/\/www.helasverige.se\/fyrbodal\/wp-content\/uploads\/sites\/5\/2021\/11\/Skylt-1024x787.jpg 1024w, https:\/\/www.helasverige.se\/fyrbodal\/wp-content\/uploads\/sites\/5\/2021\/11\/Skylt-768x590.jpg 768w, https:\/\/www.helasverige.se\/fyrbodal\/wp-content\/uploads\/sites\/5\/2021\/11\/Skylt-1536x1181.jpg 1536w, https:\/\/www.helasverige.se\/fyrbodal\/wp-content\/uploads\/sites\/5\/2021\/11\/Skylt.jpg 1834w\" sizes=\"auto, (max-width: 300px) 100vw, 300px\" \/><\/p>\n","protected":false},"excerpt":{"rendered":"<p>Ett h\u00e5llbart samh\u00e4lle kr\u00e4ver att alla delar av landet utvecklas. En f\u00f6ruts\u00e4ttning f\u00f6r detta \u00e4r att lokalsamh\u00e4llet involveras i utvecklingsprocesserna, erbjuds m\u00f6jligheter till inflytande och handlingsutrymme. Vi i Hela Sverige ska leva G\u00f6teborgsregionen vill vara med och utveckla metoder och sprida kunskap f\u00f6r ett st\u00e4rkt lokalt inflytande. Vi vill att den lokala niv\u00e5n beaktas och [&hellip;]<\/p>\n","protected":false},"author":1,"featured_media":81,"parent":18,"menu_order":0,"comment_status":"closed","ping_status":"closed","template":"tpl-lansavdelning-artikel.php","meta":{"_acf_changed":false,"footnotes":""},"class_list":["post-80","page","type-page","status-publish","has-post-thumbnail","hentry"],"acf":[],"yoast_head":"<!-- This site is optimized with the Yoast SEO Premium plugin v27.3 (Yoast SEO v27.4) - https:\/\/yoast.com\/product\/yoast-seo-premium-wordpress\/ -->\n<title>Fyrbodal - Profilfr\u00e5ga Lokalt inflytande -<\/title>\n<meta name=\"robots\" content=\"index, follow, max-snippet:-1, max-image-preview:large, max-video-preview:-1\" \/>\n<link rel=\"canonical\" href=\"https:\/\/www.helasverige.se\/fyrbodal\/var-verksamhet\/profilfraga-lokalt-inflytande\/\" \/>\n<meta property=\"og:locale\" content=\"sv_SE\" \/>\n<meta property=\"og:type\" content=\"article\" \/>\n<meta property=\"og:title\" content=\"Fyrbodal - Profilfr\u00e5ga Lokalt inflytande\" \/>\n<meta property=\"og:description\" content=\"Ett h\u00e5llbart samh\u00e4lle kr\u00e4ver att alla delar av landet utvecklas. En f\u00f6ruts\u00e4ttning f\u00f6r detta \u00e4r att lokalsamh\u00e4llet involveras i utvecklingsprocesserna, erbjuds m\u00f6jligheter till inflytande och handlingsutrymme. Vi i Hela Sverige ska leva G\u00f6teborgsregionen vill vara med och utveckla metoder och sprida kunskap f\u00f6r ett st\u00e4rkt lokalt inflytande. Vi vill att den lokala niv\u00e5n beaktas och [&hellip;]\" \/>\n<meta property=\"og:url\" content=\"https:\/\/www.helasverige.se\/fyrbodal\/var-verksamhet\/profilfraga-lokalt-inflytande\/\" \/>\n<meta property=\"article:modified_time\" content=\"2024-01-03T18:09:43+00:00\" \/>\n<meta property=\"og:image\" content=\"https:\/\/www.helasverige.se\/fyrbodal\/wp-content\/uploads\/sites\/5\/2021\/11\/Ulla-Herlitz-och-Hans-Aren.jpg\" \/>\n\t<meta property=\"og:image:width\" content=\"1834\" \/>\n\t<meta property=\"og:image:height\" content=\"1410\" \/>\n\t<meta property=\"og:image:type\" content=\"image\/jpeg\" \/>\n<meta name=\"twitter:card\" content=\"summary_large_image\" \/>\n<meta name=\"twitter:label1\" content=\"Ber\u00e4knad l\u00e4stid\" \/>\n\t<meta name=\"twitter:data1\" content=\"3 minuter\" \/>\n<script type=\"application\/ld+json\" class=\"yoast-schema-graph\">{\"@context\":\"https:\\\/\\\/schema.org\",\"@graph\":[{\"@type\":\"WebPage\",\"@id\":\"https:\\\/\\\/www.helasverige.se\\\/fyrbodal\\\/var-verksamhet\\\/profilfraga-lokalt-inflytande\\\/\",\"url\":\"https:\\\/\\\/www.helasverige.se\\\/fyrbodal\\\/var-verksamhet\\\/profilfraga-lokalt-inflytande\\\/\",\"name\":\"Fyrbodal - Profilfr\u00e5ga Lokalt inflytande -\",\"isPartOf\":{\"@id\":\"https:\\\/\\\/www.helasverige.se\\\/fyrbodal\\\/#website\"},\"primaryImageOfPage\":{\"@id\":\"https:\\\/\\\/www.helasverige.se\\\/fyrbodal\\\/var-verksamhet\\\/profilfraga-lokalt-inflytande\\\/#primaryimage\"},\"image\":{\"@id\":\"https:\\\/\\\/www.helasverige.se\\\/fyrbodal\\\/var-verksamhet\\\/profilfraga-lokalt-inflytande\\\/#primaryimage\"},\"thumbnailUrl\":\"https:\\\/\\\/www.helasverige.se\\\/fyrbodal\\\/wp-content\\\/uploads\\\/sites\\\/5\\\/2021\\\/11\\\/Ulla-Herlitz-och-Hans-Aren.jpg\",\"datePublished\":\"2021-11-03T15:30:54+00:00\",\"dateModified\":\"2024-01-03T18:09:43+00:00\",\"breadcrumb\":{\"@id\":\"https:\\\/\\\/www.helasverige.se\\\/fyrbodal\\\/var-verksamhet\\\/profilfraga-lokalt-inflytande\\\/#breadcrumb\"},\"inLanguage\":\"sv-SE\",\"potentialAction\":[{\"@type\":\"ReadAction\",\"target\":[\"https:\\\/\\\/www.helasverige.se\\\/fyrbodal\\\/var-verksamhet\\\/profilfraga-lokalt-inflytande\\\/\"]}]},{\"@type\":\"ImageObject\",\"inLanguage\":\"sv-SE\",\"@id\":\"https:\\\/\\\/www.helasverige.se\\\/fyrbodal\\\/var-verksamhet\\\/profilfraga-lokalt-inflytande\\\/#primaryimage\",\"url\":\"https:\\\/\\\/www.helasverige.se\\\/fyrbodal\\\/wp-content\\\/uploads\\\/sites\\\/5\\\/2021\\\/11\\\/Ulla-Herlitz-och-Hans-Aren.jpg\",\"contentUrl\":\"https:\\\/\\\/www.helasverige.se\\\/fyrbodal\\\/wp-content\\\/uploads\\\/sites\\\/5\\\/2021\\\/11\\\/Ulla-Herlitz-och-Hans-Aren.jpg\",\"width\":1834,\"height\":1410,\"caption\":\"Ulla Herlitz och Hans Ar\u00e9n\"},{\"@type\":\"BreadcrumbList\",\"@id\":\"https:\\\/\\\/www.helasverige.se\\\/fyrbodal\\\/var-verksamhet\\\/profilfraga-lokalt-inflytande\\\/#breadcrumb\",\"itemListElement\":[{\"@type\":\"ListItem\",\"position\":1,\"name\":\"Home\",\"item\":\"https:\\\/\\\/www.helasverige.se\\\/fyrbodal\\\/\"},{\"@type\":\"ListItem\",\"position\":2,\"name\":\"V\u00e5r verksamhet\",\"item\":\"https:\\\/\\\/www.helasverige.se\\\/fyrbodal\\\/var-verksamhet\\\/\"},{\"@type\":\"ListItem\",\"position\":3,\"name\":\"Profilfr\u00e5ga Lokalt inflytande\"}]},{\"@type\":\"WebSite\",\"@id\":\"https:\\\/\\\/www.helasverige.se\\\/fyrbodal\\\/#website\",\"url\":\"https:\\\/\\\/www.helasverige.se\\\/fyrbodal\\\/\",\"name\":\"\",\"description\":\"\u00c4nnu en webbplats hos Hela Sverige ska leva\",\"potentialAction\":[{\"@type\":\"SearchAction\",\"target\":{\"@type\":\"EntryPoint\",\"urlTemplate\":\"https:\\\/\\\/www.helasverige.se\\\/fyrbodal\\\/?s={search_term_string}\"},\"query-input\":{\"@type\":\"PropertyValueSpecification\",\"valueRequired\":true,\"valueName\":\"search_term_string\"}}],\"inLanguage\":\"sv-SE\"}]}<\/script>\n<!-- \/ Yoast SEO Premium plugin. -->","yoast_head_json":{"title":"Fyrbodal - Profilfr\u00e5ga Lokalt inflytande -","robots":{"index":"index","follow":"follow","max-snippet":"max-snippet:-1","max-image-preview":"max-image-preview:large","max-video-preview":"max-video-preview:-1"},"canonical":"https:\/\/www.helasverige.se\/fyrbodal\/var-verksamhet\/profilfraga-lokalt-inflytande\/","og_locale":"sv_SE","og_type":"article","og_title":"Fyrbodal - Profilfr\u00e5ga Lokalt inflytande","og_description":"Ett h\u00e5llbart samh\u00e4lle kr\u00e4ver att alla delar av landet utvecklas. En f\u00f6ruts\u00e4ttning f\u00f6r detta \u00e4r att lokalsamh\u00e4llet involveras i utvecklingsprocesserna, erbjuds m\u00f6jligheter till inflytande och handlingsutrymme. Vi i Hela Sverige ska leva G\u00f6teborgsregionen vill vara med och utveckla metoder och sprida kunskap f\u00f6r ett st\u00e4rkt lokalt inflytande. Vi vill att den lokala niv\u00e5n beaktas och [&hellip;]","og_url":"https:\/\/www.helasverige.se\/fyrbodal\/var-verksamhet\/profilfraga-lokalt-inflytande\/","article_modified_time":"2024-01-03T18:09:43+00:00","og_image":[{"width":1834,"height":1410,"url":"https:\/\/www.helasverige.se\/fyrbodal\/wp-content\/uploads\/sites\/5\/2021\/11\/Ulla-Herlitz-och-Hans-Aren.jpg","type":"image\/jpeg"}],"twitter_card":"summary_large_image","twitter_misc":{"Ber\u00e4knad l\u00e4stid":"3 minuter"},"schema":{"@context":"https:\/\/schema.org","@graph":[{"@type":"WebPage","@id":"https:\/\/www.helasverige.se\/fyrbodal\/var-verksamhet\/profilfraga-lokalt-inflytande\/","url":"https:\/\/www.helasverige.se\/fyrbodal\/var-verksamhet\/profilfraga-lokalt-inflytande\/","name":"Fyrbodal - Profilfr\u00e5ga Lokalt inflytande -","isPartOf":{"@id":"https:\/\/www.helasverige.se\/fyrbodal\/#website"},"primaryImageOfPage":{"@id":"https:\/\/www.helasverige.se\/fyrbodal\/var-verksamhet\/profilfraga-lokalt-inflytande\/#primaryimage"},"image":{"@id":"https:\/\/www.helasverige.se\/fyrbodal\/var-verksamhet\/profilfraga-lokalt-inflytande\/#primaryimage"},"thumbnailUrl":"https:\/\/www.helasverige.se\/fyrbodal\/wp-content\/uploads\/sites\/5\/2021\/11\/Ulla-Herlitz-och-Hans-Aren.jpg","datePublished":"2021-11-03T15:30:54+00:00","dateModified":"2024-01-03T18:09:43+00:00","breadcrumb":{"@id":"https:\/\/www.helasverige.se\/fyrbodal\/var-verksamhet\/profilfraga-lokalt-inflytande\/#breadcrumb"},"inLanguage":"sv-SE","potentialAction":[{"@type":"ReadAction","target":["https:\/\/www.helasverige.se\/fyrbodal\/var-verksamhet\/profilfraga-lokalt-inflytande\/"]}]},{"@type":"ImageObject","inLanguage":"sv-SE","@id":"https:\/\/www.helasverige.se\/fyrbodal\/var-verksamhet\/profilfraga-lokalt-inflytande\/#primaryimage","url":"https:\/\/www.helasverige.se\/fyrbodal\/wp-content\/uploads\/sites\/5\/2021\/11\/Ulla-Herlitz-och-Hans-Aren.jpg","contentUrl":"https:\/\/www.helasverige.se\/fyrbodal\/wp-content\/uploads\/sites\/5\/2021\/11\/Ulla-Herlitz-och-Hans-Aren.jpg","width":1834,"height":1410,"caption":"Ulla Herlitz och Hans Ar\u00e9n"},{"@type":"BreadcrumbList","@id":"https:\/\/www.helasverige.se\/fyrbodal\/var-verksamhet\/profilfraga-lokalt-inflytande\/#breadcrumb","itemListElement":[{"@type":"ListItem","position":1,"name":"Home","item":"https:\/\/www.helasverige.se\/fyrbodal\/"},{"@type":"ListItem","position":2,"name":"V\u00e5r verksamhet","item":"https:\/\/www.helasverige.se\/fyrbodal\/var-verksamhet\/"},{"@type":"ListItem","position":3,"name":"Profilfr\u00e5ga Lokalt inflytande"}]},{"@type":"WebSite","@id":"https:\/\/www.helasverige.se\/fyrbodal\/#website","url":"https:\/\/www.helasverige.se\/fyrbodal\/","name":"","description":"\u00c4nnu en webbplats hos Hela Sverige ska leva","potentialAction":[{"@type":"SearchAction","target":{"@type":"EntryPoint","urlTemplate":"https:\/\/www.helasverige.se\/fyrbodal\/?s={search_term_string}"},"query-input":{"@type":"PropertyValueSpecification","valueRequired":true,"valueName":"search_term_string"}}],"inLanguage":"sv-SE"}]}},"_links":{"self":[{"href":"https:\/\/www.helasverige.se\/fyrbodal\/wp-json\/wp\/v2\/pages\/80","targetHints":{"allow":["GET"]}}],"collection":[{"href":"https:\/\/www.helasverige.se\/fyrbodal\/wp-json\/wp\/v2\/pages"}],"about":[{"href":"https:\/\/www.helasverige.se\/fyrbodal\/wp-json\/wp\/v2\/types\/page"}],"author":[{"embeddable":true,"href":"https:\/\/www.helasverige.se\/fyrbodal\/wp-json\/wp\/v2\/users\/1"}],"replies":[{"embeddable":true,"href":"https:\/\/www.helasverige.se\/fyrbodal\/wp-json\/wp\/v2\/comments?post=80"}],"version-history":[{"count":4,"href":"https:\/\/www.helasverige.se\/fyrbodal\/wp-json\/wp\/v2\/pages\/80\/revisions"}],"predecessor-version":[{"id":1738,"href":"https:\/\/www.helasverige.se\/fyrbodal\/wp-json\/wp\/v2\/pages\/80\/revisions\/1738"}],"up":[{"embeddable":true,"href":"https:\/\/www.helasverige.se\/fyrbodal\/wp-json\/wp\/v2\/pages\/18"}],"wp:featuredmedia":[{"embeddable":true,"href":"https:\/\/www.helasverige.se\/fyrbodal\/wp-json\/wp\/v2\/media\/81"}],"wp:attachment":[{"href":"https:\/\/www.helasverige.se\/fyrbodal\/wp-json\/wp\/v2\/media?parent=80"}],"curies":[{"name":"wp","href":"https:\/\/api.w.org\/{rel}","templated":true}]}}