{"id":3190,"date":"2022-09-21T11:31:45","date_gmt":"2022-09-21T09:31:45","guid":{"rendered":"https:\/\/www.helasverige.se\/gavleborg\/?page_id=3190"},"modified":"2024-05-22T10:23:19","modified_gmt":"2024-05-22T08:23:19","slug":"i-med-och-motvind-ny","status":"publish","type":"page","link":"https:\/\/www.helasverige.se\/gavleborg\/exempelsida\/projekt\/i-med-och-motvind-ny\/","title":{"rendered":"F\u00f6rankrad i med och motvind"},"content":{"rendered":"<h1>F\u00f6rankrad i med och motvind<\/h1>\n<h3><em>\u201d- lokal delaktighet som grund f\u00f6r vindbruksplanering&#8221;<\/em><\/h3>\n<h3><\/h3>\n<p>Vindkraften \u00e4r ett omr\u00e5de med risk f\u00f6r konflikter mellan olika intressen och att man kan se vindkraft som ett hot eller en m\u00f6jlighet. Projektet tar inte st\u00e4llning f\u00f6r eller emot vindkraft, men finns som st\u00f6d till bygden med fokus p\u00e5 lokal delaktighet.<\/p>\n","protected":false},"excerpt":{"rendered":"<p>F\u00f6rankrad i med och motvind \u201d- lokal delaktighet som grund f\u00f6r vindbruksplanering&#8221; Vindkraften \u00e4r ett omr\u00e5de med risk f\u00f6r konflikter mellan olika intressen och att man kan se vindkraft som ett hot eller en m\u00f6jlighet. Projektet tar inte st\u00e4llning f\u00f6r eller emot vindkraft, men finns som st\u00f6d till bygden med fokus p\u00e5 lokal delaktighet.<\/p>\n","protected":false},"author":19,"featured_media":4026,"parent":503,"menu_order":0,"comment_status":"closed","ping_status":"closed","template":"tpl-lansavdelning.php","meta":{"_acf_changed":false,"footnotes":""},"class_list":["post-3190","page","type-page","status-publish","has-post-thumbnail","hentry"],"acf":[],"yoast_head":"<!-- This site is optimized with the Yoast SEO Premium plugin v27.4 (Yoast SEO v27.6) - https:\/\/yoast.com\/product\/yoast-seo-premium-wordpress\/ -->\n<title>G\u00e4vleborg - F\u00f6rankrad i med och motvind -<\/title>\n<meta name=\"robots\" content=\"index, follow, max-snippet:-1, max-image-preview:large, max-video-preview:-1\" \/>\n<link rel=\"canonical\" href=\"https:\/\/www.helasverige.se\/gavleborg\/exempelsida\/projekt\/i-med-och-motvind-ny\/\" \/>\n<meta property=\"og:locale\" content=\"sv_SE\" \/>\n<meta property=\"og:type\" content=\"article\" \/>\n<meta property=\"og:title\" content=\"G\u00e4vleborg - F\u00f6rankrad i med och motvind\" \/>\n<meta property=\"og:description\" content=\"F\u00f6rankrad i med och motvind \u201d- lokal delaktighet som grund f\u00f6r vindbruksplanering&#8221; Vindkraften \u00e4r ett omr\u00e5de med risk f\u00f6r konflikter mellan olika intressen och att man kan se vindkraft som ett hot eller en m\u00f6jlighet. Projektet tar inte st\u00e4llning f\u00f6r eller emot vindkraft, men finns som st\u00f6d till bygden med fokus p\u00e5 lokal delaktighet.\" \/>\n<meta property=\"og:url\" content=\"https:\/\/www.helasverige.se\/gavleborg\/exempelsida\/projekt\/i-med-och-motvind-ny\/\" \/>\n<meta property=\"article:modified_time\" content=\"2024-05-22T08:23:19+00:00\" \/>\n<meta property=\"og:image\" content=\"https:\/\/www.helasverige.se\/gavleborg\/wp-content\/uploads\/sites\/24\/2023\/12\/Forankrad-i-med-och-motvind_logotyp_gul.png\" \/>\n\t<meta property=\"og:image:width\" content=\"1080\" \/>\n\t<meta property=\"og:image:height\" content=\"1317\" \/>\n\t<meta property=\"og:image:type\" content=\"image\/png\" \/>\n<meta name=\"twitter:card\" content=\"summary_large_image\" \/>\n<meta name=\"twitter:label1\" content=\"Ber\u00e4knad l\u00e4stid\" \/>\n\t<meta name=\"twitter:data1\" content=\"1 minut\" \/>\n<script type=\"application\/ld+json\" class=\"yoast-schema-graph\">{\"@context\":\"https:\\\/\\\/schema.org\",\"@graph\":[{\"@type\":\"WebPage\",\"@id\":\"https:\\\/\\\/www.helasverige.se\\\/gavleborg\\\/exempelsida\\\/projekt\\\/i-med-och-motvind-ny\\\/\",\"url\":\"https:\\\/\\\/www.helasverige.se\\\/gavleborg\\\/exempelsida\\\/projekt\\\/i-med-och-motvind-ny\\\/\",\"name\":\"G\u00e4vleborg - F\u00f6rankrad i med och motvind -\",\"isPartOf\":{\"@id\":\"https:\\\/\\\/www.helasverige.se\\\/gavleborg\\\/#website\"},\"primaryImageOfPage\":{\"@id\":\"https:\\\/\\\/www.helasverige.se\\\/gavleborg\\\/exempelsida\\\/projekt\\\/i-med-och-motvind-ny\\\/#primaryimage\"},\"image\":{\"@id\":\"https:\\\/\\\/www.helasverige.se\\\/gavleborg\\\/exempelsida\\\/projekt\\\/i-med-och-motvind-ny\\\/#primaryimage\"},\"thumbnailUrl\":\"https:\\\/\\\/www.helasverige.se\\\/gavleborg\\\/wp-content\\\/uploads\\\/sites\\\/24\\\/2023\\\/12\\\/Forankrad-i-med-och-motvind_logotyp_gul.png\",\"datePublished\":\"2022-09-21T09:31:45+00:00\",\"dateModified\":\"2024-05-22T08:23:19+00:00\",\"breadcrumb\":{\"@id\":\"https:\\\/\\\/www.helasverige.se\\\/gavleborg\\\/exempelsida\\\/projekt\\\/i-med-och-motvind-ny\\\/#breadcrumb\"},\"inLanguage\":\"sv-SE\",\"potentialAction\":[{\"@type\":\"ReadAction\",\"target\":[\"https:\\\/\\\/www.helasverige.se\\\/gavleborg\\\/exempelsida\\\/projekt\\\/i-med-och-motvind-ny\\\/\"]}]},{\"@type\":\"ImageObject\",\"inLanguage\":\"sv-SE\",\"@id\":\"https:\\\/\\\/www.helasverige.se\\\/gavleborg\\\/exempelsida\\\/projekt\\\/i-med-och-motvind-ny\\\/#primaryimage\",\"url\":\"https:\\\/\\\/www.helasverige.se\\\/gavleborg\\\/wp-content\\\/uploads\\\/sites\\\/24\\\/2023\\\/12\\\/Forankrad-i-med-och-motvind_logotyp_gul.png\",\"contentUrl\":\"https:\\\/\\\/www.helasverige.se\\\/gavleborg\\\/wp-content\\\/uploads\\\/sites\\\/24\\\/2023\\\/12\\\/Forankrad-i-med-och-motvind_logotyp_gul.png\",\"width\":1080,\"height\":1317},{\"@type\":\"BreadcrumbList\",\"@id\":\"https:\\\/\\\/www.helasverige.se\\\/gavleborg\\\/exempelsida\\\/projekt\\\/i-med-och-motvind-ny\\\/#breadcrumb\",\"itemListElement\":[{\"@type\":\"ListItem\",\"position\":1,\"name\":\"Home\",\"item\":\"https:\\\/\\\/www.helasverige.se\\\/gavleborg\\\/\"},{\"@type\":\"ListItem\",\"position\":2,\"name\":\"Hela Sverige X-ing G\u00e4vleborg\",\"item\":\"https:\\\/\\\/www.helasverige.se\\\/gavleborg\\\/\"},{\"@type\":\"ListItem\",\"position\":3,\"name\":\"Projekt\",\"item\":\"https:\\\/\\\/www.helasverige.se\\\/gavleborg\\\/exempelsida\\\/projekt\\\/\"},{\"@type\":\"ListItem\",\"position\":4,\"name\":\"F\u00f6rankrad i med och motvind\"}]},{\"@type\":\"WebSite\",\"@id\":\"https:\\\/\\\/www.helasverige.se\\\/gavleborg\\\/#website\",\"url\":\"https:\\\/\\\/www.helasverige.se\\\/gavleborg\\\/\",\"name\":\"\",\"description\":\"\u00c4nnu en webbplats hos Hela Sverige ska leva\",\"potentialAction\":[{\"@type\":\"SearchAction\",\"target\":{\"@type\":\"EntryPoint\",\"urlTemplate\":\"https:\\\/\\\/www.helasverige.se\\\/gavleborg\\\/?s={search_term_string}\"},\"query-input\":{\"@type\":\"PropertyValueSpecification\",\"valueRequired\":true,\"valueName\":\"search_term_string\"}}],\"inLanguage\":\"sv-SE\"}]}<\/script>\n<!-- \/ Yoast SEO Premium plugin. -->","yoast_head_json":{"title":"G\u00e4vleborg - F\u00f6rankrad i med och motvind -","robots":{"index":"index","follow":"follow","max-snippet":"max-snippet:-1","max-image-preview":"max-image-preview:large","max-video-preview":"max-video-preview:-1"},"canonical":"https:\/\/www.helasverige.se\/gavleborg\/exempelsida\/projekt\/i-med-och-motvind-ny\/","og_locale":"sv_SE","og_type":"article","og_title":"G\u00e4vleborg - F\u00f6rankrad i med och motvind","og_description":"F\u00f6rankrad i med och motvind \u201d- lokal delaktighet som grund f\u00f6r vindbruksplanering&#8221; Vindkraften \u00e4r ett omr\u00e5de med risk f\u00f6r konflikter mellan olika intressen och att man kan se vindkraft som ett hot eller en m\u00f6jlighet. Projektet tar inte st\u00e4llning f\u00f6r eller emot vindkraft, men finns som st\u00f6d till bygden med fokus p\u00e5 lokal delaktighet.","og_url":"https:\/\/www.helasverige.se\/gavleborg\/exempelsida\/projekt\/i-med-och-motvind-ny\/","article_modified_time":"2024-05-22T08:23:19+00:00","og_image":[{"width":1080,"height":1317,"url":"https:\/\/www.helasverige.se\/gavleborg\/wp-content\/uploads\/sites\/24\/2023\/12\/Forankrad-i-med-och-motvind_logotyp_gul.png","type":"image\/png"}],"twitter_card":"summary_large_image","twitter_misc":{"Ber\u00e4knad l\u00e4stid":"1 minut"},"schema":{"@context":"https:\/\/schema.org","@graph":[{"@type":"WebPage","@id":"https:\/\/www.helasverige.se\/gavleborg\/exempelsida\/projekt\/i-med-och-motvind-ny\/","url":"https:\/\/www.helasverige.se\/gavleborg\/exempelsida\/projekt\/i-med-och-motvind-ny\/","name":"G\u00e4vleborg - F\u00f6rankrad i med och motvind -","isPartOf":{"@id":"https:\/\/www.helasverige.se\/gavleborg\/#website"},"primaryImageOfPage":{"@id":"https:\/\/www.helasverige.se\/gavleborg\/exempelsida\/projekt\/i-med-och-motvind-ny\/#primaryimage"},"image":{"@id":"https:\/\/www.helasverige.se\/gavleborg\/exempelsida\/projekt\/i-med-och-motvind-ny\/#primaryimage"},"thumbnailUrl":"https:\/\/www.helasverige.se\/gavleborg\/wp-content\/uploads\/sites\/24\/2023\/12\/Forankrad-i-med-och-motvind_logotyp_gul.png","datePublished":"2022-09-21T09:31:45+00:00","dateModified":"2024-05-22T08:23:19+00:00","breadcrumb":{"@id":"https:\/\/www.helasverige.se\/gavleborg\/exempelsida\/projekt\/i-med-och-motvind-ny\/#breadcrumb"},"inLanguage":"sv-SE","potentialAction":[{"@type":"ReadAction","target":["https:\/\/www.helasverige.se\/gavleborg\/exempelsida\/projekt\/i-med-och-motvind-ny\/"]}]},{"@type":"ImageObject","inLanguage":"sv-SE","@id":"https:\/\/www.helasverige.se\/gavleborg\/exempelsida\/projekt\/i-med-och-motvind-ny\/#primaryimage","url":"https:\/\/www.helasverige.se\/gavleborg\/wp-content\/uploads\/sites\/24\/2023\/12\/Forankrad-i-med-och-motvind_logotyp_gul.png","contentUrl":"https:\/\/www.helasverige.se\/gavleborg\/wp-content\/uploads\/sites\/24\/2023\/12\/Forankrad-i-med-och-motvind_logotyp_gul.png","width":1080,"height":1317},{"@type":"BreadcrumbList","@id":"https:\/\/www.helasverige.se\/gavleborg\/exempelsida\/projekt\/i-med-och-motvind-ny\/#breadcrumb","itemListElement":[{"@type":"ListItem","position":1,"name":"Home","item":"https:\/\/www.helasverige.se\/gavleborg\/"},{"@type":"ListItem","position":2,"name":"Hela Sverige X-ing G\u00e4vleborg","item":"https:\/\/www.helasverige.se\/gavleborg\/"},{"@type":"ListItem","position":3,"name":"Projekt","item":"https:\/\/www.helasverige.se\/gavleborg\/exempelsida\/projekt\/"},{"@type":"ListItem","position":4,"name":"F\u00f6rankrad i med och motvind"}]},{"@type":"WebSite","@id":"https:\/\/www.helasverige.se\/gavleborg\/#website","url":"https:\/\/www.helasverige.se\/gavleborg\/","name":"","description":"\u00c4nnu en webbplats hos Hela Sverige ska leva","potentialAction":[{"@type":"SearchAction","target":{"@type":"EntryPoint","urlTemplate":"https:\/\/www.helasverige.se\/gavleborg\/?s={search_term_string}"},"query-input":{"@type":"PropertyValueSpecification","valueRequired":true,"valueName":"search_term_string"}}],"inLanguage":"sv-SE"}]}},"_links":{"self":[{"href":"https:\/\/www.helasverige.se\/gavleborg\/wp-json\/wp\/v2\/pages\/3190","targetHints":{"allow":["GET"]}}],"collection":[{"href":"https:\/\/www.helasverige.se\/gavleborg\/wp-json\/wp\/v2\/pages"}],"about":[{"href":"https:\/\/www.helasverige.se\/gavleborg\/wp-json\/wp\/v2\/types\/page"}],"author":[{"embeddable":true,"href":"https:\/\/www.helasverige.se\/gavleborg\/wp-json\/wp\/v2\/users\/19"}],"replies":[{"embeddable":true,"href":"https:\/\/www.helasverige.se\/gavleborg\/wp-json\/wp\/v2\/comments?post=3190"}],"version-history":[{"count":111,"href":"https:\/\/www.helasverige.se\/gavleborg\/wp-json\/wp\/v2\/pages\/3190\/revisions"}],"predecessor-version":[{"id":4289,"href":"https:\/\/www.helasverige.se\/gavleborg\/wp-json\/wp\/v2\/pages\/3190\/revisions\/4289"}],"up":[{"embeddable":true,"href":"https:\/\/www.helasverige.se\/gavleborg\/wp-json\/wp\/v2\/pages\/503"}],"wp:featuredmedia":[{"embeddable":true,"href":"https:\/\/www.helasverige.se\/gavleborg\/wp-json\/wp\/v2\/media\/4026"}],"wp:attachment":[{"href":"https:\/\/www.helasverige.se\/gavleborg\/wp-json\/wp\/v2\/media?parent=3190"}],"curies":[{"name":"wp","href":"https:\/\/api.w.org\/{rel}","templated":true}]}}