{"id":4731,"date":"2025-10-10T13:22:21","date_gmt":"2025-10-10T11:22:21","guid":{"rendered":"https:\/\/www.helasverige.se\/gavleborg\/?page_id=4731"},"modified":"2025-11-21T10:31:01","modified_gmt":"2025-11-21T09:31:01","slug":"lokus","status":"publish","type":"page","link":"https:\/\/www.helasverige.se\/gavleborg\/lokus\/","title":{"rendered":"LOKUS"},"content":{"rendered":"<h2>F\u00f6rstudieprojektet LOKUS<\/h2>\n<p>Projektet LOKUS (Lokal platsutveckling i samverkan i Norra Mellansverige) \u00e4r ett f\u00f6rstudieprojekt tillsammans med Hela Sverige Dalarna. F\u00f6rstudien har finansiering fr\u00e5n Tillv\u00e4xtverket<br \/>\n(Regionala Utvecklingsfonden) och Region G\u00e4vleborg. Den kommer att p\u00e5g\u00e5 i 9 m\u00e5nader och<br \/>\nhar nyss kommit ig\u00e5ng p\u00e5 allvar. X-ings del i projektet drivs av Lisa Holmberg fr\u00e5n Norrbo i Hudiksvalls kommun p\u00e5 deltid .<br \/>\nI korthet g\u00e5r projektet ut p\u00e5 att skapa f\u00f6ruts\u00e4ttningar f\u00f6r bygderna att komma ig\u00e5ng med lokala utvecklingsprojekt som till exempel en f\u00f6ljd av sina lokala utvecklingsplaner (LUPar). F\u00f6rstudien ska beskriva vad som beh\u00f6ver tas fram i ett genomf\u00f6randeprojekt. Nu i b\u00f6rjan av f\u00f6rstudien genomf\u00f6rs en behovsstudie.<br \/>\nI tidigare kommunikation har det n\u00e4mnts att \u00e4ven Hela Sverige V\u00e4rmland \u00e4r med i projektet. Tyv\u00e4rr har de varit<br \/>\ntvungna att backa ut ur projektet p\u00e5 grund av resursbrist. I grunden p\u00e5verkas inte projektet av f\u00f6r\u00e4ndringen.<\/p>\n","protected":false},"excerpt":{"rendered":"<p>F\u00f6rstudieprojektet LOKUS Projektet LOKUS (Lokal platsutveckling i samverkan i Norra Mellansverige) \u00e4r ett f\u00f6rstudieprojekt tillsammans med Hela Sverige Dalarna. F\u00f6rstudien har finansiering fr\u00e5n Tillv\u00e4xtverket (Regionala Utvecklingsfonden) och Region G\u00e4vleborg. Den kommer att p\u00e5g\u00e5 i 9 m\u00e5nader och har nyss kommit ig\u00e5ng p\u00e5 allvar. X-ings del i projektet drivs av Lisa Holmberg fr\u00e5n Norrbo i Hudiksvalls [&hellip;]<\/p>\n","protected":false},"author":19,"featured_media":0,"parent":0,"menu_order":0,"comment_status":"closed","ping_status":"closed","template":"tpl-lansavdelning-artikel.php","meta":{"_acf_changed":false,"footnotes":""},"class_list":["post-4731","page","type-page","status-publish","hentry"],"acf":[],"yoast_head":"<!-- This site is optimized with the Yoast SEO Premium plugin v27.4 (Yoast SEO v27.6) - https:\/\/yoast.com\/product\/yoast-seo-premium-wordpress\/ -->\n<title>G\u00e4vleborg - LOKUS -<\/title>\n<meta name=\"robots\" content=\"index, follow, max-snippet:-1, max-image-preview:large, max-video-preview:-1\" \/>\n<link rel=\"canonical\" href=\"https:\/\/www.helasverige.se\/gavleborg\/lokus\/\" \/>\n<meta property=\"og:locale\" content=\"sv_SE\" \/>\n<meta property=\"og:type\" content=\"article\" \/>\n<meta property=\"og:title\" content=\"G\u00e4vleborg - LOKUS\" \/>\n<meta property=\"og:description\" content=\"F\u00f6rstudieprojektet LOKUS Projektet LOKUS (Lokal platsutveckling i samverkan i Norra Mellansverige) \u00e4r ett f\u00f6rstudieprojekt tillsammans med Hela Sverige Dalarna. F\u00f6rstudien har finansiering fr\u00e5n Tillv\u00e4xtverket (Regionala Utvecklingsfonden) och Region G\u00e4vleborg. Den kommer att p\u00e5g\u00e5 i 9 m\u00e5nader och har nyss kommit ig\u00e5ng p\u00e5 allvar. X-ings del i projektet drivs av Lisa Holmberg fr\u00e5n Norrbo i Hudiksvalls [&hellip;]\" \/>\n<meta property=\"og:url\" content=\"https:\/\/www.helasverige.se\/gavleborg\/lokus\/\" \/>\n<meta property=\"article:modified_time\" content=\"2025-11-21T09:31:01+00:00\" \/>\n<meta name=\"twitter:card\" content=\"summary_large_image\" \/>\n<meta name=\"twitter:label1\" content=\"Ber\u00e4knad l\u00e4stid\" \/>\n\t<meta name=\"twitter:data1\" content=\"1 minut\" \/>\n<script type=\"application\/ld+json\" class=\"yoast-schema-graph\">{\"@context\":\"https:\\\/\\\/schema.org\",\"@graph\":[{\"@type\":\"WebPage\",\"@id\":\"https:\\\/\\\/www.helasverige.se\\\/gavleborg\\\/lokus\\\/\",\"url\":\"https:\\\/\\\/www.helasverige.se\\\/gavleborg\\\/lokus\\\/\",\"name\":\"G\u00e4vleborg - LOKUS -\",\"isPartOf\":{\"@id\":\"https:\\\/\\\/www.helasverige.se\\\/gavleborg\\\/#website\"},\"datePublished\":\"2025-10-10T11:22:21+00:00\",\"dateModified\":\"2025-11-21T09:31:01+00:00\",\"breadcrumb\":{\"@id\":\"https:\\\/\\\/www.helasverige.se\\\/gavleborg\\\/lokus\\\/#breadcrumb\"},\"inLanguage\":\"sv-SE\",\"potentialAction\":[{\"@type\":\"ReadAction\",\"target\":[\"https:\\\/\\\/www.helasverige.se\\\/gavleborg\\\/lokus\\\/\"]}]},{\"@type\":\"BreadcrumbList\",\"@id\":\"https:\\\/\\\/www.helasverige.se\\\/gavleborg\\\/lokus\\\/#breadcrumb\",\"itemListElement\":[{\"@type\":\"ListItem\",\"position\":1,\"name\":\"Home\",\"item\":\"https:\\\/\\\/www.helasverige.se\\\/gavleborg\\\/\"},{\"@type\":\"ListItem\",\"position\":2,\"name\":\"LOKUS\"}]},{\"@type\":\"WebSite\",\"@id\":\"https:\\\/\\\/www.helasverige.se\\\/gavleborg\\\/#website\",\"url\":\"https:\\\/\\\/www.helasverige.se\\\/gavleborg\\\/\",\"name\":\"\",\"description\":\"\u00c4nnu en webbplats hos Hela Sverige ska leva\",\"potentialAction\":[{\"@type\":\"SearchAction\",\"target\":{\"@type\":\"EntryPoint\",\"urlTemplate\":\"https:\\\/\\\/www.helasverige.se\\\/gavleborg\\\/?s={search_term_string}\"},\"query-input\":{\"@type\":\"PropertyValueSpecification\",\"valueRequired\":true,\"valueName\":\"search_term_string\"}}],\"inLanguage\":\"sv-SE\"}]}<\/script>\n<!-- \/ Yoast SEO Premium plugin. -->","yoast_head_json":{"title":"G\u00e4vleborg - LOKUS -","robots":{"index":"index","follow":"follow","max-snippet":"max-snippet:-1","max-image-preview":"max-image-preview:large","max-video-preview":"max-video-preview:-1"},"canonical":"https:\/\/www.helasverige.se\/gavleborg\/lokus\/","og_locale":"sv_SE","og_type":"article","og_title":"G\u00e4vleborg - LOKUS","og_description":"F\u00f6rstudieprojektet LOKUS Projektet LOKUS (Lokal platsutveckling i samverkan i Norra Mellansverige) \u00e4r ett f\u00f6rstudieprojekt tillsammans med Hela Sverige Dalarna. F\u00f6rstudien har finansiering fr\u00e5n Tillv\u00e4xtverket (Regionala Utvecklingsfonden) och Region G\u00e4vleborg. Den kommer att p\u00e5g\u00e5 i 9 m\u00e5nader och har nyss kommit ig\u00e5ng p\u00e5 allvar. X-ings del i projektet drivs av Lisa Holmberg fr\u00e5n Norrbo i Hudiksvalls [&hellip;]","og_url":"https:\/\/www.helasverige.se\/gavleborg\/lokus\/","article_modified_time":"2025-11-21T09:31:01+00:00","twitter_card":"summary_large_image","twitter_misc":{"Ber\u00e4knad l\u00e4stid":"1 minut"},"schema":{"@context":"https:\/\/schema.org","@graph":[{"@type":"WebPage","@id":"https:\/\/www.helasverige.se\/gavleborg\/lokus\/","url":"https:\/\/www.helasverige.se\/gavleborg\/lokus\/","name":"G\u00e4vleborg - LOKUS -","isPartOf":{"@id":"https:\/\/www.helasverige.se\/gavleborg\/#website"},"datePublished":"2025-10-10T11:22:21+00:00","dateModified":"2025-11-21T09:31:01+00:00","breadcrumb":{"@id":"https:\/\/www.helasverige.se\/gavleborg\/lokus\/#breadcrumb"},"inLanguage":"sv-SE","potentialAction":[{"@type":"ReadAction","target":["https:\/\/www.helasverige.se\/gavleborg\/lokus\/"]}]},{"@type":"BreadcrumbList","@id":"https:\/\/www.helasverige.se\/gavleborg\/lokus\/#breadcrumb","itemListElement":[{"@type":"ListItem","position":1,"name":"Home","item":"https:\/\/www.helasverige.se\/gavleborg\/"},{"@type":"ListItem","position":2,"name":"LOKUS"}]},{"@type":"WebSite","@id":"https:\/\/www.helasverige.se\/gavleborg\/#website","url":"https:\/\/www.helasverige.se\/gavleborg\/","name":"","description":"\u00c4nnu en webbplats hos Hela Sverige ska leva","potentialAction":[{"@type":"SearchAction","target":{"@type":"EntryPoint","urlTemplate":"https:\/\/www.helasverige.se\/gavleborg\/?s={search_term_string}"},"query-input":{"@type":"PropertyValueSpecification","valueRequired":true,"valueName":"search_term_string"}}],"inLanguage":"sv-SE"}]}},"_links":{"self":[{"href":"https:\/\/www.helasverige.se\/gavleborg\/wp-json\/wp\/v2\/pages\/4731","targetHints":{"allow":["GET"]}}],"collection":[{"href":"https:\/\/www.helasverige.se\/gavleborg\/wp-json\/wp\/v2\/pages"}],"about":[{"href":"https:\/\/www.helasverige.se\/gavleborg\/wp-json\/wp\/v2\/types\/page"}],"author":[{"embeddable":true,"href":"https:\/\/www.helasverige.se\/gavleborg\/wp-json\/wp\/v2\/users\/19"}],"replies":[{"embeddable":true,"href":"https:\/\/www.helasverige.se\/gavleborg\/wp-json\/wp\/v2\/comments?post=4731"}],"version-history":[{"count":6,"href":"https:\/\/www.helasverige.se\/gavleborg\/wp-json\/wp\/v2\/pages\/4731\/revisions"}],"predecessor-version":[{"id":4787,"href":"https:\/\/www.helasverige.se\/gavleborg\/wp-json\/wp\/v2\/pages\/4731\/revisions\/4787"}],"wp:attachment":[{"href":"https:\/\/www.helasverige.se\/gavleborg\/wp-json\/wp\/v2\/media?parent=4731"}],"curies":[{"name":"wp","href":"https:\/\/api.w.org\/{rel}","templated":true}]}}