{"id":1088,"date":"2024-02-27T16:40:21","date_gmt":"2024-02-27T15:40:21","guid":{"rendered":"https:\/\/www.helasverige.se\/goteborgsregionen\/?page_id=1088"},"modified":"2024-02-27T16:40:21","modified_gmt":"2024-02-27T15:40:21","slug":"om-karin-haby","status":"publish","type":"page","link":"https:\/\/www.helasverige.se\/goteborgsregionen\/kontaktuppgifter\/om-karin-haby\/","title":{"rendered":"Om Karin Haby"},"content":{"rendered":"<div id=\"attachment_1016\" style=\"width: 1034px\" class=\"wp-caption alignnone\"><img loading=\"lazy\" decoding=\"async\" aria-describedby=\"caption-attachment-1016\" class=\"size-large wp-image-1016\" src=\"https:\/\/www.helasverige.se\/goteborgsregionen\/wp-content\/uploads\/sites\/2\/2023\/08\/HSG-profilbild-Karin-1024x341.jpg\" alt=\"Karin Haby, Tj\u00f6rn\" width=\"1024\" height=\"341\" srcset=\"https:\/\/www.helasverige.se\/goteborgsregionen\/wp-content\/uploads\/sites\/2\/2023\/08\/HSG-profilbild-Karin-1024x341.jpg 1024w, https:\/\/www.helasverige.se\/goteborgsregionen\/wp-content\/uploads\/sites\/2\/2023\/08\/HSG-profilbild-Karin-300x100.jpg 300w, https:\/\/www.helasverige.se\/goteborgsregionen\/wp-content\/uploads\/sites\/2\/2023\/08\/HSG-profilbild-Karin-768x256.jpg 768w, https:\/\/www.helasverige.se\/goteborgsregionen\/wp-content\/uploads\/sites\/2\/2023\/08\/HSG-profilbild-Karin-1536x512.jpg 1536w, https:\/\/www.helasverige.se\/goteborgsregionen\/wp-content\/uploads\/sites\/2\/2023\/08\/HSG-profilbild-Karin-2048x682.jpg 2048w\" sizes=\"auto, (max-width: 1024px) 100vw, 1024px\" \/><p id=\"caption-attachment-1016\" class=\"wp-caption-text\">Karin Haby, Tj\u00f6rn<\/p><\/div>\n<p>Bor i Sk\u00e4rhamn sen 10 \u00e5r, dessf\u00f6rinnan G\u00f6teborgare sen 1960. Jobbar som dietist och som Bohusguide. Engagerad i civilsamh\u00e4llet och f\u00f6reningslivet p\u00e5 Tj\u00f6rn, bl a Naturskyddsf\u00f6reningen och Omst\u00e4llningsr\u00f6relsen.<\/p>\n<p>\u00c4r g\u00e4rna med familj och v\u00e4nner i naturen &#8211; sn\u00f6n, skridskoisen, segelb\u00e5t och kajak. L\u00e4ser g\u00e4rna och pratar bok och ser film p\u00e5 lokala biografen i Sk\u00e4rhamn<\/p>\n<p>Jag dr\u00f6mmer om ett lokalsamh\u00e4lle som fungerar att bo, arbeta och verka i d\u00e4r milj\u00f6-, klimat- och biologisk m\u00e5ngfaldsfr\u00e5gor v\u00e4vs in i alla beslut och p\u00e5 alla niv\u00e5er.<\/p>\n<p>Tj\u00f6rn \u00e4r en \u00f6 med goda f\u00f6ruts\u00e4ttningar vad g\u00e4ller energi- och matproduktion och jag skulle \u00f6nska att vi siktade mot h\u00f6gre sj\u00e4lvf\u00f6rs\u00f6rjningsgrad inom dessa omr\u00e5den (sol, vind, vatten, odling). Jag ser uppdraget i Hela Sverige G\u00f6teborgsregionen som ytterligare ett s\u00e4tt att verka f\u00f6r en levande landsbygd och att h\u00e5lla demokratifr\u00e5gorna levande.<\/p>\n<p><a href=\"https:\/\/bohuslanguide.se\/karin-haby\">https:\/\/bohuslanguide.se\/karin-haby<\/a><\/p>\n<p><a href=\"https:\/\/www.omstallningtjorn.se\/om-omstallning-tjorn\/\">https:\/\/www.omstallningtjorn.se\/om-omstallning-tjorn\/<\/a><\/p>\n<p><a href=\"https:\/\/tjorn.naturskyddsforeningen.se\/\">https:\/\/tjorn.naturskyddsforeningen.se\/<\/a><\/p>\n","protected":false},"excerpt":{"rendered":"<p>Bor i Sk\u00e4rhamn sen 10 \u00e5r, dessf\u00f6rinnan G\u00f6teborgare sen 1960. Jobbar som dietist och som Bohusguide. Engagerad i civilsamh\u00e4llet och f\u00f6reningslivet p\u00e5 Tj\u00f6rn, bl a Naturskyddsf\u00f6reningen och Omst\u00e4llningsr\u00f6relsen. \u00c4r g\u00e4rna med familj och v\u00e4nner i naturen &#8211; sn\u00f6n, skridskoisen, segelb\u00e5t och kajak. L\u00e4ser g\u00e4rna och pratar bok och ser film p\u00e5 lokala biografen i Sk\u00e4rhamn [&hellip;]<\/p>\n","protected":false},"author":12,"featured_media":0,"parent":28,"menu_order":0,"comment_status":"closed","ping_status":"closed","template":"","meta":{"_acf_changed":false,"footnotes":""},"class_list":["post-1088","page","type-page","status-publish","hentry"],"acf":[],"yoast_head":"<!-- This site is optimized with the Yoast SEO Premium plugin v27.3 (Yoast SEO v27.4) - https:\/\/yoast.com\/product\/yoast-seo-premium-wordpress\/ -->\n<title>G\u00f6teborgsregionen - Om Karin Haby -<\/title>\n<meta name=\"robots\" content=\"index, follow, max-snippet:-1, max-image-preview:large, max-video-preview:-1\" \/>\n<link rel=\"canonical\" href=\"https:\/\/www.helasverige.se\/goteborgsregionen\/kontaktuppgifter\/om-karin-haby\/\" \/>\n<meta property=\"og:locale\" content=\"sv_SE\" \/>\n<meta property=\"og:type\" content=\"article\" \/>\n<meta property=\"og:title\" content=\"G\u00f6teborgsregionen - Om Karin Haby\" \/>\n<meta property=\"og:description\" content=\"Bor i Sk\u00e4rhamn sen 10 \u00e5r, dessf\u00f6rinnan G\u00f6teborgare sen 1960. Jobbar som dietist och som Bohusguide. Engagerad i civilsamh\u00e4llet och f\u00f6reningslivet p\u00e5 Tj\u00f6rn, bl a Naturskyddsf\u00f6reningen och Omst\u00e4llningsr\u00f6relsen. \u00c4r g\u00e4rna med familj och v\u00e4nner i naturen &#8211; sn\u00f6n, skridskoisen, segelb\u00e5t och kajak. L\u00e4ser g\u00e4rna och pratar bok och ser film p\u00e5 lokala biografen i Sk\u00e4rhamn [&hellip;]\" \/>\n<meta property=\"og:url\" content=\"https:\/\/www.helasverige.se\/goteborgsregionen\/kontaktuppgifter\/om-karin-haby\/\" \/>\n<meta property=\"og:image\" content=\"https:\/\/www.helasverige.se\/goteborgsregionen\/wp-content\/uploads\/sites\/2\/2023\/08\/HSG-profilbild-Karin-1024x341.jpg\" \/>\n<meta name=\"twitter:card\" content=\"summary_large_image\" \/>\n<meta name=\"twitter:label1\" content=\"Ber\u00e4knad l\u00e4stid\" \/>\n\t<meta name=\"twitter:data1\" content=\"1 minut\" \/>\n<script type=\"application\/ld+json\" class=\"yoast-schema-graph\">{\"@context\":\"https:\\\/\\\/schema.org\",\"@graph\":[{\"@type\":\"WebPage\",\"@id\":\"https:\\\/\\\/www.helasverige.se\\\/goteborgsregionen\\\/kontaktuppgifter\\\/om-karin-haby\\\/\",\"url\":\"https:\\\/\\\/www.helasverige.se\\\/goteborgsregionen\\\/kontaktuppgifter\\\/om-karin-haby\\\/\",\"name\":\"G\u00f6teborgsregionen - Om Karin Haby -\",\"isPartOf\":{\"@id\":\"https:\\\/\\\/www.helasverige.se\\\/goteborgsregionen\\\/#website\"},\"primaryImageOfPage\":{\"@id\":\"https:\\\/\\\/www.helasverige.se\\\/goteborgsregionen\\\/kontaktuppgifter\\\/om-karin-haby\\\/#primaryimage\"},\"image\":{\"@id\":\"https:\\\/\\\/www.helasverige.se\\\/goteborgsregionen\\\/kontaktuppgifter\\\/om-karin-haby\\\/#primaryimage\"},\"thumbnailUrl\":\"https:\\\/\\\/www.helasverige.se\\\/goteborgsregionen\\\/wp-content\\\/uploads\\\/sites\\\/2\\\/2023\\\/08\\\/HSG-profilbild-Karin-1024x341.jpg\",\"datePublished\":\"2024-02-27T15:40:21+00:00\",\"breadcrumb\":{\"@id\":\"https:\\\/\\\/www.helasverige.se\\\/goteborgsregionen\\\/kontaktuppgifter\\\/om-karin-haby\\\/#breadcrumb\"},\"inLanguage\":\"sv-SE\",\"potentialAction\":[{\"@type\":\"ReadAction\",\"target\":[\"https:\\\/\\\/www.helasverige.se\\\/goteborgsregionen\\\/kontaktuppgifter\\\/om-karin-haby\\\/\"]}]},{\"@type\":\"ImageObject\",\"inLanguage\":\"sv-SE\",\"@id\":\"https:\\\/\\\/www.helasverige.se\\\/goteborgsregionen\\\/kontaktuppgifter\\\/om-karin-haby\\\/#primaryimage\",\"url\":\"https:\\\/\\\/www.helasverige.se\\\/goteborgsregionen\\\/wp-content\\\/uploads\\\/sites\\\/2\\\/2023\\\/08\\\/HSG-profilbild-Karin.jpg\",\"contentUrl\":\"https:\\\/\\\/www.helasverige.se\\\/goteborgsregionen\\\/wp-content\\\/uploads\\\/sites\\\/2\\\/2023\\\/08\\\/HSG-profilbild-Karin.jpg\",\"width\":2500,\"height\":833,\"caption\":\"Karin Haby, Tj\u00f6rn\"},{\"@type\":\"BreadcrumbList\",\"@id\":\"https:\\\/\\\/www.helasverige.se\\\/goteborgsregionen\\\/kontaktuppgifter\\\/om-karin-haby\\\/#breadcrumb\",\"itemListElement\":[{\"@type\":\"ListItem\",\"position\":1,\"name\":\"Home\",\"item\":\"https:\\\/\\\/www.helasverige.se\\\/goteborgsregionen\\\/\"},{\"@type\":\"ListItem\",\"position\":2,\"name\":\"Kontaktuppgifter\",\"item\":\"https:\\\/\\\/www.helasverige.se\\\/goteborgsregionen\\\/kontaktuppgifter\\\/\"},{\"@type\":\"ListItem\",\"position\":3,\"name\":\"Om Karin Haby\"}]},{\"@type\":\"WebSite\",\"@id\":\"https:\\\/\\\/www.helasverige.se\\\/goteborgsregionen\\\/#website\",\"url\":\"https:\\\/\\\/www.helasverige.se\\\/goteborgsregionen\\\/\",\"name\":\"\",\"description\":\"\u00c4nnu en webbplats hos Hela Sverige ska leva\",\"potentialAction\":[{\"@type\":\"SearchAction\",\"target\":{\"@type\":\"EntryPoint\",\"urlTemplate\":\"https:\\\/\\\/www.helasverige.se\\\/goteborgsregionen\\\/?s={search_term_string}\"},\"query-input\":{\"@type\":\"PropertyValueSpecification\",\"valueRequired\":true,\"valueName\":\"search_term_string\"}}],\"inLanguage\":\"sv-SE\"}]}<\/script>\n<!-- \/ Yoast SEO Premium plugin. -->","yoast_head_json":{"title":"G\u00f6teborgsregionen - Om Karin Haby -","robots":{"index":"index","follow":"follow","max-snippet":"max-snippet:-1","max-image-preview":"max-image-preview:large","max-video-preview":"max-video-preview:-1"},"canonical":"https:\/\/www.helasverige.se\/goteborgsregionen\/kontaktuppgifter\/om-karin-haby\/","og_locale":"sv_SE","og_type":"article","og_title":"G\u00f6teborgsregionen - Om Karin Haby","og_description":"Bor i Sk\u00e4rhamn sen 10 \u00e5r, dessf\u00f6rinnan G\u00f6teborgare sen 1960. Jobbar som dietist och som Bohusguide. Engagerad i civilsamh\u00e4llet och f\u00f6reningslivet p\u00e5 Tj\u00f6rn, bl a Naturskyddsf\u00f6reningen och Omst\u00e4llningsr\u00f6relsen. \u00c4r g\u00e4rna med familj och v\u00e4nner i naturen &#8211; sn\u00f6n, skridskoisen, segelb\u00e5t och kajak. L\u00e4ser g\u00e4rna och pratar bok och ser film p\u00e5 lokala biografen i Sk\u00e4rhamn [&hellip;]","og_url":"https:\/\/www.helasverige.se\/goteborgsregionen\/kontaktuppgifter\/om-karin-haby\/","og_image":[{"url":"https:\/\/www.helasverige.se\/goteborgsregionen\/wp-content\/uploads\/sites\/2\/2023\/08\/HSG-profilbild-Karin-1024x341.jpg","type":"","width":"","height":""}],"twitter_card":"summary_large_image","twitter_misc":{"Ber\u00e4knad l\u00e4stid":"1 minut"},"schema":{"@context":"https:\/\/schema.org","@graph":[{"@type":"WebPage","@id":"https:\/\/www.helasverige.se\/goteborgsregionen\/kontaktuppgifter\/om-karin-haby\/","url":"https:\/\/www.helasverige.se\/goteborgsregionen\/kontaktuppgifter\/om-karin-haby\/","name":"G\u00f6teborgsregionen - Om Karin Haby -","isPartOf":{"@id":"https:\/\/www.helasverige.se\/goteborgsregionen\/#website"},"primaryImageOfPage":{"@id":"https:\/\/www.helasverige.se\/goteborgsregionen\/kontaktuppgifter\/om-karin-haby\/#primaryimage"},"image":{"@id":"https:\/\/www.helasverige.se\/goteborgsregionen\/kontaktuppgifter\/om-karin-haby\/#primaryimage"},"thumbnailUrl":"https:\/\/www.helasverige.se\/goteborgsregionen\/wp-content\/uploads\/sites\/2\/2023\/08\/HSG-profilbild-Karin-1024x341.jpg","datePublished":"2024-02-27T15:40:21+00:00","breadcrumb":{"@id":"https:\/\/www.helasverige.se\/goteborgsregionen\/kontaktuppgifter\/om-karin-haby\/#breadcrumb"},"inLanguage":"sv-SE","potentialAction":[{"@type":"ReadAction","target":["https:\/\/www.helasverige.se\/goteborgsregionen\/kontaktuppgifter\/om-karin-haby\/"]}]},{"@type":"ImageObject","inLanguage":"sv-SE","@id":"https:\/\/www.helasverige.se\/goteborgsregionen\/kontaktuppgifter\/om-karin-haby\/#primaryimage","url":"https:\/\/www.helasverige.se\/goteborgsregionen\/wp-content\/uploads\/sites\/2\/2023\/08\/HSG-profilbild-Karin.jpg","contentUrl":"https:\/\/www.helasverige.se\/goteborgsregionen\/wp-content\/uploads\/sites\/2\/2023\/08\/HSG-profilbild-Karin.jpg","width":2500,"height":833,"caption":"Karin Haby, Tj\u00f6rn"},{"@type":"BreadcrumbList","@id":"https:\/\/www.helasverige.se\/goteborgsregionen\/kontaktuppgifter\/om-karin-haby\/#breadcrumb","itemListElement":[{"@type":"ListItem","position":1,"name":"Home","item":"https:\/\/www.helasverige.se\/goteborgsregionen\/"},{"@type":"ListItem","position":2,"name":"Kontaktuppgifter","item":"https:\/\/www.helasverige.se\/goteborgsregionen\/kontaktuppgifter\/"},{"@type":"ListItem","position":3,"name":"Om Karin Haby"}]},{"@type":"WebSite","@id":"https:\/\/www.helasverige.se\/goteborgsregionen\/#website","url":"https:\/\/www.helasverige.se\/goteborgsregionen\/","name":"","description":"\u00c4nnu en webbplats hos Hela Sverige ska leva","potentialAction":[{"@type":"SearchAction","target":{"@type":"EntryPoint","urlTemplate":"https:\/\/www.helasverige.se\/goteborgsregionen\/?s={search_term_string}"},"query-input":{"@type":"PropertyValueSpecification","valueRequired":true,"valueName":"search_term_string"}}],"inLanguage":"sv-SE"}]}},"_links":{"self":[{"href":"https:\/\/www.helasverige.se\/goteborgsregionen\/wp-json\/wp\/v2\/pages\/1088","targetHints":{"allow":["GET"]}}],"collection":[{"href":"https:\/\/www.helasverige.se\/goteborgsregionen\/wp-json\/wp\/v2\/pages"}],"about":[{"href":"https:\/\/www.helasverige.se\/goteborgsregionen\/wp-json\/wp\/v2\/types\/page"}],"author":[{"embeddable":true,"href":"https:\/\/www.helasverige.se\/goteborgsregionen\/wp-json\/wp\/v2\/users\/12"}],"replies":[{"embeddable":true,"href":"https:\/\/www.helasverige.se\/goteborgsregionen\/wp-json\/wp\/v2\/comments?post=1088"}],"version-history":[{"count":1,"href":"https:\/\/www.helasverige.se\/goteborgsregionen\/wp-json\/wp\/v2\/pages\/1088\/revisions"}],"predecessor-version":[{"id":1089,"href":"https:\/\/www.helasverige.se\/goteborgsregionen\/wp-json\/wp\/v2\/pages\/1088\/revisions\/1089"}],"up":[{"embeddable":true,"href":"https:\/\/www.helasverige.se\/goteborgsregionen\/wp-json\/wp\/v2\/pages\/28"}],"wp:attachment":[{"href":"https:\/\/www.helasverige.se\/goteborgsregionen\/wp-json\/wp\/v2\/media?parent=1088"}],"curies":[{"name":"wp","href":"https:\/\/api.w.org\/{rel}","templated":true}]}}