{"id":1090,"date":"2024-02-27T16:41:16","date_gmt":"2024-02-27T15:41:16","guid":{"rendered":"https:\/\/www.helasverige.se\/goteborgsregionen\/?page_id=1090"},"modified":"2024-02-27T16:42:44","modified_gmt":"2024-02-27T15:42:44","slug":"om-berit-gullbransson","status":"publish","type":"page","link":"https:\/\/www.helasverige.se\/goteborgsregionen\/kontaktuppgifter\/om-berit-gullbransson\/","title":{"rendered":"Om Berit Gullbransson"},"content":{"rendered":"<div id=\"attachment_1017\" style=\"width: 1034px\" class=\"wp-caption alignnone\"><img loading=\"lazy\" decoding=\"async\" aria-describedby=\"caption-attachment-1017\" class=\"size-large wp-image-1017\" src=\"https:\/\/www.helasverige.se\/goteborgsregionen\/wp-content\/uploads\/sites\/2\/2023\/08\/HSG-profilbild-Berit-1024x341.jpg\" alt=\"Berit Gullbransson, \u00d6cker\u00f6\" width=\"1024\" height=\"341\" srcset=\"https:\/\/www.helasverige.se\/goteborgsregionen\/wp-content\/uploads\/sites\/2\/2023\/08\/HSG-profilbild-Berit-1024x341.jpg 1024w, https:\/\/www.helasverige.se\/goteborgsregionen\/wp-content\/uploads\/sites\/2\/2023\/08\/HSG-profilbild-Berit-300x100.jpg 300w, https:\/\/www.helasverige.se\/goteborgsregionen\/wp-content\/uploads\/sites\/2\/2023\/08\/HSG-profilbild-Berit-768x256.jpg 768w, https:\/\/www.helasverige.se\/goteborgsregionen\/wp-content\/uploads\/sites\/2\/2023\/08\/HSG-profilbild-Berit-1536x512.jpg 1536w, https:\/\/www.helasverige.se\/goteborgsregionen\/wp-content\/uploads\/sites\/2\/2023\/08\/HSG-profilbild-Berit-2048x682.jpg 2048w\" sizes=\"auto, (max-width: 1024px) 100vw, 1024px\" \/><p id=\"caption-attachment-1017\" class=\"wp-caption-text\">Berit Gullbransson, \u00d6cker\u00f6<\/p><\/div>\n<p>Jag \u00e4r en pensionerad civilingenj\u00f6r som i hela mitt yrkesliv har arbetat med milj\u00f6fr\u00e5gor fr\u00e5n att fr\u00e5gan var lokal dvs rening av vatten \u00f6ver regional till att bli en global fr\u00e5ga. Jag har haft olika chefspositioner inom industrin framf\u00f6r allt skogsindustrin men ocks\u00e5 som chef p\u00e5 Sveriges milj\u00f6teknikr\u00e5d, Swentec och sedan avslutade jag som senior advisor inom forskning p\u00e5 RISE, Sveriges forskningsinstitut. Idag \u00e4r jag styrelsemedlem i \u00d6cker\u00f6-\u00f6r\u00e5d och \u00e4ven i Bohusl\u00e4ns sk\u00e4rg\u00e5rdsr\u00e5d.<\/p>\n<p>P\u00e5 fritiden \u00e4r jag mycket tillsammans med familj och barnbarn. Havet har en stor betydelse b\u00e5de f\u00f6r aktiviteter och stillhet. Jag gillar att tr\u00e4na och tr\u00e4ffa v\u00e4nner.<\/p>\n<p>Medverkan i Hela Sverige ska leva ger m\u00f6jlighet att f\u00e5 kunskap om vad som h\u00e4nder i Sverige och l\u00e4ra av andra. D\u00e4refter anpassa dessa till hemmaplan och f\u00f6rs\u00f6ka p\u00e5verka hemmakommunen. En viktig fr\u00e5ga \u00e4r att f\u00e5 regionens f\u00f6retr\u00e4dare att f\u00f6rst\u00e5 att vi har samma behov som en storstad men p\u00e5 olika s\u00e4tt fokus p\u00e5 en fungerande infrastruktur.<\/p>\n","protected":false},"excerpt":{"rendered":"<p>Jag \u00e4r en pensionerad civilingenj\u00f6r som i hela mitt yrkesliv har arbetat med milj\u00f6fr\u00e5gor fr\u00e5n att fr\u00e5gan var lokal dvs rening av vatten \u00f6ver regional till att bli en global fr\u00e5ga. Jag har haft olika chefspositioner inom industrin framf\u00f6r allt skogsindustrin men ocks\u00e5 som chef p\u00e5 Sveriges milj\u00f6teknikr\u00e5d, Swentec och sedan avslutade jag som senior [&hellip;]<\/p>\n","protected":false},"author":12,"featured_media":0,"parent":28,"menu_order":0,"comment_status":"closed","ping_status":"closed","template":"","meta":{"_acf_changed":false,"footnotes":""},"class_list":["post-1090","page","type-page","status-publish","hentry"],"acf":[],"yoast_head":"<!-- This site is optimized with the Yoast SEO Premium plugin v27.3 (Yoast SEO v27.4) - https:\/\/yoast.com\/product\/yoast-seo-premium-wordpress\/ -->\n<title>G\u00f6teborgsregionen - Om Berit Gullbransson -<\/title>\n<meta name=\"robots\" content=\"index, follow, max-snippet:-1, max-image-preview:large, max-video-preview:-1\" \/>\n<link rel=\"canonical\" href=\"https:\/\/www.helasverige.se\/goteborgsregionen\/kontaktuppgifter\/om-berit-gullbransson\/\" \/>\n<meta property=\"og:locale\" content=\"sv_SE\" \/>\n<meta property=\"og:type\" content=\"article\" \/>\n<meta property=\"og:title\" content=\"G\u00f6teborgsregionen - Om Berit Gullbransson\" \/>\n<meta property=\"og:description\" content=\"Jag \u00e4r en pensionerad civilingenj\u00f6r som i hela mitt yrkesliv har arbetat med milj\u00f6fr\u00e5gor fr\u00e5n att fr\u00e5gan var lokal dvs rening av vatten \u00f6ver regional till att bli en global fr\u00e5ga. Jag har haft olika chefspositioner inom industrin framf\u00f6r allt skogsindustrin men ocks\u00e5 som chef p\u00e5 Sveriges milj\u00f6teknikr\u00e5d, Swentec och sedan avslutade jag som senior [&hellip;]\" \/>\n<meta property=\"og:url\" content=\"https:\/\/www.helasverige.se\/goteborgsregionen\/kontaktuppgifter\/om-berit-gullbransson\/\" \/>\n<meta property=\"article:modified_time\" content=\"2024-02-27T15:42:44+00:00\" \/>\n<meta property=\"og:image\" content=\"https:\/\/www.helasverige.se\/goteborgsregionen\/wp-content\/uploads\/sites\/2\/2023\/08\/HSG-profilbild-Berit-1024x341.jpg\" \/>\n<meta name=\"twitter:card\" content=\"summary_large_image\" \/>\n<meta name=\"twitter:label1\" content=\"Ber\u00e4knad l\u00e4stid\" \/>\n\t<meta name=\"twitter:data1\" content=\"2 minuter\" \/>\n<script type=\"application\/ld+json\" class=\"yoast-schema-graph\">{\"@context\":\"https:\\\/\\\/schema.org\",\"@graph\":[{\"@type\":\"WebPage\",\"@id\":\"https:\\\/\\\/www.helasverige.se\\\/goteborgsregionen\\\/kontaktuppgifter\\\/om-berit-gullbransson\\\/\",\"url\":\"https:\\\/\\\/www.helasverige.se\\\/goteborgsregionen\\\/kontaktuppgifter\\\/om-berit-gullbransson\\\/\",\"name\":\"G\u00f6teborgsregionen - Om Berit Gullbransson -\",\"isPartOf\":{\"@id\":\"https:\\\/\\\/www.helasverige.se\\\/goteborgsregionen\\\/#website\"},\"primaryImageOfPage\":{\"@id\":\"https:\\\/\\\/www.helasverige.se\\\/goteborgsregionen\\\/kontaktuppgifter\\\/om-berit-gullbransson\\\/#primaryimage\"},\"image\":{\"@id\":\"https:\\\/\\\/www.helasverige.se\\\/goteborgsregionen\\\/kontaktuppgifter\\\/om-berit-gullbransson\\\/#primaryimage\"},\"thumbnailUrl\":\"https:\\\/\\\/www.helasverige.se\\\/goteborgsregionen\\\/wp-content\\\/uploads\\\/sites\\\/2\\\/2023\\\/08\\\/HSG-profilbild-Berit-1024x341.jpg\",\"datePublished\":\"2024-02-27T15:41:16+00:00\",\"dateModified\":\"2024-02-27T15:42:44+00:00\",\"breadcrumb\":{\"@id\":\"https:\\\/\\\/www.helasverige.se\\\/goteborgsregionen\\\/kontaktuppgifter\\\/om-berit-gullbransson\\\/#breadcrumb\"},\"inLanguage\":\"sv-SE\",\"potentialAction\":[{\"@type\":\"ReadAction\",\"target\":[\"https:\\\/\\\/www.helasverige.se\\\/goteborgsregionen\\\/kontaktuppgifter\\\/om-berit-gullbransson\\\/\"]}]},{\"@type\":\"ImageObject\",\"inLanguage\":\"sv-SE\",\"@id\":\"https:\\\/\\\/www.helasverige.se\\\/goteborgsregionen\\\/kontaktuppgifter\\\/om-berit-gullbransson\\\/#primaryimage\",\"url\":\"https:\\\/\\\/www.helasverige.se\\\/goteborgsregionen\\\/wp-content\\\/uploads\\\/sites\\\/2\\\/2023\\\/08\\\/HSG-profilbild-Berit.jpg\",\"contentUrl\":\"https:\\\/\\\/www.helasverige.se\\\/goteborgsregionen\\\/wp-content\\\/uploads\\\/sites\\\/2\\\/2023\\\/08\\\/HSG-profilbild-Berit.jpg\",\"width\":2500,\"height\":833,\"caption\":\"Berit Gullbransson, \u00d6cker\u00f6\"},{\"@type\":\"BreadcrumbList\",\"@id\":\"https:\\\/\\\/www.helasverige.se\\\/goteborgsregionen\\\/kontaktuppgifter\\\/om-berit-gullbransson\\\/#breadcrumb\",\"itemListElement\":[{\"@type\":\"ListItem\",\"position\":1,\"name\":\"Home\",\"item\":\"https:\\\/\\\/www.helasverige.se\\\/goteborgsregionen\\\/\"},{\"@type\":\"ListItem\",\"position\":2,\"name\":\"Kontaktuppgifter\",\"item\":\"https:\\\/\\\/www.helasverige.se\\\/goteborgsregionen\\\/kontaktuppgifter\\\/\"},{\"@type\":\"ListItem\",\"position\":3,\"name\":\"Om Berit Gullbransson\"}]},{\"@type\":\"WebSite\",\"@id\":\"https:\\\/\\\/www.helasverige.se\\\/goteborgsregionen\\\/#website\",\"url\":\"https:\\\/\\\/www.helasverige.se\\\/goteborgsregionen\\\/\",\"name\":\"\",\"description\":\"\u00c4nnu en webbplats hos Hela Sverige ska leva\",\"potentialAction\":[{\"@type\":\"SearchAction\",\"target\":{\"@type\":\"EntryPoint\",\"urlTemplate\":\"https:\\\/\\\/www.helasverige.se\\\/goteborgsregionen\\\/?s={search_term_string}\"},\"query-input\":{\"@type\":\"PropertyValueSpecification\",\"valueRequired\":true,\"valueName\":\"search_term_string\"}}],\"inLanguage\":\"sv-SE\"}]}<\/script>\n<!-- \/ Yoast SEO Premium plugin. -->","yoast_head_json":{"title":"G\u00f6teborgsregionen - Om Berit Gullbransson -","robots":{"index":"index","follow":"follow","max-snippet":"max-snippet:-1","max-image-preview":"max-image-preview:large","max-video-preview":"max-video-preview:-1"},"canonical":"https:\/\/www.helasverige.se\/goteborgsregionen\/kontaktuppgifter\/om-berit-gullbransson\/","og_locale":"sv_SE","og_type":"article","og_title":"G\u00f6teborgsregionen - Om Berit Gullbransson","og_description":"Jag \u00e4r en pensionerad civilingenj\u00f6r som i hela mitt yrkesliv har arbetat med milj\u00f6fr\u00e5gor fr\u00e5n att fr\u00e5gan var lokal dvs rening av vatten \u00f6ver regional till att bli en global fr\u00e5ga. Jag har haft olika chefspositioner inom industrin framf\u00f6r allt skogsindustrin men ocks\u00e5 som chef p\u00e5 Sveriges milj\u00f6teknikr\u00e5d, Swentec och sedan avslutade jag som senior [&hellip;]","og_url":"https:\/\/www.helasverige.se\/goteborgsregionen\/kontaktuppgifter\/om-berit-gullbransson\/","article_modified_time":"2024-02-27T15:42:44+00:00","og_image":[{"url":"https:\/\/www.helasverige.se\/goteborgsregionen\/wp-content\/uploads\/sites\/2\/2023\/08\/HSG-profilbild-Berit-1024x341.jpg","type":"","width":"","height":""}],"twitter_card":"summary_large_image","twitter_misc":{"Ber\u00e4knad l\u00e4stid":"2 minuter"},"schema":{"@context":"https:\/\/schema.org","@graph":[{"@type":"WebPage","@id":"https:\/\/www.helasverige.se\/goteborgsregionen\/kontaktuppgifter\/om-berit-gullbransson\/","url":"https:\/\/www.helasverige.se\/goteborgsregionen\/kontaktuppgifter\/om-berit-gullbransson\/","name":"G\u00f6teborgsregionen - Om Berit Gullbransson -","isPartOf":{"@id":"https:\/\/www.helasverige.se\/goteborgsregionen\/#website"},"primaryImageOfPage":{"@id":"https:\/\/www.helasverige.se\/goteborgsregionen\/kontaktuppgifter\/om-berit-gullbransson\/#primaryimage"},"image":{"@id":"https:\/\/www.helasverige.se\/goteborgsregionen\/kontaktuppgifter\/om-berit-gullbransson\/#primaryimage"},"thumbnailUrl":"https:\/\/www.helasverige.se\/goteborgsregionen\/wp-content\/uploads\/sites\/2\/2023\/08\/HSG-profilbild-Berit-1024x341.jpg","datePublished":"2024-02-27T15:41:16+00:00","dateModified":"2024-02-27T15:42:44+00:00","breadcrumb":{"@id":"https:\/\/www.helasverige.se\/goteborgsregionen\/kontaktuppgifter\/om-berit-gullbransson\/#breadcrumb"},"inLanguage":"sv-SE","potentialAction":[{"@type":"ReadAction","target":["https:\/\/www.helasverige.se\/goteborgsregionen\/kontaktuppgifter\/om-berit-gullbransson\/"]}]},{"@type":"ImageObject","inLanguage":"sv-SE","@id":"https:\/\/www.helasverige.se\/goteborgsregionen\/kontaktuppgifter\/om-berit-gullbransson\/#primaryimage","url":"https:\/\/www.helasverige.se\/goteborgsregionen\/wp-content\/uploads\/sites\/2\/2023\/08\/HSG-profilbild-Berit.jpg","contentUrl":"https:\/\/www.helasverige.se\/goteborgsregionen\/wp-content\/uploads\/sites\/2\/2023\/08\/HSG-profilbild-Berit.jpg","width":2500,"height":833,"caption":"Berit Gullbransson, \u00d6cker\u00f6"},{"@type":"BreadcrumbList","@id":"https:\/\/www.helasverige.se\/goteborgsregionen\/kontaktuppgifter\/om-berit-gullbransson\/#breadcrumb","itemListElement":[{"@type":"ListItem","position":1,"name":"Home","item":"https:\/\/www.helasverige.se\/goteborgsregionen\/"},{"@type":"ListItem","position":2,"name":"Kontaktuppgifter","item":"https:\/\/www.helasverige.se\/goteborgsregionen\/kontaktuppgifter\/"},{"@type":"ListItem","position":3,"name":"Om Berit Gullbransson"}]},{"@type":"WebSite","@id":"https:\/\/www.helasverige.se\/goteborgsregionen\/#website","url":"https:\/\/www.helasverige.se\/goteborgsregionen\/","name":"","description":"\u00c4nnu en webbplats hos Hela Sverige ska leva","potentialAction":[{"@type":"SearchAction","target":{"@type":"EntryPoint","urlTemplate":"https:\/\/www.helasverige.se\/goteborgsregionen\/?s={search_term_string}"},"query-input":{"@type":"PropertyValueSpecification","valueRequired":true,"valueName":"search_term_string"}}],"inLanguage":"sv-SE"}]}},"_links":{"self":[{"href":"https:\/\/www.helasverige.se\/goteborgsregionen\/wp-json\/wp\/v2\/pages\/1090","targetHints":{"allow":["GET"]}}],"collection":[{"href":"https:\/\/www.helasverige.se\/goteborgsregionen\/wp-json\/wp\/v2\/pages"}],"about":[{"href":"https:\/\/www.helasverige.se\/goteborgsregionen\/wp-json\/wp\/v2\/types\/page"}],"author":[{"embeddable":true,"href":"https:\/\/www.helasverige.se\/goteborgsregionen\/wp-json\/wp\/v2\/users\/12"}],"replies":[{"embeddable":true,"href":"https:\/\/www.helasverige.se\/goteborgsregionen\/wp-json\/wp\/v2\/comments?post=1090"}],"version-history":[{"count":2,"href":"https:\/\/www.helasverige.se\/goteborgsregionen\/wp-json\/wp\/v2\/pages\/1090\/revisions"}],"predecessor-version":[{"id":1094,"href":"https:\/\/www.helasverige.se\/goteborgsregionen\/wp-json\/wp\/v2\/pages\/1090\/revisions\/1094"}],"up":[{"embeddable":true,"href":"https:\/\/www.helasverige.se\/goteborgsregionen\/wp-json\/wp\/v2\/pages\/28"}],"wp:attachment":[{"href":"https:\/\/www.helasverige.se\/goteborgsregionen\/wp-json\/wp\/v2\/media?parent=1090"}],"curies":[{"name":"wp","href":"https:\/\/api.w.org\/{rel}","templated":true}]}}