{"id":1099,"date":"2024-02-27T16:45:17","date_gmt":"2024-02-27T15:45:17","guid":{"rendered":"https:\/\/www.helasverige.se\/goteborgsregionen\/?page_id=1099"},"modified":"2024-02-27T16:45:17","modified_gmt":"2024-02-27T15:45:17","slug":"om-holger-andersson","status":"publish","type":"page","link":"https:\/\/www.helasverige.se\/goteborgsregionen\/kontaktuppgifter\/om-holger-andersson\/","title":{"rendered":"Om Holger Andersson"},"content":{"rendered":"<div id=\"attachment_1019\" style=\"width: 1034px\" class=\"wp-caption alignnone\"><img loading=\"lazy\" decoding=\"async\" aria-describedby=\"caption-attachment-1019\" class=\"size-large wp-image-1019\" src=\"https:\/\/www.helasverige.se\/goteborgsregionen\/wp-content\/uploads\/sites\/2\/2023\/08\/HSG-profilbild-Holger-1024x341.jpg\" alt=\"Holger Andersson, Nossebro\" width=\"1024\" height=\"341\" srcset=\"https:\/\/www.helasverige.se\/goteborgsregionen\/wp-content\/uploads\/sites\/2\/2023\/08\/HSG-profilbild-Holger-1024x341.jpg 1024w, https:\/\/www.helasverige.se\/goteborgsregionen\/wp-content\/uploads\/sites\/2\/2023\/08\/HSG-profilbild-Holger-300x100.jpg 300w, https:\/\/www.helasverige.se\/goteborgsregionen\/wp-content\/uploads\/sites\/2\/2023\/08\/HSG-profilbild-Holger-768x256.jpg 768w, https:\/\/www.helasverige.se\/goteborgsregionen\/wp-content\/uploads\/sites\/2\/2023\/08\/HSG-profilbild-Holger-1536x512.jpg 1536w, https:\/\/www.helasverige.se\/goteborgsregionen\/wp-content\/uploads\/sites\/2\/2023\/08\/HSG-profilbild-Holger-2048x682.jpg 2048w\" sizes=\"auto, (max-width: 1024px) 100vw, 1024px\" \/><p id=\"caption-attachment-1019\" class=\"wp-caption-text\">Holger Andersson, Nossebro<\/p><\/div>\n<p>Bor mitt i V\u00e4sterg\u00f6tland i Alings\u00e5s kommun l\u00e4ngst norrut n\u00e4stan i gamla Skaraborg. Jag bor i f\u00e4derneg\u00e5rd sen 1812. Jag har varit aktiv i inom Hela Sverige ska leva sen vi startade i G\u00f6teborgsregionen. Jag har gjort ett antal Leaderprojekt och sitter i dag i Laggruppen f\u00f6r Leader G\u00f6ta \u00c4lv S\u00e4ve\u00e5n.<\/p>\n<p>Jag har ena foten i f\u00f6reningslivet och den andra foten i det politiska livet, d\u00e4r jag framf\u00f6r allt jobbar med sociala fr\u00e5gor och balansen mellan stad och land.<\/p>\n<p>Jag \u00e4r ofta inblandad som r\u00e5dgivare i opinions- och p\u00e5verkansfr\u00e5gor. Min styrka \u00e4r att se fr\u00e5gor ur ett helikopterperspektiv d\u00e4r jag framf\u00f6r allt har ser till att alla f\u00e5r synas och h\u00f6ras.<\/p>\n<p>Service och tillg\u00e4nglighetsfr\u00e5gor t\u00e4nder jag extra p\u00e5.<\/p>\n","protected":false},"excerpt":{"rendered":"<p>Bor mitt i V\u00e4sterg\u00f6tland i Alings\u00e5s kommun l\u00e4ngst norrut n\u00e4stan i gamla Skaraborg. Jag bor i f\u00e4derneg\u00e5rd sen 1812. Jag har varit aktiv i inom Hela Sverige ska leva sen vi startade i G\u00f6teborgsregionen. Jag har gjort ett antal Leaderprojekt och sitter i dag i Laggruppen f\u00f6r Leader G\u00f6ta \u00c4lv S\u00e4ve\u00e5n. Jag har ena foten [&hellip;]<\/p>\n","protected":false},"author":12,"featured_media":0,"parent":28,"menu_order":0,"comment_status":"closed","ping_status":"closed","template":"","meta":{"_acf_changed":false,"footnotes":""},"class_list":["post-1099","page","type-page","status-publish","hentry"],"acf":[],"yoast_head":"<!-- This site is optimized with the Yoast SEO Premium plugin v27.3 (Yoast SEO v27.4) - https:\/\/yoast.com\/product\/yoast-seo-premium-wordpress\/ -->\n<title>G\u00f6teborgsregionen - Om Holger Andersson -<\/title>\n<meta name=\"robots\" content=\"index, follow, max-snippet:-1, max-image-preview:large, max-video-preview:-1\" \/>\n<link rel=\"canonical\" href=\"https:\/\/www.helasverige.se\/goteborgsregionen\/kontaktuppgifter\/om-holger-andersson\/\" \/>\n<meta property=\"og:locale\" content=\"sv_SE\" \/>\n<meta property=\"og:type\" content=\"article\" \/>\n<meta property=\"og:title\" content=\"G\u00f6teborgsregionen - Om Holger Andersson\" \/>\n<meta property=\"og:description\" content=\"Bor mitt i V\u00e4sterg\u00f6tland i Alings\u00e5s kommun l\u00e4ngst norrut n\u00e4stan i gamla Skaraborg. Jag bor i f\u00e4derneg\u00e5rd sen 1812. Jag har varit aktiv i inom Hela Sverige ska leva sen vi startade i G\u00f6teborgsregionen. Jag har gjort ett antal Leaderprojekt och sitter i dag i Laggruppen f\u00f6r Leader G\u00f6ta \u00c4lv S\u00e4ve\u00e5n. Jag har ena foten [&hellip;]\" \/>\n<meta property=\"og:url\" content=\"https:\/\/www.helasverige.se\/goteborgsregionen\/kontaktuppgifter\/om-holger-andersson\/\" \/>\n<meta property=\"og:image\" content=\"https:\/\/www.helasverige.se\/goteborgsregionen\/wp-content\/uploads\/sites\/2\/2023\/08\/HSG-profilbild-Holger-1024x341.jpg\" \/>\n<meta name=\"twitter:card\" content=\"summary_large_image\" \/>\n<meta name=\"twitter:label1\" content=\"Ber\u00e4knad l\u00e4stid\" \/>\n\t<meta name=\"twitter:data1\" content=\"1 minut\" \/>\n<script type=\"application\/ld+json\" class=\"yoast-schema-graph\">{\"@context\":\"https:\\\/\\\/schema.org\",\"@graph\":[{\"@type\":\"WebPage\",\"@id\":\"https:\\\/\\\/www.helasverige.se\\\/goteborgsregionen\\\/kontaktuppgifter\\\/om-holger-andersson\\\/\",\"url\":\"https:\\\/\\\/www.helasverige.se\\\/goteborgsregionen\\\/kontaktuppgifter\\\/om-holger-andersson\\\/\",\"name\":\"G\u00f6teborgsregionen - Om Holger Andersson -\",\"isPartOf\":{\"@id\":\"https:\\\/\\\/www.helasverige.se\\\/goteborgsregionen\\\/#website\"},\"primaryImageOfPage\":{\"@id\":\"https:\\\/\\\/www.helasverige.se\\\/goteborgsregionen\\\/kontaktuppgifter\\\/om-holger-andersson\\\/#primaryimage\"},\"image\":{\"@id\":\"https:\\\/\\\/www.helasverige.se\\\/goteborgsregionen\\\/kontaktuppgifter\\\/om-holger-andersson\\\/#primaryimage\"},\"thumbnailUrl\":\"https:\\\/\\\/www.helasverige.se\\\/goteborgsregionen\\\/wp-content\\\/uploads\\\/sites\\\/2\\\/2023\\\/08\\\/HSG-profilbild-Holger-1024x341.jpg\",\"datePublished\":\"2024-02-27T15:45:17+00:00\",\"breadcrumb\":{\"@id\":\"https:\\\/\\\/www.helasverige.se\\\/goteborgsregionen\\\/kontaktuppgifter\\\/om-holger-andersson\\\/#breadcrumb\"},\"inLanguage\":\"sv-SE\",\"potentialAction\":[{\"@type\":\"ReadAction\",\"target\":[\"https:\\\/\\\/www.helasverige.se\\\/goteborgsregionen\\\/kontaktuppgifter\\\/om-holger-andersson\\\/\"]}]},{\"@type\":\"ImageObject\",\"inLanguage\":\"sv-SE\",\"@id\":\"https:\\\/\\\/www.helasverige.se\\\/goteborgsregionen\\\/kontaktuppgifter\\\/om-holger-andersson\\\/#primaryimage\",\"url\":\"https:\\\/\\\/www.helasverige.se\\\/goteborgsregionen\\\/wp-content\\\/uploads\\\/sites\\\/2\\\/2023\\\/08\\\/HSG-profilbild-Holger.jpg\",\"contentUrl\":\"https:\\\/\\\/www.helasverige.se\\\/goteborgsregionen\\\/wp-content\\\/uploads\\\/sites\\\/2\\\/2023\\\/08\\\/HSG-profilbild-Holger.jpg\",\"width\":2500,\"height\":833,\"caption\":\"Holger Andersson, Nossebro\"},{\"@type\":\"BreadcrumbList\",\"@id\":\"https:\\\/\\\/www.helasverige.se\\\/goteborgsregionen\\\/kontaktuppgifter\\\/om-holger-andersson\\\/#breadcrumb\",\"itemListElement\":[{\"@type\":\"ListItem\",\"position\":1,\"name\":\"Home\",\"item\":\"https:\\\/\\\/www.helasverige.se\\\/goteborgsregionen\\\/\"},{\"@type\":\"ListItem\",\"position\":2,\"name\":\"Kontaktuppgifter\",\"item\":\"https:\\\/\\\/www.helasverige.se\\\/goteborgsregionen\\\/kontaktuppgifter\\\/\"},{\"@type\":\"ListItem\",\"position\":3,\"name\":\"Om Holger Andersson\"}]},{\"@type\":\"WebSite\",\"@id\":\"https:\\\/\\\/www.helasverige.se\\\/goteborgsregionen\\\/#website\",\"url\":\"https:\\\/\\\/www.helasverige.se\\\/goteborgsregionen\\\/\",\"name\":\"\",\"description\":\"\u00c4nnu en webbplats hos Hela Sverige ska leva\",\"potentialAction\":[{\"@type\":\"SearchAction\",\"target\":{\"@type\":\"EntryPoint\",\"urlTemplate\":\"https:\\\/\\\/www.helasverige.se\\\/goteborgsregionen\\\/?s={search_term_string}\"},\"query-input\":{\"@type\":\"PropertyValueSpecification\",\"valueRequired\":true,\"valueName\":\"search_term_string\"}}],\"inLanguage\":\"sv-SE\"}]}<\/script>\n<!-- \/ Yoast SEO Premium plugin. -->","yoast_head_json":{"title":"G\u00f6teborgsregionen - Om Holger Andersson -","robots":{"index":"index","follow":"follow","max-snippet":"max-snippet:-1","max-image-preview":"max-image-preview:large","max-video-preview":"max-video-preview:-1"},"canonical":"https:\/\/www.helasverige.se\/goteborgsregionen\/kontaktuppgifter\/om-holger-andersson\/","og_locale":"sv_SE","og_type":"article","og_title":"G\u00f6teborgsregionen - Om Holger Andersson","og_description":"Bor mitt i V\u00e4sterg\u00f6tland i Alings\u00e5s kommun l\u00e4ngst norrut n\u00e4stan i gamla Skaraborg. Jag bor i f\u00e4derneg\u00e5rd sen 1812. Jag har varit aktiv i inom Hela Sverige ska leva sen vi startade i G\u00f6teborgsregionen. Jag har gjort ett antal Leaderprojekt och sitter i dag i Laggruppen f\u00f6r Leader G\u00f6ta \u00c4lv S\u00e4ve\u00e5n. Jag har ena foten [&hellip;]","og_url":"https:\/\/www.helasverige.se\/goteborgsregionen\/kontaktuppgifter\/om-holger-andersson\/","og_image":[{"url":"https:\/\/www.helasverige.se\/goteborgsregionen\/wp-content\/uploads\/sites\/2\/2023\/08\/HSG-profilbild-Holger-1024x341.jpg","type":"","width":"","height":""}],"twitter_card":"summary_large_image","twitter_misc":{"Ber\u00e4knad l\u00e4stid":"1 minut"},"schema":{"@context":"https:\/\/schema.org","@graph":[{"@type":"WebPage","@id":"https:\/\/www.helasverige.se\/goteborgsregionen\/kontaktuppgifter\/om-holger-andersson\/","url":"https:\/\/www.helasverige.se\/goteborgsregionen\/kontaktuppgifter\/om-holger-andersson\/","name":"G\u00f6teborgsregionen - Om Holger Andersson -","isPartOf":{"@id":"https:\/\/www.helasverige.se\/goteborgsregionen\/#website"},"primaryImageOfPage":{"@id":"https:\/\/www.helasverige.se\/goteborgsregionen\/kontaktuppgifter\/om-holger-andersson\/#primaryimage"},"image":{"@id":"https:\/\/www.helasverige.se\/goteborgsregionen\/kontaktuppgifter\/om-holger-andersson\/#primaryimage"},"thumbnailUrl":"https:\/\/www.helasverige.se\/goteborgsregionen\/wp-content\/uploads\/sites\/2\/2023\/08\/HSG-profilbild-Holger-1024x341.jpg","datePublished":"2024-02-27T15:45:17+00:00","breadcrumb":{"@id":"https:\/\/www.helasverige.se\/goteborgsregionen\/kontaktuppgifter\/om-holger-andersson\/#breadcrumb"},"inLanguage":"sv-SE","potentialAction":[{"@type":"ReadAction","target":["https:\/\/www.helasverige.se\/goteborgsregionen\/kontaktuppgifter\/om-holger-andersson\/"]}]},{"@type":"ImageObject","inLanguage":"sv-SE","@id":"https:\/\/www.helasverige.se\/goteborgsregionen\/kontaktuppgifter\/om-holger-andersson\/#primaryimage","url":"https:\/\/www.helasverige.se\/goteborgsregionen\/wp-content\/uploads\/sites\/2\/2023\/08\/HSG-profilbild-Holger.jpg","contentUrl":"https:\/\/www.helasverige.se\/goteborgsregionen\/wp-content\/uploads\/sites\/2\/2023\/08\/HSG-profilbild-Holger.jpg","width":2500,"height":833,"caption":"Holger Andersson, Nossebro"},{"@type":"BreadcrumbList","@id":"https:\/\/www.helasverige.se\/goteborgsregionen\/kontaktuppgifter\/om-holger-andersson\/#breadcrumb","itemListElement":[{"@type":"ListItem","position":1,"name":"Home","item":"https:\/\/www.helasverige.se\/goteborgsregionen\/"},{"@type":"ListItem","position":2,"name":"Kontaktuppgifter","item":"https:\/\/www.helasverige.se\/goteborgsregionen\/kontaktuppgifter\/"},{"@type":"ListItem","position":3,"name":"Om Holger Andersson"}]},{"@type":"WebSite","@id":"https:\/\/www.helasverige.se\/goteborgsregionen\/#website","url":"https:\/\/www.helasverige.se\/goteborgsregionen\/","name":"","description":"\u00c4nnu en webbplats hos Hela Sverige ska leva","potentialAction":[{"@type":"SearchAction","target":{"@type":"EntryPoint","urlTemplate":"https:\/\/www.helasverige.se\/goteborgsregionen\/?s={search_term_string}"},"query-input":{"@type":"PropertyValueSpecification","valueRequired":true,"valueName":"search_term_string"}}],"inLanguage":"sv-SE"}]}},"_links":{"self":[{"href":"https:\/\/www.helasverige.se\/goteborgsregionen\/wp-json\/wp\/v2\/pages\/1099","targetHints":{"allow":["GET"]}}],"collection":[{"href":"https:\/\/www.helasverige.se\/goteborgsregionen\/wp-json\/wp\/v2\/pages"}],"about":[{"href":"https:\/\/www.helasverige.se\/goteborgsregionen\/wp-json\/wp\/v2\/types\/page"}],"author":[{"embeddable":true,"href":"https:\/\/www.helasverige.se\/goteborgsregionen\/wp-json\/wp\/v2\/users\/12"}],"replies":[{"embeddable":true,"href":"https:\/\/www.helasverige.se\/goteborgsregionen\/wp-json\/wp\/v2\/comments?post=1099"}],"version-history":[{"count":1,"href":"https:\/\/www.helasverige.se\/goteborgsregionen\/wp-json\/wp\/v2\/pages\/1099\/revisions"}],"predecessor-version":[{"id":1100,"href":"https:\/\/www.helasverige.se\/goteborgsregionen\/wp-json\/wp\/v2\/pages\/1099\/revisions\/1100"}],"up":[{"embeddable":true,"href":"https:\/\/www.helasverige.se\/goteborgsregionen\/wp-json\/wp\/v2\/pages\/28"}],"wp:attachment":[{"href":"https:\/\/www.helasverige.se\/goteborgsregionen\/wp-json\/wp\/v2\/media?parent=1099"}],"curies":[{"name":"wp","href":"https:\/\/api.w.org\/{rel}","templated":true}]}}