{"id":1381,"date":"2026-03-02T15:14:35","date_gmt":"2026-03-02T14:14:35","guid":{"rendered":"https:\/\/www.helasverige.se\/goteborgsregionen\/?page_id=1381"},"modified":"2026-04-02T16:36:04","modified_gmt":"2026-04-02T14:36:04","slug":"arsmote","status":"publish","type":"page","link":"https:\/\/www.helasverige.se\/goteborgsregionen\/arsmote\/","title":{"rendered":"\u00c5rsm\u00f6te 2026"},"content":{"rendered":"","protected":false},"excerpt":{"rendered":"","protected":false},"author":12,"featured_media":0,"parent":0,"menu_order":0,"comment_status":"closed","ping_status":"closed","template":"tpl-lansavdelning-artikel.php","meta":{"_acf_changed":false,"footnotes":""},"class_list":["post-1381","page","type-page","status-publish","hentry"],"acf":[],"yoast_head":"<!-- This site is optimized with the Yoast SEO Premium plugin v27.3 (Yoast SEO v27.4) - https:\/\/yoast.com\/product\/yoast-seo-premium-wordpress\/ -->\n<title>G\u00f6teborgsregionen - \u00c5rsm\u00f6te 2026 -<\/title>\n<meta name=\"robots\" content=\"index, follow, max-snippet:-1, max-image-preview:large, max-video-preview:-1\" \/>\n<link rel=\"canonical\" href=\"https:\/\/www.helasverige.se\/goteborgsregionen\/arsmote\/\" \/>\n<meta property=\"og:locale\" content=\"sv_SE\" \/>\n<meta property=\"og:type\" content=\"article\" \/>\n<meta property=\"og:title\" content=\"G\u00f6teborgsregionen - \u00c5rsm\u00f6te 2026\" \/>\n<meta property=\"og:url\" content=\"https:\/\/www.helasverige.se\/goteborgsregionen\/arsmote\/\" \/>\n<meta property=\"article:modified_time\" content=\"2026-04-02T14:36:04+00:00\" \/>\n<meta name=\"twitter:card\" content=\"summary_large_image\" \/>\n<script type=\"application\/ld+json\" class=\"yoast-schema-graph\">{\"@context\":\"https:\\\/\\\/schema.org\",\"@graph\":[{\"@type\":\"WebPage\",\"@id\":\"https:\\\/\\\/www.helasverige.se\\\/goteborgsregionen\\\/arsmote\\\/\",\"url\":\"https:\\\/\\\/www.helasverige.se\\\/goteborgsregionen\\\/arsmote\\\/\",\"name\":\"G\u00f6teborgsregionen - \u00c5rsm\u00f6te 2026 -\",\"isPartOf\":{\"@id\":\"https:\\\/\\\/www.helasverige.se\\\/goteborgsregionen\\\/#website\"},\"datePublished\":\"2026-03-02T14:14:35+00:00\",\"dateModified\":\"2026-04-02T14:36:04+00:00\",\"breadcrumb\":{\"@id\":\"https:\\\/\\\/www.helasverige.se\\\/goteborgsregionen\\\/arsmote\\\/#breadcrumb\"},\"inLanguage\":\"sv-SE\",\"potentialAction\":[{\"@type\":\"ReadAction\",\"target\":[\"https:\\\/\\\/www.helasverige.se\\\/goteborgsregionen\\\/arsmote\\\/\"]}]},{\"@type\":\"BreadcrumbList\",\"@id\":\"https:\\\/\\\/www.helasverige.se\\\/goteborgsregionen\\\/arsmote\\\/#breadcrumb\",\"itemListElement\":[{\"@type\":\"ListItem\",\"position\":1,\"name\":\"Home\",\"item\":\"https:\\\/\\\/www.helasverige.se\\\/goteborgsregionen\\\/\"},{\"@type\":\"ListItem\",\"position\":2,\"name\":\"\u00c5rsm\u00f6te 2026\"}]},{\"@type\":\"WebSite\",\"@id\":\"https:\\\/\\\/www.helasverige.se\\\/goteborgsregionen\\\/#website\",\"url\":\"https:\\\/\\\/www.helasverige.se\\\/goteborgsregionen\\\/\",\"name\":\"\",\"description\":\"\u00c4nnu en webbplats hos Hela Sverige ska leva\",\"potentialAction\":[{\"@type\":\"SearchAction\",\"target\":{\"@type\":\"EntryPoint\",\"urlTemplate\":\"https:\\\/\\\/www.helasverige.se\\\/goteborgsregionen\\\/?s={search_term_string}\"},\"query-input\":{\"@type\":\"PropertyValueSpecification\",\"valueRequired\":true,\"valueName\":\"search_term_string\"}}],\"inLanguage\":\"sv-SE\"}]}<\/script>\n<!-- \/ Yoast SEO Premium plugin. -->","yoast_head_json":{"title":"G\u00f6teborgsregionen - \u00c5rsm\u00f6te 2026 -","robots":{"index":"index","follow":"follow","max-snippet":"max-snippet:-1","max-image-preview":"max-image-preview:large","max-video-preview":"max-video-preview:-1"},"canonical":"https:\/\/www.helasverige.se\/goteborgsregionen\/arsmote\/","og_locale":"sv_SE","og_type":"article","og_title":"G\u00f6teborgsregionen - \u00c5rsm\u00f6te 2026","og_url":"https:\/\/www.helasverige.se\/goteborgsregionen\/arsmote\/","article_modified_time":"2026-04-02T14:36:04+00:00","twitter_card":"summary_large_image","schema":{"@context":"https:\/\/schema.org","@graph":[{"@type":"WebPage","@id":"https:\/\/www.helasverige.se\/goteborgsregionen\/arsmote\/","url":"https:\/\/www.helasverige.se\/goteborgsregionen\/arsmote\/","name":"G\u00f6teborgsregionen - \u00c5rsm\u00f6te 2026 -","isPartOf":{"@id":"https:\/\/www.helasverige.se\/goteborgsregionen\/#website"},"datePublished":"2026-03-02T14:14:35+00:00","dateModified":"2026-04-02T14:36:04+00:00","breadcrumb":{"@id":"https:\/\/www.helasverige.se\/goteborgsregionen\/arsmote\/#breadcrumb"},"inLanguage":"sv-SE","potentialAction":[{"@type":"ReadAction","target":["https:\/\/www.helasverige.se\/goteborgsregionen\/arsmote\/"]}]},{"@type":"BreadcrumbList","@id":"https:\/\/www.helasverige.se\/goteborgsregionen\/arsmote\/#breadcrumb","itemListElement":[{"@type":"ListItem","position":1,"name":"Home","item":"https:\/\/www.helasverige.se\/goteborgsregionen\/"},{"@type":"ListItem","position":2,"name":"\u00c5rsm\u00f6te 2026"}]},{"@type":"WebSite","@id":"https:\/\/www.helasverige.se\/goteborgsregionen\/#website","url":"https:\/\/www.helasverige.se\/goteborgsregionen\/","name":"","description":"\u00c4nnu en webbplats hos Hela Sverige ska leva","potentialAction":[{"@type":"SearchAction","target":{"@type":"EntryPoint","urlTemplate":"https:\/\/www.helasverige.se\/goteborgsregionen\/?s={search_term_string}"},"query-input":{"@type":"PropertyValueSpecification","valueRequired":true,"valueName":"search_term_string"}}],"inLanguage":"sv-SE"}]}},"_links":{"self":[{"href":"https:\/\/www.helasverige.se\/goteborgsregionen\/wp-json\/wp\/v2\/pages\/1381","targetHints":{"allow":["GET"]}}],"collection":[{"href":"https:\/\/www.helasverige.se\/goteborgsregionen\/wp-json\/wp\/v2\/pages"}],"about":[{"href":"https:\/\/www.helasverige.se\/goteborgsregionen\/wp-json\/wp\/v2\/types\/page"}],"author":[{"embeddable":true,"href":"https:\/\/www.helasverige.se\/goteborgsregionen\/wp-json\/wp\/v2\/users\/12"}],"replies":[{"embeddable":true,"href":"https:\/\/www.helasverige.se\/goteborgsregionen\/wp-json\/wp\/v2\/comments?post=1381"}],"version-history":[{"count":18,"href":"https:\/\/www.helasverige.se\/goteborgsregionen\/wp-json\/wp\/v2\/pages\/1381\/revisions"}],"predecessor-version":[{"id":1415,"href":"https:\/\/www.helasverige.se\/goteborgsregionen\/wp-json\/wp\/v2\/pages\/1381\/revisions\/1415"}],"wp:attachment":[{"href":"https:\/\/www.helasverige.se\/goteborgsregionen\/wp-json\/wp\/v2\/media?parent=1381"}],"curies":[{"name":"wp","href":"https:\/\/api.w.org\/{rel}","templated":true}]}}