{"id":1049,"date":"2022-11-03T00:04:35","date_gmt":"2022-11-02T23:04:35","guid":{"rendered":"https:\/\/www.helasverige.se\/halland\/?page_id=1049"},"modified":"2022-11-03T00:04:35","modified_gmt":"2022-11-02T23:04:35","slug":"byalagsforsakring","status":"publish","type":"page","link":"https:\/\/www.helasverige.se\/halland\/byalagsforsakring\/","title":{"rendered":"Byalagsf\u00f6rs\u00e4kring"},"content":{"rendered":"<p style=\"text-align: center\"><strong>GRATIS F\u00d6RS\u00c4KRING F\u00d6R DIG OCH DIN LOKALA UTVECKLINGSGRUPP<\/strong><\/p>\n<p><strong>HELA SVERIGES BYALAGSF\u00d6RS\u00c4KRING<\/strong><\/p>\n<p>Alla lokala utvecklingsgrupper i v\u00e5rt medlemsregister\u00a0\u00e4r f\u00f6rs\u00e4krade genom Riksorganisationen Hela Sverige ska leva, och det kostar inte en krona. F\u00f6rs\u00e4kringen g\u00e4ller \u00e4ven l\u00e4nsavdelningar liksom kommunbygder\u00e5d under f\u00f6ruts\u00e4ttning att de \u00e4r registrerade i v\u00e5rt medlemsregister.<\/p>\n<p>F\u00f6rs\u00e4kringen vi tecknat \u00e4r en grundf\u00f6rs\u00e4kring anpassad efter de flesta lokala gruppernas behov. Den omfattar olycksfall f\u00f6r b\u00e5de medlemmar och g\u00e4ster vid alla sedvanliga arrangemang. Dessutom ing\u00e5r ansvars-, r\u00e4ttskydds- och egendomsf\u00f6rs\u00e4kring.<\/p>\n<p>Genom att vi k\u00f6pt en kollektiv f\u00f6rs\u00e4kring, blir kostnaden s\u00e5 pass l\u00e5g att vi inte beh\u00f6ver ta ut n\u00e5gon avgift av v\u00e5ra medlemsgrupper. F\u00f6rs\u00e4kringen \u00e4r ett samarbete med f\u00f6rs\u00e4kringsbolaget Svedea.<\/p>\n<p><a href=\"https:\/\/www.helasverige.se\/engagemang\/lokala-utvecklingsgrupper\/byalagsforsakringen\/\"><strong>L\u00e4s mer h\u00e4r<\/strong><\/a><\/p>\n<p><strong>Lite f\u00f6rs\u00e4kringsfakta<\/strong><\/p>\n<p>Villkoren f\u00f6r den byalagsf\u00f6rs\u00e4kring som vi tecknat f\u00f6ljer i huvudsak de allm\u00e4nna villkor som\u00a0f\u00f6rs\u00e4kringsbolaget till\u00e4mpar med de begr\u00e4nsningar och f\u00f6rs\u00e4kringsbelopp, som du kan l\u00e4sa mer om h\u00e4r ovan.<\/p>\n","protected":false},"excerpt":{"rendered":"<p>GRATIS F\u00d6RS\u00c4KRING F\u00d6R DIG OCH DIN LOKALA UTVECKLINGSGRUPP HELA SVERIGES BYALAGSF\u00d6RS\u00c4KRING Alla lokala utvecklingsgrupper i v\u00e5rt medlemsregister\u00a0\u00e4r f\u00f6rs\u00e4krade genom Riksorganisationen Hela Sverige ska leva, och det kostar inte en krona. F\u00f6rs\u00e4kringen g\u00e4ller \u00e4ven l\u00e4nsavdelningar liksom kommunbygder\u00e5d under f\u00f6ruts\u00e4ttning att de \u00e4r registrerade i v\u00e5rt medlemsregister. F\u00f6rs\u00e4kringen vi tecknat \u00e4r en grundf\u00f6rs\u00e4kring anpassad efter de flesta [&hellip;]<\/p>\n","protected":false},"author":59,"featured_media":651,"parent":0,"menu_order":0,"comment_status":"closed","ping_status":"closed","template":"","meta":{"_acf_changed":false,"footnotes":""},"class_list":["post-1049","page","type-page","status-publish","has-post-thumbnail","hentry"],"acf":[],"yoast_head":"<!-- This site is optimized with the Yoast SEO Premium plugin v27.4 (Yoast SEO v27.6) - https:\/\/yoast.com\/product\/yoast-seo-premium-wordpress\/ -->\n<title>Halland - Byalagsf\u00f6rs\u00e4kring -<\/title>\n<meta name=\"robots\" content=\"index, follow, max-snippet:-1, max-image-preview:large, max-video-preview:-1\" \/>\n<link rel=\"canonical\" href=\"https:\/\/www.helasverige.se\/halland\/byalagsforsakring\/\" \/>\n<meta property=\"og:locale\" content=\"sv_SE\" \/>\n<meta property=\"og:type\" content=\"article\" \/>\n<meta property=\"og:title\" content=\"Halland - Byalagsf\u00f6rs\u00e4kring\" \/>\n<meta property=\"og:description\" content=\"GRATIS F\u00d6RS\u00c4KRING F\u00d6R DIG OCH DIN LOKALA UTVECKLINGSGRUPP HELA SVERIGES BYALAGSF\u00d6RS\u00c4KRING Alla lokala utvecklingsgrupper i v\u00e5rt medlemsregister\u00a0\u00e4r f\u00f6rs\u00e4krade genom Riksorganisationen Hela Sverige ska leva, och det kostar inte en krona. F\u00f6rs\u00e4kringen g\u00e4ller \u00e4ven l\u00e4nsavdelningar liksom kommunbygder\u00e5d under f\u00f6ruts\u00e4ttning att de \u00e4r registrerade i v\u00e5rt medlemsregister. F\u00f6rs\u00e4kringen vi tecknat \u00e4r en grundf\u00f6rs\u00e4kring anpassad efter de flesta [&hellip;]\" \/>\n<meta property=\"og:url\" content=\"https:\/\/www.helasverige.se\/halland\/byalagsforsakring\/\" \/>\n<meta property=\"og:image\" content=\"https:\/\/www.helasverige.se\/halland\/wp-content\/uploads\/sites\/7\/2021\/12\/hopp-fran-bryggan.jpg\" \/>\n\t<meta property=\"og:image:width\" content=\"640\" \/>\n\t<meta property=\"og:image:height\" content=\"480\" \/>\n\t<meta property=\"og:image:type\" content=\"image\/jpeg\" \/>\n<meta name=\"twitter:card\" content=\"summary_large_image\" \/>\n<meta name=\"twitter:label1\" content=\"Ber\u00e4knad l\u00e4stid\" \/>\n\t<meta name=\"twitter:data1\" content=\"1 minut\" \/>\n<script type=\"application\/ld+json\" class=\"yoast-schema-graph\">{\"@context\":\"https:\\\/\\\/schema.org\",\"@graph\":[{\"@type\":\"WebPage\",\"@id\":\"https:\\\/\\\/www.helasverige.se\\\/halland\\\/byalagsforsakring\\\/\",\"url\":\"https:\\\/\\\/www.helasverige.se\\\/halland\\\/byalagsforsakring\\\/\",\"name\":\"Halland - Byalagsf\u00f6rs\u00e4kring -\",\"isPartOf\":{\"@id\":\"https:\\\/\\\/www.helasverige.se\\\/halland\\\/#website\"},\"primaryImageOfPage\":{\"@id\":\"https:\\\/\\\/www.helasverige.se\\\/halland\\\/byalagsforsakring\\\/#primaryimage\"},\"image\":{\"@id\":\"https:\\\/\\\/www.helasverige.se\\\/halland\\\/byalagsforsakring\\\/#primaryimage\"},\"thumbnailUrl\":\"https:\\\/\\\/www.helasverige.se\\\/halland\\\/wp-content\\\/uploads\\\/sites\\\/7\\\/2021\\\/12\\\/hopp-fran-bryggan.jpg\",\"datePublished\":\"2022-11-02T23:04:35+00:00\",\"breadcrumb\":{\"@id\":\"https:\\\/\\\/www.helasverige.se\\\/halland\\\/byalagsforsakring\\\/#breadcrumb\"},\"inLanguage\":\"sv-SE\",\"potentialAction\":[{\"@type\":\"ReadAction\",\"target\":[\"https:\\\/\\\/www.helasverige.se\\\/halland\\\/byalagsforsakring\\\/\"]}]},{\"@type\":\"ImageObject\",\"inLanguage\":\"sv-SE\",\"@id\":\"https:\\\/\\\/www.helasverige.se\\\/halland\\\/byalagsforsakring\\\/#primaryimage\",\"url\":\"https:\\\/\\\/www.helasverige.se\\\/halland\\\/wp-content\\\/uploads\\\/sites\\\/7\\\/2021\\\/12\\\/hopp-fran-bryggan.jpg\",\"contentUrl\":\"https:\\\/\\\/www.helasverige.se\\\/halland\\\/wp-content\\\/uploads\\\/sites\\\/7\\\/2021\\\/12\\\/hopp-fran-bryggan.jpg\",\"width\":640,\"height\":480},{\"@type\":\"BreadcrumbList\",\"@id\":\"https:\\\/\\\/www.helasverige.se\\\/halland\\\/byalagsforsakring\\\/#breadcrumb\",\"itemListElement\":[{\"@type\":\"ListItem\",\"position\":1,\"name\":\"Home\",\"item\":\"https:\\\/\\\/www.helasverige.se\\\/halland\\\/\"},{\"@type\":\"ListItem\",\"position\":2,\"name\":\"Byalagsf\u00f6rs\u00e4kring\"}]},{\"@type\":\"WebSite\",\"@id\":\"https:\\\/\\\/www.helasverige.se\\\/halland\\\/#website\",\"url\":\"https:\\\/\\\/www.helasverige.se\\\/halland\\\/\",\"name\":\"\",\"description\":\"\u00c4nnu en webbplats hos Hela Sverige ska leva\",\"potentialAction\":[{\"@type\":\"SearchAction\",\"target\":{\"@type\":\"EntryPoint\",\"urlTemplate\":\"https:\\\/\\\/www.helasverige.se\\\/halland\\\/?s={search_term_string}\"},\"query-input\":{\"@type\":\"PropertyValueSpecification\",\"valueRequired\":true,\"valueName\":\"search_term_string\"}}],\"inLanguage\":\"sv-SE\"}]}<\/script>\n<!-- \/ Yoast SEO Premium plugin. -->","yoast_head_json":{"title":"Halland - Byalagsf\u00f6rs\u00e4kring -","robots":{"index":"index","follow":"follow","max-snippet":"max-snippet:-1","max-image-preview":"max-image-preview:large","max-video-preview":"max-video-preview:-1"},"canonical":"https:\/\/www.helasverige.se\/halland\/byalagsforsakring\/","og_locale":"sv_SE","og_type":"article","og_title":"Halland - Byalagsf\u00f6rs\u00e4kring","og_description":"GRATIS F\u00d6RS\u00c4KRING F\u00d6R DIG OCH DIN LOKALA UTVECKLINGSGRUPP HELA SVERIGES BYALAGSF\u00d6RS\u00c4KRING Alla lokala utvecklingsgrupper i v\u00e5rt medlemsregister\u00a0\u00e4r f\u00f6rs\u00e4krade genom Riksorganisationen Hela Sverige ska leva, och det kostar inte en krona. F\u00f6rs\u00e4kringen g\u00e4ller \u00e4ven l\u00e4nsavdelningar liksom kommunbygder\u00e5d under f\u00f6ruts\u00e4ttning att de \u00e4r registrerade i v\u00e5rt medlemsregister. F\u00f6rs\u00e4kringen vi tecknat \u00e4r en grundf\u00f6rs\u00e4kring anpassad efter de flesta [&hellip;]","og_url":"https:\/\/www.helasverige.se\/halland\/byalagsforsakring\/","og_image":[{"width":640,"height":480,"url":"https:\/\/www.helasverige.se\/halland\/wp-content\/uploads\/sites\/7\/2021\/12\/hopp-fran-bryggan.jpg","type":"image\/jpeg"}],"twitter_card":"summary_large_image","twitter_misc":{"Ber\u00e4knad l\u00e4stid":"1 minut"},"schema":{"@context":"https:\/\/schema.org","@graph":[{"@type":"WebPage","@id":"https:\/\/www.helasverige.se\/halland\/byalagsforsakring\/","url":"https:\/\/www.helasverige.se\/halland\/byalagsforsakring\/","name":"Halland - Byalagsf\u00f6rs\u00e4kring -","isPartOf":{"@id":"https:\/\/www.helasverige.se\/halland\/#website"},"primaryImageOfPage":{"@id":"https:\/\/www.helasverige.se\/halland\/byalagsforsakring\/#primaryimage"},"image":{"@id":"https:\/\/www.helasverige.se\/halland\/byalagsforsakring\/#primaryimage"},"thumbnailUrl":"https:\/\/www.helasverige.se\/halland\/wp-content\/uploads\/sites\/7\/2021\/12\/hopp-fran-bryggan.jpg","datePublished":"2022-11-02T23:04:35+00:00","breadcrumb":{"@id":"https:\/\/www.helasverige.se\/halland\/byalagsforsakring\/#breadcrumb"},"inLanguage":"sv-SE","potentialAction":[{"@type":"ReadAction","target":["https:\/\/www.helasverige.se\/halland\/byalagsforsakring\/"]}]},{"@type":"ImageObject","inLanguage":"sv-SE","@id":"https:\/\/www.helasverige.se\/halland\/byalagsforsakring\/#primaryimage","url":"https:\/\/www.helasverige.se\/halland\/wp-content\/uploads\/sites\/7\/2021\/12\/hopp-fran-bryggan.jpg","contentUrl":"https:\/\/www.helasverige.se\/halland\/wp-content\/uploads\/sites\/7\/2021\/12\/hopp-fran-bryggan.jpg","width":640,"height":480},{"@type":"BreadcrumbList","@id":"https:\/\/www.helasverige.se\/halland\/byalagsforsakring\/#breadcrumb","itemListElement":[{"@type":"ListItem","position":1,"name":"Home","item":"https:\/\/www.helasverige.se\/halland\/"},{"@type":"ListItem","position":2,"name":"Byalagsf\u00f6rs\u00e4kring"}]},{"@type":"WebSite","@id":"https:\/\/www.helasverige.se\/halland\/#website","url":"https:\/\/www.helasverige.se\/halland\/","name":"","description":"\u00c4nnu en webbplats hos Hela Sverige ska leva","potentialAction":[{"@type":"SearchAction","target":{"@type":"EntryPoint","urlTemplate":"https:\/\/www.helasverige.se\/halland\/?s={search_term_string}"},"query-input":{"@type":"PropertyValueSpecification","valueRequired":true,"valueName":"search_term_string"}}],"inLanguage":"sv-SE"}]}},"_links":{"self":[{"href":"https:\/\/www.helasverige.se\/halland\/wp-json\/wp\/v2\/pages\/1049","targetHints":{"allow":["GET"]}}],"collection":[{"href":"https:\/\/www.helasverige.se\/halland\/wp-json\/wp\/v2\/pages"}],"about":[{"href":"https:\/\/www.helasverige.se\/halland\/wp-json\/wp\/v2\/types\/page"}],"author":[{"embeddable":true,"href":"https:\/\/www.helasverige.se\/halland\/wp-json\/wp\/v2\/users\/59"}],"replies":[{"embeddable":true,"href":"https:\/\/www.helasverige.se\/halland\/wp-json\/wp\/v2\/comments?post=1049"}],"version-history":[{"count":1,"href":"https:\/\/www.helasverige.se\/halland\/wp-json\/wp\/v2\/pages\/1049\/revisions"}],"predecessor-version":[{"id":1050,"href":"https:\/\/www.helasverige.se\/halland\/wp-json\/wp\/v2\/pages\/1049\/revisions\/1050"}],"wp:featuredmedia":[{"embeddable":true,"href":"https:\/\/www.helasverige.se\/halland\/wp-json\/wp\/v2\/media\/651"}],"wp:attachment":[{"href":"https:\/\/www.helasverige.se\/halland\/wp-json\/wp\/v2\/media?parent=1049"}],"curies":[{"name":"wp","href":"https:\/\/api.w.org\/{rel}","templated":true}]}}