{"id":1219,"date":"2023-05-23T20:35:57","date_gmt":"2023-05-23T18:35:57","guid":{"rendered":"https:\/\/www.helasverige.se\/halland\/?page_id=1219"},"modified":"2025-08-29T02:41:33","modified_gmt":"2025-08-29T00:41:33","slug":"arbetsgruppen-for-lansfragor","status":"publish","type":"page","link":"https:\/\/www.helasverige.se\/halland\/var-verksamhet\/arbetsgruppen-for-lansfragor\/","title":{"rendered":"Arbetsgruppen f\u00f6r Region och L\u00e4nsfr\u00e5gor"},"content":{"rendered":"<div class=\"page\" title=\"Page 2\">\n<div class=\"layoutArea\">\n<div class=\"column\">\n<p><strong>Arbetsgruppen fo\u0308r Region och La\u0308nsfra\u030agor<\/strong> arbetar med o\u0308vergripande fra\u030agor som bero\u0308r hela Halland. Gruppen best\u00e5r av Oskar Gyb\u00e4ck, Elisabeth Otterdahl och Linn Persson.<\/p>\n<p>2022 signerade vi oss som en del av &#8221;Den hall\u00e4ndska \u00f6verenskommelsen&#8221;.<\/p>\n<p>2023 har vi s\u00f6kt projektet &#8221;Boost f\u00f6r unga p\u00e5 Hallands landsbygd&#8221; fr\u00e5n MUCF (Myndigheten f\u00f6r unga och civilsamh\u00e4lles fr\u00e5gor) som vi kommer genomf\u00f6ra under 2023-24.<\/p>\n<p>Mer info om boost-helgerna som genomf\u00f6rs i projektet hittas p\u00e5 startsidan.<\/p>\n<p>D\u00e5 detta projekt \u00e4r klart nu tar Linn upp arbetet &#8221;Ung i Halland&#8221; som del i denna arbetsgrupp.<\/p>\n<p>&nbsp;<\/p>\n<\/div>\n<\/div>\n<\/div>\n","protected":false},"excerpt":{"rendered":"<p>Arbetsgruppen fo\u0308r Region och La\u0308nsfra\u030agor arbetar med o\u0308vergripande fra\u030agor som bero\u0308r hela Halland. Gruppen best\u00e5r av Oskar Gyb\u00e4ck, Elisabeth Otterdahl och Linn Persson. 2022 signerade vi oss som en del av &#8221;Den hall\u00e4ndska \u00f6verenskommelsen&#8221;. 2023 har vi s\u00f6kt projektet &#8221;Boost f\u00f6r unga p\u00e5 Hallands landsbygd&#8221; fr\u00e5n MUCF (Myndigheten f\u00f6r unga och civilsamh\u00e4lles fr\u00e5gor) som vi [&hellip;]<\/p>\n","protected":false},"author":59,"featured_media":606,"parent":18,"menu_order":4,"comment_status":"closed","ping_status":"closed","template":"tpl-lansavdelning.php","meta":{"_acf_changed":false,"footnotes":""},"class_list":["post-1219","page","type-page","status-publish","has-post-thumbnail","hentry"],"acf":[],"yoast_head":"<!-- This site is optimized with the Yoast SEO Premium plugin v27.4 (Yoast SEO v27.6) - https:\/\/yoast.com\/product\/yoast-seo-premium-wordpress\/ -->\n<title>Halland - Arbetsgruppen f\u00f6r Region och L\u00e4nsfr\u00e5gor -<\/title>\n<meta name=\"robots\" content=\"index, follow, max-snippet:-1, max-image-preview:large, max-video-preview:-1\" \/>\n<link rel=\"canonical\" href=\"https:\/\/www.helasverige.se\/halland\/var-verksamhet\/arbetsgruppen-for-lansfragor\/\" \/>\n<meta property=\"og:locale\" content=\"sv_SE\" \/>\n<meta property=\"og:type\" content=\"article\" \/>\n<meta property=\"og:title\" content=\"Halland - Arbetsgruppen f\u00f6r Region och L\u00e4nsfr\u00e5gor\" \/>\n<meta property=\"og:description\" content=\"Arbetsgruppen fo\u0308r Region och La\u0308nsfra\u030agor arbetar med o\u0308vergripande fra\u030agor som bero\u0308r hela Halland. Gruppen best\u00e5r av Oskar Gyb\u00e4ck, Elisabeth Otterdahl och Linn Persson. 2022 signerade vi oss som en del av &#8221;Den hall\u00e4ndska \u00f6verenskommelsen&#8221;. 2023 har vi s\u00f6kt projektet &#8221;Boost f\u00f6r unga p\u00e5 Hallands landsbygd&#8221; fr\u00e5n MUCF (Myndigheten f\u00f6r unga och civilsamh\u00e4lles fr\u00e5gor) som vi [&hellip;]\" \/>\n<meta property=\"og:url\" content=\"https:\/\/www.helasverige.se\/halland\/var-verksamhet\/arbetsgruppen-for-lansfragor\/\" \/>\n<meta property=\"article:modified_time\" content=\"2025-08-29T00:41:33+00:00\" \/>\n<meta property=\"og:image\" content=\"https:\/\/www.helasverige.se\/halland\/wp-content\/uploads\/sites\/7\/2021\/12\/Landsbygd.jpg\" \/>\n\t<meta property=\"og:image:width\" content=\"612\" \/>\n\t<meta property=\"og:image:height\" content=\"408\" \/>\n\t<meta property=\"og:image:type\" content=\"image\/jpeg\" \/>\n<meta name=\"twitter:card\" content=\"summary_large_image\" \/>\n<meta name=\"twitter:label1\" content=\"Ber\u00e4knad l\u00e4stid\" \/>\n\t<meta name=\"twitter:data1\" content=\"1 minut\" \/>\n<script type=\"application\/ld+json\" class=\"yoast-schema-graph\">{\"@context\":\"https:\\\/\\\/schema.org\",\"@graph\":[{\"@type\":\"WebPage\",\"@id\":\"https:\\\/\\\/www.helasverige.se\\\/halland\\\/var-verksamhet\\\/arbetsgruppen-for-lansfragor\\\/\",\"url\":\"https:\\\/\\\/www.helasverige.se\\\/halland\\\/var-verksamhet\\\/arbetsgruppen-for-lansfragor\\\/\",\"name\":\"Halland - Arbetsgruppen f\u00f6r Region och L\u00e4nsfr\u00e5gor -\",\"isPartOf\":{\"@id\":\"https:\\\/\\\/www.helasverige.se\\\/halland\\\/#website\"},\"primaryImageOfPage\":{\"@id\":\"https:\\\/\\\/www.helasverige.se\\\/halland\\\/var-verksamhet\\\/arbetsgruppen-for-lansfragor\\\/#primaryimage\"},\"image\":{\"@id\":\"https:\\\/\\\/www.helasverige.se\\\/halland\\\/var-verksamhet\\\/arbetsgruppen-for-lansfragor\\\/#primaryimage\"},\"thumbnailUrl\":\"https:\\\/\\\/www.helasverige.se\\\/halland\\\/wp-content\\\/uploads\\\/sites\\\/7\\\/2021\\\/12\\\/Landsbygd.jpg\",\"datePublished\":\"2023-05-23T18:35:57+00:00\",\"dateModified\":\"2025-08-29T00:41:33+00:00\",\"breadcrumb\":{\"@id\":\"https:\\\/\\\/www.helasverige.se\\\/halland\\\/var-verksamhet\\\/arbetsgruppen-for-lansfragor\\\/#breadcrumb\"},\"inLanguage\":\"sv-SE\",\"potentialAction\":[{\"@type\":\"ReadAction\",\"target\":[\"https:\\\/\\\/www.helasverige.se\\\/halland\\\/var-verksamhet\\\/arbetsgruppen-for-lansfragor\\\/\"]}]},{\"@type\":\"ImageObject\",\"inLanguage\":\"sv-SE\",\"@id\":\"https:\\\/\\\/www.helasverige.se\\\/halland\\\/var-verksamhet\\\/arbetsgruppen-for-lansfragor\\\/#primaryimage\",\"url\":\"https:\\\/\\\/www.helasverige.se\\\/halland\\\/wp-content\\\/uploads\\\/sites\\\/7\\\/2021\\\/12\\\/Landsbygd.jpg\",\"contentUrl\":\"https:\\\/\\\/www.helasverige.se\\\/halland\\\/wp-content\\\/uploads\\\/sites\\\/7\\\/2021\\\/12\\\/Landsbygd.jpg\",\"width\":612,\"height\":408,\"caption\":\"Landscape in Halland, Sweden.\"},{\"@type\":\"BreadcrumbList\",\"@id\":\"https:\\\/\\\/www.helasverige.se\\\/halland\\\/var-verksamhet\\\/arbetsgruppen-for-lansfragor\\\/#breadcrumb\",\"itemListElement\":[{\"@type\":\"ListItem\",\"position\":1,\"name\":\"Home\",\"item\":\"https:\\\/\\\/www.helasverige.se\\\/halland\\\/\"},{\"@type\":\"ListItem\",\"position\":2,\"name\":\"V\u00e5r verksamhet\",\"item\":\"https:\\\/\\\/www.helasverige.se\\\/halland\\\/var-verksamhet\\\/\"},{\"@type\":\"ListItem\",\"position\":3,\"name\":\"Arbetsgruppen f\u00f6r Region och L\u00e4nsfr\u00e5gor\"}]},{\"@type\":\"WebSite\",\"@id\":\"https:\\\/\\\/www.helasverige.se\\\/halland\\\/#website\",\"url\":\"https:\\\/\\\/www.helasverige.se\\\/halland\\\/\",\"name\":\"\",\"description\":\"\u00c4nnu en webbplats hos Hela Sverige ska leva\",\"potentialAction\":[{\"@type\":\"SearchAction\",\"target\":{\"@type\":\"EntryPoint\",\"urlTemplate\":\"https:\\\/\\\/www.helasverige.se\\\/halland\\\/?s={search_term_string}\"},\"query-input\":{\"@type\":\"PropertyValueSpecification\",\"valueRequired\":true,\"valueName\":\"search_term_string\"}}],\"inLanguage\":\"sv-SE\"}]}<\/script>\n<!-- \/ Yoast SEO Premium plugin. -->","yoast_head_json":{"title":"Halland - Arbetsgruppen f\u00f6r Region och L\u00e4nsfr\u00e5gor -","robots":{"index":"index","follow":"follow","max-snippet":"max-snippet:-1","max-image-preview":"max-image-preview:large","max-video-preview":"max-video-preview:-1"},"canonical":"https:\/\/www.helasverige.se\/halland\/var-verksamhet\/arbetsgruppen-for-lansfragor\/","og_locale":"sv_SE","og_type":"article","og_title":"Halland - Arbetsgruppen f\u00f6r Region och L\u00e4nsfr\u00e5gor","og_description":"Arbetsgruppen fo\u0308r Region och La\u0308nsfra\u030agor arbetar med o\u0308vergripande fra\u030agor som bero\u0308r hela Halland. Gruppen best\u00e5r av Oskar Gyb\u00e4ck, Elisabeth Otterdahl och Linn Persson. 2022 signerade vi oss som en del av &#8221;Den hall\u00e4ndska \u00f6verenskommelsen&#8221;. 2023 har vi s\u00f6kt projektet &#8221;Boost f\u00f6r unga p\u00e5 Hallands landsbygd&#8221; fr\u00e5n MUCF (Myndigheten f\u00f6r unga och civilsamh\u00e4lles fr\u00e5gor) som vi [&hellip;]","og_url":"https:\/\/www.helasverige.se\/halland\/var-verksamhet\/arbetsgruppen-for-lansfragor\/","article_modified_time":"2025-08-29T00:41:33+00:00","og_image":[{"width":612,"height":408,"url":"https:\/\/www.helasverige.se\/halland\/wp-content\/uploads\/sites\/7\/2021\/12\/Landsbygd.jpg","type":"image\/jpeg"}],"twitter_card":"summary_large_image","twitter_misc":{"Ber\u00e4knad l\u00e4stid":"1 minut"},"schema":{"@context":"https:\/\/schema.org","@graph":[{"@type":"WebPage","@id":"https:\/\/www.helasverige.se\/halland\/var-verksamhet\/arbetsgruppen-for-lansfragor\/","url":"https:\/\/www.helasverige.se\/halland\/var-verksamhet\/arbetsgruppen-for-lansfragor\/","name":"Halland - Arbetsgruppen f\u00f6r Region och L\u00e4nsfr\u00e5gor -","isPartOf":{"@id":"https:\/\/www.helasverige.se\/halland\/#website"},"primaryImageOfPage":{"@id":"https:\/\/www.helasverige.se\/halland\/var-verksamhet\/arbetsgruppen-for-lansfragor\/#primaryimage"},"image":{"@id":"https:\/\/www.helasverige.se\/halland\/var-verksamhet\/arbetsgruppen-for-lansfragor\/#primaryimage"},"thumbnailUrl":"https:\/\/www.helasverige.se\/halland\/wp-content\/uploads\/sites\/7\/2021\/12\/Landsbygd.jpg","datePublished":"2023-05-23T18:35:57+00:00","dateModified":"2025-08-29T00:41:33+00:00","breadcrumb":{"@id":"https:\/\/www.helasverige.se\/halland\/var-verksamhet\/arbetsgruppen-for-lansfragor\/#breadcrumb"},"inLanguage":"sv-SE","potentialAction":[{"@type":"ReadAction","target":["https:\/\/www.helasverige.se\/halland\/var-verksamhet\/arbetsgruppen-for-lansfragor\/"]}]},{"@type":"ImageObject","inLanguage":"sv-SE","@id":"https:\/\/www.helasverige.se\/halland\/var-verksamhet\/arbetsgruppen-for-lansfragor\/#primaryimage","url":"https:\/\/www.helasverige.se\/halland\/wp-content\/uploads\/sites\/7\/2021\/12\/Landsbygd.jpg","contentUrl":"https:\/\/www.helasverige.se\/halland\/wp-content\/uploads\/sites\/7\/2021\/12\/Landsbygd.jpg","width":612,"height":408,"caption":"Landscape in Halland, Sweden."},{"@type":"BreadcrumbList","@id":"https:\/\/www.helasverige.se\/halland\/var-verksamhet\/arbetsgruppen-for-lansfragor\/#breadcrumb","itemListElement":[{"@type":"ListItem","position":1,"name":"Home","item":"https:\/\/www.helasverige.se\/halland\/"},{"@type":"ListItem","position":2,"name":"V\u00e5r verksamhet","item":"https:\/\/www.helasverige.se\/halland\/var-verksamhet\/"},{"@type":"ListItem","position":3,"name":"Arbetsgruppen f\u00f6r Region och L\u00e4nsfr\u00e5gor"}]},{"@type":"WebSite","@id":"https:\/\/www.helasverige.se\/halland\/#website","url":"https:\/\/www.helasverige.se\/halland\/","name":"","description":"\u00c4nnu en webbplats hos Hela Sverige ska leva","potentialAction":[{"@type":"SearchAction","target":{"@type":"EntryPoint","urlTemplate":"https:\/\/www.helasverige.se\/halland\/?s={search_term_string}"},"query-input":{"@type":"PropertyValueSpecification","valueRequired":true,"valueName":"search_term_string"}}],"inLanguage":"sv-SE"}]}},"_links":{"self":[{"href":"https:\/\/www.helasverige.se\/halland\/wp-json\/wp\/v2\/pages\/1219","targetHints":{"allow":["GET"]}}],"collection":[{"href":"https:\/\/www.helasverige.se\/halland\/wp-json\/wp\/v2\/pages"}],"about":[{"href":"https:\/\/www.helasverige.se\/halland\/wp-json\/wp\/v2\/types\/page"}],"author":[{"embeddable":true,"href":"https:\/\/www.helasverige.se\/halland\/wp-json\/wp\/v2\/users\/59"}],"replies":[{"embeddable":true,"href":"https:\/\/www.helasverige.se\/halland\/wp-json\/wp\/v2\/comments?post=1219"}],"version-history":[{"count":20,"href":"https:\/\/www.helasverige.se\/halland\/wp-json\/wp\/v2\/pages\/1219\/revisions"}],"predecessor-version":[{"id":1624,"href":"https:\/\/www.helasverige.se\/halland\/wp-json\/wp\/v2\/pages\/1219\/revisions\/1624"}],"up":[{"embeddable":true,"href":"https:\/\/www.helasverige.se\/halland\/wp-json\/wp\/v2\/pages\/18"}],"wp:featuredmedia":[{"embeddable":true,"href":"https:\/\/www.helasverige.se\/halland\/wp-json\/wp\/v2\/media\/606"}],"wp:attachment":[{"href":"https:\/\/www.helasverige.se\/halland\/wp-json\/wp\/v2\/media?parent=1219"}],"curies":[{"name":"wp","href":"https:\/\/api.w.org\/{rel}","templated":true}]}}