{"id":1231,"date":"2023-05-23T20:56:38","date_gmt":"2023-05-23T18:56:38","guid":{"rendered":"https:\/\/www.helasverige.se\/halland\/?page_id=1231"},"modified":"2025-08-29T02:22:46","modified_gmt":"2025-08-29T00:22:46","slug":"arbetsgruppen-hjn-banan","status":"publish","type":"page","link":"https:\/\/www.helasverige.se\/halland\/var-verksamhet\/arbetsgruppen-hjn-banan\/","title":{"rendered":"Arbetsgruppen Kollektivtrafik Halland (gamla HJN-banan)"},"content":{"rendered":"<p><strong>Arbetsgruppen HNJ-banan<\/strong> har utvecklats till att f\u00f6rs\u00f6ka lyfta allm\u00e4nt kollektivtrafiks fr\u00e5gor. Vi arbetar fortsatt f\u00f6r t\u00e5gtrafiken mellan Halmstad-N\u00e4ssj\u00f6-J\u00f6nk\u00f6ping men kommer att f\u00f6rs\u00f6ka lyfta kollektivtrafiken p\u00e5 n\u00e5got mer omr\u00e5de d\u00e4r vi ser att det kan vara speciell behov. Eller lyfta goda exempel som introducerats i l\u00e4net.<\/p>\n<p>Gruppen best\u00e5r av Kjell-\u00c5ke K\u00e4ll\u00e9n, Evy Johansson, Per-Yngve Bengtsson.<\/p>\n","protected":false},"excerpt":{"rendered":"<p>Arbetsgruppen HNJ-banan har utvecklats till att f\u00f6rs\u00f6ka lyfta allm\u00e4nt kollektivtrafiks fr\u00e5gor. Vi arbetar fortsatt f\u00f6r t\u00e5gtrafiken mellan Halmstad-N\u00e4ssj\u00f6-J\u00f6nk\u00f6ping men kommer att f\u00f6rs\u00f6ka lyfta kollektivtrafiken p\u00e5 n\u00e5got mer omr\u00e5de d\u00e4r vi ser att det kan vara speciell behov. Eller lyfta goda exempel som introducerats i l\u00e4net. Gruppen best\u00e5r av Kjell-\u00c5ke K\u00e4ll\u00e9n, Evy Johansson, Per-Yngve Bengtsson.<\/p>\n","protected":false},"author":59,"featured_media":1232,"parent":18,"menu_order":0,"comment_status":"closed","ping_status":"closed","template":"tpl-lansavdelning.php","meta":{"_acf_changed":false,"footnotes":""},"class_list":["post-1231","page","type-page","status-publish","has-post-thumbnail","hentry"],"acf":[],"yoast_head":"<!-- This site is optimized with the Yoast SEO Premium plugin v27.4 (Yoast SEO v27.6) - https:\/\/yoast.com\/product\/yoast-seo-premium-wordpress\/ -->\n<title>Halland - Arbetsgruppen Kollektivtrafik Halland (gamla HJN-banan) -<\/title>\n<meta name=\"robots\" content=\"index, follow, max-snippet:-1, max-image-preview:large, max-video-preview:-1\" \/>\n<link rel=\"canonical\" href=\"https:\/\/www.helasverige.se\/halland\/var-verksamhet\/arbetsgruppen-hjn-banan\/\" \/>\n<meta property=\"og:locale\" content=\"sv_SE\" \/>\n<meta property=\"og:type\" content=\"article\" \/>\n<meta property=\"og:title\" content=\"Halland - Arbetsgruppen Kollektivtrafik Halland (gamla HJN-banan)\" \/>\n<meta property=\"og:description\" content=\"Arbetsgruppen HNJ-banan har utvecklats till att f\u00f6rs\u00f6ka lyfta allm\u00e4nt kollektivtrafiks fr\u00e5gor. Vi arbetar fortsatt f\u00f6r t\u00e5gtrafiken mellan Halmstad-N\u00e4ssj\u00f6-J\u00f6nk\u00f6ping men kommer att f\u00f6rs\u00f6ka lyfta kollektivtrafiken p\u00e5 n\u00e5got mer omr\u00e5de d\u00e4r vi ser att det kan vara speciell behov. Eller lyfta goda exempel som introducerats i l\u00e4net. Gruppen best\u00e5r av Kjell-\u00c5ke K\u00e4ll\u00e9n, Evy Johansson, Per-Yngve Bengtsson.\" \/>\n<meta property=\"og:url\" content=\"https:\/\/www.helasverige.se\/halland\/var-verksamhet\/arbetsgruppen-hjn-banan\/\" \/>\n<meta property=\"article:modified_time\" content=\"2025-08-29T00:22:46+00:00\" \/>\n<meta property=\"og:image\" content=\"https:\/\/www.helasverige.se\/halland\/wp-content\/uploads\/sites\/7\/2023\/05\/IMG_8314-scaled.jpeg\" \/>\n\t<meta property=\"og:image:width\" content=\"1920\" \/>\n\t<meta property=\"og:image:height\" content=\"2560\" \/>\n\t<meta property=\"og:image:type\" content=\"image\/jpeg\" \/>\n<meta name=\"twitter:card\" content=\"summary_large_image\" \/>\n<meta name=\"twitter:label1\" content=\"Ber\u00e4knad l\u00e4stid\" \/>\n\t<meta name=\"twitter:data1\" content=\"1 minut\" \/>\n<script type=\"application\/ld+json\" class=\"yoast-schema-graph\">{\"@context\":\"https:\\\/\\\/schema.org\",\"@graph\":[{\"@type\":\"WebPage\",\"@id\":\"https:\\\/\\\/www.helasverige.se\\\/halland\\\/var-verksamhet\\\/arbetsgruppen-hjn-banan\\\/\",\"url\":\"https:\\\/\\\/www.helasverige.se\\\/halland\\\/var-verksamhet\\\/arbetsgruppen-hjn-banan\\\/\",\"name\":\"Halland - Arbetsgruppen Kollektivtrafik Halland (gamla HJN-banan) -\",\"isPartOf\":{\"@id\":\"https:\\\/\\\/www.helasverige.se\\\/halland\\\/#website\"},\"primaryImageOfPage\":{\"@id\":\"https:\\\/\\\/www.helasverige.se\\\/halland\\\/var-verksamhet\\\/arbetsgruppen-hjn-banan\\\/#primaryimage\"},\"image\":{\"@id\":\"https:\\\/\\\/www.helasverige.se\\\/halland\\\/var-verksamhet\\\/arbetsgruppen-hjn-banan\\\/#primaryimage\"},\"thumbnailUrl\":\"https:\\\/\\\/www.helasverige.se\\\/halland\\\/wp-content\\\/uploads\\\/sites\\\/7\\\/2023\\\/05\\\/IMG_8314-scaled.jpeg\",\"datePublished\":\"2023-05-23T18:56:38+00:00\",\"dateModified\":\"2025-08-29T00:22:46+00:00\",\"breadcrumb\":{\"@id\":\"https:\\\/\\\/www.helasverige.se\\\/halland\\\/var-verksamhet\\\/arbetsgruppen-hjn-banan\\\/#breadcrumb\"},\"inLanguage\":\"sv-SE\",\"potentialAction\":[{\"@type\":\"ReadAction\",\"target\":[\"https:\\\/\\\/www.helasverige.se\\\/halland\\\/var-verksamhet\\\/arbetsgruppen-hjn-banan\\\/\"]}]},{\"@type\":\"ImageObject\",\"inLanguage\":\"sv-SE\",\"@id\":\"https:\\\/\\\/www.helasverige.se\\\/halland\\\/var-verksamhet\\\/arbetsgruppen-hjn-banan\\\/#primaryimage\",\"url\":\"https:\\\/\\\/www.helasverige.se\\\/halland\\\/wp-content\\\/uploads\\\/sites\\\/7\\\/2023\\\/05\\\/IMG_8314-scaled.jpeg\",\"contentUrl\":\"https:\\\/\\\/www.helasverige.se\\\/halland\\\/wp-content\\\/uploads\\\/sites\\\/7\\\/2023\\\/05\\\/IMG_8314-scaled.jpeg\",\"width\":1920,\"height\":2560},{\"@type\":\"BreadcrumbList\",\"@id\":\"https:\\\/\\\/www.helasverige.se\\\/halland\\\/var-verksamhet\\\/arbetsgruppen-hjn-banan\\\/#breadcrumb\",\"itemListElement\":[{\"@type\":\"ListItem\",\"position\":1,\"name\":\"Home\",\"item\":\"https:\\\/\\\/www.helasverige.se\\\/halland\\\/\"},{\"@type\":\"ListItem\",\"position\":2,\"name\":\"V\u00e5r verksamhet\",\"item\":\"https:\\\/\\\/www.helasverige.se\\\/halland\\\/var-verksamhet\\\/\"},{\"@type\":\"ListItem\",\"position\":3,\"name\":\"Arbetsgruppen Kollektivtrafik Halland (gamla HJN-banan)\"}]},{\"@type\":\"WebSite\",\"@id\":\"https:\\\/\\\/www.helasverige.se\\\/halland\\\/#website\",\"url\":\"https:\\\/\\\/www.helasverige.se\\\/halland\\\/\",\"name\":\"\",\"description\":\"\u00c4nnu en webbplats hos Hela Sverige ska leva\",\"potentialAction\":[{\"@type\":\"SearchAction\",\"target\":{\"@type\":\"EntryPoint\",\"urlTemplate\":\"https:\\\/\\\/www.helasverige.se\\\/halland\\\/?s={search_term_string}\"},\"query-input\":{\"@type\":\"PropertyValueSpecification\",\"valueRequired\":true,\"valueName\":\"search_term_string\"}}],\"inLanguage\":\"sv-SE\"}]}<\/script>\n<!-- \/ Yoast SEO Premium plugin. -->","yoast_head_json":{"title":"Halland - Arbetsgruppen Kollektivtrafik Halland (gamla HJN-banan) -","robots":{"index":"index","follow":"follow","max-snippet":"max-snippet:-1","max-image-preview":"max-image-preview:large","max-video-preview":"max-video-preview:-1"},"canonical":"https:\/\/www.helasverige.se\/halland\/var-verksamhet\/arbetsgruppen-hjn-banan\/","og_locale":"sv_SE","og_type":"article","og_title":"Halland - Arbetsgruppen Kollektivtrafik Halland (gamla HJN-banan)","og_description":"Arbetsgruppen HNJ-banan har utvecklats till att f\u00f6rs\u00f6ka lyfta allm\u00e4nt kollektivtrafiks fr\u00e5gor. Vi arbetar fortsatt f\u00f6r t\u00e5gtrafiken mellan Halmstad-N\u00e4ssj\u00f6-J\u00f6nk\u00f6ping men kommer att f\u00f6rs\u00f6ka lyfta kollektivtrafiken p\u00e5 n\u00e5got mer omr\u00e5de d\u00e4r vi ser att det kan vara speciell behov. Eller lyfta goda exempel som introducerats i l\u00e4net. Gruppen best\u00e5r av Kjell-\u00c5ke K\u00e4ll\u00e9n, Evy Johansson, Per-Yngve Bengtsson.","og_url":"https:\/\/www.helasverige.se\/halland\/var-verksamhet\/arbetsgruppen-hjn-banan\/","article_modified_time":"2025-08-29T00:22:46+00:00","og_image":[{"width":1920,"height":2560,"url":"https:\/\/www.helasverige.se\/halland\/wp-content\/uploads\/sites\/7\/2023\/05\/IMG_8314-scaled.jpeg","type":"image\/jpeg"}],"twitter_card":"summary_large_image","twitter_misc":{"Ber\u00e4knad l\u00e4stid":"1 minut"},"schema":{"@context":"https:\/\/schema.org","@graph":[{"@type":"WebPage","@id":"https:\/\/www.helasverige.se\/halland\/var-verksamhet\/arbetsgruppen-hjn-banan\/","url":"https:\/\/www.helasverige.se\/halland\/var-verksamhet\/arbetsgruppen-hjn-banan\/","name":"Halland - Arbetsgruppen Kollektivtrafik Halland (gamla HJN-banan) -","isPartOf":{"@id":"https:\/\/www.helasverige.se\/halland\/#website"},"primaryImageOfPage":{"@id":"https:\/\/www.helasverige.se\/halland\/var-verksamhet\/arbetsgruppen-hjn-banan\/#primaryimage"},"image":{"@id":"https:\/\/www.helasverige.se\/halland\/var-verksamhet\/arbetsgruppen-hjn-banan\/#primaryimage"},"thumbnailUrl":"https:\/\/www.helasverige.se\/halland\/wp-content\/uploads\/sites\/7\/2023\/05\/IMG_8314-scaled.jpeg","datePublished":"2023-05-23T18:56:38+00:00","dateModified":"2025-08-29T00:22:46+00:00","breadcrumb":{"@id":"https:\/\/www.helasverige.se\/halland\/var-verksamhet\/arbetsgruppen-hjn-banan\/#breadcrumb"},"inLanguage":"sv-SE","potentialAction":[{"@type":"ReadAction","target":["https:\/\/www.helasverige.se\/halland\/var-verksamhet\/arbetsgruppen-hjn-banan\/"]}]},{"@type":"ImageObject","inLanguage":"sv-SE","@id":"https:\/\/www.helasverige.se\/halland\/var-verksamhet\/arbetsgruppen-hjn-banan\/#primaryimage","url":"https:\/\/www.helasverige.se\/halland\/wp-content\/uploads\/sites\/7\/2023\/05\/IMG_8314-scaled.jpeg","contentUrl":"https:\/\/www.helasverige.se\/halland\/wp-content\/uploads\/sites\/7\/2023\/05\/IMG_8314-scaled.jpeg","width":1920,"height":2560},{"@type":"BreadcrumbList","@id":"https:\/\/www.helasverige.se\/halland\/var-verksamhet\/arbetsgruppen-hjn-banan\/#breadcrumb","itemListElement":[{"@type":"ListItem","position":1,"name":"Home","item":"https:\/\/www.helasverige.se\/halland\/"},{"@type":"ListItem","position":2,"name":"V\u00e5r verksamhet","item":"https:\/\/www.helasverige.se\/halland\/var-verksamhet\/"},{"@type":"ListItem","position":3,"name":"Arbetsgruppen Kollektivtrafik Halland (gamla HJN-banan)"}]},{"@type":"WebSite","@id":"https:\/\/www.helasverige.se\/halland\/#website","url":"https:\/\/www.helasverige.se\/halland\/","name":"","description":"\u00c4nnu en webbplats hos Hela Sverige ska leva","potentialAction":[{"@type":"SearchAction","target":{"@type":"EntryPoint","urlTemplate":"https:\/\/www.helasverige.se\/halland\/?s={search_term_string}"},"query-input":{"@type":"PropertyValueSpecification","valueRequired":true,"valueName":"search_term_string"}}],"inLanguage":"sv-SE"}]}},"_links":{"self":[{"href":"https:\/\/www.helasverige.se\/halland\/wp-json\/wp\/v2\/pages\/1231","targetHints":{"allow":["GET"]}}],"collection":[{"href":"https:\/\/www.helasverige.se\/halland\/wp-json\/wp\/v2\/pages"}],"about":[{"href":"https:\/\/www.helasverige.se\/halland\/wp-json\/wp\/v2\/types\/page"}],"author":[{"embeddable":true,"href":"https:\/\/www.helasverige.se\/halland\/wp-json\/wp\/v2\/users\/59"}],"replies":[{"embeddable":true,"href":"https:\/\/www.helasverige.se\/halland\/wp-json\/wp\/v2\/comments?post=1231"}],"version-history":[{"count":4,"href":"https:\/\/www.helasverige.se\/halland\/wp-json\/wp\/v2\/pages\/1231\/revisions"}],"predecessor-version":[{"id":1621,"href":"https:\/\/www.helasverige.se\/halland\/wp-json\/wp\/v2\/pages\/1231\/revisions\/1621"}],"up":[{"embeddable":true,"href":"https:\/\/www.helasverige.se\/halland\/wp-json\/wp\/v2\/pages\/18"}],"wp:featuredmedia":[{"embeddable":true,"href":"https:\/\/www.helasverige.se\/halland\/wp-json\/wp\/v2\/media\/1232"}],"wp:attachment":[{"href":"https:\/\/www.helasverige.se\/halland\/wp-json\/wp\/v2\/media?parent=1231"}],"curies":[{"name":"wp","href":"https:\/\/api.w.org\/{rel}","templated":true}]}}