{"id":24,"date":"2021-10-29T11:21:52","date_gmt":"2021-10-29T09:21:52","guid":{"rendered":"https:\/\/www.helasverige.se\/kronoberg\/?page_id=24"},"modified":"2023-12-06T09:38:48","modified_gmt":"2023-12-06T08:38:48","slug":"lokala-utvecklingsgrupper","status":"publish","type":"page","link":"https:\/\/www.helasverige.se\/kronoberg\/lokala-utvecklingsgrupper\/","title":{"rendered":"Lokala utvecklingsgrupper"},"content":{"rendered":"","protected":false},"excerpt":{"rendered":"","protected":false},"author":1,"featured_media":888,"parent":0,"menu_order":0,"comment_status":"closed","ping_status":"closed","template":"tpl-lansavdelning-artikel.php","meta":{"_acf_changed":false,"footnotes":""},"class_list":["post-24","page","type-page","status-publish","has-post-thumbnail","hentry"],"acf":[],"yoast_head":"<!-- This site is optimized with the Yoast SEO Premium plugin v27.4 (Yoast SEO v27.5) - https:\/\/yoast.com\/product\/yoast-seo-premium-wordpress\/ -->\n<title>Kronoberg - Lokala utvecklingsgrupper -<\/title>\n<meta name=\"description\" content=\"Kolla vilka f\u00f6reningar som \u00e4r medlemmar hos oss i Hela Sverige ska leva, Kronoberg klicka vidare till v\u00e5rat Medlemsregister.\" \/>\n<meta name=\"robots\" content=\"index, follow, max-snippet:-1, max-image-preview:large, max-video-preview:-1\" \/>\n<link rel=\"canonical\" href=\"https:\/\/www.helasverige.se\/kronoberg\/lokala-utvecklingsgrupper\/\" \/>\n<meta property=\"og:locale\" content=\"sv_SE\" \/>\n<meta property=\"og:type\" content=\"article\" \/>\n<meta property=\"og:title\" content=\"Kronoberg - Lokala utvecklingsgrupper\" \/>\n<meta property=\"og:description\" content=\"Kolla vilka f\u00f6reningar som \u00e4r medlemmar hos oss i Hela Sverige ska leva, Kronoberg klicka vidare till v\u00e5rat Medlemsregister.\" \/>\n<meta property=\"og:url\" content=\"https:\/\/www.helasverige.se\/kronoberg\/lokala-utvecklingsgrupper\/\" \/>\n<meta property=\"article:modified_time\" content=\"2023-12-06T08:38:48+00:00\" \/>\n<meta property=\"og:image\" content=\"https:\/\/www.helasverige.se\/kronoberg\/wp-content\/uploads\/sites\/10\/2023\/12\/20191025_161156-scaled.jpg\" \/>\n\t<meta property=\"og:image:width\" content=\"2560\" \/>\n\t<meta property=\"og:image:height\" content=\"1244\" \/>\n\t<meta property=\"og:image:type\" content=\"image\/jpeg\" \/>\n<meta name=\"twitter:card\" content=\"summary_large_image\" \/>\n<script type=\"application\/ld+json\" class=\"yoast-schema-graph\">{\"@context\":\"https:\\\/\\\/schema.org\",\"@graph\":[{\"@type\":\"WebPage\",\"@id\":\"https:\\\/\\\/www.helasverige.se\\\/kronoberg\\\/lokala-utvecklingsgrupper\\\/\",\"url\":\"https:\\\/\\\/www.helasverige.se\\\/kronoberg\\\/lokala-utvecklingsgrupper\\\/\",\"name\":\"Kronoberg - Lokala utvecklingsgrupper -\",\"isPartOf\":{\"@id\":\"https:\\\/\\\/www.helasverige.se\\\/kronoberg\\\/#website\"},\"primaryImageOfPage\":{\"@id\":\"https:\\\/\\\/www.helasverige.se\\\/kronoberg\\\/lokala-utvecklingsgrupper\\\/#primaryimage\"},\"image\":{\"@id\":\"https:\\\/\\\/www.helasverige.se\\\/kronoberg\\\/lokala-utvecklingsgrupper\\\/#primaryimage\"},\"thumbnailUrl\":\"https:\\\/\\\/www.helasverige.se\\\/kronoberg\\\/wp-content\\\/uploads\\\/sites\\\/10\\\/2023\\\/12\\\/20191025_161156-scaled.jpg\",\"datePublished\":\"2021-10-29T09:21:52+00:00\",\"dateModified\":\"2023-12-06T08:38:48+00:00\",\"description\":\"Kolla vilka f\u00f6reningar som \u00e4r medlemmar hos oss i Hela Sverige ska leva, Kronoberg klicka vidare till v\u00e5rat Medlemsregister.\",\"breadcrumb\":{\"@id\":\"https:\\\/\\\/www.helasverige.se\\\/kronoberg\\\/lokala-utvecklingsgrupper\\\/#breadcrumb\"},\"inLanguage\":\"sv-SE\",\"potentialAction\":[{\"@type\":\"ReadAction\",\"target\":[\"https:\\\/\\\/www.helasverige.se\\\/kronoberg\\\/lokala-utvecklingsgrupper\\\/\"]}]},{\"@type\":\"ImageObject\",\"inLanguage\":\"sv-SE\",\"@id\":\"https:\\\/\\\/www.helasverige.se\\\/kronoberg\\\/lokala-utvecklingsgrupper\\\/#primaryimage\",\"url\":\"https:\\\/\\\/www.helasverige.se\\\/kronoberg\\\/wp-content\\\/uploads\\\/sites\\\/10\\\/2023\\\/12\\\/20191025_161156-scaled.jpg\",\"contentUrl\":\"https:\\\/\\\/www.helasverige.se\\\/kronoberg\\\/wp-content\\\/uploads\\\/sites\\\/10\\\/2023\\\/12\\\/20191025_161156-scaled.jpg\",\"width\":2560,\"height\":1244},{\"@type\":\"BreadcrumbList\",\"@id\":\"https:\\\/\\\/www.helasverige.se\\\/kronoberg\\\/lokala-utvecklingsgrupper\\\/#breadcrumb\",\"itemListElement\":[{\"@type\":\"ListItem\",\"position\":1,\"name\":\"Home\",\"item\":\"https:\\\/\\\/www.helasverige.se\\\/kronoberg\\\/\"},{\"@type\":\"ListItem\",\"position\":2,\"name\":\"Lokala utvecklingsgrupper\"}]},{\"@type\":\"WebSite\",\"@id\":\"https:\\\/\\\/www.helasverige.se\\\/kronoberg\\\/#website\",\"url\":\"https:\\\/\\\/www.helasverige.se\\\/kronoberg\\\/\",\"name\":\"\",\"description\":\"\u00c4nnu en webbplats hos Hela Sverige ska leva\",\"potentialAction\":[{\"@type\":\"SearchAction\",\"target\":{\"@type\":\"EntryPoint\",\"urlTemplate\":\"https:\\\/\\\/www.helasverige.se\\\/kronoberg\\\/?s={search_term_string}\"},\"query-input\":{\"@type\":\"PropertyValueSpecification\",\"valueRequired\":true,\"valueName\":\"search_term_string\"}}],\"inLanguage\":\"sv-SE\"}]}<\/script>\n<!-- \/ Yoast SEO Premium plugin. -->","yoast_head_json":{"title":"Kronoberg - Lokala utvecklingsgrupper -","description":"Kolla vilka f\u00f6reningar som \u00e4r medlemmar hos oss i Hela Sverige ska leva, Kronoberg klicka vidare till v\u00e5rat Medlemsregister.","robots":{"index":"index","follow":"follow","max-snippet":"max-snippet:-1","max-image-preview":"max-image-preview:large","max-video-preview":"max-video-preview:-1"},"canonical":"https:\/\/www.helasverige.se\/kronoberg\/lokala-utvecklingsgrupper\/","og_locale":"sv_SE","og_type":"article","og_title":"Kronoberg - Lokala utvecklingsgrupper","og_description":"Kolla vilka f\u00f6reningar som \u00e4r medlemmar hos oss i Hela Sverige ska leva, Kronoberg klicka vidare till v\u00e5rat Medlemsregister.","og_url":"https:\/\/www.helasverige.se\/kronoberg\/lokala-utvecklingsgrupper\/","article_modified_time":"2023-12-06T08:38:48+00:00","og_image":[{"width":2560,"height":1244,"url":"https:\/\/www.helasverige.se\/kronoberg\/wp-content\/uploads\/sites\/10\/2023\/12\/20191025_161156-scaled.jpg","type":"image\/jpeg"}],"twitter_card":"summary_large_image","schema":{"@context":"https:\/\/schema.org","@graph":[{"@type":"WebPage","@id":"https:\/\/www.helasverige.se\/kronoberg\/lokala-utvecklingsgrupper\/","url":"https:\/\/www.helasverige.se\/kronoberg\/lokala-utvecklingsgrupper\/","name":"Kronoberg - Lokala utvecklingsgrupper -","isPartOf":{"@id":"https:\/\/www.helasverige.se\/kronoberg\/#website"},"primaryImageOfPage":{"@id":"https:\/\/www.helasverige.se\/kronoberg\/lokala-utvecklingsgrupper\/#primaryimage"},"image":{"@id":"https:\/\/www.helasverige.se\/kronoberg\/lokala-utvecklingsgrupper\/#primaryimage"},"thumbnailUrl":"https:\/\/www.helasverige.se\/kronoberg\/wp-content\/uploads\/sites\/10\/2023\/12\/20191025_161156-scaled.jpg","datePublished":"2021-10-29T09:21:52+00:00","dateModified":"2023-12-06T08:38:48+00:00","description":"Kolla vilka f\u00f6reningar som \u00e4r medlemmar hos oss i Hela Sverige ska leva, Kronoberg klicka vidare till v\u00e5rat Medlemsregister.","breadcrumb":{"@id":"https:\/\/www.helasverige.se\/kronoberg\/lokala-utvecklingsgrupper\/#breadcrumb"},"inLanguage":"sv-SE","potentialAction":[{"@type":"ReadAction","target":["https:\/\/www.helasverige.se\/kronoberg\/lokala-utvecklingsgrupper\/"]}]},{"@type":"ImageObject","inLanguage":"sv-SE","@id":"https:\/\/www.helasverige.se\/kronoberg\/lokala-utvecklingsgrupper\/#primaryimage","url":"https:\/\/www.helasverige.se\/kronoberg\/wp-content\/uploads\/sites\/10\/2023\/12\/20191025_161156-scaled.jpg","contentUrl":"https:\/\/www.helasverige.se\/kronoberg\/wp-content\/uploads\/sites\/10\/2023\/12\/20191025_161156-scaled.jpg","width":2560,"height":1244},{"@type":"BreadcrumbList","@id":"https:\/\/www.helasverige.se\/kronoberg\/lokala-utvecklingsgrupper\/#breadcrumb","itemListElement":[{"@type":"ListItem","position":1,"name":"Home","item":"https:\/\/www.helasverige.se\/kronoberg\/"},{"@type":"ListItem","position":2,"name":"Lokala utvecklingsgrupper"}]},{"@type":"WebSite","@id":"https:\/\/www.helasverige.se\/kronoberg\/#website","url":"https:\/\/www.helasverige.se\/kronoberg\/","name":"","description":"\u00c4nnu en webbplats hos Hela Sverige ska leva","potentialAction":[{"@type":"SearchAction","target":{"@type":"EntryPoint","urlTemplate":"https:\/\/www.helasverige.se\/kronoberg\/?s={search_term_string}"},"query-input":{"@type":"PropertyValueSpecification","valueRequired":true,"valueName":"search_term_string"}}],"inLanguage":"sv-SE"}]}},"_links":{"self":[{"href":"https:\/\/www.helasverige.se\/kronoberg\/wp-json\/wp\/v2\/pages\/24","targetHints":{"allow":["GET"]}}],"collection":[{"href":"https:\/\/www.helasverige.se\/kronoberg\/wp-json\/wp\/v2\/pages"}],"about":[{"href":"https:\/\/www.helasverige.se\/kronoberg\/wp-json\/wp\/v2\/types\/page"}],"author":[{"embeddable":true,"href":"https:\/\/www.helasverige.se\/kronoberg\/wp-json\/wp\/v2\/users\/1"}],"replies":[{"embeddable":true,"href":"https:\/\/www.helasverige.se\/kronoberg\/wp-json\/wp\/v2\/comments?post=24"}],"version-history":[{"count":6,"href":"https:\/\/www.helasverige.se\/kronoberg\/wp-json\/wp\/v2\/pages\/24\/revisions"}],"predecessor-version":[{"id":764,"href":"https:\/\/www.helasverige.se\/kronoberg\/wp-json\/wp\/v2\/pages\/24\/revisions\/764"}],"wp:featuredmedia":[{"embeddable":true,"href":"https:\/\/www.helasverige.se\/kronoberg\/wp-json\/wp\/v2\/media\/888"}],"wp:attachment":[{"href":"https:\/\/www.helasverige.se\/kronoberg\/wp-json\/wp\/v2\/media?parent=24"}],"curies":[{"name":"wp","href":"https:\/\/api.w.org\/{rel}","templated":true}]}}