{"id":2,"date":"2021-10-06T14:24:49","date_gmt":"2021-10-06T12:24:49","guid":{"rendered":"https:\/\/www.helasverige.se\/orebro\/?page_id=2"},"modified":"2026-04-03T20:03:55","modified_gmt":"2026-04-03T18:03:55","slug":"exempelsida","status":"publish","type":"page","link":"https:\/\/www.helasverige.se\/orebrolan\/","title":{"rendered":"\u00d6rebro l\u00e4n start"},"content":{"rendered":"<h1>Hela Sverige Ska Leva<br \/>\n\u00d6rebro L\u00e4n<\/h1>\n<p>Hela Sverige ska leva \u00d6rebro l\u00e4n \u00e4r den regionala delen av Hela Sverige ska leva. Vi \u00e4r en intresseorganisation som arbetar f\u00f6r att v\u00e4cka opinion och bidra till att j\u00e4mna ut skillnaderna mellan stad och land, s\u00e5 att vi f\u00e5r j\u00e4mb\u00f6rdiga villkor.<\/p>\n<p>V\u00e5r verksamhet skall st\u00e4rka lokalt och p\u00e5verka regionalt. Om du har n\u00e5gra fr\u00e5gor eller beh\u00f6ver hj\u00e4lp, tveka inte att <a href=\"https:\/\/www.helasverige.se\/orebrolan\/om-oss\/orebro-lans-styrelse\/\">kontakta oss<\/a>!<\/p>\n","protected":false},"excerpt":{"rendered":"<p>Hela Sverige Ska Leva \u00d6rebro L\u00e4n Hela Sverige ska leva \u00d6rebro l\u00e4n \u00e4r den regionala delen av Hela Sverige ska leva. Vi \u00e4r en intresseorganisation som arbetar f\u00f6r att v\u00e4cka opinion och bidra till att j\u00e4mna ut skillnaderna mellan stad och land, s\u00e5 att vi f\u00e5r j\u00e4mb\u00f6rdiga villkor. V\u00e5r verksamhet skall st\u00e4rka lokalt och p\u00e5verka [&hellip;]<\/p>\n","protected":false},"author":1,"featured_media":802,"parent":0,"menu_order":0,"comment_status":"closed","ping_status":"closed","template":"tpl-lansavdelning.php","meta":{"_acf_changed":false,"footnotes":""},"class_list":["post-2","page","type-page","status-publish","has-post-thumbnail","hentry"],"acf":[],"yoast_head":"<!-- This site is optimized with the Yoast SEO Premium plugin v27.4 (Yoast SEO v27.6) - https:\/\/yoast.com\/product\/yoast-seo-premium-wordpress\/ -->\n<title>\u00d6rebrol\u00e4n - \u00d6rebro l\u00e4n start -<\/title>\n<meta name=\"robots\" content=\"index, follow, max-snippet:-1, max-image-preview:large, max-video-preview:-1\" \/>\n<link rel=\"canonical\" href=\"https:\/\/www.helasverige.se\/orebrolan\/\" \/>\n<meta property=\"og:locale\" content=\"sv_SE\" \/>\n<meta property=\"og:type\" content=\"article\" \/>\n<meta property=\"og:title\" content=\"\u00d6rebrol\u00e4n - \u00d6rebro l\u00e4n start\" \/>\n<meta property=\"og:description\" content=\"Hela Sverige Ska Leva \u00d6rebro L\u00e4n Hela Sverige ska leva \u00d6rebro l\u00e4n \u00e4r den regionala delen av Hela Sverige ska leva. Vi \u00e4r en intresseorganisation som arbetar f\u00f6r att v\u00e4cka opinion och bidra till att j\u00e4mna ut skillnaderna mellan stad och land, s\u00e5 att vi f\u00e5r j\u00e4mb\u00f6rdiga villkor. V\u00e5r verksamhet skall st\u00e4rka lokalt och p\u00e5verka [&hellip;]\" \/>\n<meta property=\"og:url\" content=\"https:\/\/www.helasverige.se\/orebrolan\/\" \/>\n<meta property=\"article:modified_time\" content=\"2026-04-03T18:03:55+00:00\" \/>\n<meta property=\"og:image\" content=\"https:\/\/www.helasverige.se\/orebrolan\/wp-content\/uploads\/sites\/25\/2021\/11\/Screenshot-2021-07-05-at-17.57.47.png\" \/>\n\t<meta property=\"og:image:width\" content=\"1080\" \/>\n\t<meta property=\"og:image:height\" content=\"607\" \/>\n\t<meta property=\"og:image:type\" content=\"image\/png\" \/>\n<meta name=\"twitter:card\" content=\"summary_large_image\" \/>\n<meta name=\"twitter:label1\" content=\"Ber\u00e4knad l\u00e4stid\" \/>\n\t<meta name=\"twitter:data1\" content=\"1 minut\" \/>\n<script type=\"application\/ld+json\" class=\"yoast-schema-graph\">{\"@context\":\"https:\\\/\\\/schema.org\",\"@graph\":[{\"@type\":\"WebPage\",\"@id\":\"https:\\\/\\\/www.helasverige.se\\\/orebrolan\\\/\",\"url\":\"https:\\\/\\\/www.helasverige.se\\\/orebrolan\\\/\",\"name\":\"\u00d6rebrol\u00e4n - \u00d6rebro l\u00e4n start -\",\"isPartOf\":{\"@id\":\"https:\\\/\\\/www.helasverige.se\\\/orebrolan\\\/#website\"},\"primaryImageOfPage\":{\"@id\":\"https:\\\/\\\/www.helasverige.se\\\/orebrolan\\\/#primaryimage\"},\"image\":{\"@id\":\"https:\\\/\\\/www.helasverige.se\\\/orebrolan\\\/#primaryimage\"},\"thumbnailUrl\":\"https:\\\/\\\/www.helasverige.se\\\/orebrolan\\\/wp-content\\\/uploads\\\/sites\\\/25\\\/2021\\\/11\\\/Screenshot-2021-07-05-at-17.57.47.png\",\"datePublished\":\"2021-10-06T12:24:49+00:00\",\"dateModified\":\"2026-04-03T18:03:55+00:00\",\"breadcrumb\":{\"@id\":\"https:\\\/\\\/www.helasverige.se\\\/orebrolan\\\/#breadcrumb\"},\"inLanguage\":\"sv-SE\",\"potentialAction\":[{\"@type\":\"ReadAction\",\"target\":[\"https:\\\/\\\/www.helasverige.se\\\/orebrolan\\\/\"]}]},{\"@type\":\"ImageObject\",\"inLanguage\":\"sv-SE\",\"@id\":\"https:\\\/\\\/www.helasverige.se\\\/orebrolan\\\/#primaryimage\",\"url\":\"https:\\\/\\\/www.helasverige.se\\\/orebrolan\\\/wp-content\\\/uploads\\\/sites\\\/25\\\/2021\\\/11\\\/Screenshot-2021-07-05-at-17.57.47.png\",\"contentUrl\":\"https:\\\/\\\/www.helasverige.se\\\/orebrolan\\\/wp-content\\\/uploads\\\/sites\\\/25\\\/2021\\\/11\\\/Screenshot-2021-07-05-at-17.57.47.png\",\"width\":1080,\"height\":607},{\"@type\":\"BreadcrumbList\",\"@id\":\"https:\\\/\\\/www.helasverige.se\\\/orebrolan\\\/#breadcrumb\",\"itemListElement\":[{\"@type\":\"ListItem\",\"position\":1,\"name\":\"Home\",\"item\":\"https:\\\/\\\/www.helasverige.se\\\/orebrolan\\\/\"},{\"@type\":\"ListItem\",\"position\":2,\"name\":\"\u00d6rebro l\u00e4n start\"}]},{\"@type\":\"WebSite\",\"@id\":\"https:\\\/\\\/www.helasverige.se\\\/orebrolan\\\/#website\",\"url\":\"https:\\\/\\\/www.helasverige.se\\\/orebrolan\\\/\",\"name\":\"\",\"description\":\"\u00c4nnu en webbplats hos Hela Sverige ska leva\",\"potentialAction\":[{\"@type\":\"SearchAction\",\"target\":{\"@type\":\"EntryPoint\",\"urlTemplate\":\"https:\\\/\\\/www.helasverige.se\\\/orebrolan\\\/?s={search_term_string}\"},\"query-input\":{\"@type\":\"PropertyValueSpecification\",\"valueRequired\":true,\"valueName\":\"search_term_string\"}}],\"inLanguage\":\"sv-SE\"}]}<\/script>\n<!-- \/ Yoast SEO Premium plugin. -->","yoast_head_json":{"title":"\u00d6rebrol\u00e4n - \u00d6rebro l\u00e4n start -","robots":{"index":"index","follow":"follow","max-snippet":"max-snippet:-1","max-image-preview":"max-image-preview:large","max-video-preview":"max-video-preview:-1"},"canonical":"https:\/\/www.helasverige.se\/orebrolan\/","og_locale":"sv_SE","og_type":"article","og_title":"\u00d6rebrol\u00e4n - \u00d6rebro l\u00e4n start","og_description":"Hela Sverige Ska Leva \u00d6rebro L\u00e4n Hela Sverige ska leva \u00d6rebro l\u00e4n \u00e4r den regionala delen av Hela Sverige ska leva. Vi \u00e4r en intresseorganisation som arbetar f\u00f6r att v\u00e4cka opinion och bidra till att j\u00e4mna ut skillnaderna mellan stad och land, s\u00e5 att vi f\u00e5r j\u00e4mb\u00f6rdiga villkor. V\u00e5r verksamhet skall st\u00e4rka lokalt och p\u00e5verka [&hellip;]","og_url":"https:\/\/www.helasverige.se\/orebrolan\/","article_modified_time":"2026-04-03T18:03:55+00:00","og_image":[{"width":1080,"height":607,"url":"https:\/\/www.helasverige.se\/orebrolan\/wp-content\/uploads\/sites\/25\/2021\/11\/Screenshot-2021-07-05-at-17.57.47.png","type":"image\/png"}],"twitter_card":"summary_large_image","twitter_misc":{"Ber\u00e4knad l\u00e4stid":"1 minut"},"schema":{"@context":"https:\/\/schema.org","@graph":[{"@type":"WebPage","@id":"https:\/\/www.helasverige.se\/orebrolan\/","url":"https:\/\/www.helasverige.se\/orebrolan\/","name":"\u00d6rebrol\u00e4n - \u00d6rebro l\u00e4n start -","isPartOf":{"@id":"https:\/\/www.helasverige.se\/orebrolan\/#website"},"primaryImageOfPage":{"@id":"https:\/\/www.helasverige.se\/orebrolan\/#primaryimage"},"image":{"@id":"https:\/\/www.helasverige.se\/orebrolan\/#primaryimage"},"thumbnailUrl":"https:\/\/www.helasverige.se\/orebrolan\/wp-content\/uploads\/sites\/25\/2021\/11\/Screenshot-2021-07-05-at-17.57.47.png","datePublished":"2021-10-06T12:24:49+00:00","dateModified":"2026-04-03T18:03:55+00:00","breadcrumb":{"@id":"https:\/\/www.helasverige.se\/orebrolan\/#breadcrumb"},"inLanguage":"sv-SE","potentialAction":[{"@type":"ReadAction","target":["https:\/\/www.helasverige.se\/orebrolan\/"]}]},{"@type":"ImageObject","inLanguage":"sv-SE","@id":"https:\/\/www.helasverige.se\/orebrolan\/#primaryimage","url":"https:\/\/www.helasverige.se\/orebrolan\/wp-content\/uploads\/sites\/25\/2021\/11\/Screenshot-2021-07-05-at-17.57.47.png","contentUrl":"https:\/\/www.helasverige.se\/orebrolan\/wp-content\/uploads\/sites\/25\/2021\/11\/Screenshot-2021-07-05-at-17.57.47.png","width":1080,"height":607},{"@type":"BreadcrumbList","@id":"https:\/\/www.helasverige.se\/orebrolan\/#breadcrumb","itemListElement":[{"@type":"ListItem","position":1,"name":"Home","item":"https:\/\/www.helasverige.se\/orebrolan\/"},{"@type":"ListItem","position":2,"name":"\u00d6rebro l\u00e4n start"}]},{"@type":"WebSite","@id":"https:\/\/www.helasverige.se\/orebrolan\/#website","url":"https:\/\/www.helasverige.se\/orebrolan\/","name":"","description":"\u00c4nnu en webbplats hos Hela Sverige ska leva","potentialAction":[{"@type":"SearchAction","target":{"@type":"EntryPoint","urlTemplate":"https:\/\/www.helasverige.se\/orebrolan\/?s={search_term_string}"},"query-input":{"@type":"PropertyValueSpecification","valueRequired":true,"valueName":"search_term_string"}}],"inLanguage":"sv-SE"}]}},"_links":{"self":[{"href":"https:\/\/www.helasverige.se\/orebrolan\/wp-json\/wp\/v2\/pages\/2","targetHints":{"allow":["GET"]}}],"collection":[{"href":"https:\/\/www.helasverige.se\/orebrolan\/wp-json\/wp\/v2\/pages"}],"about":[{"href":"https:\/\/www.helasverige.se\/orebrolan\/wp-json\/wp\/v2\/types\/page"}],"author":[{"embeddable":true,"href":"https:\/\/www.helasverige.se\/orebrolan\/wp-json\/wp\/v2\/users\/1"}],"replies":[{"embeddable":true,"href":"https:\/\/www.helasverige.se\/orebrolan\/wp-json\/wp\/v2\/comments?post=2"}],"version-history":[{"count":83,"href":"https:\/\/www.helasverige.se\/orebrolan\/wp-json\/wp\/v2\/pages\/2\/revisions"}],"predecessor-version":[{"id":1960,"href":"https:\/\/www.helasverige.se\/orebrolan\/wp-json\/wp\/v2\/pages\/2\/revisions\/1960"}],"wp:featuredmedia":[{"embeddable":true,"href":"https:\/\/www.helasverige.se\/orebrolan\/wp-json\/wp\/v2\/media\/802"}],"wp:attachment":[{"href":"https:\/\/www.helasverige.se\/orebrolan\/wp-json\/wp\/v2\/media?parent=2"}],"curies":[{"name":"wp","href":"https:\/\/api.w.org\/{rel}","templated":true}]}}