{"id":2033,"date":"2024-04-20T09:56:33","date_gmt":"2024-04-20T07:56:33","guid":{"rendered":"https:\/\/www.helasverige.se\/sjuharad\/?page_id=2033"},"modified":"2024-06-10T15:45:38","modified_gmt":"2024-06-10T13:45:38","slug":"arsmote-2024-och-25-ars-jubileum","status":"publish","type":"page","link":"https:\/\/www.helasverige.se\/sjuharad\/arsmote-2024-och-25-ars-jubileum\/","title":{"rendered":"Referat fr\u00e5n \u00c5rsm\u00f6te 2024 och 25 \u00e5rs jubileum"},"content":{"rendered":"<h1 style=\"font-weight: 400\"><strong>25-\u00e5rs \u00a0Jubileum \u00a0och \u00a0\u00c5rsm\u00f6te \u00a0 <\/strong><strong>och utvecklingsgrupp<\/strong><\/h1>\n<h4>S\u00e5 kom d\u00e5 \u00e4ntligen dagen d\u00e5 allt skulle h\u00e4nda. Det var mycket planering som skulle s\u00e4ttas i verket.<\/h4>\n<p style=\"font-weight: 400\">Tjugofem \u00e5r kan ju vara en v\u00e4ldigt kort period men \u00e4ven en l\u00e5ng tid. Det som har kr\u00e4vts \u00e4r att det<br \/>\nfinns ett gemensamt engagemang och en fram\u00e5tstr\u00e4van f\u00f6r verksamheten.<br \/>\nAtt det finns folk som kan och vill st\u00e4lla upp, f\u00f6r att landsbygden ska leva vidare och f\u00e5 folk att trivas bland skogar o \u00e4ngar.<\/p>\n<p><a href=\"https:\/\/www.helasverige.se\/sjuharad\/wp-content\/uploads\/sites\/16\/2024\/04\/Referat-fran-arsmote-2024-Rangedala.pdf\"><strong>L\u00e4s mera<\/strong> \u00a0L\u00e4nk till \u00a0Referat fr\u00e5n \u00e5rsm\u00f6te 2024 R\u00e5ngedala<\/a><\/p>\n<p><strong>Film p\u00e5<\/strong> <a href=\"https:\/\/youtu.be\/AsbAhvj_j-E?si=YXpifI3Ja1sP6Rnr\" target=\"_blank\" rel=\"noopener\">musikunderh\u00e5llning.\u00a0<\/a><\/p>\n<p><strong>Referat till tidning<\/strong> \u00a0<a href=\"https:\/\/www.helasverige.se\/sjuharad\/wp-content\/uploads\/sites\/16\/2024\/04\/Hela-Sverige-ska-leva-Sjuharad-fyller-25-ar-forslag-tidnings.pdf\">Hela Sverige ska leva Sjuha\u0308rad fyller 25 a\u030ar, fo\u0308rslag tidnings<\/a><\/p>\n<p><a href=\"https:\/\/www.helasverige.se\/sjuharad\/wp-content\/uploads\/sites\/16\/2024\/04\/438891356_10221225108331791_2808372017261843119_n.jpeg\"><img loading=\"lazy\" decoding=\"async\" class=\"alignnone wp-image-2036\" src=\"https:\/\/www.helasverige.se\/sjuharad\/wp-content\/uploads\/sites\/16\/2024\/04\/438891356_10221225108331791_2808372017261843119_n-675x1024.jpeg\" alt=\"\" width=\"486\" height=\"737\" \/><\/a><\/p>\n<div class=\"page\" title=\"Page 5\">\n<div class=\"layoutArea\">\n<div class=\"column\">\n<p>Erik A Eriksson fra\u030an riksorganisationens styrelse och Christina Yngvesson Ordf Sjuh\u00e4rad<\/p>\n<\/div>\n<\/div>\n<\/div>\n<div id=\"attachment_2037\" style=\"width: 1210px\" class=\"wp-caption alignnone\"><a href=\"https:\/\/www.helasverige.se\/sjuharad\/wp-content\/uploads\/sites\/16\/2024\/04\/HSSL.jpeg\"><img loading=\"lazy\" decoding=\"async\" aria-describedby=\"caption-attachment-2037\" class=\"size-large wp-image-2037\" src=\"https:\/\/www.helasverige.se\/sjuharad\/wp-content\/uploads\/sites\/16\/2024\/04\/HSSL.jpeg\" alt=\"\" width=\"1200\" height=\"608\" srcset=\"https:\/\/www.helasverige.se\/sjuharad\/wp-content\/uploads\/sites\/16\/2024\/04\/HSSL.jpeg 1200w, https:\/\/www.helasverige.se\/sjuharad\/wp-content\/uploads\/sites\/16\/2024\/04\/HSSL-300x152.jpeg 300w, https:\/\/www.helasverige.se\/sjuharad\/wp-content\/uploads\/sites\/16\/2024\/04\/HSSL-768x389.jpeg 768w\" sizes=\"auto, (max-width: 1200px) 100vw, 1200px\" \/><\/a><p id=\"caption-attachment-2037\" class=\"wp-caption-text\">Screenshot<\/p><\/div>\n<p><a href=\"https:\/\/www.helasverige.se\/sjuharad\/wp-content\/uploads\/sites\/16\/2024\/04\/IMG_1590.jpeg\"><img loading=\"lazy\" decoding=\"async\" class=\"alignnone size-large wp-image-2039\" src=\"https:\/\/www.helasverige.se\/sjuharad\/wp-content\/uploads\/sites\/16\/2024\/04\/IMG_1590.jpeg\" alt=\"\" width=\"1200\" height=\"675\" srcset=\"https:\/\/www.helasverige.se\/sjuharad\/wp-content\/uploads\/sites\/16\/2024\/04\/IMG_1590.jpeg 1200w, https:\/\/www.helasverige.se\/sjuharad\/wp-content\/uploads\/sites\/16\/2024\/04\/IMG_1590-300x169.jpeg 300w, https:\/\/www.helasverige.se\/sjuharad\/wp-content\/uploads\/sites\/16\/2024\/04\/IMG_1590-768x432.jpeg 768w\" sizes=\"auto, (max-width: 1200px) 100vw, 1200px\" \/><\/a> <a href=\"https:\/\/www.helasverige.se\/sjuharad\/wp-content\/uploads\/sites\/16\/2024\/04\/IMG_1593.jpeg\"><img loading=\"lazy\" decoding=\"async\" class=\"alignnone size-large wp-image-2040\" src=\"https:\/\/www.helasverige.se\/sjuharad\/wp-content\/uploads\/sites\/16\/2024\/04\/IMG_1593.jpeg\" alt=\"\" width=\"1200\" height=\"524\" srcset=\"https:\/\/www.helasverige.se\/sjuharad\/wp-content\/uploads\/sites\/16\/2024\/04\/IMG_1593.jpeg 1200w, https:\/\/www.helasverige.se\/sjuharad\/wp-content\/uploads\/sites\/16\/2024\/04\/IMG_1593-300x131.jpeg 300w, https:\/\/www.helasverige.se\/sjuharad\/wp-content\/uploads\/sites\/16\/2024\/04\/IMG_1593-768x335.jpeg 768w\" sizes=\"auto, (max-width: 1200px) 100vw, 1200px\" \/><\/a><\/p>\n","protected":false},"excerpt":{"rendered":"<p>25-\u00e5rs \u00a0Jubileum \u00a0och \u00a0\u00c5rsm\u00f6te \u00a0 och utvecklingsgrupp S\u00e5 kom d\u00e5 \u00e4ntligen dagen d\u00e5 allt skulle h\u00e4nda. Det var mycket planering som skulle s\u00e4ttas i verket. Tjugofem \u00e5r kan ju vara en v\u00e4ldigt kort period men \u00e4ven en l\u00e5ng tid. Det som har kr\u00e4vts \u00e4r att det finns ett gemensamt engagemang och en fram\u00e5tstr\u00e4van f\u00f6r verksamheten. [&hellip;]<\/p>\n","protected":false},"author":41,"featured_media":2034,"parent":0,"menu_order":0,"comment_status":"closed","ping_status":"closed","template":"","meta":{"_acf_changed":false,"footnotes":""},"class_list":["post-2033","page","type-page","status-publish","has-post-thumbnail","hentry"],"acf":[],"yoast_head":"<!-- This site is optimized with the Yoast SEO Premium plugin v27.4 (Yoast SEO v27.4) - https:\/\/yoast.com\/product\/yoast-seo-premium-wordpress\/ -->\n<title>Sjuh\u00e4rad - Referat fr\u00e5n \u00c5rsm\u00f6te 2024 och 25 \u00e5rs jubileum -<\/title>\n<meta name=\"robots\" content=\"index, follow, max-snippet:-1, max-image-preview:large, max-video-preview:-1\" \/>\n<link rel=\"canonical\" href=\"https:\/\/www.helasverige.se\/sjuharad\/arsmote-2024-och-25-ars-jubileum\/\" \/>\n<meta property=\"og:locale\" content=\"sv_SE\" \/>\n<meta property=\"og:type\" content=\"article\" \/>\n<meta property=\"og:title\" content=\"Sjuh\u00e4rad - Referat fr\u00e5n \u00c5rsm\u00f6te 2024 och 25 \u00e5rs jubileum\" \/>\n<meta property=\"og:description\" content=\"25-\u00e5rs \u00a0Jubileum \u00a0och \u00a0\u00c5rsm\u00f6te \u00a0 och utvecklingsgrupp S\u00e5 kom d\u00e5 \u00e4ntligen dagen d\u00e5 allt skulle h\u00e4nda. Det var mycket planering som skulle s\u00e4ttas i verket. Tjugofem \u00e5r kan ju vara en v\u00e4ldigt kort period men \u00e4ven en l\u00e5ng tid. Det som har kr\u00e4vts \u00e4r att det finns ett gemensamt engagemang och en fram\u00e5tstr\u00e4van f\u00f6r verksamheten. [&hellip;]\" \/>\n<meta property=\"og:url\" content=\"https:\/\/www.helasverige.se\/sjuharad\/arsmote-2024-och-25-ars-jubileum\/\" \/>\n<meta property=\"article:modified_time\" content=\"2024-06-10T13:45:38+00:00\" \/>\n<meta property=\"og:image\" content=\"https:\/\/www.helasverige.se\/sjuharad\/wp-content\/uploads\/sites\/16\/2024\/04\/IMG_1575-e1714057272929.jpeg\" \/>\n\t<meta property=\"og:image:width\" content=\"1000\" \/>\n\t<meta property=\"og:image:height\" content=\"563\" \/>\n\t<meta property=\"og:image:type\" content=\"image\/jpeg\" \/>\n<meta name=\"twitter:card\" content=\"summary_large_image\" \/>\n<meta name=\"twitter:label1\" content=\"Ber\u00e4knad l\u00e4stid\" \/>\n\t<meta name=\"twitter:data1\" content=\"2 minuter\" \/>\n<script type=\"application\/ld+json\" class=\"yoast-schema-graph\">{\"@context\":\"https:\\\/\\\/schema.org\",\"@graph\":[{\"@type\":\"WebPage\",\"@id\":\"https:\\\/\\\/www.helasverige.se\\\/sjuharad\\\/arsmote-2024-och-25-ars-jubileum\\\/\",\"url\":\"https:\\\/\\\/www.helasverige.se\\\/sjuharad\\\/arsmote-2024-och-25-ars-jubileum\\\/\",\"name\":\"Sjuh\u00e4rad - Referat fr\u00e5n \u00c5rsm\u00f6te 2024 och 25 \u00e5rs jubileum -\",\"isPartOf\":{\"@id\":\"https:\\\/\\\/www.helasverige.se\\\/sjuharad\\\/#website\"},\"primaryImageOfPage\":{\"@id\":\"https:\\\/\\\/www.helasverige.se\\\/sjuharad\\\/arsmote-2024-och-25-ars-jubileum\\\/#primaryimage\"},\"image\":{\"@id\":\"https:\\\/\\\/www.helasverige.se\\\/sjuharad\\\/arsmote-2024-och-25-ars-jubileum\\\/#primaryimage\"},\"thumbnailUrl\":\"https:\\\/\\\/www.helasverige.se\\\/sjuharad\\\/wp-content\\\/uploads\\\/sites\\\/16\\\/2024\\\/04\\\/IMG_1575-e1714057272929.jpeg\",\"datePublished\":\"2024-04-20T07:56:33+00:00\",\"dateModified\":\"2024-06-10T13:45:38+00:00\",\"breadcrumb\":{\"@id\":\"https:\\\/\\\/www.helasverige.se\\\/sjuharad\\\/arsmote-2024-och-25-ars-jubileum\\\/#breadcrumb\"},\"inLanguage\":\"sv-SE\",\"potentialAction\":[{\"@type\":\"ReadAction\",\"target\":[\"https:\\\/\\\/www.helasverige.se\\\/sjuharad\\\/arsmote-2024-och-25-ars-jubileum\\\/\"]}]},{\"@type\":\"ImageObject\",\"inLanguage\":\"sv-SE\",\"@id\":\"https:\\\/\\\/www.helasverige.se\\\/sjuharad\\\/arsmote-2024-och-25-ars-jubileum\\\/#primaryimage\",\"url\":\"https:\\\/\\\/www.helasverige.se\\\/sjuharad\\\/wp-content\\\/uploads\\\/sites\\\/16\\\/2024\\\/04\\\/IMG_1575-e1714057272929.jpeg\",\"contentUrl\":\"https:\\\/\\\/www.helasverige.se\\\/sjuharad\\\/wp-content\\\/uploads\\\/sites\\\/16\\\/2024\\\/04\\\/IMG_1575-e1714057272929.jpeg\",\"width\":1000,\"height\":563},{\"@type\":\"BreadcrumbList\",\"@id\":\"https:\\\/\\\/www.helasverige.se\\\/sjuharad\\\/arsmote-2024-och-25-ars-jubileum\\\/#breadcrumb\",\"itemListElement\":[{\"@type\":\"ListItem\",\"position\":1,\"name\":\"Home\",\"item\":\"https:\\\/\\\/www.helasverige.se\\\/sjuharad\\\/\"},{\"@type\":\"ListItem\",\"position\":2,\"name\":\"Referat fr\u00e5n \u00c5rsm\u00f6te 2024 och 25 \u00e5rs jubileum\"}]},{\"@type\":\"WebSite\",\"@id\":\"https:\\\/\\\/www.helasverige.se\\\/sjuharad\\\/#website\",\"url\":\"https:\\\/\\\/www.helasverige.se\\\/sjuharad\\\/\",\"name\":\"\",\"description\":\"\u00c4nnu en webbplats hos Hela Sverige ska leva\",\"potentialAction\":[{\"@type\":\"SearchAction\",\"target\":{\"@type\":\"EntryPoint\",\"urlTemplate\":\"https:\\\/\\\/www.helasverige.se\\\/sjuharad\\\/?s={search_term_string}\"},\"query-input\":{\"@type\":\"PropertyValueSpecification\",\"valueRequired\":true,\"valueName\":\"search_term_string\"}}],\"inLanguage\":\"sv-SE\"}]}<\/script>\n<!-- \/ Yoast SEO Premium plugin. -->","yoast_head_json":{"title":"Sjuh\u00e4rad - Referat fr\u00e5n \u00c5rsm\u00f6te 2024 och 25 \u00e5rs jubileum -","robots":{"index":"index","follow":"follow","max-snippet":"max-snippet:-1","max-image-preview":"max-image-preview:large","max-video-preview":"max-video-preview:-1"},"canonical":"https:\/\/www.helasverige.se\/sjuharad\/arsmote-2024-och-25-ars-jubileum\/","og_locale":"sv_SE","og_type":"article","og_title":"Sjuh\u00e4rad - Referat fr\u00e5n \u00c5rsm\u00f6te 2024 och 25 \u00e5rs jubileum","og_description":"25-\u00e5rs \u00a0Jubileum \u00a0och \u00a0\u00c5rsm\u00f6te \u00a0 och utvecklingsgrupp S\u00e5 kom d\u00e5 \u00e4ntligen dagen d\u00e5 allt skulle h\u00e4nda. Det var mycket planering som skulle s\u00e4ttas i verket. Tjugofem \u00e5r kan ju vara en v\u00e4ldigt kort period men \u00e4ven en l\u00e5ng tid. Det som har kr\u00e4vts \u00e4r att det finns ett gemensamt engagemang och en fram\u00e5tstr\u00e4van f\u00f6r verksamheten. [&hellip;]","og_url":"https:\/\/www.helasverige.se\/sjuharad\/arsmote-2024-och-25-ars-jubileum\/","article_modified_time":"2024-06-10T13:45:38+00:00","og_image":[{"width":1000,"height":563,"url":"https:\/\/www.helasverige.se\/sjuharad\/wp-content\/uploads\/sites\/16\/2024\/04\/IMG_1575-e1714057272929.jpeg","type":"image\/jpeg"}],"twitter_card":"summary_large_image","twitter_misc":{"Ber\u00e4knad l\u00e4stid":"2 minuter"},"schema":{"@context":"https:\/\/schema.org","@graph":[{"@type":"WebPage","@id":"https:\/\/www.helasverige.se\/sjuharad\/arsmote-2024-och-25-ars-jubileum\/","url":"https:\/\/www.helasverige.se\/sjuharad\/arsmote-2024-och-25-ars-jubileum\/","name":"Sjuh\u00e4rad - Referat fr\u00e5n \u00c5rsm\u00f6te 2024 och 25 \u00e5rs jubileum -","isPartOf":{"@id":"https:\/\/www.helasverige.se\/sjuharad\/#website"},"primaryImageOfPage":{"@id":"https:\/\/www.helasverige.se\/sjuharad\/arsmote-2024-och-25-ars-jubileum\/#primaryimage"},"image":{"@id":"https:\/\/www.helasverige.se\/sjuharad\/arsmote-2024-och-25-ars-jubileum\/#primaryimage"},"thumbnailUrl":"https:\/\/www.helasverige.se\/sjuharad\/wp-content\/uploads\/sites\/16\/2024\/04\/IMG_1575-e1714057272929.jpeg","datePublished":"2024-04-20T07:56:33+00:00","dateModified":"2024-06-10T13:45:38+00:00","breadcrumb":{"@id":"https:\/\/www.helasverige.se\/sjuharad\/arsmote-2024-och-25-ars-jubileum\/#breadcrumb"},"inLanguage":"sv-SE","potentialAction":[{"@type":"ReadAction","target":["https:\/\/www.helasverige.se\/sjuharad\/arsmote-2024-och-25-ars-jubileum\/"]}]},{"@type":"ImageObject","inLanguage":"sv-SE","@id":"https:\/\/www.helasverige.se\/sjuharad\/arsmote-2024-och-25-ars-jubileum\/#primaryimage","url":"https:\/\/www.helasverige.se\/sjuharad\/wp-content\/uploads\/sites\/16\/2024\/04\/IMG_1575-e1714057272929.jpeg","contentUrl":"https:\/\/www.helasverige.se\/sjuharad\/wp-content\/uploads\/sites\/16\/2024\/04\/IMG_1575-e1714057272929.jpeg","width":1000,"height":563},{"@type":"BreadcrumbList","@id":"https:\/\/www.helasverige.se\/sjuharad\/arsmote-2024-och-25-ars-jubileum\/#breadcrumb","itemListElement":[{"@type":"ListItem","position":1,"name":"Home","item":"https:\/\/www.helasverige.se\/sjuharad\/"},{"@type":"ListItem","position":2,"name":"Referat fr\u00e5n \u00c5rsm\u00f6te 2024 och 25 \u00e5rs jubileum"}]},{"@type":"WebSite","@id":"https:\/\/www.helasverige.se\/sjuharad\/#website","url":"https:\/\/www.helasverige.se\/sjuharad\/","name":"","description":"\u00c4nnu en webbplats hos Hela Sverige ska leva","potentialAction":[{"@type":"SearchAction","target":{"@type":"EntryPoint","urlTemplate":"https:\/\/www.helasverige.se\/sjuharad\/?s={search_term_string}"},"query-input":{"@type":"PropertyValueSpecification","valueRequired":true,"valueName":"search_term_string"}}],"inLanguage":"sv-SE"}]}},"_links":{"self":[{"href":"https:\/\/www.helasverige.se\/sjuharad\/wp-json\/wp\/v2\/pages\/2033","targetHints":{"allow":["GET"]}}],"collection":[{"href":"https:\/\/www.helasverige.se\/sjuharad\/wp-json\/wp\/v2\/pages"}],"about":[{"href":"https:\/\/www.helasverige.se\/sjuharad\/wp-json\/wp\/v2\/types\/page"}],"author":[{"embeddable":true,"href":"https:\/\/www.helasverige.se\/sjuharad\/wp-json\/wp\/v2\/users\/41"}],"replies":[{"embeddable":true,"href":"https:\/\/www.helasverige.se\/sjuharad\/wp-json\/wp\/v2\/comments?post=2033"}],"version-history":[{"count":11,"href":"https:\/\/www.helasverige.se\/sjuharad\/wp-json\/wp\/v2\/pages\/2033\/revisions"}],"predecessor-version":[{"id":2075,"href":"https:\/\/www.helasverige.se\/sjuharad\/wp-json\/wp\/v2\/pages\/2033\/revisions\/2075"}],"wp:featuredmedia":[{"embeddable":true,"href":"https:\/\/www.helasverige.se\/sjuharad\/wp-json\/wp\/v2\/media\/2034"}],"wp:attachment":[{"href":"https:\/\/www.helasverige.se\/sjuharad\/wp-json\/wp\/v2\/media?parent=2033"}],"curies":[{"name":"wp","href":"https:\/\/api.w.org\/{rel}","templated":true}]}}