{"id":649,"date":"2022-10-14T08:00:51","date_gmt":"2022-10-14T06:00:51","guid":{"rendered":"https:\/\/www.helasverige.se\/skane\/?page_id=649"},"modified":"2025-09-16T10:32:46","modified_gmt":"2025-09-16T08:32:46","slug":"arets-grupp","status":"publish","type":"page","link":"https:\/\/www.helasverige.se\/skane\/arets-grupp\/","title":{"rendered":"\u00c5rets Grupp 2025"},"content":{"rendered":"<h2>\u00c5rets Grupp 2025<\/h2>\n<div class=\"x11i5rnm xat24cr x1mh8g0r x1vvkbs xtlvy1s x126k92a\">\n<div dir=\"auto\">\n<p>Byalaget V\u00e4stra Torup har utsetts till \u00c5rets Grupp.<\/p>\n<p><strong>Styrelsens arbets\u00e4tt och verksamhetsid\u00e9 \u2013\u00a0<\/strong><i>Att v\u00e4xla mellan det lilla och det stora \u00e4r en hela tiden en utmaning f\u00f6r landsbygden och f\u00f6r Byalaget.<br \/>\nVi ska medverka till \u201cAtt ha en positiv grundsyn\u201d s\u00e4rskilt i en tid d\u00e4r organisationer st\u00e4ndigt st\u00e4lls inf\u00f6r nya utmaningar.<\/i><\/p>\n<p>Byalaget V\u00e4stra Torup\u00a0<a href=\"https:\/\/vastratorup.se\/\">https:\/\/vastratorup.se\/<\/a><\/p>\n<\/div>\n<\/div>\n","protected":false},"excerpt":{"rendered":"<p>\u00c5rets Grupp 2025 Byalaget V\u00e4stra Torup har utsetts till \u00c5rets Grupp. Styrelsens arbets\u00e4tt och verksamhetsid\u00e9 \u2013\u00a0Att v\u00e4xla mellan det lilla och det stora \u00e4r en hela tiden en utmaning f\u00f6r landsbygden och f\u00f6r Byalaget. Vi ska medverka till \u201cAtt ha en positiv grundsyn\u201d s\u00e4rskilt i en tid d\u00e4r organisationer st\u00e4ndigt st\u00e4lls inf\u00f6r nya utmaningar. Byalaget [&hellip;]<\/p>\n","protected":false},"author":36,"featured_media":908,"parent":0,"menu_order":0,"comment_status":"closed","ping_status":"closed","template":"","meta":{"_acf_changed":false,"footnotes":""},"class_list":["post-649","page","type-page","status-publish","has-post-thumbnail","hentry"],"acf":[],"yoast_head":"<!-- This site is optimized with the Yoast SEO Premium plugin v27.4 (Yoast SEO v27.6) - https:\/\/yoast.com\/product\/yoast-seo-premium-wordpress\/ -->\n<title>Sk\u00e5ne - \u00c5rets Grupp 2025 -<\/title>\n<meta name=\"robots\" content=\"index, follow, max-snippet:-1, max-image-preview:large, max-video-preview:-1\" \/>\n<link rel=\"canonical\" href=\"https:\/\/www.helasverige.se\/skane\/arets-grupp\/\" \/>\n<meta property=\"og:locale\" content=\"sv_SE\" \/>\n<meta property=\"og:type\" content=\"article\" \/>\n<meta property=\"og:title\" content=\"Sk\u00e5ne - \u00c5rets Grupp 2025\" \/>\n<meta property=\"og:description\" content=\"\u00c5rets Grupp 2025 Byalaget V\u00e4stra Torup har utsetts till \u00c5rets Grupp. Styrelsens arbets\u00e4tt och verksamhetsid\u00e9 \u2013\u00a0Att v\u00e4xla mellan det lilla och det stora \u00e4r en hela tiden en utmaning f\u00f6r landsbygden och f\u00f6r Byalaget. Vi ska medverka till \u201cAtt ha en positiv grundsyn\u201d s\u00e4rskilt i en tid d\u00e4r organisationer st\u00e4ndigt st\u00e4lls inf\u00f6r nya utmaningar. Byalaget [&hellip;]\" \/>\n<meta property=\"og:url\" content=\"https:\/\/www.helasverige.se\/skane\/arets-grupp\/\" \/>\n<meta property=\"article:modified_time\" content=\"2025-09-16T08:32:46+00:00\" \/>\n<meta property=\"og:image\" content=\"https:\/\/www.helasverige.se\/skane\/wp-content\/uploads\/sites\/17\/2024\/10\/grattis.jpg\" \/>\n\t<meta property=\"og:image:width\" content=\"1280\" \/>\n\t<meta property=\"og:image:height\" content=\"853\" \/>\n\t<meta property=\"og:image:type\" content=\"image\/jpeg\" \/>\n<meta name=\"twitter:card\" content=\"summary_large_image\" \/>\n<meta name=\"twitter:label1\" content=\"Ber\u00e4knad l\u00e4stid\" \/>\n\t<meta name=\"twitter:data1\" content=\"1 minut\" \/>\n<script type=\"application\/ld+json\" class=\"yoast-schema-graph\">{\"@context\":\"https:\\\/\\\/schema.org\",\"@graph\":[{\"@type\":\"WebPage\",\"@id\":\"https:\\\/\\\/www.helasverige.se\\\/skane\\\/arets-grupp\\\/\",\"url\":\"https:\\\/\\\/www.helasverige.se\\\/skane\\\/arets-grupp\\\/\",\"name\":\"Sk\u00e5ne - \u00c5rets Grupp 2025 -\",\"isPartOf\":{\"@id\":\"https:\\\/\\\/www.helasverige.se\\\/skane\\\/#website\"},\"primaryImageOfPage\":{\"@id\":\"https:\\\/\\\/www.helasverige.se\\\/skane\\\/arets-grupp\\\/#primaryimage\"},\"image\":{\"@id\":\"https:\\\/\\\/www.helasverige.se\\\/skane\\\/arets-grupp\\\/#primaryimage\"},\"thumbnailUrl\":\"https:\\\/\\\/www.helasverige.se\\\/skane\\\/wp-content\\\/uploads\\\/sites\\\/17\\\/2024\\\/10\\\/grattis.jpg\",\"datePublished\":\"2022-10-14T06:00:51+00:00\",\"dateModified\":\"2025-09-16T08:32:46+00:00\",\"breadcrumb\":{\"@id\":\"https:\\\/\\\/www.helasverige.se\\\/skane\\\/arets-grupp\\\/#breadcrumb\"},\"inLanguage\":\"sv-SE\",\"potentialAction\":[{\"@type\":\"ReadAction\",\"target\":[\"https:\\\/\\\/www.helasverige.se\\\/skane\\\/arets-grupp\\\/\"]}]},{\"@type\":\"ImageObject\",\"inLanguage\":\"sv-SE\",\"@id\":\"https:\\\/\\\/www.helasverige.se\\\/skane\\\/arets-grupp\\\/#primaryimage\",\"url\":\"https:\\\/\\\/www.helasverige.se\\\/skane\\\/wp-content\\\/uploads\\\/sites\\\/17\\\/2024\\\/10\\\/grattis.jpg\",\"contentUrl\":\"https:\\\/\\\/www.helasverige.se\\\/skane\\\/wp-content\\\/uploads\\\/sites\\\/17\\\/2024\\\/10\\\/grattis.jpg\",\"width\":1280,\"height\":853},{\"@type\":\"BreadcrumbList\",\"@id\":\"https:\\\/\\\/www.helasverige.se\\\/skane\\\/arets-grupp\\\/#breadcrumb\",\"itemListElement\":[{\"@type\":\"ListItem\",\"position\":1,\"name\":\"Home\",\"item\":\"https:\\\/\\\/www.helasverige.se\\\/skane\\\/\"},{\"@type\":\"ListItem\",\"position\":2,\"name\":\"\u00c5rets Grupp 2025\"}]},{\"@type\":\"WebSite\",\"@id\":\"https:\\\/\\\/www.helasverige.se\\\/skane\\\/#website\",\"url\":\"https:\\\/\\\/www.helasverige.se\\\/skane\\\/\",\"name\":\"\",\"description\":\"\u00c4nnu en webbplats hos Hela Sverige ska leva\",\"potentialAction\":[{\"@type\":\"SearchAction\",\"target\":{\"@type\":\"EntryPoint\",\"urlTemplate\":\"https:\\\/\\\/www.helasverige.se\\\/skane\\\/?s={search_term_string}\"},\"query-input\":{\"@type\":\"PropertyValueSpecification\",\"valueRequired\":true,\"valueName\":\"search_term_string\"}}],\"inLanguage\":\"sv-SE\"}]}<\/script>\n<!-- \/ Yoast SEO Premium plugin. -->","yoast_head_json":{"title":"Sk\u00e5ne - \u00c5rets Grupp 2025 -","robots":{"index":"index","follow":"follow","max-snippet":"max-snippet:-1","max-image-preview":"max-image-preview:large","max-video-preview":"max-video-preview:-1"},"canonical":"https:\/\/www.helasverige.se\/skane\/arets-grupp\/","og_locale":"sv_SE","og_type":"article","og_title":"Sk\u00e5ne - \u00c5rets Grupp 2025","og_description":"\u00c5rets Grupp 2025 Byalaget V\u00e4stra Torup har utsetts till \u00c5rets Grupp. Styrelsens arbets\u00e4tt och verksamhetsid\u00e9 \u2013\u00a0Att v\u00e4xla mellan det lilla och det stora \u00e4r en hela tiden en utmaning f\u00f6r landsbygden och f\u00f6r Byalaget. Vi ska medverka till \u201cAtt ha en positiv grundsyn\u201d s\u00e4rskilt i en tid d\u00e4r organisationer st\u00e4ndigt st\u00e4lls inf\u00f6r nya utmaningar. Byalaget [&hellip;]","og_url":"https:\/\/www.helasverige.se\/skane\/arets-grupp\/","article_modified_time":"2025-09-16T08:32:46+00:00","og_image":[{"width":1280,"height":853,"url":"https:\/\/www.helasverige.se\/skane\/wp-content\/uploads\/sites\/17\/2024\/10\/grattis.jpg","type":"image\/jpeg"}],"twitter_card":"summary_large_image","twitter_misc":{"Ber\u00e4knad l\u00e4stid":"1 minut"},"schema":{"@context":"https:\/\/schema.org","@graph":[{"@type":"WebPage","@id":"https:\/\/www.helasverige.se\/skane\/arets-grupp\/","url":"https:\/\/www.helasverige.se\/skane\/arets-grupp\/","name":"Sk\u00e5ne - \u00c5rets Grupp 2025 -","isPartOf":{"@id":"https:\/\/www.helasverige.se\/skane\/#website"},"primaryImageOfPage":{"@id":"https:\/\/www.helasverige.se\/skane\/arets-grupp\/#primaryimage"},"image":{"@id":"https:\/\/www.helasverige.se\/skane\/arets-grupp\/#primaryimage"},"thumbnailUrl":"https:\/\/www.helasverige.se\/skane\/wp-content\/uploads\/sites\/17\/2024\/10\/grattis.jpg","datePublished":"2022-10-14T06:00:51+00:00","dateModified":"2025-09-16T08:32:46+00:00","breadcrumb":{"@id":"https:\/\/www.helasverige.se\/skane\/arets-grupp\/#breadcrumb"},"inLanguage":"sv-SE","potentialAction":[{"@type":"ReadAction","target":["https:\/\/www.helasverige.se\/skane\/arets-grupp\/"]}]},{"@type":"ImageObject","inLanguage":"sv-SE","@id":"https:\/\/www.helasverige.se\/skane\/arets-grupp\/#primaryimage","url":"https:\/\/www.helasverige.se\/skane\/wp-content\/uploads\/sites\/17\/2024\/10\/grattis.jpg","contentUrl":"https:\/\/www.helasverige.se\/skane\/wp-content\/uploads\/sites\/17\/2024\/10\/grattis.jpg","width":1280,"height":853},{"@type":"BreadcrumbList","@id":"https:\/\/www.helasverige.se\/skane\/arets-grupp\/#breadcrumb","itemListElement":[{"@type":"ListItem","position":1,"name":"Home","item":"https:\/\/www.helasverige.se\/skane\/"},{"@type":"ListItem","position":2,"name":"\u00c5rets Grupp 2025"}]},{"@type":"WebSite","@id":"https:\/\/www.helasverige.se\/skane\/#website","url":"https:\/\/www.helasverige.se\/skane\/","name":"","description":"\u00c4nnu en webbplats hos Hela Sverige ska leva","potentialAction":[{"@type":"SearchAction","target":{"@type":"EntryPoint","urlTemplate":"https:\/\/www.helasverige.se\/skane\/?s={search_term_string}"},"query-input":{"@type":"PropertyValueSpecification","valueRequired":true,"valueName":"search_term_string"}}],"inLanguage":"sv-SE"}]}},"_links":{"self":[{"href":"https:\/\/www.helasverige.se\/skane\/wp-json\/wp\/v2\/pages\/649","targetHints":{"allow":["GET"]}}],"collection":[{"href":"https:\/\/www.helasverige.se\/skane\/wp-json\/wp\/v2\/pages"}],"about":[{"href":"https:\/\/www.helasverige.se\/skane\/wp-json\/wp\/v2\/types\/page"}],"author":[{"embeddable":true,"href":"https:\/\/www.helasverige.se\/skane\/wp-json\/wp\/v2\/users\/36"}],"replies":[{"embeddable":true,"href":"https:\/\/www.helasverige.se\/skane\/wp-json\/wp\/v2\/comments?post=649"}],"version-history":[{"count":15,"href":"https:\/\/www.helasverige.se\/skane\/wp-json\/wp\/v2\/pages\/649\/revisions"}],"predecessor-version":[{"id":1044,"href":"https:\/\/www.helasverige.se\/skane\/wp-json\/wp\/v2\/pages\/649\/revisions\/1044"}],"wp:featuredmedia":[{"embeddable":true,"href":"https:\/\/www.helasverige.se\/skane\/wp-json\/wp\/v2\/media\/908"}],"wp:attachment":[{"href":"https:\/\/www.helasverige.se\/skane\/wp-json\/wp\/v2\/media?parent=649"}],"curies":[{"name":"wp","href":"https:\/\/api.w.org\/{rel}","templated":true}]}}