{"id":1049,"date":"2022-05-31T15:25:22","date_gmt":"2022-05-31T13:25:22","guid":{"rendered":"https:\/\/www.helasverige.se\/skaraborg\/?page_id=1049"},"modified":"2022-06-29T10:52:33","modified_gmt":"2022-06-29T08:52:33","slug":"valenkat-visar-stod-for-levande-landsbygd","status":"publish","type":"page","link":"https:\/\/www.helasverige.se\/skaraborg\/valenkat-visar-stod-for-levande-landsbygd\/","title":{"rendered":"Valenk\u00e4t visar st\u00f6d f\u00f6r Levande landsbygd"},"content":{"rendered":"<p><strong>Hela Sverige ska levas unika valenk\u00e4t i Skaraborg \u00e4r nu sammanst\u00e4lld. <\/strong><\/p>\n<p><strong>Inf\u00f6r h\u00f6stens riksdags- och regionval lovar Skaraborgs topp-politiker att kommande \u00e5r \u201dprioritera en politik som fr\u00e4mjar bra service p\u00e5 landsbygden och verka f\u00f6r att det ska vara n\u00e4ra till mataff\u00e4r, bankomat och apotek och att det ska finnas skola, dagis och sjukv\u00e5rd p\u00e5 n\u00e4ra h\u00e5ll.<\/strong><\/p>\n<p>Inf\u00f6r s\u00e5v\u00e4l riksdags- som regionvalet 2022 i Skaraborg har Hela Sverige ska leva st\u00e4llt de ledande partikandidaterna mot v\u00e4ggen.<\/p>\n<p>De tre toppkandidaterna, f\u00f6r varje parti, har f\u00e5tt besvara 26 viktiga fr\u00e5gor. Fr\u00e5gorna handlar om hur hela Skaraborg ska utvecklas \u2013 inklusive landsbygd och alla sm\u00e5orter.<\/p>\n<p>Totalt har 44 personer getts m\u00f6jlighet att svara. I princip alla fr\u00e5gor har varit enkla fr\u00e5gor som kan besvaras ja\/nej\/vet ej (med m\u00f6jlighet till egna kommentarer).<\/p>\n<p>N\u00e4r svarstiden g\u00e5tt ut har 27 personer besvarat enk\u00e4ten. Tyv\u00e4rr har hela 17 personer (trots f\u00f6rl\u00e4ngd svarstid och flera p\u00e5minnelser) valt att inte prioritera v\u00e5r viktiga valenk\u00e4t. Hela Sverige ska leva beklagar att dessa kandidater inte velat ge sin syn p\u00e5 v\u00e5ra viktiga valfr\u00e5gor. Dessa finns i samtliga partier.<\/p>\n<p>Vilka kandidater som besvarat och vilka som ignorerat v\u00e5ra fr\u00e5gor framg\u00e5r i nedanst\u00e5ende sammanst\u00e4llning av svar.<\/p>\n<h4>Brett st\u00f6d f\u00f6r \u201dLevande landsbygd\u201d<\/h4>\n<p>Det lovar gott f\u00f6r kommande \u00e5r att hela 25 av de 27 som besvarat enk\u00e4ten svarat JA p\u00e5 v\u00e5r grundl\u00e4ggande fr\u00e5ga:<\/p>\n<p><em>\u201dKommer du och ditt parti prioritera en politik som fr\u00e4mjar bra service p\u00e5 landsbygden? Till exempel verka f\u00f6r att det ska vara n\u00e4ra till mataff\u00e4r, bankomat och apotek och att det ska finnas skola, dagis och sjukv\u00e5rd p\u00e5 n\u00e4ra h\u00e5ll.\u201d<\/em><\/p>\n<p>Det g\u00e4ller samtliga f\u00f6rstanamn p\u00e5 Centerpartiets, Kristdemokraternas, Liberalernas, Moderaternas, Socialdemokraternas, Sverigedemokraternas och V\u00e4nsterpartiets valsedlar till riksdagen. Milj\u00f6partiets tre toppnamn i riksdagsvalet har valt att inte besvara enk\u00e4ten.<\/p>\n<p>Inf\u00f6r valet till regionfullm\u00e4ktige i V\u00e4stra G\u00f6taland, har samtliga partiers f\u00f6rstanamn ocks\u00e5 svarat JA p\u00e5 denna grundl\u00e4ggande fr\u00e5ga.<\/p>\n<h4>Omodern \u201durban norm\u201d styr<\/h4>\n<p>Vi i Hela Sverige ska leva har \u00e5terkommande lyft fram, och kritiserat, den urbana norm som idag tyv\u00e4rr pr\u00e4glar samh\u00e4llsliv, media och kultur.<\/p>\n<p>Den urbana normen handlar om maktstrukturer d\u00e4r \u201dstaden\u201d har tolkningsf\u00f6retr\u00e4de, agerar utg\u00e5ngspunkt och ses som det efterstr\u00e4vansv\u00e4rda. Resultatet blir att allt utanf\u00f6r staden ses som perifert, avvikande och mindre v\u00e4rdefullt.<\/p>\n<p>Det \u00e4r den urbana normen som ger landsbygderna negativa etiketter som avbefolkade, bidragsberoende, bak\u00e5tstr\u00e4vande och t\u00e4rande. Samtidigt tillskrivs staden positiva egenskaper som nyt\u00e4nkande, inkluderande, m\u00e5ngfaldsberikad och en plats f\u00f6r investeringar.<\/p>\n<p>Vi har fr\u00e5gat Skaraborgs toppolitiker om de anser denna urbana norm vara omodern. En klar majoritet av politikerna h\u00e5ller med om att denna norm \u00e4r f\u00f6rlegad. 17 av toppkandidaterna svarar JA p\u00e5 denna fr\u00e5ga, fem svarar VET EJ och fem v\u00e4ljer att AVST\u00c5.<\/p>\n<h4>Sju rapporter<\/h4>\n<p>Hela Sverige ska leva Skaraborg kommer fr\u00e5n juni 2022 till september 2022 presentera de detaljfr\u00e5gor som politikerna besvarat, s\u00e5v\u00e4l via intresserade mediakanaler och p\u00e5 v\u00e5r egen hemsida.<\/p>\n<p>Inom kort kommer vi presentera hur toppolitikerna besvarat fr\u00e5gor som r\u00f6r \u201d<em>Service och byggande<\/em>\u201d samt \u201d<em>F\u00f6retagande p\u00e5 landsbygden<\/em>\u201d.<\/p>\n<p>D\u00e4refter kommer motsvarande rapporter om \u201d<em>Energiomst\u00e4llningen och landsbygden<\/em>\u201d, \u201d<em>F\u00f6reningsliv och skola p\u00e5 landsbygden<\/em>\u201d, \u201d<em>Milj\u00f6 och h\u00e5llbarhet p\u00e5 landsbygden<\/em>\u201d samt som sjunde och sista rapport \u201d<em>Infrastruktur p\u00e5 landsbygden<\/em>\u201d.<\/p>\n<p>Vi vill p\u00e5 detta s\u00e4tt ge skaraborgarna flera m\u00f6jligheter att se vad toppnamnen i Skaraborgs \u00e5tta riksdags- och regionpartier tycker om v\u00e5ra viktigaste framtidsfr\u00e5gor f\u00f6r Skaraborgs landsbygd och sm\u00e5orter.<\/p>\n<p>Och d\u00e4rmed ocks\u00e5 f\u00e5 svar p\u00e5 fr\u00e5gan om vad vi kan f\u00f6rv\u00e4nta oss av dessa politiker under kommande mandatperiod.<\/p>\n<p><a href=\"https:\/\/www.helasverige.se\/skaraborg\/wp-content\/uploads\/sites\/18\/2022\/05\/Svar-1-Allmant-Levande-landsbygd.xlsx\">L\u00e4s svaren p\u00e5 ovanst\u00e5ende tre fr\u00e5gor; 1. Allm\u00e4nt om levande landsbygd<\/a><\/p>\n","protected":false},"excerpt":{"rendered":"<p>Hela Sverige ska levas unika valenk\u00e4t i Skaraborg \u00e4r nu sammanst\u00e4lld. Inf\u00f6r h\u00f6stens riksdags- och regionval lovar Skaraborgs topp-politiker att kommande \u00e5r \u201dprioritera en politik som fr\u00e4mjar bra service p\u00e5 landsbygden och verka f\u00f6r att det ska vara n\u00e4ra till mataff\u00e4r, bankomat och apotek och att det ska finnas skola, dagis och sjukv\u00e5rd p\u00e5 n\u00e4ra [&hellip;]<\/p>\n","protected":false},"author":20,"featured_media":681,"parent":0,"menu_order":0,"comment_status":"closed","ping_status":"closed","template":"tpl-lansavdelning-artikel.php","meta":{"_acf_changed":false,"footnotes":""},"class_list":["post-1049","page","type-page","status-publish","has-post-thumbnail","hentry"],"acf":[],"yoast_head":"<!-- This site is optimized with the Yoast SEO Premium plugin v27.4 (Yoast SEO v27.6) - https:\/\/yoast.com\/product\/yoast-seo-premium-wordpress\/ -->\n<title>Skaraborg - Valenk\u00e4t visar st\u00f6d f\u00f6r Levande landsbygd -<\/title>\n<meta name=\"robots\" content=\"index, follow, max-snippet:-1, max-image-preview:large, max-video-preview:-1\" \/>\n<link rel=\"canonical\" href=\"https:\/\/www.helasverige.se\/skaraborg\/valenkat-visar-stod-for-levande-landsbygd\/\" \/>\n<meta property=\"og:locale\" content=\"sv_SE\" \/>\n<meta property=\"og:type\" content=\"article\" \/>\n<meta property=\"og:title\" content=\"Skaraborg - Valenk\u00e4t visar st\u00f6d f\u00f6r Levande landsbygd\" \/>\n<meta property=\"og:description\" content=\"Hela Sverige ska levas unika valenk\u00e4t i Skaraborg \u00e4r nu sammanst\u00e4lld. Inf\u00f6r h\u00f6stens riksdags- och regionval lovar Skaraborgs topp-politiker att kommande \u00e5r \u201dprioritera en politik som fr\u00e4mjar bra service p\u00e5 landsbygden och verka f\u00f6r att det ska vara n\u00e4ra till mataff\u00e4r, bankomat och apotek och att det ska finnas skola, dagis och sjukv\u00e5rd p\u00e5 n\u00e4ra [&hellip;]\" \/>\n<meta property=\"og:url\" content=\"https:\/\/www.helasverige.se\/skaraborg\/valenkat-visar-stod-for-levande-landsbygd\/\" \/>\n<meta property=\"article:modified_time\" content=\"2022-06-29T08:52:33+00:00\" \/>\n<meta property=\"og:image\" content=\"https:\/\/www.helasverige.se\/skaraborg\/wp-content\/uploads\/sites\/18\/2021\/12\/HSSL_Skaraborg_Aakerlandskap-scaled-e1654002351517.jpg\" \/>\n\t<meta property=\"og:image:width\" content=\"1300\" \/>\n\t<meta property=\"og:image:height\" content=\"975\" \/>\n\t<meta property=\"og:image:type\" content=\"image\/jpeg\" \/>\n<meta name=\"twitter:card\" content=\"summary_large_image\" \/>\n<meta name=\"twitter:label1\" content=\"Ber\u00e4knad l\u00e4stid\" \/>\n\t<meta name=\"twitter:data1\" content=\"3 minuter\" \/>\n<script type=\"application\/ld+json\" class=\"yoast-schema-graph\">{\"@context\":\"https:\\\/\\\/schema.org\",\"@graph\":[{\"@type\":\"WebPage\",\"@id\":\"https:\\\/\\\/www.helasverige.se\\\/skaraborg\\\/valenkat-visar-stod-for-levande-landsbygd\\\/\",\"url\":\"https:\\\/\\\/www.helasverige.se\\\/skaraborg\\\/valenkat-visar-stod-for-levande-landsbygd\\\/\",\"name\":\"Skaraborg - Valenk\u00e4t visar st\u00f6d f\u00f6r Levande landsbygd -\",\"isPartOf\":{\"@id\":\"https:\\\/\\\/www.helasverige.se\\\/skaraborg\\\/#website\"},\"primaryImageOfPage\":{\"@id\":\"https:\\\/\\\/www.helasverige.se\\\/skaraborg\\\/valenkat-visar-stod-for-levande-landsbygd\\\/#primaryimage\"},\"image\":{\"@id\":\"https:\\\/\\\/www.helasverige.se\\\/skaraborg\\\/valenkat-visar-stod-for-levande-landsbygd\\\/#primaryimage\"},\"thumbnailUrl\":\"https:\\\/\\\/www.helasverige.se\\\/skaraborg\\\/wp-content\\\/uploads\\\/sites\\\/18\\\/2021\\\/12\\\/HSSL_Skaraborg_Aakerlandskap-scaled-e1654002351517.jpg\",\"datePublished\":\"2022-05-31T13:25:22+00:00\",\"dateModified\":\"2022-06-29T08:52:33+00:00\",\"breadcrumb\":{\"@id\":\"https:\\\/\\\/www.helasverige.se\\\/skaraborg\\\/valenkat-visar-stod-for-levande-landsbygd\\\/#breadcrumb\"},\"inLanguage\":\"sv-SE\",\"potentialAction\":[{\"@type\":\"ReadAction\",\"target\":[\"https:\\\/\\\/www.helasverige.se\\\/skaraborg\\\/valenkat-visar-stod-for-levande-landsbygd\\\/\"]}]},{\"@type\":\"ImageObject\",\"inLanguage\":\"sv-SE\",\"@id\":\"https:\\\/\\\/www.helasverige.se\\\/skaraborg\\\/valenkat-visar-stod-for-levande-landsbygd\\\/#primaryimage\",\"url\":\"https:\\\/\\\/www.helasverige.se\\\/skaraborg\\\/wp-content\\\/uploads\\\/sites\\\/18\\\/2021\\\/12\\\/HSSL_Skaraborg_Aakerlandskap-scaled-e1654002351517.jpg\",\"contentUrl\":\"https:\\\/\\\/www.helasverige.se\\\/skaraborg\\\/wp-content\\\/uploads\\\/sites\\\/18\\\/2021\\\/12\\\/HSSL_Skaraborg_Aakerlandskap-scaled-e1654002351517.jpg\",\"width\":1300,\"height\":975},{\"@type\":\"BreadcrumbList\",\"@id\":\"https:\\\/\\\/www.helasverige.se\\\/skaraborg\\\/valenkat-visar-stod-for-levande-landsbygd\\\/#breadcrumb\",\"itemListElement\":[{\"@type\":\"ListItem\",\"position\":1,\"name\":\"Home\",\"item\":\"https:\\\/\\\/www.helasverige.se\\\/skaraborg\\\/\"},{\"@type\":\"ListItem\",\"position\":2,\"name\":\"Valenk\u00e4t visar st\u00f6d f\u00f6r Levande landsbygd\"}]},{\"@type\":\"WebSite\",\"@id\":\"https:\\\/\\\/www.helasverige.se\\\/skaraborg\\\/#website\",\"url\":\"https:\\\/\\\/www.helasverige.se\\\/skaraborg\\\/\",\"name\":\"\",\"description\":\"\u00c4nnu en webbplats hos Hela Sverige ska leva\",\"potentialAction\":[{\"@type\":\"SearchAction\",\"target\":{\"@type\":\"EntryPoint\",\"urlTemplate\":\"https:\\\/\\\/www.helasverige.se\\\/skaraborg\\\/?s={search_term_string}\"},\"query-input\":{\"@type\":\"PropertyValueSpecification\",\"valueRequired\":true,\"valueName\":\"search_term_string\"}}],\"inLanguage\":\"sv-SE\"}]}<\/script>\n<!-- \/ Yoast SEO Premium plugin. -->","yoast_head_json":{"title":"Skaraborg - Valenk\u00e4t visar st\u00f6d f\u00f6r Levande landsbygd -","robots":{"index":"index","follow":"follow","max-snippet":"max-snippet:-1","max-image-preview":"max-image-preview:large","max-video-preview":"max-video-preview:-1"},"canonical":"https:\/\/www.helasverige.se\/skaraborg\/valenkat-visar-stod-for-levande-landsbygd\/","og_locale":"sv_SE","og_type":"article","og_title":"Skaraborg - Valenk\u00e4t visar st\u00f6d f\u00f6r Levande landsbygd","og_description":"Hela Sverige ska levas unika valenk\u00e4t i Skaraborg \u00e4r nu sammanst\u00e4lld. Inf\u00f6r h\u00f6stens riksdags- och regionval lovar Skaraborgs topp-politiker att kommande \u00e5r \u201dprioritera en politik som fr\u00e4mjar bra service p\u00e5 landsbygden och verka f\u00f6r att det ska vara n\u00e4ra till mataff\u00e4r, bankomat och apotek och att det ska finnas skola, dagis och sjukv\u00e5rd p\u00e5 n\u00e4ra [&hellip;]","og_url":"https:\/\/www.helasverige.se\/skaraborg\/valenkat-visar-stod-for-levande-landsbygd\/","article_modified_time":"2022-06-29T08:52:33+00:00","og_image":[{"width":1300,"height":975,"url":"https:\/\/www.helasverige.se\/skaraborg\/wp-content\/uploads\/sites\/18\/2021\/12\/HSSL_Skaraborg_Aakerlandskap-scaled-e1654002351517.jpg","type":"image\/jpeg"}],"twitter_card":"summary_large_image","twitter_misc":{"Ber\u00e4knad l\u00e4stid":"3 minuter"},"schema":{"@context":"https:\/\/schema.org","@graph":[{"@type":"WebPage","@id":"https:\/\/www.helasverige.se\/skaraborg\/valenkat-visar-stod-for-levande-landsbygd\/","url":"https:\/\/www.helasverige.se\/skaraborg\/valenkat-visar-stod-for-levande-landsbygd\/","name":"Skaraborg - Valenk\u00e4t visar st\u00f6d f\u00f6r Levande landsbygd -","isPartOf":{"@id":"https:\/\/www.helasverige.se\/skaraborg\/#website"},"primaryImageOfPage":{"@id":"https:\/\/www.helasverige.se\/skaraborg\/valenkat-visar-stod-for-levande-landsbygd\/#primaryimage"},"image":{"@id":"https:\/\/www.helasverige.se\/skaraborg\/valenkat-visar-stod-for-levande-landsbygd\/#primaryimage"},"thumbnailUrl":"https:\/\/www.helasverige.se\/skaraborg\/wp-content\/uploads\/sites\/18\/2021\/12\/HSSL_Skaraborg_Aakerlandskap-scaled-e1654002351517.jpg","datePublished":"2022-05-31T13:25:22+00:00","dateModified":"2022-06-29T08:52:33+00:00","breadcrumb":{"@id":"https:\/\/www.helasverige.se\/skaraborg\/valenkat-visar-stod-for-levande-landsbygd\/#breadcrumb"},"inLanguage":"sv-SE","potentialAction":[{"@type":"ReadAction","target":["https:\/\/www.helasverige.se\/skaraborg\/valenkat-visar-stod-for-levande-landsbygd\/"]}]},{"@type":"ImageObject","inLanguage":"sv-SE","@id":"https:\/\/www.helasverige.se\/skaraborg\/valenkat-visar-stod-for-levande-landsbygd\/#primaryimage","url":"https:\/\/www.helasverige.se\/skaraborg\/wp-content\/uploads\/sites\/18\/2021\/12\/HSSL_Skaraborg_Aakerlandskap-scaled-e1654002351517.jpg","contentUrl":"https:\/\/www.helasverige.se\/skaraborg\/wp-content\/uploads\/sites\/18\/2021\/12\/HSSL_Skaraborg_Aakerlandskap-scaled-e1654002351517.jpg","width":1300,"height":975},{"@type":"BreadcrumbList","@id":"https:\/\/www.helasverige.se\/skaraborg\/valenkat-visar-stod-for-levande-landsbygd\/#breadcrumb","itemListElement":[{"@type":"ListItem","position":1,"name":"Home","item":"https:\/\/www.helasverige.se\/skaraborg\/"},{"@type":"ListItem","position":2,"name":"Valenk\u00e4t visar st\u00f6d f\u00f6r Levande landsbygd"}]},{"@type":"WebSite","@id":"https:\/\/www.helasverige.se\/skaraborg\/#website","url":"https:\/\/www.helasverige.se\/skaraborg\/","name":"","description":"\u00c4nnu en webbplats hos Hela Sverige ska leva","potentialAction":[{"@type":"SearchAction","target":{"@type":"EntryPoint","urlTemplate":"https:\/\/www.helasverige.se\/skaraborg\/?s={search_term_string}"},"query-input":{"@type":"PropertyValueSpecification","valueRequired":true,"valueName":"search_term_string"}}],"inLanguage":"sv-SE"}]}},"_links":{"self":[{"href":"https:\/\/www.helasverige.se\/skaraborg\/wp-json\/wp\/v2\/pages\/1049","targetHints":{"allow":["GET"]}}],"collection":[{"href":"https:\/\/www.helasverige.se\/skaraborg\/wp-json\/wp\/v2\/pages"}],"about":[{"href":"https:\/\/www.helasverige.se\/skaraborg\/wp-json\/wp\/v2\/types\/page"}],"author":[{"embeddable":true,"href":"https:\/\/www.helasverige.se\/skaraborg\/wp-json\/wp\/v2\/users\/20"}],"replies":[{"embeddable":true,"href":"https:\/\/www.helasverige.se\/skaraborg\/wp-json\/wp\/v2\/comments?post=1049"}],"version-history":[{"count":2,"href":"https:\/\/www.helasverige.se\/skaraborg\/wp-json\/wp\/v2\/pages\/1049\/revisions"}],"predecessor-version":[{"id":1080,"href":"https:\/\/www.helasverige.se\/skaraborg\/wp-json\/wp\/v2\/pages\/1049\/revisions\/1080"}],"wp:featuredmedia":[{"embeddable":true,"href":"https:\/\/www.helasverige.se\/skaraborg\/wp-json\/wp\/v2\/media\/681"}],"wp:attachment":[{"href":"https:\/\/www.helasverige.se\/skaraborg\/wp-json\/wp\/v2\/media?parent=1049"}],"curies":[{"name":"wp","href":"https:\/\/api.w.org\/{rel}","templated":true}]}}