{"id":20,"date":"2021-10-29T11:21:31","date_gmt":"2021-10-29T09:21:31","guid":{"rendered":"https:\/\/www.helasverige.se\/sormland\/?page_id=20"},"modified":"2023-10-17T19:10:47","modified_gmt":"2023-10-17T17:10:47","slug":"vara-aktiviteter","status":"publish","type":"page","link":"https:\/\/www.helasverige.se\/sormland\/vara-aktiviteter\/","title":{"rendered":"Aktiviteter i S\u00f6rmland"},"content":{"rendered":"<h1>Tips p\u00e5 aktiviteter.<\/h1>\n<p>Runt om i S\u00f6rmland sker m\u00e4ngder med aktiviter p\u00e5 landsbygden. En del aktiviteter arrangeras av Hela Sverige Ska Leva S\u00f6rmland, andra med medlemsf\u00f6reningar, lokala utvecklingsgrupper och andra akt\u00f6rer som \u00e4r viktiga f\u00f6r utvecklingen p\u00e5 landsbygden. Har du tips p\u00e5 aktiviteter tar vi g\u00e4rna emot, meja oss p\u00e5 <a href=\"mailto:sormland@helasverige.se\">sormland@helasverige.se<\/a><\/p>\n","protected":false},"excerpt":{"rendered":"<p>Tips p\u00e5 aktiviteter. Runt om i S\u00f6rmland sker m\u00e4ngder med aktiviter p\u00e5 landsbygden. En del aktiviteter arrangeras av Hela Sverige Ska Leva S\u00f6rmland, andra med medlemsf\u00f6reningar, lokala utvecklingsgrupper och andra akt\u00f6rer som \u00e4r viktiga f\u00f6r utvecklingen p\u00e5 landsbygden. Har du tips p\u00e5 aktiviteter tar vi g\u00e4rna emot, meja oss p\u00e5 sormland@helasverige.se<\/p>\n","protected":false},"author":1,"featured_media":467,"parent":0,"menu_order":0,"comment_status":"closed","ping_status":"closed","template":"tpl-lansavdelning.php","meta":{"_acf_changed":false,"footnotes":""},"class_list":["post-20","page","type-page","status-publish","has-post-thumbnail","hentry"],"acf":[],"yoast_head":"<!-- This site is optimized with the Yoast SEO Premium plugin v27.4 (Yoast SEO v27.6) - https:\/\/yoast.com\/product\/yoast-seo-premium-wordpress\/ -->\n<title>S\u00f6rmanland - Aktiviteter i S\u00f6rmland -<\/title>\n<meta name=\"robots\" content=\"index, follow, max-snippet:-1, max-image-preview:large, max-video-preview:-1\" \/>\n<link rel=\"canonical\" href=\"https:\/\/www.helasverige.se\/sormland\/vara-aktiviteter\/\" \/>\n<meta property=\"og:locale\" content=\"sv_SE\" \/>\n<meta property=\"og:type\" content=\"article\" \/>\n<meta property=\"og:title\" content=\"S\u00f6rmanland - Aktiviteter i S\u00f6rmland\" \/>\n<meta property=\"og:description\" content=\"Tips p\u00e5 aktiviteter. Runt om i S\u00f6rmland sker m\u00e4ngder med aktiviter p\u00e5 landsbygden. En del aktiviteter arrangeras av Hela Sverige Ska Leva S\u00f6rmland, andra med medlemsf\u00f6reningar, lokala utvecklingsgrupper och andra akt\u00f6rer som \u00e4r viktiga f\u00f6r utvecklingen p\u00e5 landsbygden. Har du tips p\u00e5 aktiviteter tar vi g\u00e4rna emot, meja oss p\u00e5 sormland@helasverige.se\" \/>\n<meta property=\"og:url\" content=\"https:\/\/www.helasverige.se\/sormland\/vara-aktiviteter\/\" \/>\n<meta property=\"article:modified_time\" content=\"2023-10-17T17:10:47+00:00\" \/>\n<meta property=\"og:image\" content=\"https:\/\/www.helasverige.se\/sormland\/wp-content\/uploads\/sites\/19\/2022\/03\/Skoldinge_Ola_Aurell-scaled.jpg\" \/>\n\t<meta property=\"og:image:width\" content=\"2560\" \/>\n\t<meta property=\"og:image:height\" content=\"1707\" \/>\n\t<meta property=\"og:image:type\" content=\"image\/jpeg\" \/>\n<meta name=\"twitter:card\" content=\"summary_large_image\" \/>\n<meta name=\"twitter:label1\" content=\"Ber\u00e4knad l\u00e4stid\" \/>\n\t<meta name=\"twitter:data1\" content=\"1 minut\" \/>\n<script type=\"application\/ld+json\" class=\"yoast-schema-graph\">{\"@context\":\"https:\\\/\\\/schema.org\",\"@graph\":[{\"@type\":\"WebPage\",\"@id\":\"https:\\\/\\\/www.helasverige.se\\\/sormland\\\/vara-aktiviteter\\\/\",\"url\":\"https:\\\/\\\/www.helasverige.se\\\/sormland\\\/vara-aktiviteter\\\/\",\"name\":\"S\u00f6rmanland - Aktiviteter i S\u00f6rmland -\",\"isPartOf\":{\"@id\":\"https:\\\/\\\/www.helasverige.se\\\/sormland\\\/#website\"},\"primaryImageOfPage\":{\"@id\":\"https:\\\/\\\/www.helasverige.se\\\/sormland\\\/vara-aktiviteter\\\/#primaryimage\"},\"image\":{\"@id\":\"https:\\\/\\\/www.helasverige.se\\\/sormland\\\/vara-aktiviteter\\\/#primaryimage\"},\"thumbnailUrl\":\"https:\\\/\\\/www.helasverige.se\\\/sormland\\\/wp-content\\\/uploads\\\/sites\\\/19\\\/2022\\\/03\\\/Skoldinge_Ola_Aurell-scaled.jpg\",\"datePublished\":\"2021-10-29T09:21:31+00:00\",\"dateModified\":\"2023-10-17T17:10:47+00:00\",\"breadcrumb\":{\"@id\":\"https:\\\/\\\/www.helasverige.se\\\/sormland\\\/vara-aktiviteter\\\/#breadcrumb\"},\"inLanguage\":\"sv-SE\",\"potentialAction\":[{\"@type\":\"ReadAction\",\"target\":[\"https:\\\/\\\/www.helasverige.se\\\/sormland\\\/vara-aktiviteter\\\/\"]}]},{\"@type\":\"ImageObject\",\"inLanguage\":\"sv-SE\",\"@id\":\"https:\\\/\\\/www.helasverige.se\\\/sormland\\\/vara-aktiviteter\\\/#primaryimage\",\"url\":\"https:\\\/\\\/www.helasverige.se\\\/sormland\\\/wp-content\\\/uploads\\\/sites\\\/19\\\/2022\\\/03\\\/Skoldinge_Ola_Aurell-scaled.jpg\",\"contentUrl\":\"https:\\\/\\\/www.helasverige.se\\\/sormland\\\/wp-content\\\/uploads\\\/sites\\\/19\\\/2022\\\/03\\\/Skoldinge_Ola_Aurell-scaled.jpg\",\"width\":2560,\"height\":1707},{\"@type\":\"BreadcrumbList\",\"@id\":\"https:\\\/\\\/www.helasverige.se\\\/sormland\\\/vara-aktiviteter\\\/#breadcrumb\",\"itemListElement\":[{\"@type\":\"ListItem\",\"position\":1,\"name\":\"Home\",\"item\":\"https:\\\/\\\/www.helasverige.se\\\/sormland\\\/\"},{\"@type\":\"ListItem\",\"position\":2,\"name\":\"Aktiviteter i S\u00f6rmland\"}]},{\"@type\":\"WebSite\",\"@id\":\"https:\\\/\\\/www.helasverige.se\\\/sormland\\\/#website\",\"url\":\"https:\\\/\\\/www.helasverige.se\\\/sormland\\\/\",\"name\":\"\",\"description\":\"\u00c4nnu en webbplats hos Hela Sverige ska leva\",\"potentialAction\":[{\"@type\":\"SearchAction\",\"target\":{\"@type\":\"EntryPoint\",\"urlTemplate\":\"https:\\\/\\\/www.helasverige.se\\\/sormland\\\/?s={search_term_string}\"},\"query-input\":{\"@type\":\"PropertyValueSpecification\",\"valueRequired\":true,\"valueName\":\"search_term_string\"}}],\"inLanguage\":\"sv-SE\"}]}<\/script>\n<!-- \/ Yoast SEO Premium plugin. -->","yoast_head_json":{"title":"S\u00f6rmanland - Aktiviteter i S\u00f6rmland -","robots":{"index":"index","follow":"follow","max-snippet":"max-snippet:-1","max-image-preview":"max-image-preview:large","max-video-preview":"max-video-preview:-1"},"canonical":"https:\/\/www.helasverige.se\/sormland\/vara-aktiviteter\/","og_locale":"sv_SE","og_type":"article","og_title":"S\u00f6rmanland - Aktiviteter i S\u00f6rmland","og_description":"Tips p\u00e5 aktiviteter. Runt om i S\u00f6rmland sker m\u00e4ngder med aktiviter p\u00e5 landsbygden. En del aktiviteter arrangeras av Hela Sverige Ska Leva S\u00f6rmland, andra med medlemsf\u00f6reningar, lokala utvecklingsgrupper och andra akt\u00f6rer som \u00e4r viktiga f\u00f6r utvecklingen p\u00e5 landsbygden. Har du tips p\u00e5 aktiviteter tar vi g\u00e4rna emot, meja oss p\u00e5 sormland@helasverige.se","og_url":"https:\/\/www.helasverige.se\/sormland\/vara-aktiviteter\/","article_modified_time":"2023-10-17T17:10:47+00:00","og_image":[{"width":2560,"height":1707,"url":"https:\/\/www.helasverige.se\/sormland\/wp-content\/uploads\/sites\/19\/2022\/03\/Skoldinge_Ola_Aurell-scaled.jpg","type":"image\/jpeg"}],"twitter_card":"summary_large_image","twitter_misc":{"Ber\u00e4knad l\u00e4stid":"1 minut"},"schema":{"@context":"https:\/\/schema.org","@graph":[{"@type":"WebPage","@id":"https:\/\/www.helasverige.se\/sormland\/vara-aktiviteter\/","url":"https:\/\/www.helasverige.se\/sormland\/vara-aktiviteter\/","name":"S\u00f6rmanland - Aktiviteter i S\u00f6rmland -","isPartOf":{"@id":"https:\/\/www.helasverige.se\/sormland\/#website"},"primaryImageOfPage":{"@id":"https:\/\/www.helasverige.se\/sormland\/vara-aktiviteter\/#primaryimage"},"image":{"@id":"https:\/\/www.helasverige.se\/sormland\/vara-aktiviteter\/#primaryimage"},"thumbnailUrl":"https:\/\/www.helasverige.se\/sormland\/wp-content\/uploads\/sites\/19\/2022\/03\/Skoldinge_Ola_Aurell-scaled.jpg","datePublished":"2021-10-29T09:21:31+00:00","dateModified":"2023-10-17T17:10:47+00:00","breadcrumb":{"@id":"https:\/\/www.helasverige.se\/sormland\/vara-aktiviteter\/#breadcrumb"},"inLanguage":"sv-SE","potentialAction":[{"@type":"ReadAction","target":["https:\/\/www.helasverige.se\/sormland\/vara-aktiviteter\/"]}]},{"@type":"ImageObject","inLanguage":"sv-SE","@id":"https:\/\/www.helasverige.se\/sormland\/vara-aktiviteter\/#primaryimage","url":"https:\/\/www.helasverige.se\/sormland\/wp-content\/uploads\/sites\/19\/2022\/03\/Skoldinge_Ola_Aurell-scaled.jpg","contentUrl":"https:\/\/www.helasverige.se\/sormland\/wp-content\/uploads\/sites\/19\/2022\/03\/Skoldinge_Ola_Aurell-scaled.jpg","width":2560,"height":1707},{"@type":"BreadcrumbList","@id":"https:\/\/www.helasverige.se\/sormland\/vara-aktiviteter\/#breadcrumb","itemListElement":[{"@type":"ListItem","position":1,"name":"Home","item":"https:\/\/www.helasverige.se\/sormland\/"},{"@type":"ListItem","position":2,"name":"Aktiviteter i S\u00f6rmland"}]},{"@type":"WebSite","@id":"https:\/\/www.helasverige.se\/sormland\/#website","url":"https:\/\/www.helasverige.se\/sormland\/","name":"","description":"\u00c4nnu en webbplats hos Hela Sverige ska leva","potentialAction":[{"@type":"SearchAction","target":{"@type":"EntryPoint","urlTemplate":"https:\/\/www.helasverige.se\/sormland\/?s={search_term_string}"},"query-input":{"@type":"PropertyValueSpecification","valueRequired":true,"valueName":"search_term_string"}}],"inLanguage":"sv-SE"}]}},"_links":{"self":[{"href":"https:\/\/www.helasverige.se\/sormland\/wp-json\/wp\/v2\/pages\/20","targetHints":{"allow":["GET"]}}],"collection":[{"href":"https:\/\/www.helasverige.se\/sormland\/wp-json\/wp\/v2\/pages"}],"about":[{"href":"https:\/\/www.helasverige.se\/sormland\/wp-json\/wp\/v2\/types\/page"}],"author":[{"embeddable":true,"href":"https:\/\/www.helasverige.se\/sormland\/wp-json\/wp\/v2\/users\/1"}],"replies":[{"embeddable":true,"href":"https:\/\/www.helasverige.se\/sormland\/wp-json\/wp\/v2\/comments?post=20"}],"version-history":[{"count":21,"href":"https:\/\/www.helasverige.se\/sormland\/wp-json\/wp\/v2\/pages\/20\/revisions"}],"predecessor-version":[{"id":768,"href":"https:\/\/www.helasverige.se\/sormland\/wp-json\/wp\/v2\/pages\/20\/revisions\/768"}],"wp:featuredmedia":[{"embeddable":true,"href":"https:\/\/www.helasverige.se\/sormland\/wp-json\/wp\/v2\/media\/467"}],"wp:attachment":[{"href":"https:\/\/www.helasverige.se\/sormland\/wp-json\/wp\/v2\/media?parent=20"}],"curies":[{"name":"wp","href":"https:\/\/api.w.org\/{rel}","templated":true}]}}