{"id":18,"date":"2021-10-29T11:20:54","date_gmt":"2021-10-29T09:20:54","guid":{"rendered":"https:\/\/www.helasverige.se\/vasterbotten\/?page_id=18"},"modified":"2022-01-04T06:22:05","modified_gmt":"2022-01-04T05:22:05","slug":"var-verksamhet","status":"publish","type":"page","link":"https:\/\/www.helasverige.se\/vasterbotten\/var-verksamhet\/","title":{"rendered":"V\u00e5r verksamhet"},"content":{"rendered":"<h1>V\u00e5r verksamhet.<\/h1>\n<p>Hela Sverige ska leva V\u00e4sterbotten \u00e4r den regionala l\u00e4nsavdelningen av Hela Sverige. V\u00e5rt fr\u00e4msta m\u00e5l \u00e4r att fr\u00e4mja utvecklingen av landsbygden i v\u00e5r region. Vi vill arbeta f\u00f6r \u00f6kad tillv\u00e4xt p\u00e5 landsbygden, fler inflyttare och \u00e5terv\u00e4ndare samt fler f\u00f6retagare. Vi vill ocks\u00e5 lyfta landsbygdens specifika utmaningar och m\u00f6jligheter till diskussion och debatt. Detta g\u00f6r vi\u00a0 till exempel tillsammans med lokala byautvecklingsr\u00e5d och v\u00e5ra medlemsorganisationer. Vi samarbetar ocks\u00e5 med andra regionala och nationella akt\u00f6rer som har landsbygdsutveckling p\u00e5 sin agenda.<\/p>\n","protected":false},"excerpt":{"rendered":"<p>V\u00e5r verksamhet. Hela Sverige ska leva V\u00e4sterbotten \u00e4r den regionala l\u00e4nsavdelningen av Hela Sverige. V\u00e5rt fr\u00e4msta m\u00e5l \u00e4r att fr\u00e4mja utvecklingen av landsbygden i v\u00e5r region. Vi vill arbeta f\u00f6r \u00f6kad tillv\u00e4xt p\u00e5 landsbygden, fler inflyttare och \u00e5terv\u00e4ndare samt fler f\u00f6retagare. Vi vill ocks\u00e5 lyfta landsbygdens specifika utmaningar och m\u00f6jligheter till diskussion och debatt. Detta [&hellip;]<\/p>\n","protected":false},"author":1,"featured_media":416,"parent":0,"menu_order":0,"comment_status":"closed","ping_status":"closed","template":"tpl-lansavdelning.php","meta":{"_acf_changed":false,"footnotes":""},"class_list":["post-18","page","type-page","status-publish","has-post-thumbnail","hentry"],"acf":[],"yoast_head":"<!-- This site is optimized with the Yoast SEO Premium plugin v27.4 (Yoast SEO v27.6) - https:\/\/yoast.com\/product\/yoast-seo-premium-wordpress\/ -->\n<title>V\u00e4sterbotten - V\u00e5r verksamhet -<\/title>\n<meta name=\"robots\" content=\"index, follow, max-snippet:-1, max-image-preview:large, max-video-preview:-1\" \/>\n<link rel=\"canonical\" href=\"https:\/\/www.helasverige.se\/vasterbotten\/var-verksamhet\/\" \/>\n<meta property=\"og:locale\" content=\"sv_SE\" \/>\n<meta property=\"og:type\" content=\"article\" \/>\n<meta property=\"og:title\" content=\"V\u00e4sterbotten - V\u00e5r verksamhet\" \/>\n<meta property=\"og:description\" content=\"V\u00e5r verksamhet. Hela Sverige ska leva V\u00e4sterbotten \u00e4r den regionala l\u00e4nsavdelningen av Hela Sverige. V\u00e5rt fr\u00e4msta m\u00e5l \u00e4r att fr\u00e4mja utvecklingen av landsbygden i v\u00e5r region. Vi vill arbeta f\u00f6r \u00f6kad tillv\u00e4xt p\u00e5 landsbygden, fler inflyttare och \u00e5terv\u00e4ndare samt fler f\u00f6retagare. Vi vill ocks\u00e5 lyfta landsbygdens specifika utmaningar och m\u00f6jligheter till diskussion och debatt. Detta [&hellip;]\" \/>\n<meta property=\"og:url\" content=\"https:\/\/www.helasverige.se\/vasterbotten\/var-verksamhet\/\" \/>\n<meta property=\"article:modified_time\" content=\"2022-01-04T05:22:05+00:00\" \/>\n<meta property=\"og:image\" content=\"https:\/\/www.helasverige.se\/vasterbotten\/wp-content\/uploads\/sites\/22\/2021\/12\/11402472_919677754760134_6727691214787583914_o.jpg\" \/>\n\t<meta property=\"og:image:width\" content=\"2048\" \/>\n\t<meta property=\"og:image:height\" content=\"1365\" \/>\n\t<meta property=\"og:image:type\" content=\"image\/jpeg\" \/>\n<meta name=\"twitter:card\" content=\"summary_large_image\" \/>\n<script type=\"application\/ld+json\" class=\"yoast-schema-graph\">{\"@context\":\"https:\\\/\\\/schema.org\",\"@graph\":[{\"@type\":\"WebPage\",\"@id\":\"https:\\\/\\\/www.helasverige.se\\\/vasterbotten\\\/var-verksamhet\\\/\",\"url\":\"https:\\\/\\\/www.helasverige.se\\\/vasterbotten\\\/var-verksamhet\\\/\",\"name\":\"V\u00e4sterbotten - V\u00e5r verksamhet -\",\"isPartOf\":{\"@id\":\"https:\\\/\\\/www.helasverige.se\\\/vasterbotten\\\/#website\"},\"primaryImageOfPage\":{\"@id\":\"https:\\\/\\\/www.helasverige.se\\\/vasterbotten\\\/var-verksamhet\\\/#primaryimage\"},\"image\":{\"@id\":\"https:\\\/\\\/www.helasverige.se\\\/vasterbotten\\\/var-verksamhet\\\/#primaryimage\"},\"thumbnailUrl\":\"https:\\\/\\\/www.helasverige.se\\\/vasterbotten\\\/wp-content\\\/uploads\\\/sites\\\/22\\\/2021\\\/12\\\/11402472_919677754760134_6727691214787583914_o.jpg\",\"datePublished\":\"2021-10-29T09:20:54+00:00\",\"dateModified\":\"2022-01-04T05:22:05+00:00\",\"breadcrumb\":{\"@id\":\"https:\\\/\\\/www.helasverige.se\\\/vasterbotten\\\/var-verksamhet\\\/#breadcrumb\"},\"inLanguage\":\"sv-SE\",\"potentialAction\":[{\"@type\":\"ReadAction\",\"target\":[\"https:\\\/\\\/www.helasverige.se\\\/vasterbotten\\\/var-verksamhet\\\/\"]}]},{\"@type\":\"ImageObject\",\"inLanguage\":\"sv-SE\",\"@id\":\"https:\\\/\\\/www.helasverige.se\\\/vasterbotten\\\/var-verksamhet\\\/#primaryimage\",\"url\":\"https:\\\/\\\/www.helasverige.se\\\/vasterbotten\\\/wp-content\\\/uploads\\\/sites\\\/22\\\/2021\\\/12\\\/11402472_919677754760134_6727691214787583914_o.jpg\",\"contentUrl\":\"https:\\\/\\\/www.helasverige.se\\\/vasterbotten\\\/wp-content\\\/uploads\\\/sites\\\/22\\\/2021\\\/12\\\/11402472_919677754760134_6727691214787583914_o.jpg\",\"width\":2048,\"height\":1365},{\"@type\":\"BreadcrumbList\",\"@id\":\"https:\\\/\\\/www.helasverige.se\\\/vasterbotten\\\/var-verksamhet\\\/#breadcrumb\",\"itemListElement\":[{\"@type\":\"ListItem\",\"position\":1,\"name\":\"Home\",\"item\":\"https:\\\/\\\/www.helasverige.se\\\/vasterbotten\\\/\"},{\"@type\":\"ListItem\",\"position\":2,\"name\":\"V\u00e5r verksamhet\"}]},{\"@type\":\"WebSite\",\"@id\":\"https:\\\/\\\/www.helasverige.se\\\/vasterbotten\\\/#website\",\"url\":\"https:\\\/\\\/www.helasverige.se\\\/vasterbotten\\\/\",\"name\":\"\",\"description\":\"\u00c4nnu en webbplats hos Hela Sverige ska leva\",\"potentialAction\":[{\"@type\":\"SearchAction\",\"target\":{\"@type\":\"EntryPoint\",\"urlTemplate\":\"https:\\\/\\\/www.helasverige.se\\\/vasterbotten\\\/?s={search_term_string}\"},\"query-input\":{\"@type\":\"PropertyValueSpecification\",\"valueRequired\":true,\"valueName\":\"search_term_string\"}}],\"inLanguage\":\"sv-SE\"}]}<\/script>\n<!-- \/ Yoast SEO Premium plugin. -->","yoast_head_json":{"title":"V\u00e4sterbotten - V\u00e5r verksamhet -","robots":{"index":"index","follow":"follow","max-snippet":"max-snippet:-1","max-image-preview":"max-image-preview:large","max-video-preview":"max-video-preview:-1"},"canonical":"https:\/\/www.helasverige.se\/vasterbotten\/var-verksamhet\/","og_locale":"sv_SE","og_type":"article","og_title":"V\u00e4sterbotten - V\u00e5r verksamhet","og_description":"V\u00e5r verksamhet. Hela Sverige ska leva V\u00e4sterbotten \u00e4r den regionala l\u00e4nsavdelningen av Hela Sverige. V\u00e5rt fr\u00e4msta m\u00e5l \u00e4r att fr\u00e4mja utvecklingen av landsbygden i v\u00e5r region. Vi vill arbeta f\u00f6r \u00f6kad tillv\u00e4xt p\u00e5 landsbygden, fler inflyttare och \u00e5terv\u00e4ndare samt fler f\u00f6retagare. Vi vill ocks\u00e5 lyfta landsbygdens specifika utmaningar och m\u00f6jligheter till diskussion och debatt. Detta [&hellip;]","og_url":"https:\/\/www.helasverige.se\/vasterbotten\/var-verksamhet\/","article_modified_time":"2022-01-04T05:22:05+00:00","og_image":[{"width":2048,"height":1365,"url":"https:\/\/www.helasverige.se\/vasterbotten\/wp-content\/uploads\/sites\/22\/2021\/12\/11402472_919677754760134_6727691214787583914_o.jpg","type":"image\/jpeg"}],"twitter_card":"summary_large_image","schema":{"@context":"https:\/\/schema.org","@graph":[{"@type":"WebPage","@id":"https:\/\/www.helasverige.se\/vasterbotten\/var-verksamhet\/","url":"https:\/\/www.helasverige.se\/vasterbotten\/var-verksamhet\/","name":"V\u00e4sterbotten - V\u00e5r verksamhet -","isPartOf":{"@id":"https:\/\/www.helasverige.se\/vasterbotten\/#website"},"primaryImageOfPage":{"@id":"https:\/\/www.helasverige.se\/vasterbotten\/var-verksamhet\/#primaryimage"},"image":{"@id":"https:\/\/www.helasverige.se\/vasterbotten\/var-verksamhet\/#primaryimage"},"thumbnailUrl":"https:\/\/www.helasverige.se\/vasterbotten\/wp-content\/uploads\/sites\/22\/2021\/12\/11402472_919677754760134_6727691214787583914_o.jpg","datePublished":"2021-10-29T09:20:54+00:00","dateModified":"2022-01-04T05:22:05+00:00","breadcrumb":{"@id":"https:\/\/www.helasverige.se\/vasterbotten\/var-verksamhet\/#breadcrumb"},"inLanguage":"sv-SE","potentialAction":[{"@type":"ReadAction","target":["https:\/\/www.helasverige.se\/vasterbotten\/var-verksamhet\/"]}]},{"@type":"ImageObject","inLanguage":"sv-SE","@id":"https:\/\/www.helasverige.se\/vasterbotten\/var-verksamhet\/#primaryimage","url":"https:\/\/www.helasverige.se\/vasterbotten\/wp-content\/uploads\/sites\/22\/2021\/12\/11402472_919677754760134_6727691214787583914_o.jpg","contentUrl":"https:\/\/www.helasverige.se\/vasterbotten\/wp-content\/uploads\/sites\/22\/2021\/12\/11402472_919677754760134_6727691214787583914_o.jpg","width":2048,"height":1365},{"@type":"BreadcrumbList","@id":"https:\/\/www.helasverige.se\/vasterbotten\/var-verksamhet\/#breadcrumb","itemListElement":[{"@type":"ListItem","position":1,"name":"Home","item":"https:\/\/www.helasverige.se\/vasterbotten\/"},{"@type":"ListItem","position":2,"name":"V\u00e5r verksamhet"}]},{"@type":"WebSite","@id":"https:\/\/www.helasverige.se\/vasterbotten\/#website","url":"https:\/\/www.helasverige.se\/vasterbotten\/","name":"","description":"\u00c4nnu en webbplats hos Hela Sverige ska leva","potentialAction":[{"@type":"SearchAction","target":{"@type":"EntryPoint","urlTemplate":"https:\/\/www.helasverige.se\/vasterbotten\/?s={search_term_string}"},"query-input":{"@type":"PropertyValueSpecification","valueRequired":true,"valueName":"search_term_string"}}],"inLanguage":"sv-SE"}]}},"_links":{"self":[{"href":"https:\/\/www.helasverige.se\/vasterbotten\/wp-json\/wp\/v2\/pages\/18","targetHints":{"allow":["GET"]}}],"collection":[{"href":"https:\/\/www.helasverige.se\/vasterbotten\/wp-json\/wp\/v2\/pages"}],"about":[{"href":"https:\/\/www.helasverige.se\/vasterbotten\/wp-json\/wp\/v2\/types\/page"}],"author":[{"embeddable":true,"href":"https:\/\/www.helasverige.se\/vasterbotten\/wp-json\/wp\/v2\/users\/1"}],"replies":[{"embeddable":true,"href":"https:\/\/www.helasverige.se\/vasterbotten\/wp-json\/wp\/v2\/comments?post=18"}],"version-history":[{"count":10,"href":"https:\/\/www.helasverige.se\/vasterbotten\/wp-json\/wp\/v2\/pages\/18\/revisions"}],"predecessor-version":[{"id":612,"href":"https:\/\/www.helasverige.se\/vasterbotten\/wp-json\/wp\/v2\/pages\/18\/revisions\/612"}],"wp:featuredmedia":[{"embeddable":true,"href":"https:\/\/www.helasverige.se\/vasterbotten\/wp-json\/wp\/v2\/media\/416"}],"wp:attachment":[{"href":"https:\/\/www.helasverige.se\/vasterbotten\/wp-json\/wp\/v2\/media?parent=18"}],"curies":[{"name":"wp","href":"https:\/\/api.w.org\/{rel}","templated":true}]}}