{"id":22,"date":"2021-10-29T11:21:41","date_gmt":"2021-10-29T09:21:41","guid":{"rendered":"https:\/\/www.helasverige.se\/vastmanland\/?page_id=22"},"modified":"2024-02-29T12:02:11","modified_gmt":"2024-02-29T11:02:11","slug":"vara-utmarkelser","status":"publish","type":"page","link":"https:\/\/www.helasverige.se\/vastmanland\/vara-utmarkelser\/","title":{"rendered":"V\u00e5ra utm\u00e4rkelser"},"content":{"rendered":"<h2>\u00c5rets lokala utvecklingsgrupp i V\u00e4stmanland!<\/h2>\n<p>L\u00e4nsbygder\u00e5det i V\u00e4stmanland utser bland sina medlemsf\u00f6reningar varje \u00e5r \u00c5rets lokala utvecklingsgrupp, som f\u00e5r ett pris p\u00e5 10 000 kronor.<\/p>\n<p>Nu \u00e4r det \u00e5terigen dags att s\u00f6ka priset f\u00f6r \u00e5r 2023. Ans\u00f6kningsf\u00f6rfarandet \u00e4r enkelt. Ni skriver bara ner vad ni gjort under 2023 och vad detta betytt f\u00f6r hemorten. Juryn best\u00e5r av L\u00e4nsbygder\u00e5dets styrelse. Beslutet kan inte \u00f6verklagas.<\/p>\n<p>Ans\u00f6kan g\u00f6rs skriftligt till L\u00e4nsbygder\u00e5det i V\u00e4stmanland senast den 15 februari 2024. Vinnaren presenteras vid L\u00e4nsbygder\u00e5dets storm\u00f6te den 16 mars 2022. Program f\u00f6r storm\u00f6tet kommer i slutet p\u00e5 februari. Lycka till med er ans\u00f6kan!<\/p>\n<p>Skicka er ans\u00f6kan till:<\/p>\n<p><span style=\"font-weight: 400\">L\u00e4nsbygder\u00e5det <\/span><span style=\"font-weight: 400\">i <\/span><span style=\"font-weight: 400\">V\u00e4stmanland<br \/>\n<\/span><span style=\"font-weight: 400\">c<\/span><span style=\"font-weight: 400\">\/o <\/span><span style=\"font-weight: 400\">Gunilla <\/span><span style=\"font-weight: 400\">Elander<br \/>\n<\/span><span style=\"font-weight: 400\">Baggbro <\/span><span style=\"font-weight: 400\">46<br \/>\n<\/span><span style=\"font-weight: 400\">739 <\/span><span style=\"font-weight: 400\">91 <\/span><span style=\"font-weight: 400\">Skinnskatteberg<br \/>\n<\/span><span style=\"font-weight: 400\">e<\/span><span style=\"font-weight: 400\">&#8211;<\/span><span style=\"font-weight: 400\">post<\/span><span style=\"font-weight: 400\">: <\/span><span style=\"font-weight: 400\">gunilla.elander@hotmail.com <\/span><\/p>\n","protected":false},"excerpt":{"rendered":"<p>\u00c5rets lokala utvecklingsgrupp i V\u00e4stmanland! L\u00e4nsbygder\u00e5det i V\u00e4stmanland utser bland sina medlemsf\u00f6reningar varje \u00e5r \u00c5rets lokala utvecklingsgrupp, som f\u00e5r ett pris p\u00e5 10 000 kronor. Nu \u00e4r det \u00e5terigen dags att s\u00f6ka priset f\u00f6r \u00e5r 2023. Ans\u00f6kningsf\u00f6rfarandet \u00e4r enkelt. Ni skriver bara ner vad ni gjort under 2023 och vad detta betytt f\u00f6r hemorten. Juryn [&hellip;]<\/p>\n","protected":false},"author":1,"featured_media":142,"parent":0,"menu_order":0,"comment_status":"closed","ping_status":"closed","template":"tpl-lansavdelning.php","meta":{"_acf_changed":false,"footnotes":""},"class_list":["post-22","page","type-page","status-publish","has-post-thumbnail","hentry"],"acf":[],"yoast_head":"<!-- This site is optimized with the Yoast SEO Premium plugin v27.3 (Yoast SEO v27.4) - https:\/\/yoast.com\/product\/yoast-seo-premium-wordpress\/ -->\n<title>V\u00e4stmanland - V\u00e5ra utm\u00e4rkelser -<\/title>\n<meta name=\"robots\" content=\"index, follow, max-snippet:-1, max-image-preview:large, max-video-preview:-1\" \/>\n<link rel=\"canonical\" href=\"https:\/\/www.helasverige.se\/vastmanland\/vara-utmarkelser\/\" \/>\n<meta property=\"og:locale\" content=\"sv_SE\" \/>\n<meta property=\"og:type\" content=\"article\" \/>\n<meta property=\"og:title\" content=\"V\u00e4stmanland - V\u00e5ra utm\u00e4rkelser\" \/>\n<meta property=\"og:description\" content=\"\u00c5rets lokala utvecklingsgrupp i V\u00e4stmanland! L\u00e4nsbygder\u00e5det i V\u00e4stmanland utser bland sina medlemsf\u00f6reningar varje \u00e5r \u00c5rets lokala utvecklingsgrupp, som f\u00e5r ett pris p\u00e5 10 000 kronor. Nu \u00e4r det \u00e5terigen dags att s\u00f6ka priset f\u00f6r \u00e5r 2023. Ans\u00f6kningsf\u00f6rfarandet \u00e4r enkelt. Ni skriver bara ner vad ni gjort under 2023 och vad detta betytt f\u00f6r hemorten. Juryn [&hellip;]\" \/>\n<meta property=\"og:url\" content=\"https:\/\/www.helasverige.se\/vastmanland\/vara-utmarkelser\/\" \/>\n<meta property=\"article:modified_time\" content=\"2024-02-29T11:02:11+00:00\" \/>\n<meta property=\"og:image\" content=\"https:\/\/www.helasverige.se\/vastmanland\/wp-content\/uploads\/sites\/12\/2021\/11\/orange-rose-golden-medal-2399563_1920.jpg\" \/>\n\t<meta property=\"og:image:width\" content=\"1920\" \/>\n\t<meta property=\"og:image:height\" content=\"1280\" \/>\n\t<meta property=\"og:image:type\" content=\"image\/jpeg\" \/>\n<meta name=\"twitter:card\" content=\"summary_large_image\" \/>\n<meta name=\"twitter:label1\" content=\"Ber\u00e4knad l\u00e4stid\" \/>\n\t<meta name=\"twitter:data1\" content=\"1 minut\" \/>\n<script type=\"application\/ld+json\" class=\"yoast-schema-graph\">{\"@context\":\"https:\\\/\\\/schema.org\",\"@graph\":[{\"@type\":\"WebPage\",\"@id\":\"https:\\\/\\\/www.helasverige.se\\\/vastmanland\\\/vara-utmarkelser\\\/\",\"url\":\"https:\\\/\\\/www.helasverige.se\\\/vastmanland\\\/vara-utmarkelser\\\/\",\"name\":\"V\u00e4stmanland - V\u00e5ra utm\u00e4rkelser -\",\"isPartOf\":{\"@id\":\"https:\\\/\\\/www.helasverige.se\\\/vastmanland\\\/#website\"},\"primaryImageOfPage\":{\"@id\":\"https:\\\/\\\/www.helasverige.se\\\/vastmanland\\\/vara-utmarkelser\\\/#primaryimage\"},\"image\":{\"@id\":\"https:\\\/\\\/www.helasverige.se\\\/vastmanland\\\/vara-utmarkelser\\\/#primaryimage\"},\"thumbnailUrl\":\"https:\\\/\\\/www.helasverige.se\\\/vastmanland\\\/wp-content\\\/uploads\\\/sites\\\/12\\\/2021\\\/11\\\/orange-rose-golden-medal-2399563_1920.jpg\",\"datePublished\":\"2021-10-29T09:21:41+00:00\",\"dateModified\":\"2024-02-29T11:02:11+00:00\",\"breadcrumb\":{\"@id\":\"https:\\\/\\\/www.helasverige.se\\\/vastmanland\\\/vara-utmarkelser\\\/#breadcrumb\"},\"inLanguage\":\"sv-SE\",\"potentialAction\":[{\"@type\":\"ReadAction\",\"target\":[\"https:\\\/\\\/www.helasverige.se\\\/vastmanland\\\/vara-utmarkelser\\\/\"]}]},{\"@type\":\"ImageObject\",\"inLanguage\":\"sv-SE\",\"@id\":\"https:\\\/\\\/www.helasverige.se\\\/vastmanland\\\/vara-utmarkelser\\\/#primaryimage\",\"url\":\"https:\\\/\\\/www.helasverige.se\\\/vastmanland\\\/wp-content\\\/uploads\\\/sites\\\/12\\\/2021\\\/11\\\/orange-rose-golden-medal-2399563_1920.jpg\",\"contentUrl\":\"https:\\\/\\\/www.helasverige.se\\\/vastmanland\\\/wp-content\\\/uploads\\\/sites\\\/12\\\/2021\\\/11\\\/orange-rose-golden-medal-2399563_1920.jpg\",\"width\":1920,\"height\":1280},{\"@type\":\"BreadcrumbList\",\"@id\":\"https:\\\/\\\/www.helasverige.se\\\/vastmanland\\\/vara-utmarkelser\\\/#breadcrumb\",\"itemListElement\":[{\"@type\":\"ListItem\",\"position\":1,\"name\":\"Home\",\"item\":\"https:\\\/\\\/www.helasverige.se\\\/vastmanland\\\/\"},{\"@type\":\"ListItem\",\"position\":2,\"name\":\"V\u00e5ra utm\u00e4rkelser\"}]},{\"@type\":\"WebSite\",\"@id\":\"https:\\\/\\\/www.helasverige.se\\\/vastmanland\\\/#website\",\"url\":\"https:\\\/\\\/www.helasverige.se\\\/vastmanland\\\/\",\"name\":\"\",\"description\":\"\u00c4nnu en webbplats hos Hela Sverige ska leva\",\"potentialAction\":[{\"@type\":\"SearchAction\",\"target\":{\"@type\":\"EntryPoint\",\"urlTemplate\":\"https:\\\/\\\/www.helasverige.se\\\/vastmanland\\\/?s={search_term_string}\"},\"query-input\":{\"@type\":\"PropertyValueSpecification\",\"valueRequired\":true,\"valueName\":\"search_term_string\"}}],\"inLanguage\":\"sv-SE\"}]}<\/script>\n<!-- \/ Yoast SEO Premium plugin. -->","yoast_head_json":{"title":"V\u00e4stmanland - V\u00e5ra utm\u00e4rkelser -","robots":{"index":"index","follow":"follow","max-snippet":"max-snippet:-1","max-image-preview":"max-image-preview:large","max-video-preview":"max-video-preview:-1"},"canonical":"https:\/\/www.helasverige.se\/vastmanland\/vara-utmarkelser\/","og_locale":"sv_SE","og_type":"article","og_title":"V\u00e4stmanland - V\u00e5ra utm\u00e4rkelser","og_description":"\u00c5rets lokala utvecklingsgrupp i V\u00e4stmanland! L\u00e4nsbygder\u00e5det i V\u00e4stmanland utser bland sina medlemsf\u00f6reningar varje \u00e5r \u00c5rets lokala utvecklingsgrupp, som f\u00e5r ett pris p\u00e5 10 000 kronor. Nu \u00e4r det \u00e5terigen dags att s\u00f6ka priset f\u00f6r \u00e5r 2023. Ans\u00f6kningsf\u00f6rfarandet \u00e4r enkelt. Ni skriver bara ner vad ni gjort under 2023 och vad detta betytt f\u00f6r hemorten. Juryn [&hellip;]","og_url":"https:\/\/www.helasverige.se\/vastmanland\/vara-utmarkelser\/","article_modified_time":"2024-02-29T11:02:11+00:00","og_image":[{"width":1920,"height":1280,"url":"https:\/\/www.helasverige.se\/vastmanland\/wp-content\/uploads\/sites\/12\/2021\/11\/orange-rose-golden-medal-2399563_1920.jpg","type":"image\/jpeg"}],"twitter_card":"summary_large_image","twitter_misc":{"Ber\u00e4knad l\u00e4stid":"1 minut"},"schema":{"@context":"https:\/\/schema.org","@graph":[{"@type":"WebPage","@id":"https:\/\/www.helasverige.se\/vastmanland\/vara-utmarkelser\/","url":"https:\/\/www.helasverige.se\/vastmanland\/vara-utmarkelser\/","name":"V\u00e4stmanland - V\u00e5ra utm\u00e4rkelser -","isPartOf":{"@id":"https:\/\/www.helasverige.se\/vastmanland\/#website"},"primaryImageOfPage":{"@id":"https:\/\/www.helasverige.se\/vastmanland\/vara-utmarkelser\/#primaryimage"},"image":{"@id":"https:\/\/www.helasverige.se\/vastmanland\/vara-utmarkelser\/#primaryimage"},"thumbnailUrl":"https:\/\/www.helasverige.se\/vastmanland\/wp-content\/uploads\/sites\/12\/2021\/11\/orange-rose-golden-medal-2399563_1920.jpg","datePublished":"2021-10-29T09:21:41+00:00","dateModified":"2024-02-29T11:02:11+00:00","breadcrumb":{"@id":"https:\/\/www.helasverige.se\/vastmanland\/vara-utmarkelser\/#breadcrumb"},"inLanguage":"sv-SE","potentialAction":[{"@type":"ReadAction","target":["https:\/\/www.helasverige.se\/vastmanland\/vara-utmarkelser\/"]}]},{"@type":"ImageObject","inLanguage":"sv-SE","@id":"https:\/\/www.helasverige.se\/vastmanland\/vara-utmarkelser\/#primaryimage","url":"https:\/\/www.helasverige.se\/vastmanland\/wp-content\/uploads\/sites\/12\/2021\/11\/orange-rose-golden-medal-2399563_1920.jpg","contentUrl":"https:\/\/www.helasverige.se\/vastmanland\/wp-content\/uploads\/sites\/12\/2021\/11\/orange-rose-golden-medal-2399563_1920.jpg","width":1920,"height":1280},{"@type":"BreadcrumbList","@id":"https:\/\/www.helasverige.se\/vastmanland\/vara-utmarkelser\/#breadcrumb","itemListElement":[{"@type":"ListItem","position":1,"name":"Home","item":"https:\/\/www.helasverige.se\/vastmanland\/"},{"@type":"ListItem","position":2,"name":"V\u00e5ra utm\u00e4rkelser"}]},{"@type":"WebSite","@id":"https:\/\/www.helasverige.se\/vastmanland\/#website","url":"https:\/\/www.helasverige.se\/vastmanland\/","name":"","description":"\u00c4nnu en webbplats hos Hela Sverige ska leva","potentialAction":[{"@type":"SearchAction","target":{"@type":"EntryPoint","urlTemplate":"https:\/\/www.helasverige.se\/vastmanland\/?s={search_term_string}"},"query-input":{"@type":"PropertyValueSpecification","valueRequired":true,"valueName":"search_term_string"}}],"inLanguage":"sv-SE"}]}},"_links":{"self":[{"href":"https:\/\/www.helasverige.se\/vastmanland\/wp-json\/wp\/v2\/pages\/22","targetHints":{"allow":["GET"]}}],"collection":[{"href":"https:\/\/www.helasverige.se\/vastmanland\/wp-json\/wp\/v2\/pages"}],"about":[{"href":"https:\/\/www.helasverige.se\/vastmanland\/wp-json\/wp\/v2\/types\/page"}],"author":[{"embeddable":true,"href":"https:\/\/www.helasverige.se\/vastmanland\/wp-json\/wp\/v2\/users\/1"}],"replies":[{"embeddable":true,"href":"https:\/\/www.helasverige.se\/vastmanland\/wp-json\/wp\/v2\/comments?post=22"}],"version-history":[{"count":5,"href":"https:\/\/www.helasverige.se\/vastmanland\/wp-json\/wp\/v2\/pages\/22\/revisions"}],"predecessor-version":[{"id":567,"href":"https:\/\/www.helasverige.se\/vastmanland\/wp-json\/wp\/v2\/pages\/22\/revisions\/567"}],"wp:featuredmedia":[{"embeddable":true,"href":"https:\/\/www.helasverige.se\/vastmanland\/wp-json\/wp\/v2\/media\/142"}],"wp:attachment":[{"href":"https:\/\/www.helasverige.se\/vastmanland\/wp-json\/wp\/v2\/media?parent=22"}],"curies":[{"name":"wp","href":"https:\/\/api.w.org\/{rel}","templated":true}]}}